{"id":3008,"date":"2019-06-24T12:20:12","date_gmt":"2019-06-24T12:20:12","guid":{"rendered":"https:\/\/moldow.com\/?page_id=3008"},"modified":"2019-07-04T08:08:29","modified_gmt":"2019-07-04T08:08:29","slug":"wentylacja-linii-lakierniczych","status":"publish","type":"page","link":"https:\/\/moldow.com\/pl\/linie-lakiernicze\/produkty\/wentylacja-linii-lakierniczych\/","title":{"rendered":"WENTYLACJA LINII LAKIERNICZYCH"},"content":{"rendered":"<p><div class=\"fusion-fullwidth fullwidth-box fusion-builder-row-1 nonhundred-percent-fullwidth non-hundred-percent-height-scrolling\" style=\"--awb-border-radius-top-left:0px;--awb-border-radius-top-right:0px;--awb-border-radius-bottom-right:0px;--awb-border-radius-bottom-left:0px;--awb-padding-top:20px;--awb-margin-top:80px;--awb-background-color:#ffffff;--awb-flex-wrap:wrap;\" ><div class=\"fusion-builder-row fusion-row\"><div class=\"fusion-layout-column fusion_builder_column fusion-builder-column-0 fusion_builder_column_2_3 2_3 fusion-two-third fusion-column-first\" style=\"--awb-bg-size:cover;width:66.666666666667%;width:calc(66.666666666667% - ( ( 4% ) * 0.66666666666667 ) );margin-right: 4%;\"><div class=\"fusion-column-wrapper fusion-flex-column-wrapper-legacy\"><div class=\"fusion-title title fusion-title-1 sep-underline sep-solid fusion-title-text fusion-title-size-one\"><h1 class=\"fusion-title-heading title-heading-left\" style=\"margin:0;\">WENTYLACJA LINII LAKIERNICZYCH<\/h1><\/div><div class=\"fusion-text fusion-text-1\"><p>Wentylacja kompletnej linii lakierniczej jest\u00a0kluczowa zar\u00f3wno dla jako\u015bci produktu, jak i\u00a0\u015brodowiska pracy, ale tak\u017ce dla oszcz\u0119dno\u015bci energii.<\/p>\n<p>Projektowanie i\u00a0produkcja jednostek wentylacyjnych stanowi\u0142y pierwotny obszar dzia\u0142alno\u015bci firmy Moldow. Technologia wentylacyjna oraz wiedza na jej temat rozwin\u0119\u0142y si\u0119 od tego czasu, co pozwala nam na zapewnianie wysokiej jako\u015bci i\u00a0wydajno\u015bci energetycznej system\u00f3w, kt\u00f3re produkujemy obecnie.<\/p>\n<p>Wszystkie strefy procesowe s\u0105 wentylowane zgodnie z\u00a0ich przeznaczeniem, a\u00a0powietrze jest w\u00a0maksymalnym zakresie wykorzystywane ponownie. Dok\u0142adna i\u00a0niezawodna wentylacja kabin i\u00a0stref zapewnia minimalny poziom zanieczyszcze\u0144 mi\u0119dzy strefami procesowymi oraz indywidualne sterowanie przep\u0142ywem powietrza dolotowego i\u00a0wylotowego.<\/p>\n<\/div><div class=\"fusion-clearfix\"><\/div><\/div><\/div><div class=\"fusion-layout-column fusion_builder_column fusion-builder-column-1 fusion_builder_column_1_3 1_3 fusion-one-third fusion-column-last\" style=\"--awb-bg-size:cover;width:33.333333333333%;width:calc(33.333333333333% - ( ( 4% ) * 0.33333333333333 ) );\"><div class=\"fusion-column-wrapper fusion-flex-column-wrapper-legacy\"><div class=\"fusion-title title fusion-title-2 sep-underline sep-solid fusion-title-text fusion-title-size-six\"><h6 class=\"fusion-title-heading title-heading-left\" style=\"margin:0;\">KONTAKT<\/h6><\/div><div class=\"fusion-person person fusion-person-center fusion-person-1 fusion-person-icon-bottom\" style=\"--awb-pic-style-color:#6d6d6d;--awb-pic-borderradius:0px;--awb-margin-top:0px;--awb-margin-right:0px;--awb-margin-bottom:0px;--awb-margin-left:0px;--awb-social-box-border-top:0px;--awb-social-box-border-right:0px;--awb-social-box-border-bottom:0px;--awb-social-box-border-left:0px;--awb-social-box-border-color:var(--awb-color3);--awb-social-box-border-color-hover:var(--awb-color4);--awb-social-box-colors-hover:rgba(232,232,232,0.8);--awb-social-icon-boxed-colors:#e8e8e8;--awb-social-icon-colors:#9b9a9a;--awb-social-icon-colors-hover:rgba(155,154,154,0.8);\"><div class=\"person-shortcode-image-wrapper\"><div class=\"person-image-container hover-type-none\" style=\"border:0px solid #f6f6f6;-webkit-border-radius:0px;-moz-border-radius:0px;border-radius:0px;\"><img decoding=\"async\" class=\"person-img img-responsive wp-image-6927\" width=\"190\" height=\"150\" src=\"https:\/\/moldow.com\/wp-content\/uploads\/2022\/04\/Franck-Brehinier.png\" alt=\"Franck Br\u00e9hinier, Sales Manager\" \/><\/div><\/div><div class=\"person-desc\"><div class=\"person-author\"><div class=\"person-author-wrapper\"><span class=\"person-name\">Franck Br\u00e9hinier, Sales Manager<\/span><span class=\"person-title\"><\/span><\/div><\/div><div class=\"person-content fusion-clearfix\">+45 20 75 70 04<\/div><\/div><\/div><div class=\"aligncenter\"><div class=\"fusion-social-links fusion-social-links-1\" style=\"--awb-margin-top:0px;--awb-margin-right:0px;--awb-margin-bottom:0px;--awb-margin-left:0px;--awb-alignment:center;--awb-box-border-top:0px;--awb-box-border-right:0px;--awb-box-border-bottom:0px;--awb-box-border-left:0px;--awb-icon-colors-hover:rgba(155,154,154,0.8);--awb-box-colors-hover:rgba(232,232,232,0.8);--awb-box-border-color:var(--awb-color3);--awb-box-border-color-hover:var(--awb-color4);\"><div class=\"fusion-social-networks color-type-custom\"><div class=\"fusion-social-networks-wrapper\"><a class=\"fusion-social-network-icon fusion-tooltip fusion-linkedin awb-icon-linkedin\" style=\"color:#9b9a9a;font-size:16px;\" data-placement=\"right\" data-title=\"LinkedIn\" data-toggle=\"tooltip\" title=\"LinkedIn\" aria-label=\"linkedin\" target=\"_blank\" rel=\"noopener noreferrer\" href=\"https:\/\/www.linkedin.com\/in\/franck-br%C3%A9hinier-23116161\/\"><\/a><a class=\"fusion-social-network-icon fusion-tooltip fusion-mail awb-icon-mail\" style=\"color:#9b9a9a;font-size:16px;\" data-placement=\"right\" data-title=\"Email\" data-toggle=\"tooltip\" title=\"Email\" aria-label=\"mail\" target=\"_blank\" rel=\"noopener noreferrer\" href=\"mailto:fb&#114;&#064;&#109;&#111;&#108;&#100;&#111;w.&#099;&#111;&#109;\"><\/a><\/div><\/div><\/div><\/div><div class=\"fusion-clearfix\"><\/div><\/div><\/div>\n<\/div><\/div><div class=\"fusion-fullwidth fullwidth-box fusion-builder-row-2 hundred-percent-fullwidth non-hundred-percent-height-scrolling\" style=\"--awb-border-radius-top-left:0px;--awb-border-radius-top-right:0px;--awb-border-radius-bottom-right:0px;--awb-border-radius-bottom-left:0px;--awb-padding-bottom:40px;--awb-background-color:#ffffff;--awb-flex-wrap:wrap;\" ><div class=\"fusion-builder-row fusion-row\"><div class=\"fusion-layout-column fusion_builder_column fusion-builder-column-2 fusion_builder_column_1_4 1_4 fusion-one-fourth fusion-column-first\" style=\"--awb-bg-size:cover;width:25%;width:calc(25% - ( ( 4% + 4% + 4% ) * 0.25 ) );margin-right: 4%;\"><div class=\"fusion-column-wrapper fusion-flex-column-wrapper-legacy\"><div class=\"fusion-image-element in-legacy-container\" style=\"--awb-caption-title-font-family:var(--h2_typography-font-family);--awb-caption-title-font-weight:var(--h2_typography-font-weight);--awb-caption-title-font-style:var(--h2_typography-font-style);--awb-caption-title-size:var(--h2_typography-font-size);--awb-caption-title-transform:var(--h2_typography-text-transform);--awb-caption-title-line-height:var(--h2_typography-line-height);--awb-caption-title-letter-spacing:var(--h2_typography-letter-spacing);\"><span class=\" fusion-imageframe imageframe-none imageframe-1 hover-type-none\"><img decoding=\"async\" width=\"600\" height=\"430\" src=\"https:\/\/moldow.com\/wp-content\/uploads\/2017\/01\/ventilation-painting.jpg\" alt class=\"img-responsive wp-image-3698\" srcset=\"https:\/\/moldow.com\/wp-content\/uploads\/2017\/01\/ventilation-painting-200x143.jpg 200w, https:\/\/moldow.com\/wp-content\/uploads\/2017\/01\/ventilation-painting-400x287.jpg 400w, https:\/\/moldow.com\/wp-content\/uploads\/2017\/01\/ventilation-painting.jpg 600w\" sizes=\"(max-width: 800px) 100vw, 400px\" \/><\/span><\/div><div class=\"fusion-clearfix\"><\/div><\/div><\/div><div class=\"fusion-layout-column fusion_builder_column fusion-builder-column-3 fusion_builder_column_1_4 1_4 fusion-one-fourth\" style=\"--awb-bg-size:cover;width:25%;width:calc(25% - ( ( 4% + 4% + 4% ) * 0.25 ) );margin-right: 4%;\"><div class=\"fusion-column-wrapper fusion-flex-column-wrapper-legacy\"><div class=\"fusion-image-element in-legacy-container\" style=\"--awb-caption-title-font-family:var(--h2_typography-font-family);--awb-caption-title-font-weight:var(--h2_typography-font-weight);--awb-caption-title-font-style:var(--h2_typography-font-style);--awb-caption-title-size:var(--h2_typography-font-size);--awb-caption-title-transform:var(--h2_typography-text-transform);--awb-caption-title-line-height:var(--h2_typography-line-height);--awb-caption-title-letter-spacing:var(--h2_typography-letter-spacing);\"><span class=\" fusion-imageframe imageframe-none imageframe-2 hover-type-none\"><img decoding=\"async\" width=\"600\" height=\"430\" src=\"https:\/\/moldow.com\/wp-content\/uploads\/2017\/11\/Ventilation-wood.jpg\" alt class=\"img-responsive wp-image-3734\" srcset=\"https:\/\/moldow.com\/wp-content\/uploads\/2017\/11\/Ventilation-wood-200x143.jpg 200w, https:\/\/moldow.com\/wp-content\/uploads\/2017\/11\/Ventilation-wood-400x287.jpg 400w, https:\/\/moldow.com\/wp-content\/uploads\/2017\/11\/Ventilation-wood.jpg 600w\" sizes=\"(max-width: 800px) 100vw, 400px\" \/><\/span><\/div><div class=\"fusion-clearfix\"><\/div><\/div><\/div><div class=\"fusion-layout-column fusion_builder_column fusion-builder-column-4 fusion_builder_column_1_4 1_4 fusion-one-fourth\" style=\"--awb-bg-size:cover;width:25%;width:calc(25% - ( ( 4% + 4% + 4% ) * 0.25 ) );margin-right: 4%;\"><div class=\"fusion-column-wrapper fusion-flex-column-wrapper-legacy\"><div class=\"fusion-image-element in-legacy-container\" style=\"--awb-caption-title-font-family:var(--h2_typography-font-family);--awb-caption-title-font-weight:var(--h2_typography-font-weight);--awb-caption-title-font-style:var(--h2_typography-font-style);--awb-caption-title-size:var(--h2_typography-font-size);--awb-caption-title-transform:var(--h2_typography-text-transform);--awb-caption-title-line-height:var(--h2_typography-line-height);--awb-caption-title-letter-spacing:var(--h2_typography-letter-spacing);\"><span class=\" fusion-imageframe imageframe-none imageframe-3 hover-type-none\"><img decoding=\"async\" width=\"600\" height=\"430\" src=\"https:\/\/moldow.com\/wp-content\/uploads\/2017\/07\/Fritz-Hansen-1.jpg\" alt class=\"img-responsive wp-image-3619\" srcset=\"https:\/\/moldow.com\/wp-content\/uploads\/2017\/07\/Fritz-Hansen-1-200x143.jpg 200w, https:\/\/moldow.com\/wp-content\/uploads\/2017\/07\/Fritz-Hansen-1-400x287.jpg 400w, https:\/\/moldow.com\/wp-content\/uploads\/2017\/07\/Fritz-Hansen-1.jpg 600w\" sizes=\"(max-width: 800px) 100vw, 400px\" \/><\/span><\/div><div class=\"fusion-clearfix\"><\/div><\/div><\/div><div class=\"fusion-layout-column fusion_builder_column fusion-builder-column-5 fusion_builder_column_1_4 1_4 fusion-one-fourth fusion-column-last\" style=\"--awb-bg-size:cover;width:25%;width:calc(25% - ( ( 4% + 4% + 4% ) * 0.25 ) );\"><div class=\"fusion-column-wrapper fusion-flex-column-wrapper-legacy\"><div class=\"fusion-image-element in-legacy-container\" style=\"--awb-caption-title-font-family:var(--h2_typography-font-family);--awb-caption-title-font-weight:var(--h2_typography-font-weight);--awb-caption-title-font-style:var(--h2_typography-font-style);--awb-caption-title-size:var(--h2_typography-font-size);--awb-caption-title-transform:var(--h2_typography-text-transform);--awb-caption-title-line-height:var(--h2_typography-line-height);--awb-caption-title-letter-spacing:var(--h2_typography-letter-spacing);\"><span class=\" fusion-imageframe imageframe-none imageframe-4 hover-type-none\"><img decoding=\"async\" width=\"600\" height=\"430\" src=\"https:\/\/moldow.com\/wp-content\/uploads\/2017\/11\/ventilation-painting-2.jpg\" alt class=\"img-responsive wp-image-3737\" srcset=\"https:\/\/moldow.com\/wp-content\/uploads\/2017\/11\/ventilation-painting-2-200x143.jpg 200w, https:\/\/moldow.com\/wp-content\/uploads\/2017\/11\/ventilation-painting-2-400x287.jpg 400w, https:\/\/moldow.com\/wp-content\/uploads\/2017\/11\/ventilation-painting-2.jpg 600w\" sizes=\"(max-width: 800px) 100vw, 400px\" \/><\/span><\/div><div class=\"fusion-clearfix\"><\/div><\/div><\/div><\/div><\/div><div class=\"fusion-fullwidth fullwidth-box fusion-builder-row-3 nonhundred-percent-fullwidth non-hundred-percent-height-scrolling\" style=\"--awb-border-radius-top-left:0px;--awb-border-radius-top-right:0px;--awb-border-radius-bottom-right:0px;--awb-border-radius-bottom-left:0px;--awb-padding-top:20px;--awb-padding-bottom:20px;--awb-margin-top:60px;--awb-background-color:rgba(255,255,255,0);--awb-flex-wrap:wrap;\" ><div class=\"fusion-builder-row fusion-row\"><div class=\"fusion-layout-column fusion_builder_column fusion-builder-column-6 fusion_builder_column_1_1 1_1 fusion-one-full fusion-column-first fusion-column-last\" style=\"--awb-bg-blend:overlay;--awb-bg-size:cover;--awb-margin-top:20px;--awb-margin-bottom:20px;\"><div class=\"fusion-column-wrapper fusion-flex-column-wrapper-legacy\"><div class=\"fusion-content-boxes content-boxes columns row fusion-columns-4 fusion-columns-total-4 fusion-content-boxes-1 content-boxes-icon-on-top content-left\" style=\"--awb-hover-accent-color:#dc0814;--awb-circle-hover-accent-color:transparent;\" data-animationOffset=\"top-mid-of-view\"><div style=\"--awb-backgroundcolor:#ffffff;\" class=\"fusion-column content-box-column content-box-column content-box-column-1 col-lg-3 col-md-3 col-sm-3 fusion-content-box-hover content-box-column-first-in-row\"><div class=\"col content-box-wrapper content-wrapper-background link-area-box link-type-text icon-hover-animation-fade\" data-link=\"https:\/\/moldow.com\/pl\/linie-lakiernicze\/branze\/\" data-link-target=\"_self\" data-animationOffset=\"top-mid-of-view\"><div class=\"heading heading-with-icon icon-left\"><a class=\"heading-link\" href=\"https:\/\/moldow.com\/pl\/linie-lakiernicze\/branze\/\" target=\"_self\"><div class=\"icon\"><i style=\"background-color:transparent;border-color:transparent;height:auto;width: 60px;line-height:normal;font-size:60px;\" aria-hidden=\"true\" class=\"fontawesome-icon fa-th-list fas circle-no\"><\/i><\/div><h2 class=\"content-box-heading\" style=\"--h2_typography-font-size:22px;line-height:27px;\">BRAN\u017bE<\/h2><\/a><\/div><div class=\"fusion-clearfix\"><\/div><div class=\"content-container\">\n<p>Linie lakiernicze do malowania metali, tworzyw sztucznych i\u00a0drewna<\/p>\n<\/div><\/div><\/div><div style=\"--awb-backgroundcolor:#ffffff;\" class=\"fusion-column content-box-column content-box-column content-box-column-2 col-lg-3 col-md-3 col-sm-3 fusion-content-box-hover \"><div class=\"col content-box-wrapper content-wrapper-background link-area-box link-type-text icon-hover-animation-fade\" data-link=\"https:\/\/moldow.com\/pl\/linie-lakiernicze\/produkty\/\" data-link-target=\"_self\" data-animationOffset=\"top-mid-of-view\"><div class=\"heading heading-with-icon icon-left\"><a class=\"heading-link\" href=\"https:\/\/moldow.com\/pl\/linie-lakiernicze\/produkty\/\" target=\"_self\"><div class=\"icon\"><i style=\"background-color:transparent;border-color:transparent;height:auto;width: 60px;line-height:normal;font-size:60px;\" aria-hidden=\"true\" class=\"fontawesome-icon fa-tags fas circle-no\"><\/i><\/div><h2 class=\"content-box-heading\" style=\"--h2_typography-font-size:22px;line-height:27px;\">PRODUKTY<\/h2><\/a><\/div><div class=\"fusion-clearfix\"><\/div><div class=\"content-container\">\n<p>Linie r\u0119czne i\u00a0automatyczne, przygotowanie powierzchni, piece itp.<\/p>\n<\/div><\/div><\/div><div style=\"--awb-backgroundcolor:#ffffff;\" class=\"fusion-column content-box-column content-box-column content-box-column-3 col-lg-3 col-md-3 col-sm-3 fusion-content-box-hover \"><div class=\"col content-box-wrapper content-wrapper-background link-area-box link-type-text icon-hover-animation-fade\" data-link=\"https:\/\/moldow.com\/pl\/linie-lakiernicze\/studia-przypadkow-linie-lakiernicze\/\" data-link-target=\"_self\" data-animationOffset=\"top-mid-of-view\"><div class=\"heading heading-with-icon icon-left\"><a class=\"heading-link\" href=\"https:\/\/moldow.com\/pl\/linie-lakiernicze\/studia-przypadkow-linie-lakiernicze\/\" target=\"_self\"><div class=\"icon\"><i style=\"background-color:transparent;border-color:transparent;height:auto;width: 60px;line-height:normal;font-size:60px;\" aria-hidden=\"true\" class=\"fontawesome-icon fa-image far circle-no\"><\/i><\/div><h2 class=\"content-box-heading\" style=\"--h2_typography-font-size:22px;line-height:27px;\">STUDIA PRZYPADK\u00d3W<\/h2><\/a><\/div><div class=\"fusion-clearfix\"><\/div><div class=\"content-container\">\n<p>Niekt\u00f3re z\u00a0naszych dostarczonych linii lakierniczych<\/p>\n<\/div><\/div><\/div><div style=\"--awb-backgroundcolor:#ffffff;\" class=\"fusion-column content-box-column content-box-column content-box-column-4 col-lg-3 col-md-3 col-sm-3 fusion-content-box-hover content-box-column-last content-box-column-last-in-row\"><div class=\"col content-box-wrapper content-wrapper-background link-area-box link-type-text icon-hover-animation-fade\" data-link=\"https:\/\/moldow.com\/pl\/kontakt\/\" data-link-target=\"_self\" data-animationOffset=\"top-mid-of-view\"><div class=\"heading heading-with-icon icon-left\"><a class=\"heading-link\" href=\"https:\/\/moldow.com\/pl\/kontakt\/\" target=\"_self\"><div class=\"icon\"><i style=\"background-color:transparent;border-color:transparent;height:auto;width: 60px;line-height:normal;font-size:60px;\" aria-hidden=\"true\" class=\"fontawesome-icon fa-envelope far circle-no\"><\/i><\/div><h2 class=\"content-box-heading\" style=\"--h2_typography-font-size:22px;line-height:27px;\">KONTAKT<\/h2><\/a><\/div><div class=\"fusion-clearfix\"><\/div><div class=\"content-container\">\n<p>Z\u00a0kim si\u0119 skontaktowa\u0107, aby uzyska\u0107 wi\u0119cej informacji<\/p>\n<\/div><\/div><\/div><div class=\"fusion-clearfix\"><\/div><\/div><div class=\"fusion-clearfix\"><\/div><\/div><\/div><\/div><\/div>\n<\/p>\n","protected":false},"excerpt":{"rendered":"","protected":false},"author":1,"featured_media":0,"parent":2985,"menu_order":0,"comment_status":"closed","ping_status":"closed","template":"100-width.php","meta":{"_acf_changed":false,"footnotes":""},"class_list":["post-3008","page","type-page","status-publish","hentry"],"acf":[],"yoast_head":"<!-- This site is optimized with the Yoast SEO plugin v24.8 - https:\/\/yoast.com\/wordpress\/plugins\/seo\/ -->\n<title>WENTYLACJA LINII LAKIERNICZYCH | Moldow<\/title>\n<meta name=\"description\" content=\"Wentylacja kompletnej linii lakierniczej jest\u00a0kluczowa zar\u00f3wno dla jako\u015bci produktu, jak i\u00a0\u015brodowiska pracy, ale tak\u017ce dla oszcz\u0119dno\u015bci energii.\" \/>\n<meta name=\"robots\" content=\"index, follow, max-snippet:-1, max-image-preview:large, max-video-preview:-1\" \/>\n<link rel=\"canonical\" href=\"https:\/\/moldow.com\/pl\/linie-lakiernicze\/produkty\/wentylacja-linii-lakierniczych\/\" \/>\n<meta property=\"og:locale\" content=\"pl_PL\" \/>\n<meta property=\"og:type\" content=\"article\" \/>\n<meta property=\"og:title\" content=\"WENTYLACJA LINII LAKIERNICZYCH | Moldow\" \/>\n<meta property=\"og:description\" content=\"Wentylacja kompletnej linii lakierniczej jest\u00a0kluczowa zar\u00f3wno dla jako\u015bci produktu, jak i\u00a0\u015brodowiska pracy, ale tak\u017ce dla oszcz\u0119dno\u015bci energii.\" \/>\n<meta property=\"og:url\" content=\"https:\/\/moldow.com\/pl\/linie-lakiernicze\/produkty\/wentylacja-linii-lakierniczych\/\" \/>\n<meta property=\"og:site_name\" content=\"Moldow\" \/>\n<meta property=\"article:modified_time\" content=\"2019-07-04T08:08:29+00:00\" \/>\n<meta name=\"twitter:card\" content=\"summary_large_image\" \/>\n<meta name=\"twitter:label1\" content=\"Szacowany czas czytania\" \/>\n\t<meta name=\"twitter:data1\" content=\"5 minutes\" \/>\n<script type=\"application\/ld+json\" class=\"yoast-schema-graph\">{\"@context\":\"https:\/\/schema.org\",\"@graph\":[{\"@type\":\"WebPage\",\"@id\":\"https:\/\/moldow.com\/pl\/linie-lakiernicze\/produkty\/wentylacja-linii-lakierniczych\/\",\"url\":\"https:\/\/moldow.com\/pl\/linie-lakiernicze\/produkty\/wentylacja-linii-lakierniczych\/\",\"name\":\"WENTYLACJA LINII LAKIERNICZYCH | Moldow\",\"isPartOf\":{\"@id\":\"https:\/\/moldow.com\/#website\"},\"datePublished\":\"2019-06-24T12:20:12+00:00\",\"dateModified\":\"2019-07-04T08:08:29+00:00\",\"description\":\"Wentylacja kompletnej linii lakierniczej jest\u00a0kluczowa zar\u00f3wno dla jako\u015bci produktu, jak i\u00a0\u015brodowiska pracy, ale tak\u017ce dla oszcz\u0119dno\u015bci energii.\",\"breadcrumb\":{\"@id\":\"https:\/\/moldow.com\/pl\/linie-lakiernicze\/produkty\/wentylacja-linii-lakierniczych\/#breadcrumb\"},\"inLanguage\":\"pl-PL\",\"potentialAction\":[{\"@type\":\"ReadAction\",\"target\":[\"https:\/\/moldow.com\/pl\/linie-lakiernicze\/produkty\/wentylacja-linii-lakierniczych\/\"]}]},{\"@type\":\"BreadcrumbList\",\"@id\":\"https:\/\/moldow.com\/pl\/linie-lakiernicze\/produkty\/wentylacja-linii-lakierniczych\/#breadcrumb\",\"itemListElement\":[{\"@type\":\"ListItem\",\"position\":1,\"name\":\"Hjem\",\"item\":\"https:\/\/moldow.com\/pl\/\"},{\"@type\":\"ListItem\",\"position\":2,\"name\":\"Linie lakiernicze\",\"item\":\"https:\/\/moldow.com\/pl\/linie-lakiernicze\/\"},{\"@type\":\"ListItem\",\"position\":3,\"name\":\"Produkty\",\"item\":\"https:\/\/moldow.com\/pl\/linie-lakiernicze\/produkty\/\"},{\"@type\":\"ListItem\",\"position\":4,\"name\":\"WENTYLACJA LINII LAKIERNICZYCH\"}]},{\"@type\":\"WebSite\",\"@id\":\"https:\/\/moldow.com\/#website\",\"url\":\"https:\/\/moldow.com\/\",\"name\":\"Moldow\",\"description\":\"Dust Extraction Systems and Painting Lines\",\"publisher\":{\"@id\":\"https:\/\/moldow.com\/#organization\"},\"potentialAction\":[{\"@type\":\"SearchAction\",\"target\":{\"@type\":\"EntryPoint\",\"urlTemplate\":\"https:\/\/moldow.com\/?s={search_term_string}\"},\"query-input\":{\"@type\":\"PropertyValueSpecification\",\"valueRequired\":true,\"valueName\":\"search_term_string\"}}],\"inLanguage\":\"pl-PL\"},{\"@type\":\"Organization\",\"@id\":\"https:\/\/moldow.com\/#organization\",\"name\":\"Moldow A\/S\",\"url\":\"https:\/\/moldow.com\/\",\"logo\":{\"@type\":\"ImageObject\",\"inLanguage\":\"pl-PL\",\"@id\":\"https:\/\/moldow.com\/#\/schema\/logo\/image\/\",\"url\":\"https:\/\/moldow.com\/wp-content\/uploads\/2017\/01\/Moldow-logo-web-ny.png\",\"contentUrl\":\"https:\/\/moldow.com\/wp-content\/uploads\/2017\/01\/Moldow-logo-web-ny.png\",\"width\":259,\"height\":38,\"caption\":\"Moldow A\/S\"},\"image\":{\"@id\":\"https:\/\/moldow.com\/#\/schema\/logo\/image\/\"}}]}<\/script>\n<!-- \/ Yoast SEO plugin. -->","yoast_head_json":{"title":"WENTYLACJA LINII LAKIERNICZYCH | Moldow","description":"Wentylacja kompletnej linii lakierniczej jest\u00a0kluczowa zar\u00f3wno dla jako\u015bci produktu, jak i\u00a0\u015brodowiska pracy, ale tak\u017ce dla oszcz\u0119dno\u015bci energii.","robots":{"index":"index","follow":"follow","max-snippet":"max-snippet:-1","max-image-preview":"max-image-preview:large","max-video-preview":"max-video-preview:-1"},"canonical":"https:\/\/moldow.com\/pl\/linie-lakiernicze\/produkty\/wentylacja-linii-lakierniczych\/","og_locale":"pl_PL","og_type":"article","og_title":"WENTYLACJA LINII LAKIERNICZYCH | Moldow","og_description":"Wentylacja kompletnej linii lakierniczej jest\u00a0kluczowa zar\u00f3wno dla jako\u015bci produktu, jak i\u00a0\u015brodowiska pracy, ale tak\u017ce dla oszcz\u0119dno\u015bci energii.","og_url":"https:\/\/moldow.com\/pl\/linie-lakiernicze\/produkty\/wentylacja-linii-lakierniczych\/","og_site_name":"Moldow","article_modified_time":"2019-07-04T08:08:29+00:00","twitter_card":"summary_large_image","twitter_misc":{"Szacowany czas czytania":"5 minutes"},"schema":{"@context":"https:\/\/schema.org","@graph":[{"@type":"WebPage","@id":"https:\/\/moldow.com\/pl\/linie-lakiernicze\/produkty\/wentylacja-linii-lakierniczych\/","url":"https:\/\/moldow.com\/pl\/linie-lakiernicze\/produkty\/wentylacja-linii-lakierniczych\/","name":"WENTYLACJA LINII LAKIERNICZYCH | Moldow","isPartOf":{"@id":"https:\/\/moldow.com\/#website"},"datePublished":"2019-06-24T12:20:12+00:00","dateModified":"2019-07-04T08:08:29+00:00","description":"Wentylacja kompletnej linii lakierniczej jest\u00a0kluczowa zar\u00f3wno dla jako\u015bci produktu, jak i\u00a0\u015brodowiska pracy, ale tak\u017ce dla oszcz\u0119dno\u015bci energii.","breadcrumb":{"@id":"https:\/\/moldow.com\/pl\/linie-lakiernicze\/produkty\/wentylacja-linii-lakierniczych\/#breadcrumb"},"inLanguage":"pl-PL","potentialAction":[{"@type":"ReadAction","target":["https:\/\/moldow.com\/pl\/linie-lakiernicze\/produkty\/wentylacja-linii-lakierniczych\/"]}]},{"@type":"BreadcrumbList","@id":"https:\/\/moldow.com\/pl\/linie-lakiernicze\/produkty\/wentylacja-linii-lakierniczych\/#breadcrumb","itemListElement":[{"@type":"ListItem","position":1,"name":"Hjem","item":"https:\/\/moldow.com\/pl\/"},{"@type":"ListItem","position":2,"name":"Linie lakiernicze","item":"https:\/\/moldow.com\/pl\/linie-lakiernicze\/"},{"@type":"ListItem","position":3,"name":"Produkty","item":"https:\/\/moldow.com\/pl\/linie-lakiernicze\/produkty\/"},{"@type":"ListItem","position":4,"name":"WENTYLACJA LINII LAKIERNICZYCH"}]},{"@type":"WebSite","@id":"https:\/\/moldow.com\/#website","url":"https:\/\/moldow.com\/","name":"Moldow","description":"Dust Extraction Systems and Painting Lines","publisher":{"@id":"https:\/\/moldow.com\/#organization"},"potentialAction":[{"@type":"SearchAction","target":{"@type":"EntryPoint","urlTemplate":"https:\/\/moldow.com\/?s={search_term_string}"},"query-input":{"@type":"PropertyValueSpecification","valueRequired":true,"valueName":"search_term_string"}}],"inLanguage":"pl-PL"},{"@type":"Organization","@id":"https:\/\/moldow.com\/#organization","name":"Moldow A\/S","url":"https:\/\/moldow.com\/","logo":{"@type":"ImageObject","inLanguage":"pl-PL","@id":"https:\/\/moldow.com\/#\/schema\/logo\/image\/","url":"https:\/\/moldow.com\/wp-content\/uploads\/2017\/01\/Moldow-logo-web-ny.png","contentUrl":"https:\/\/moldow.com\/wp-content\/uploads\/2017\/01\/Moldow-logo-web-ny.png","width":259,"height":38,"caption":"Moldow A\/S"},"image":{"@id":"https:\/\/moldow.com\/#\/schema\/logo\/image\/"}}]}},"_links":{"self":[{"href":"https:\/\/moldow.com\/pl\/wp-json\/wp\/v2\/pages\/3008","targetHints":{"allow":["GET"]}}],"collection":[{"href":"https:\/\/moldow.com\/pl\/wp-json\/wp\/v2\/pages"}],"about":[{"href":"https:\/\/moldow.com\/pl\/wp-json\/wp\/v2\/types\/page"}],"author":[{"embeddable":true,"href":"https:\/\/moldow.com\/pl\/wp-json\/wp\/v2\/users\/1"}],"replies":[{"embeddable":true,"href":"https:\/\/moldow.com\/pl\/wp-json\/wp\/v2\/comments?post=3008"}],"version-history":[{"count":3,"href":"https:\/\/moldow.com\/pl\/wp-json\/wp\/v2\/pages\/3008\/revisions"}],"predecessor-version":[{"id":4087,"href":"https:\/\/moldow.com\/pl\/wp-json\/wp\/v2\/pages\/3008\/revisions\/4087"}],"up":[{"embeddable":true,"href":"https:\/\/moldow.com\/pl\/wp-json\/wp\/v2\/pages\/2985"}],"wp:attachment":[{"href":"https:\/\/moldow.com\/pl\/wp-json\/wp\/v2\/media?parent=3008"}],"curies":[{"name":"wp","href":"https:\/\/api.w.org\/{rel}","templated":true}]}}