{"id":2985,"date":"2019-07-02T11:17:30","date_gmt":"2019-07-02T11:17:30","guid":{"rendered":"https:\/\/moldow.com\/?page_id=2985"},"modified":"2022-07-07T07:59:51","modified_gmt":"2022-07-07T07:59:51","slug":"produkty","status":"publish","type":"page","link":"https:\/\/moldow.com\/pl\/linie-lakiernicze\/produkty\/","title":{"rendered":"Produkty"},"content":{"rendered":"<p><div class=\"fusion-fullwidth fullwidth-box fusion-builder-row-1 nonhundred-percent-fullwidth non-hundred-percent-height-scrolling\" style=\"--awb-border-radius-top-left:0px;--awb-border-radius-top-right:0px;--awb-border-radius-bottom-right:0px;--awb-border-radius-bottom-left:0px;--awb-padding-top:20px;--awb-padding-bottom:20px;--awb-margin-top:40px;--awb-background-color:rgba(255,255,255,0);--awb-flex-wrap:wrap;\" ><div class=\"fusion-builder-row fusion-row\"><div class=\"fusion-layout-column fusion_builder_column fusion-builder-column-0 fusion_builder_column_1_1 1_1 fusion-one-full fusion-column-first fusion-column-last fusion-column-no-min-height\" style=\"--awb-bg-size:cover;--awb-margin-top:20px;--awb-margin-bottom:20px;\"><div class=\"fusion-column-wrapper fusion-flex-column-wrapper-legacy\"><div class=\"fusion-content-boxes content-boxes columns row fusion-columns-4 fusion-columns-total-4 fusion-content-boxes-1 content-boxes-icon-on-top content-left\" style=\"--awb-hover-accent-color:#dc0814;--awb-circle-hover-accent-color:transparent;\" data-animationOffset=\"top-mid-of-view\"><div style=\"--awb-backgroundcolor:#ffffff;\" class=\"fusion-column content-box-column content-box-column content-box-column-1 col-lg-3 col-md-3 col-sm-3 fusion-content-box-hover content-box-column-first-in-row\"><div class=\"col content-box-wrapper content-wrapper-background link-area-box link-type-text icon-hover-animation-fade\" data-link=\"https:\/\/moldow.com\/pl\/linie-lakiernicze\/produkty\/reczne-automatyczne-linie-lakiernicze\/\" data-link-target=\"_self\" data-animationOffset=\"top-mid-of-view\"><div class=\"heading heading-with-icon icon-left\"><a class=\"heading-link\" href=\"https:\/\/moldow.com\/pl\/linie-lakiernicze\/produkty\/reczne-automatyczne-linie-lakiernicze\/\" target=\"_self\"><div class=\"icon\"><i style=\"background-color:transparent;border-color:transparent;height:auto;width: 60px;line-height:normal;font-size:60px;\" aria-hidden=\"true\" class=\"fontawesome-icon fa-paint-brush fas circle-no\"><\/i><\/div><h2 class=\"content-box-heading\" style=\"--h2_typography-font-size:22px;line-height:27px;\">LINIE LAKIERNICZE<\/h2><\/a><\/div><\/div><\/div><div style=\"--awb-backgroundcolor:#ffffff;\" class=\"fusion-column content-box-column content-box-column content-box-column-2 col-lg-3 col-md-3 col-sm-3 fusion-content-box-hover \"><div class=\"col content-box-wrapper content-wrapper-background link-area-box link-type-text icon-hover-animation-fade\" data-link=\"https:\/\/moldow.com\/pl\/linie-lakiernicze\/produkty\/przygotowanie-powierzchni\/\" data-link-target=\"_self\" data-animationOffset=\"top-mid-of-view\"><div class=\"heading heading-with-icon icon-left\"><a class=\"heading-link\" href=\"https:\/\/moldow.com\/pl\/linie-lakiernicze\/produkty\/przygotowanie-powierzchni\/\" target=\"_self\"><div class=\"icon\"><i style=\"background-color:transparent;border-color:transparent;height:auto;width: 60px;line-height:normal;font-size:60px;\" aria-hidden=\"true\" class=\"fontawesome-icon fa-check-square far circle-no\"><\/i><\/div><h2 class=\"content-box-heading\" style=\"--h2_typography-font-size:22px;line-height:27px;\">PRZYGOTOWYWANIA POWIERZCHNI<\/h2><\/a><\/div><\/div><\/div><div style=\"--awb-backgroundcolor:#ffffff;\" class=\"fusion-column content-box-column content-box-column content-box-column-3 col-lg-3 col-md-3 col-sm-3 fusion-content-box-hover \"><div class=\"col content-box-wrapper content-wrapper-background link-area-box link-type-text icon-hover-animation-fade\" data-link=\"https:\/\/moldow.com\/pl\/linie-lakiernicze\/produkty\/piece-do-suszenia-utwardzania\/\" data-link-target=\"_self\" data-animationOffset=\"top-mid-of-view\"><div class=\"heading heading-with-icon icon-left\"><a class=\"heading-link\" href=\"https:\/\/moldow.com\/pl\/linie-lakiernicze\/produkty\/piece-do-suszenia-utwardzania\/\" target=\"_self\"><div class=\"icon\"><i style=\"background-color:transparent;border-color:transparent;height:auto;width: 60px;line-height:normal;font-size:60px;\" aria-hidden=\"true\" class=\"fontawesome-icon fa-spinner fas circle-no\"><\/i><\/div><h2 class=\"content-box-heading\" style=\"--h2_typography-font-size:22px;line-height:27px;\">PIECE DO SUSZENIA<\/h2><\/a><\/div><\/div><\/div><div style=\"--awb-backgroundcolor:#ffffff;\" class=\"fusion-column content-box-column content-box-column content-box-column-4 col-lg-3 col-md-3 col-sm-3 fusion-content-box-hover content-box-column-last content-box-column-last-in-row\"><div class=\"col content-box-wrapper content-wrapper-background link-area-box link-type-text icon-hover-animation-fade\" data-link=\"https:\/\/moldow.com\/pl\/linie-lakiernicze\/produkty\/wentylacja-linii-lakierniczych\/\" data-link-target=\"_self\" data-animationOffset=\"top-mid-of-view\"><div class=\"heading heading-with-icon icon-left\"><a class=\"heading-link\" href=\"https:\/\/moldow.com\/pl\/linie-lakiernicze\/produkty\/wentylacja-linii-lakierniczych\/\" target=\"_self\"><div class=\"icon\"><i style=\"background-color:transparent;border-color:transparent;height:auto;width: 60px;line-height:normal;font-size:60px;\" aria-hidden=\"true\" class=\"fontawesome-icon fa-share fas circle-no\"><\/i><\/div><h2 class=\"content-box-heading\" style=\"--h2_typography-font-size:22px;line-height:27px;\">WENTYLACJA<\/h2><\/a><\/div><\/div><\/div><div class=\"fusion-clearfix\"><\/div><\/div><div class=\"fusion-clearfix\"><\/div><\/div><\/div><\/div><\/div><div class=\"fusion-fullwidth fullwidth-box fusion-builder-row-2 hundred-percent-fullwidth non-hundred-percent-height-scrolling\" style=\"--awb-border-radius-top-left:0px;--awb-border-radius-top-right:0px;--awb-border-radius-bottom-right:0px;--awb-border-radius-bottom-left:0px;--awb-padding-top:40px;--awb-background-color:#ffffff;--awb-flex-wrap:wrap;\" ><div class=\"fusion-builder-row fusion-row\"><div class=\"fusion-layout-column fusion_builder_column fusion-builder-column-1 fusion_builder_column_1_4 1_4 fusion-one-fourth fusion-column-first\" style=\"--awb-bg-size:cover;width:25%;width:calc(25% - ( ( 4% + 4% + 4% ) * 0.25 ) );margin-right: 4%;\"><div class=\"fusion-column-wrapper fusion-flex-column-wrapper-legacy\"><div class=\"fusion-image-element in-legacy-container\" style=\"--awb-caption-title-font-family:var(--h2_typography-font-family);--awb-caption-title-font-weight:var(--h2_typography-font-weight);--awb-caption-title-font-style:var(--h2_typography-font-style);--awb-caption-title-size:var(--h2_typography-font-size);--awb-caption-title-transform:var(--h2_typography-text-transform);--awb-caption-title-line-height:var(--h2_typography-line-height);--awb-caption-title-letter-spacing:var(--h2_typography-letter-spacing);\"><span class=\" fusion-imageframe imageframe-none imageframe-1 hover-type-none\"><img decoding=\"async\" width=\"600\" height=\"430\" alt=\"Clean control room\" title=\"clean-room-plastic\" src=\"https:\/\/moldow.com\/wp-content\/uploads\/2017\/01\/clean-room-plastic.jpg\" class=\"img-responsive wp-image-3707\" srcset=\"https:\/\/moldow.com\/wp-content\/uploads\/2017\/01\/clean-room-plastic-200x143.jpg 200w, https:\/\/moldow.com\/wp-content\/uploads\/2017\/01\/clean-room-plastic-400x287.jpg 400w, https:\/\/moldow.com\/wp-content\/uploads\/2017\/01\/clean-room-plastic.jpg 600w\" sizes=\"(max-width: 800px) 100vw, 400px\" \/><\/span><\/div><div class=\"fusion-clearfix\"><\/div><\/div><\/div><div class=\"fusion-layout-column fusion_builder_column fusion-builder-column-2 fusion_builder_column_1_4 1_4 fusion-one-fourth\" style=\"--awb-bg-size:cover;width:25%;width:calc(25% - ( ( 4% + 4% + 4% ) * 0.25 ) );margin-right: 4%;\"><div class=\"fusion-column-wrapper fusion-flex-column-wrapper-legacy\"><div class=\"fusion-image-element in-legacy-container\" style=\"--awb-caption-title-font-family:var(--h2_typography-font-family);--awb-caption-title-font-weight:var(--h2_typography-font-weight);--awb-caption-title-font-style:var(--h2_typography-font-style);--awb-caption-title-size:var(--h2_typography-font-size);--awb-caption-title-transform:var(--h2_typography-text-transform);--awb-caption-title-line-height:var(--h2_typography-line-height);--awb-caption-title-letter-spacing:var(--h2_typography-letter-spacing);\"><span class=\" fusion-imageframe imageframe-none imageframe-2 hover-type-none\"><img decoding=\"async\" width=\"600\" height=\"430\" alt=\"Painting robot for automotive plastic parts\" src=\"https:\/\/moldow.com\/wp-content\/uploads\/2017\/07\/electron-1.jpg\" class=\"img-responsive wp-image-3634\" srcset=\"https:\/\/moldow.com\/wp-content\/uploads\/2017\/07\/electron-1-200x143.jpg 200w, https:\/\/moldow.com\/wp-content\/uploads\/2017\/07\/electron-1-400x287.jpg 400w, https:\/\/moldow.com\/wp-content\/uploads\/2017\/07\/electron-1.jpg 600w\" sizes=\"(max-width: 800px) 100vw, 400px\" \/><\/span><\/div><div class=\"fusion-clearfix\"><\/div><\/div><\/div><div class=\"fusion-layout-column fusion_builder_column fusion-builder-column-3 fusion_builder_column_1_4 1_4 fusion-one-fourth\" style=\"--awb-bg-size:cover;width:25%;width:calc(25% - ( ( 4% + 4% + 4% ) * 0.25 ) );margin-right: 4%;\"><div class=\"fusion-column-wrapper fusion-flex-column-wrapper-legacy\"><div class=\"fusion-image-element in-legacy-container\" style=\"--awb-caption-title-font-family:var(--h2_typography-font-family);--awb-caption-title-font-weight:var(--h2_typography-font-weight);--awb-caption-title-font-style:var(--h2_typography-font-style);--awb-caption-title-size:var(--h2_typography-font-size);--awb-caption-title-transform:var(--h2_typography-text-transform);--awb-caption-title-line-height:var(--h2_typography-line-height);--awb-caption-title-letter-spacing:var(--h2_typography-letter-spacing);\"><span class=\" fusion-imageframe imageframe-none imageframe-3 hover-type-none\"><img decoding=\"async\" width=\"600\" height=\"430\" alt=\"Painting line\" title=\"automated-painting-line-metal\" src=\"https:\/\/moldow.com\/wp-content\/uploads\/2018\/02\/automated-painting-line-metal.jpg\" class=\"img-responsive wp-image-3879\" srcset=\"https:\/\/moldow.com\/wp-content\/uploads\/2018\/02\/automated-painting-line-metal-200x143.jpg 200w, https:\/\/moldow.com\/wp-content\/uploads\/2018\/02\/automated-painting-line-metal-400x287.jpg 400w, https:\/\/moldow.com\/wp-content\/uploads\/2018\/02\/automated-painting-line-metal.jpg 600w\" sizes=\"(max-width: 800px) 100vw, 400px\" \/><\/span><\/div><div class=\"fusion-clearfix\"><\/div><\/div><\/div><div class=\"fusion-layout-column fusion_builder_column fusion-builder-column-4 fusion_builder_column_1_4 1_4 fusion-one-fourth fusion-column-last\" style=\"--awb-bg-size:cover;width:25%;width:calc(25% - ( ( 4% + 4% + 4% ) * 0.25 ) );\"><div class=\"fusion-column-wrapper fusion-flex-column-wrapper-legacy\"><div class=\"fusion-image-element in-legacy-container\" style=\"--awb-caption-title-font-family:var(--h2_typography-font-family);--awb-caption-title-font-weight:var(--h2_typography-font-weight);--awb-caption-title-font-style:var(--h2_typography-font-style);--awb-caption-title-size:var(--h2_typography-font-size);--awb-caption-title-transform:var(--h2_typography-text-transform);--awb-caption-title-line-height:var(--h2_typography-line-height);--awb-caption-title-letter-spacing:var(--h2_typography-letter-spacing);\"><span class=\" fusion-imageframe imageframe-none imageframe-4 hover-type-none\"><img decoding=\"async\" width=\"600\" height=\"430\" alt=\"Plastic painting line\" src=\"https:\/\/moldow.com\/wp-content\/uploads\/2017\/11\/moldow-curing-oven.jpg\" class=\"img-responsive wp-image-3716\" srcset=\"https:\/\/moldow.com\/wp-content\/uploads\/2017\/11\/moldow-curing-oven-200x143.jpg 200w, https:\/\/moldow.com\/wp-content\/uploads\/2017\/11\/moldow-curing-oven-400x287.jpg 400w, https:\/\/moldow.com\/wp-content\/uploads\/2017\/11\/moldow-curing-oven.jpg 600w\" sizes=\"(max-width: 800px) 100vw, 400px\" \/><\/span><\/div><div class=\"fusion-clearfix\"><\/div><\/div><\/div><\/div><\/div><\/p>\n","protected":false},"excerpt":{"rendered":"","protected":false},"author":1,"featured_media":0,"parent":2933,"menu_order":0,"comment_status":"closed","ping_status":"closed","template":"100-width.php","meta":{"_acf_changed":false,"footnotes":""},"class_list":["post-2985","page","type-page","status-publish","hentry"],"acf":[],"yoast_head":"<!-- This site is optimized with the Yoast SEO plugin v24.8 - https:\/\/yoast.com\/wordpress\/plugins\/seo\/ -->\n<title>Produkty | Moldow<\/title>\n<meta name=\"description\" content=\"Typowa linia lakiernicza Moldow dostarczana jest ze wszystkimi potrzebnymi strefami procesowymi: Stref\u0105 za\u0142adunku\/wy\u0142adunku, stref\u0105 czyszczenia, stref\u0105 przygotowania powierzchni, kabinami lakierniczymi, komorami odparowania wst\u0119pnego, piecem do utwardzania oraz stref\u0105 ch\u0142odzenia.\" \/>\n<meta name=\"robots\" content=\"index, follow, max-snippet:-1, max-image-preview:large, max-video-preview:-1\" \/>\n<link rel=\"canonical\" href=\"https:\/\/moldow.com\/pl\/linie-lakiernicze\/produkty\/\" \/>\n<meta property=\"og:locale\" content=\"pl_PL\" \/>\n<meta property=\"og:type\" content=\"article\" \/>\n<meta property=\"og:title\" content=\"Produkty | Moldow\" \/>\n<meta property=\"og:description\" content=\"Typowa linia lakiernicza Moldow dostarczana jest ze wszystkimi potrzebnymi strefami procesowymi: Stref\u0105 za\u0142adunku\/wy\u0142adunku, stref\u0105 czyszczenia, stref\u0105 przygotowania powierzchni, kabinami lakierniczymi, komorami odparowania wst\u0119pnego, piecem do utwardzania oraz stref\u0105 ch\u0142odzenia.\" \/>\n<meta property=\"og:url\" content=\"https:\/\/moldow.com\/pl\/linie-lakiernicze\/produkty\/\" \/>\n<meta property=\"og:site_name\" content=\"Moldow\" \/>\n<meta property=\"article:modified_time\" content=\"2022-07-07T07:59:51+00:00\" \/>\n<meta name=\"twitter:card\" content=\"summary_large_image\" \/>\n<meta name=\"twitter:label1\" content=\"Szacowany czas czytania\" \/>\n\t<meta name=\"twitter:data1\" content=\"5 minutes\" \/>\n<script type=\"application\/ld+json\" class=\"yoast-schema-graph\">{\"@context\":\"https:\/\/schema.org\",\"@graph\":[{\"@type\":\"WebPage\",\"@id\":\"https:\/\/moldow.com\/pl\/linie-lakiernicze\/produkty\/\",\"url\":\"https:\/\/moldow.com\/pl\/linie-lakiernicze\/produkty\/\",\"name\":\"Produkty | Moldow\",\"isPartOf\":{\"@id\":\"https:\/\/moldow.com\/#website\"},\"datePublished\":\"2019-07-02T11:17:30+00:00\",\"dateModified\":\"2022-07-07T07:59:51+00:00\",\"description\":\"Typowa linia lakiernicza Moldow dostarczana jest ze wszystkimi potrzebnymi strefami procesowymi: Stref\u0105 za\u0142adunku\/wy\u0142adunku, stref\u0105 czyszczenia, stref\u0105 przygotowania powierzchni, kabinami lakierniczymi, komorami odparowania wst\u0119pnego, piecem do utwardzania oraz stref\u0105 ch\u0142odzenia.\",\"breadcrumb\":{\"@id\":\"https:\/\/moldow.com\/pl\/linie-lakiernicze\/produkty\/#breadcrumb\"},\"inLanguage\":\"pl-PL\",\"potentialAction\":[{\"@type\":\"ReadAction\",\"target\":[\"https:\/\/moldow.com\/pl\/linie-lakiernicze\/produkty\/\"]}]},{\"@type\":\"BreadcrumbList\",\"@id\":\"https:\/\/moldow.com\/pl\/linie-lakiernicze\/produkty\/#breadcrumb\",\"itemListElement\":[{\"@type\":\"ListItem\",\"position\":1,\"name\":\"Hjem\",\"item\":\"https:\/\/moldow.com\/pl\/\"},{\"@type\":\"ListItem\",\"position\":2,\"name\":\"Linie lakiernicze\",\"item\":\"https:\/\/moldow.com\/pl\/linie-lakiernicze\/\"},{\"@type\":\"ListItem\",\"position\":3,\"name\":\"Produkty\"}]},{\"@type\":\"WebSite\",\"@id\":\"https:\/\/moldow.com\/#website\",\"url\":\"https:\/\/moldow.com\/\",\"name\":\"Moldow\",\"description\":\"Dust Extraction Systems and Painting Lines\",\"publisher\":{\"@id\":\"https:\/\/moldow.com\/#organization\"},\"potentialAction\":[{\"@type\":\"SearchAction\",\"target\":{\"@type\":\"EntryPoint\",\"urlTemplate\":\"https:\/\/moldow.com\/?s={search_term_string}\"},\"query-input\":{\"@type\":\"PropertyValueSpecification\",\"valueRequired\":true,\"valueName\":\"search_term_string\"}}],\"inLanguage\":\"pl-PL\"},{\"@type\":\"Organization\",\"@id\":\"https:\/\/moldow.com\/#organization\",\"name\":\"Moldow A\/S\",\"url\":\"https:\/\/moldow.com\/\",\"logo\":{\"@type\":\"ImageObject\",\"inLanguage\":\"pl-PL\",\"@id\":\"https:\/\/moldow.com\/#\/schema\/logo\/image\/\",\"url\":\"https:\/\/moldow.com\/wp-content\/uploads\/2017\/01\/Moldow-logo-web-ny.png\",\"contentUrl\":\"https:\/\/moldow.com\/wp-content\/uploads\/2017\/01\/Moldow-logo-web-ny.png\",\"width\":259,\"height\":38,\"caption\":\"Moldow A\/S\"},\"image\":{\"@id\":\"https:\/\/moldow.com\/#\/schema\/logo\/image\/\"}}]}<\/script>\n<!-- \/ Yoast SEO plugin. -->","yoast_head_json":{"title":"Produkty | Moldow","description":"Typowa linia lakiernicza Moldow dostarczana jest ze wszystkimi potrzebnymi strefami procesowymi: Stref\u0105 za\u0142adunku\/wy\u0142adunku, stref\u0105 czyszczenia, stref\u0105 przygotowania powierzchni, kabinami lakierniczymi, komorami odparowania wst\u0119pnego, piecem do utwardzania oraz stref\u0105 ch\u0142odzenia.","robots":{"index":"index","follow":"follow","max-snippet":"max-snippet:-1","max-image-preview":"max-image-preview:large","max-video-preview":"max-video-preview:-1"},"canonical":"https:\/\/moldow.com\/pl\/linie-lakiernicze\/produkty\/","og_locale":"pl_PL","og_type":"article","og_title":"Produkty | Moldow","og_description":"Typowa linia lakiernicza Moldow dostarczana jest ze wszystkimi potrzebnymi strefami procesowymi: Stref\u0105 za\u0142adunku\/wy\u0142adunku, stref\u0105 czyszczenia, stref\u0105 przygotowania powierzchni, kabinami lakierniczymi, komorami odparowania wst\u0119pnego, piecem do utwardzania oraz stref\u0105 ch\u0142odzenia.","og_url":"https:\/\/moldow.com\/pl\/linie-lakiernicze\/produkty\/","og_site_name":"Moldow","article_modified_time":"2022-07-07T07:59:51+00:00","twitter_card":"summary_large_image","twitter_misc":{"Szacowany czas czytania":"5 minutes"},"schema":{"@context":"https:\/\/schema.org","@graph":[{"@type":"WebPage","@id":"https:\/\/moldow.com\/pl\/linie-lakiernicze\/produkty\/","url":"https:\/\/moldow.com\/pl\/linie-lakiernicze\/produkty\/","name":"Produkty | Moldow","isPartOf":{"@id":"https:\/\/moldow.com\/#website"},"datePublished":"2019-07-02T11:17:30+00:00","dateModified":"2022-07-07T07:59:51+00:00","description":"Typowa linia lakiernicza Moldow dostarczana jest ze wszystkimi potrzebnymi strefami procesowymi: Stref\u0105 za\u0142adunku\/wy\u0142adunku, stref\u0105 czyszczenia, stref\u0105 przygotowania powierzchni, kabinami lakierniczymi, komorami odparowania wst\u0119pnego, piecem do utwardzania oraz stref\u0105 ch\u0142odzenia.","breadcrumb":{"@id":"https:\/\/moldow.com\/pl\/linie-lakiernicze\/produkty\/#breadcrumb"},"inLanguage":"pl-PL","potentialAction":[{"@type":"ReadAction","target":["https:\/\/moldow.com\/pl\/linie-lakiernicze\/produkty\/"]}]},{"@type":"BreadcrumbList","@id":"https:\/\/moldow.com\/pl\/linie-lakiernicze\/produkty\/#breadcrumb","itemListElement":[{"@type":"ListItem","position":1,"name":"Hjem","item":"https:\/\/moldow.com\/pl\/"},{"@type":"ListItem","position":2,"name":"Linie lakiernicze","item":"https:\/\/moldow.com\/pl\/linie-lakiernicze\/"},{"@type":"ListItem","position":3,"name":"Produkty"}]},{"@type":"WebSite","@id":"https:\/\/moldow.com\/#website","url":"https:\/\/moldow.com\/","name":"Moldow","description":"Dust Extraction Systems and Painting Lines","publisher":{"@id":"https:\/\/moldow.com\/#organization"},"potentialAction":[{"@type":"SearchAction","target":{"@type":"EntryPoint","urlTemplate":"https:\/\/moldow.com\/?s={search_term_string}"},"query-input":{"@type":"PropertyValueSpecification","valueRequired":true,"valueName":"search_term_string"}}],"inLanguage":"pl-PL"},{"@type":"Organization","@id":"https:\/\/moldow.com\/#organization","name":"Moldow A\/S","url":"https:\/\/moldow.com\/","logo":{"@type":"ImageObject","inLanguage":"pl-PL","@id":"https:\/\/moldow.com\/#\/schema\/logo\/image\/","url":"https:\/\/moldow.com\/wp-content\/uploads\/2017\/01\/Moldow-logo-web-ny.png","contentUrl":"https:\/\/moldow.com\/wp-content\/uploads\/2017\/01\/Moldow-logo-web-ny.png","width":259,"height":38,"caption":"Moldow A\/S"},"image":{"@id":"https:\/\/moldow.com\/#\/schema\/logo\/image\/"}}]}},"_links":{"self":[{"href":"https:\/\/moldow.com\/pl\/wp-json\/wp\/v2\/pages\/2985","targetHints":{"allow":["GET"]}}],"collection":[{"href":"https:\/\/moldow.com\/pl\/wp-json\/wp\/v2\/pages"}],"about":[{"href":"https:\/\/moldow.com\/pl\/wp-json\/wp\/v2\/types\/page"}],"author":[{"embeddable":true,"href":"https:\/\/moldow.com\/pl\/wp-json\/wp\/v2\/users\/1"}],"replies":[{"embeddable":true,"href":"https:\/\/moldow.com\/pl\/wp-json\/wp\/v2\/comments?post=2985"}],"version-history":[{"count":8,"href":"https:\/\/moldow.com\/pl\/wp-json\/wp\/v2\/pages\/2985\/revisions"}],"predecessor-version":[{"id":7526,"href":"https:\/\/moldow.com\/pl\/wp-json\/wp\/v2\/pages\/2985\/revisions\/7526"}],"up":[{"embeddable":true,"href":"https:\/\/moldow.com\/pl\/wp-json\/wp\/v2\/pages\/2933"}],"wp:attachment":[{"href":"https:\/\/moldow.com\/pl\/wp-json\/wp\/v2\/media?parent=2985"}],"curies":[{"name":"wp","href":"https:\/\/api.w.org\/{rel}","templated":true}]}}