{"id":2975,"date":"2019-06-24T11:20:04","date_gmt":"2019-06-24T11:20:04","guid":{"rendered":"https:\/\/moldow.com\/?page_id=2975"},"modified":"2019-07-04T08:14:52","modified_gmt":"2019-07-04T08:14:52","slug":"drewno","status":"publish","type":"page","link":"https:\/\/moldow.com\/pl\/linie-lakiernicze\/drewno\/","title":{"rendered":"DREWNO"},"content":{"rendered":"<p><div class=\"fusion-fullwidth fullwidth-box fusion-builder-row-1 hundred-percent-fullwidth non-hundred-percent-height-scrolling\" style=\"--awb-border-radius-top-left:0px;--awb-border-radius-top-right:0px;--awb-border-radius-bottom-right:0px;--awb-border-radius-bottom-left:0px;--awb-padding-top:20px;--awb-padding-bottom:20px;--awb-margin-top:60px;--awb-background-color:rgba(255,255,255,0);--awb-flex-wrap:wrap;\" ><div class=\"fusion-builder-row fusion-row\"><div class=\"fusion-layout-column fusion_builder_column fusion-builder-column-0 fusion_builder_column_1_1 1_1 fusion-one-full fusion-column-first fusion-column-last\" style=\"--awb-bg-size:cover;--awb-margin-top:20px;--awb-margin-bottom:20px;\"><div class=\"fusion-column-wrapper fusion-flex-column-wrapper-legacy\"><div class=\"fusion-clearfix\"><\/div><\/div><\/div><\/div><\/div>\n<div class=\"fusion-fullwidth fullwidth-box fusion-builder-row-2 nonhundred-percent-fullwidth non-hundred-percent-height-scrolling\" style=\"--awb-border-radius-top-left:0px;--awb-border-radius-top-right:0px;--awb-border-radius-bottom-right:0px;--awb-border-radius-bottom-left:0px;--awb-margin-top:20px;--awb-background-color:#ffffff;--awb-flex-wrap:wrap;\" ><div class=\"fusion-builder-row fusion-row\"><div class=\"fusion-layout-column fusion_builder_column fusion-builder-column-1 fusion_builder_column_2_3 2_3 fusion-two-third fusion-column-first\" style=\"--awb-bg-size:cover;width:66.666666666667%;width:calc(66.666666666667% - ( ( 4% ) * 0.66666666666667 ) );margin-right: 4%;\"><div class=\"fusion-column-wrapper fusion-flex-column-wrapper-legacy\"><div class=\"fusion-column-content-centered\"><div class=\"fusion-column-content\"><div class=\"fusion-title title fusion-title-1 sep-underline sep-solid fusion-title-text fusion-title-size-one\"><h1 class=\"fusion-title-heading title-heading-left\" style=\"margin:0;\">LINIE LAKIERNICZE DO DREWNA<\/h1><\/div><div class=\"fusion-text fusion-text-1\"><p>Od 1960 roku Moldow dostarcza gotowe linie lakiernicze dla przemys\u0142u drzewnego. Przez te lata zdobyli\u015bmy szerok\u0105 wiedz\u0119 i do\u015bwiadczenie, dzi\u0119ki kt\u00f3rym teraz rozwi\u0105zania Moldow w zakresie linii lakierniczych dla drewna s\u0105 tak wyj\u0105tkowe.<\/p>\n<p>Elementy s\u0105 transportowane przez r\u00f3\u017cne stanowiska obr\u00f3bki poziomo na przeno\u015bnikach rolkowych (transportuj\u0105cych elementy r\u00f3wnie\u017c przez specjalnie zaprojektowane piece) lub pionowo z u\u017cyciem tradycyjnych przeno\u015bnik\u00f3w podwieszanych.<\/p>\n<p>Nasze portfolio obejmuje m.in. linie lakiernicze do malowania ram okiennych, drzwiczek szafek kuchennych czy mebli, w\u00a0tym malowanie na wysoki po\u0142ysk.<\/p>\n<h2>Gotowa linia lakiernicza do drewna<\/h2>\n<p>Bardzo wa\u017cne jest dla nas jak najwi\u0119ksze uproszczenie wszystkich procedur i obs\u0142ugi. Wybieraj\u0105c Moldow jako partnera biznesowego, masz pewno\u015b\u0107, \u017ce zadbamy dla Ciebie o wszystko i \u017ce otrzymasz kompletn\u0105, gotow\u0105 lini\u0119 lakiernicz\u0105 do drewna.<\/p>\n<p>Poniewa\u017c gotowa linia lakiernicza wyposa\u017cona jest w\u00a0sprz\u0119t spoza naszej gamy produkt\u00f3w, podpisali\u015bmy umowy o\u00a0wsp\u00f3\u0142pracy z\u00a0najlepszymi dostawcami, np. robot\u00f3w, sprz\u0119tu do natryskiwania, instalacji spalania itp., w\u00a0celu zapewnienia najwy\u017cszej jako\u015bci podczas ca\u0142ego procesu malowania.<\/p>\n<\/div><\/div><\/div><div class=\"fusion-clearfix\"><\/div><\/div><\/div><div class=\"fusion-layout-column fusion_builder_column fusion-builder-column-2 fusion_builder_column_1_3 1_3 fusion-one-third fusion-column-last\" style=\"--awb-bg-size:cover;width:33.333333333333%;width:calc(33.333333333333% - ( ( 4% ) * 0.33333333333333 ) );\"><div class=\"fusion-column-wrapper fusion-flex-column-wrapper-legacy\"><div class=\"fusion-title title fusion-title-2 sep-underline sep-solid fusion-title-text fusion-title-size-six\"><h6 class=\"fusion-title-heading title-heading-left\" style=\"margin:0;\">KONTAKT<\/h6><\/div><div class=\"fusion-person person fusion-person-center fusion-person-1 fusion-person-icon-bottom\" style=\"--awb-pic-style-color:#6d6d6d;--awb-pic-borderradius:0px;--awb-margin-top:0px;--awb-margin-right:0px;--awb-margin-bottom:0px;--awb-margin-left:0px;--awb-social-box-border-top:0px;--awb-social-box-border-right:0px;--awb-social-box-border-bottom:0px;--awb-social-box-border-left:0px;--awb-social-box-border-color:var(--awb-color3);--awb-social-box-border-color-hover:var(--awb-color4);--awb-social-box-colors-hover:rgba(232,232,232,0.8);--awb-social-icon-boxed-colors:#e8e8e8;--awb-social-icon-colors:#9b9a9a;--awb-social-icon-colors-hover:rgba(155,154,154,0.8);\"><div class=\"person-shortcode-image-wrapper\"><div class=\"person-image-container hover-type-none\" style=\"border:0px solid #f6f6f6;-webkit-border-radius:0px;-moz-border-radius:0px;border-radius:0px;\"><img decoding=\"async\" class=\"person-img img-responsive wp-image-6927\" width=\"190\" height=\"150\" src=\"https:\/\/moldow.com\/wp-content\/uploads\/2022\/04\/Franck-Brehinier.png\" alt=\"Franck Br\u00e9hinier, Sales Manager\" \/><\/div><\/div><div class=\"person-desc\"><div class=\"person-author\"><div class=\"person-author-wrapper\"><span class=\"person-name\">Franck Br\u00e9hinier, Sales Manager<\/span><span class=\"person-title\"><\/span><\/div><\/div><div class=\"person-content fusion-clearfix\">+45 20 75 70 04<\/div><\/div><\/div><div class=\"aligncenter\"><div class=\"fusion-social-links fusion-social-links-1\" style=\"--awb-margin-top:0px;--awb-margin-right:0px;--awb-margin-bottom:0px;--awb-margin-left:0px;--awb-alignment:center;--awb-box-border-top:0px;--awb-box-border-right:0px;--awb-box-border-bottom:0px;--awb-box-border-left:0px;--awb-icon-colors-hover:rgba(155,154,154,0.8);--awb-box-colors-hover:rgba(232,232,232,0.8);--awb-box-border-color:var(--awb-color3);--awb-box-border-color-hover:var(--awb-color4);\"><div class=\"fusion-social-networks color-type-custom\"><div class=\"fusion-social-networks-wrapper\"><a class=\"fusion-social-network-icon fusion-tooltip fusion-linkedin awb-icon-linkedin\" style=\"color:#9b9a9a;font-size:16px;\" data-placement=\"right\" data-title=\"LinkedIn\" data-toggle=\"tooltip\" title=\"LinkedIn\" aria-label=\"linkedin\" target=\"_blank\" rel=\"noopener noreferrer\" href=\"https:\/\/www.linkedin.com\/in\/franck-br%C3%A9hinier-23116161\/\"><\/a><a class=\"fusion-social-network-icon fusion-tooltip fusion-mail awb-icon-mail\" style=\"color:#9b9a9a;font-size:16px;\" data-placement=\"right\" data-title=\"Email\" data-toggle=\"tooltip\" title=\"Email\" aria-label=\"mail\" target=\"_blank\" rel=\"noopener noreferrer\" href=\"mailto:f&#098;&#114;&#064;&#109;&#111;&#108;dow&#046;&#099;&#111;&#109;\"><\/a><\/div><\/div><\/div><\/div><div class=\"fusion-clearfix\"><\/div><\/div><\/div>\n<\/div><\/div><div class=\"fusion-fullwidth fullwidth-box fusion-builder-row-3 hundred-percent-fullwidth non-hundred-percent-height-scrolling\" style=\"--awb-border-radius-top-left:0px;--awb-border-radius-top-right:0px;--awb-border-radius-bottom-right:0px;--awb-border-radius-bottom-left:0px;--awb-padding-top:20px;--awb-padding-bottom:20px;--awb-background-color:#ffffff;--awb-flex-wrap:wrap;\" ><div class=\"fusion-builder-row fusion-row\"><div class=\"fusion-layout-column fusion_builder_column fusion-builder-column-3 fusion_builder_column_1_4 1_4 fusion-one-fourth fusion-column-first\" style=\"--awb-bg-size:cover;width:25%;width:calc(25% - ( ( 4% + 4% + 4% ) * 0.25 ) );margin-right: 4%;\"><div class=\"fusion-column-wrapper fusion-flex-column-wrapper-legacy\"><div class=\"fusion-text fusion-text-2\"><p><img decoding=\"async\" class=\"alignnone size-full wp-image-1032\" src=\"https:\/\/moldow.com\/wp-content\/uploads\/2017\/01\/painting-line-wood-velux.jpg\" alt=\"\" width=\"auto\" srcset=\"https:\/\/moldow.com\/wp-content\/uploads\/2017\/01\/painting-line-wood-velux-200x133.jpg 200w, https:\/\/moldow.com\/wp-content\/uploads\/2017\/01\/painting-line-wood-velux-300x199.jpg 300w, https:\/\/moldow.com\/wp-content\/uploads\/2017\/01\/painting-line-wood-velux-400x266.jpg 400w, https:\/\/moldow.com\/wp-content\/uploads\/2017\/01\/painting-line-wood-velux-600x398.jpg 600w, https:\/\/moldow.com\/wp-content\/uploads\/2017\/01\/painting-line-wood-velux.jpg 625w\" sizes=\"(max-width: 625px) 100vw, 625px\" \/><\/p>\n<\/div><div class=\"fusion-clearfix\"><\/div><\/div><\/div><div class=\"fusion-layout-column fusion_builder_column fusion-builder-column-4 fusion_builder_column_1_4 1_4 fusion-one-fourth\" style=\"--awb-bg-size:cover;width:25%;width:calc(25% - ( ( 4% + 4% + 4% ) * 0.25 ) );margin-right: 4%;\"><div class=\"fusion-column-wrapper fusion-flex-column-wrapper-legacy\"><div class=\"fusion-text fusion-text-3\"><p><img decoding=\"async\" class=\"alignnone size-full wp-image-1031\" src=\"https:\/\/moldow.com\/wp-content\/uploads\/2017\/01\/painting-line-wood-furniture.jpg\" alt=\"\" width=\"auto\" srcset=\"https:\/\/moldow.com\/wp-content\/uploads\/2017\/01\/painting-line-wood-furniture-200x133.jpg 200w, https:\/\/moldow.com\/wp-content\/uploads\/2017\/01\/painting-line-wood-furniture-300x199.jpg 300w, https:\/\/moldow.com\/wp-content\/uploads\/2017\/01\/painting-line-wood-furniture-400x266.jpg 400w, https:\/\/moldow.com\/wp-content\/uploads\/2017\/01\/painting-line-wood-furniture-600x398.jpg 600w, https:\/\/moldow.com\/wp-content\/uploads\/2017\/01\/painting-line-wood-furniture-768x510.jpg 768w, https:\/\/moldow.com\/wp-content\/uploads\/2017\/01\/painting-line-wood-furniture-800x531.jpg 800w, https:\/\/moldow.com\/wp-content\/uploads\/2017\/01\/painting-line-wood-furniture.jpg 1000w\" sizes=\"(max-width: 1000px) 100vw, 1000px\" \/><\/p>\n<\/div><div class=\"fusion-clearfix\"><\/div><\/div><\/div><div class=\"fusion-layout-column fusion_builder_column fusion-builder-column-5 fusion_builder_column_1_4 1_4 fusion-one-fourth\" style=\"--awb-bg-size:cover;width:25%;width:calc(25% - ( ( 4% + 4% + 4% ) * 0.25 ) );margin-right: 4%;\"><div class=\"fusion-column-wrapper fusion-flex-column-wrapper-legacy\"><div class=\"fusion-text fusion-text-4\"><p><img decoding=\"async\" class=\"alignnone size-full wp-image-1033\" src=\"https:\/\/moldow.com\/wp-content\/uploads\/2017\/01\/painting-wood-high-gloss.jpg\" alt=\"\" width=\"auto\" srcset=\"https:\/\/moldow.com\/wp-content\/uploads\/2017\/01\/painting-wood-high-gloss-200x133.jpg 200w, https:\/\/moldow.com\/wp-content\/uploads\/2017\/01\/painting-wood-high-gloss-300x199.jpg 300w, https:\/\/moldow.com\/wp-content\/uploads\/2017\/01\/painting-wood-high-gloss-400x266.jpg 400w, https:\/\/moldow.com\/wp-content\/uploads\/2017\/01\/painting-wood-high-gloss-600x398.jpg 600w, https:\/\/moldow.com\/wp-content\/uploads\/2017\/01\/painting-wood-high-gloss-768x510.jpg 768w, https:\/\/moldow.com\/wp-content\/uploads\/2017\/01\/painting-wood-high-gloss-800x531.jpg 800w, https:\/\/moldow.com\/wp-content\/uploads\/2017\/01\/painting-wood-high-gloss.jpg 1000w\" sizes=\"(max-width: 1000px) 100vw, 1000px\" \/><\/p>\n<\/div><div class=\"fusion-clearfix\"><\/div><\/div><\/div><div class=\"fusion-layout-column fusion_builder_column fusion-builder-column-6 fusion_builder_column_1_4 1_4 fusion-one-fourth fusion-column-last\" style=\"--awb-bg-size:cover;width:25%;width:calc(25% - ( ( 4% + 4% + 4% ) * 0.25 ) );\"><div class=\"fusion-column-wrapper fusion-flex-column-wrapper-legacy\"><div class=\"fusion-text fusion-text-5\"><p><img decoding=\"async\" class=\"alignnone size-full wp-image-1034\" src=\"https:\/\/moldow.com\/wp-content\/uploads\/2017\/01\/painting-line-wood.jpg\" alt=\"\" width=\"auto\" srcset=\"https:\/\/moldow.com\/wp-content\/uploads\/2017\/01\/painting-line-wood-200x133.jpg 200w, https:\/\/moldow.com\/wp-content\/uploads\/2017\/01\/painting-line-wood-300x199.jpg 300w, https:\/\/moldow.com\/wp-content\/uploads\/2017\/01\/painting-line-wood-400x265.jpg 400w, https:\/\/moldow.com\/wp-content\/uploads\/2017\/01\/painting-line-wood-600x398.jpg 600w, https:\/\/moldow.com\/wp-content\/uploads\/2017\/01\/painting-line-wood-768x510.jpg 768w, https:\/\/moldow.com\/wp-content\/uploads\/2017\/01\/painting-line-wood-800x531.jpg 800w, https:\/\/moldow.com\/wp-content\/uploads\/2017\/01\/painting-line-wood.jpg 850w\" sizes=\"(max-width: 850px) 100vw, 850px\" \/><\/p>\n<\/div><div class=\"fusion-clearfix\"><\/div><\/div><\/div><\/div><\/div><\/p>\n","protected":false},"excerpt":{"rendered":"","protected":false},"author":1,"featured_media":0,"parent":2933,"menu_order":0,"comment_status":"closed","ping_status":"closed","template":"100-width.php","meta":{"_acf_changed":false,"footnotes":""},"class_list":["post-2975","page","type-page","status-publish","hentry"],"acf":[],"yoast_head":"<!-- This site is optimized with the Yoast SEO plugin v24.8 - https:\/\/yoast.com\/wordpress\/plugins\/seo\/ -->\n<title>DREWNO | Moldow<\/title>\n<meta name=\"description\" content=\"Od 1960 roku Moldow dostarcza gotowe linie lakiernicze dla przemys\u0142u drzewnego. Przez te lata zdobyli\u015bmy szerok\u0105 wiedz\u0119 i do\u015bwiadczenie, dzi\u0119ki kt\u00f3rym teraz rozwi\u0105zania Moldow w zakresie linii lakierniczych dla drewna s\u0105 tak wyj\u0105tkowe.\" \/>\n<meta name=\"robots\" content=\"index, follow, max-snippet:-1, max-image-preview:large, max-video-preview:-1\" \/>\n<link rel=\"canonical\" href=\"https:\/\/moldow.com\/pl\/linie-lakiernicze\/drewno\/\" \/>\n<meta property=\"og:locale\" content=\"pl_PL\" \/>\n<meta property=\"og:type\" content=\"article\" \/>\n<meta property=\"og:title\" content=\"DREWNO | Moldow\" \/>\n<meta property=\"og:description\" content=\"Od 1960 roku Moldow dostarcza gotowe linie lakiernicze dla przemys\u0142u drzewnego. Przez te lata zdobyli\u015bmy szerok\u0105 wiedz\u0119 i do\u015bwiadczenie, dzi\u0119ki kt\u00f3rym teraz rozwi\u0105zania Moldow w zakresie linii lakierniczych dla drewna s\u0105 tak wyj\u0105tkowe.\" \/>\n<meta property=\"og:url\" content=\"https:\/\/moldow.com\/pl\/linie-lakiernicze\/drewno\/\" \/>\n<meta property=\"og:site_name\" content=\"Moldow\" \/>\n<meta property=\"article:modified_time\" content=\"2019-07-04T08:14:52+00:00\" \/>\n<meta property=\"og:image\" content=\"https:\/\/moldow.com\/wp-content\/uploads\/2017\/01\/painting-line-wood-velux.jpg\" \/>\n<meta name=\"twitter:card\" content=\"summary_large_image\" \/>\n<meta name=\"twitter:label1\" content=\"Szacowany czas czytania\" \/>\n\t<meta name=\"twitter:data1\" content=\"4 minutes\" \/>\n<script type=\"application\/ld+json\" class=\"yoast-schema-graph\">{\"@context\":\"https:\/\/schema.org\",\"@graph\":[{\"@type\":\"WebPage\",\"@id\":\"https:\/\/moldow.com\/pl\/linie-lakiernicze\/drewno\/\",\"url\":\"https:\/\/moldow.com\/pl\/linie-lakiernicze\/drewno\/\",\"name\":\"DREWNO | Moldow\",\"isPartOf\":{\"@id\":\"https:\/\/moldow.com\/#website\"},\"primaryImageOfPage\":{\"@id\":\"https:\/\/moldow.com\/pl\/linie-lakiernicze\/drewno\/#primaryimage\"},\"image\":{\"@id\":\"https:\/\/moldow.com\/pl\/linie-lakiernicze\/drewno\/#primaryimage\"},\"thumbnailUrl\":\"https:\/\/moldow.com\/wp-content\/uploads\/2017\/01\/painting-line-wood-velux.jpg\",\"datePublished\":\"2019-06-24T11:20:04+00:00\",\"dateModified\":\"2019-07-04T08:14:52+00:00\",\"description\":\"Od 1960 roku Moldow dostarcza gotowe linie lakiernicze dla przemys\u0142u drzewnego. Przez te lata zdobyli\u015bmy szerok\u0105 wiedz\u0119 i do\u015bwiadczenie, dzi\u0119ki kt\u00f3rym teraz rozwi\u0105zania Moldow w zakresie linii lakierniczych dla drewna s\u0105 tak wyj\u0105tkowe.\",\"breadcrumb\":{\"@id\":\"https:\/\/moldow.com\/pl\/linie-lakiernicze\/drewno\/#breadcrumb\"},\"inLanguage\":\"pl-PL\",\"potentialAction\":[{\"@type\":\"ReadAction\",\"target\":[\"https:\/\/moldow.com\/pl\/linie-lakiernicze\/drewno\/\"]}]},{\"@type\":\"ImageObject\",\"inLanguage\":\"pl-PL\",\"@id\":\"https:\/\/moldow.com\/pl\/linie-lakiernicze\/drewno\/#primaryimage\",\"url\":\"https:\/\/moldow.com\/wp-content\/uploads\/2017\/01\/painting-line-wood-velux.jpg\",\"contentUrl\":\"https:\/\/moldow.com\/wp-content\/uploads\/2017\/01\/painting-line-wood-velux.jpg\"},{\"@type\":\"BreadcrumbList\",\"@id\":\"https:\/\/moldow.com\/pl\/linie-lakiernicze\/drewno\/#breadcrumb\",\"itemListElement\":[{\"@type\":\"ListItem\",\"position\":1,\"name\":\"Hjem\",\"item\":\"https:\/\/moldow.com\/pl\/\"},{\"@type\":\"ListItem\",\"position\":2,\"name\":\"Linie lakiernicze\",\"item\":\"https:\/\/moldow.com\/pl\/linie-lakiernicze\/\"},{\"@type\":\"ListItem\",\"position\":3,\"name\":\"DREWNO\"}]},{\"@type\":\"WebSite\",\"@id\":\"https:\/\/moldow.com\/#website\",\"url\":\"https:\/\/moldow.com\/\",\"name\":\"Moldow\",\"description\":\"Dust Extraction Systems and Painting Lines\",\"publisher\":{\"@id\":\"https:\/\/moldow.com\/#organization\"},\"potentialAction\":[{\"@type\":\"SearchAction\",\"target\":{\"@type\":\"EntryPoint\",\"urlTemplate\":\"https:\/\/moldow.com\/?s={search_term_string}\"},\"query-input\":{\"@type\":\"PropertyValueSpecification\",\"valueRequired\":true,\"valueName\":\"search_term_string\"}}],\"inLanguage\":\"pl-PL\"},{\"@type\":\"Organization\",\"@id\":\"https:\/\/moldow.com\/#organization\",\"name\":\"Moldow A\/S\",\"url\":\"https:\/\/moldow.com\/\",\"logo\":{\"@type\":\"ImageObject\",\"inLanguage\":\"pl-PL\",\"@id\":\"https:\/\/moldow.com\/#\/schema\/logo\/image\/\",\"url\":\"https:\/\/moldow.com\/wp-content\/uploads\/2017\/01\/Moldow-logo-web-ny.png\",\"contentUrl\":\"https:\/\/moldow.com\/wp-content\/uploads\/2017\/01\/Moldow-logo-web-ny.png\",\"width\":259,\"height\":38,\"caption\":\"Moldow A\/S\"},\"image\":{\"@id\":\"https:\/\/moldow.com\/#\/schema\/logo\/image\/\"}}]}<\/script>\n<!-- \/ Yoast SEO plugin. -->","yoast_head_json":{"title":"DREWNO | Moldow","description":"Od 1960 roku Moldow dostarcza gotowe linie lakiernicze dla przemys\u0142u drzewnego. Przez te lata zdobyli\u015bmy szerok\u0105 wiedz\u0119 i do\u015bwiadczenie, dzi\u0119ki kt\u00f3rym teraz rozwi\u0105zania Moldow w zakresie linii lakierniczych dla drewna s\u0105 tak wyj\u0105tkowe.","robots":{"index":"index","follow":"follow","max-snippet":"max-snippet:-1","max-image-preview":"max-image-preview:large","max-video-preview":"max-video-preview:-1"},"canonical":"https:\/\/moldow.com\/pl\/linie-lakiernicze\/drewno\/","og_locale":"pl_PL","og_type":"article","og_title":"DREWNO | Moldow","og_description":"Od 1960 roku Moldow dostarcza gotowe linie lakiernicze dla przemys\u0142u drzewnego. Przez te lata zdobyli\u015bmy szerok\u0105 wiedz\u0119 i do\u015bwiadczenie, dzi\u0119ki kt\u00f3rym teraz rozwi\u0105zania Moldow w zakresie linii lakierniczych dla drewna s\u0105 tak wyj\u0105tkowe.","og_url":"https:\/\/moldow.com\/pl\/linie-lakiernicze\/drewno\/","og_site_name":"Moldow","article_modified_time":"2019-07-04T08:14:52+00:00","og_image":[{"url":"https:\/\/moldow.com\/wp-content\/uploads\/2017\/01\/painting-line-wood-velux.jpg","type":"","width":"","height":""}],"twitter_card":"summary_large_image","twitter_misc":{"Szacowany czas czytania":"4 minutes"},"schema":{"@context":"https:\/\/schema.org","@graph":[{"@type":"WebPage","@id":"https:\/\/moldow.com\/pl\/linie-lakiernicze\/drewno\/","url":"https:\/\/moldow.com\/pl\/linie-lakiernicze\/drewno\/","name":"DREWNO | Moldow","isPartOf":{"@id":"https:\/\/moldow.com\/#website"},"primaryImageOfPage":{"@id":"https:\/\/moldow.com\/pl\/linie-lakiernicze\/drewno\/#primaryimage"},"image":{"@id":"https:\/\/moldow.com\/pl\/linie-lakiernicze\/drewno\/#primaryimage"},"thumbnailUrl":"https:\/\/moldow.com\/wp-content\/uploads\/2017\/01\/painting-line-wood-velux.jpg","datePublished":"2019-06-24T11:20:04+00:00","dateModified":"2019-07-04T08:14:52+00:00","description":"Od 1960 roku Moldow dostarcza gotowe linie lakiernicze dla przemys\u0142u drzewnego. Przez te lata zdobyli\u015bmy szerok\u0105 wiedz\u0119 i do\u015bwiadczenie, dzi\u0119ki kt\u00f3rym teraz rozwi\u0105zania Moldow w zakresie linii lakierniczych dla drewna s\u0105 tak wyj\u0105tkowe.","breadcrumb":{"@id":"https:\/\/moldow.com\/pl\/linie-lakiernicze\/drewno\/#breadcrumb"},"inLanguage":"pl-PL","potentialAction":[{"@type":"ReadAction","target":["https:\/\/moldow.com\/pl\/linie-lakiernicze\/drewno\/"]}]},{"@type":"ImageObject","inLanguage":"pl-PL","@id":"https:\/\/moldow.com\/pl\/linie-lakiernicze\/drewno\/#primaryimage","url":"https:\/\/moldow.com\/wp-content\/uploads\/2017\/01\/painting-line-wood-velux.jpg","contentUrl":"https:\/\/moldow.com\/wp-content\/uploads\/2017\/01\/painting-line-wood-velux.jpg"},{"@type":"BreadcrumbList","@id":"https:\/\/moldow.com\/pl\/linie-lakiernicze\/drewno\/#breadcrumb","itemListElement":[{"@type":"ListItem","position":1,"name":"Hjem","item":"https:\/\/moldow.com\/pl\/"},{"@type":"ListItem","position":2,"name":"Linie lakiernicze","item":"https:\/\/moldow.com\/pl\/linie-lakiernicze\/"},{"@type":"ListItem","position":3,"name":"DREWNO"}]},{"@type":"WebSite","@id":"https:\/\/moldow.com\/#website","url":"https:\/\/moldow.com\/","name":"Moldow","description":"Dust Extraction Systems and Painting Lines","publisher":{"@id":"https:\/\/moldow.com\/#organization"},"potentialAction":[{"@type":"SearchAction","target":{"@type":"EntryPoint","urlTemplate":"https:\/\/moldow.com\/?s={search_term_string}"},"query-input":{"@type":"PropertyValueSpecification","valueRequired":true,"valueName":"search_term_string"}}],"inLanguage":"pl-PL"},{"@type":"Organization","@id":"https:\/\/moldow.com\/#organization","name":"Moldow A\/S","url":"https:\/\/moldow.com\/","logo":{"@type":"ImageObject","inLanguage":"pl-PL","@id":"https:\/\/moldow.com\/#\/schema\/logo\/image\/","url":"https:\/\/moldow.com\/wp-content\/uploads\/2017\/01\/Moldow-logo-web-ny.png","contentUrl":"https:\/\/moldow.com\/wp-content\/uploads\/2017\/01\/Moldow-logo-web-ny.png","width":259,"height":38,"caption":"Moldow A\/S"},"image":{"@id":"https:\/\/moldow.com\/#\/schema\/logo\/image\/"}}]}},"_links":{"self":[{"href":"https:\/\/moldow.com\/pl\/wp-json\/wp\/v2\/pages\/2975","targetHints":{"allow":["GET"]}}],"collection":[{"href":"https:\/\/moldow.com\/pl\/wp-json\/wp\/v2\/pages"}],"about":[{"href":"https:\/\/moldow.com\/pl\/wp-json\/wp\/v2\/types\/page"}],"author":[{"embeddable":true,"href":"https:\/\/moldow.com\/pl\/wp-json\/wp\/v2\/users\/1"}],"replies":[{"embeddable":true,"href":"https:\/\/moldow.com\/pl\/wp-json\/wp\/v2\/comments?post=2975"}],"version-history":[{"count":3,"href":"https:\/\/moldow.com\/pl\/wp-json\/wp\/v2\/pages\/2975\/revisions"}],"predecessor-version":[{"id":4096,"href":"https:\/\/moldow.com\/pl\/wp-json\/wp\/v2\/pages\/2975\/revisions\/4096"}],"up":[{"embeddable":true,"href":"https:\/\/moldow.com\/pl\/wp-json\/wp\/v2\/pages\/2933"}],"wp:attachment":[{"href":"https:\/\/moldow.com\/pl\/wp-json\/wp\/v2\/media?parent=2975"}],"curies":[{"name":"wp","href":"https:\/\/api.w.org\/{rel}","templated":true}]}}