{"id":2959,"date":"2019-06-24T11:10:45","date_gmt":"2019-06-24T11:10:45","guid":{"rendered":"https:\/\/moldow.com\/?page_id=2959"},"modified":"2022-08-08T07:04:14","modified_gmt":"2022-08-08T07:04:14","slug":"metal-powlekanie-na-mokro","status":"publish","type":"page","link":"https:\/\/moldow.com\/pl\/linie-lakiernicze\/metal-powlekanie-na-mokro\/","title":{"rendered":"METAL \u2013 POWLEKANIE NA MOKRO"},"content":{"rendered":"<p><div class=\"fusion-fullwidth fullwidth-box fusion-builder-row-1 hundred-percent-fullwidth non-hundred-percent-height-scrolling\" style=\"--awb-border-radius-top-left:0px;--awb-border-radius-top-right:0px;--awb-border-radius-bottom-right:0px;--awb-border-radius-bottom-left:0px;--awb-padding-top:20px;--awb-padding-bottom:20px;--awb-margin-top:60px;--awb-background-color:rgba(255,255,255,0);--awb-flex-wrap:wrap;\" ><div class=\"fusion-builder-row fusion-row\"><div class=\"fusion-layout-column fusion_builder_column fusion-builder-column-0 fusion_builder_column_1_1 1_1 fusion-one-full fusion-column-first fusion-column-last\" style=\"--awb-bg-size:cover;--awb-margin-top:20px;--awb-margin-bottom:20px;\"><div class=\"fusion-column-wrapper fusion-flex-column-wrapper-legacy\"><div class=\"fusion-clearfix\"><\/div><\/div><\/div><\/div><\/div>\n<div class=\"fusion-fullwidth fullwidth-box fusion-builder-row-2 nonhundred-percent-fullwidth non-hundred-percent-height-scrolling\" style=\"--awb-border-radius-top-left:0px;--awb-border-radius-top-right:0px;--awb-border-radius-bottom-right:0px;--awb-border-radius-bottom-left:0px;--awb-margin-top:20px;--awb-background-color:#ffffff;--awb-flex-wrap:wrap;\" ><div class=\"fusion-builder-row fusion-row\"><div class=\"fusion-layout-column fusion_builder_column fusion-builder-column-1 fusion_builder_column_2_3 2_3 fusion-two-third fusion-column-first\" style=\"--awb-bg-size:cover;width:66.666666666667%;width:calc(66.666666666667% - ( ( 4% ) * 0.66666666666667 ) );margin-right: 4%;\"><div class=\"fusion-column-wrapper fusion-flex-column-wrapper-legacy\"><div class=\"fusion-column-content-centered\"><div class=\"fusion-column-content\"><div class=\"fusion-title title fusion-title-1 sep-underline sep-solid fusion-title-text fusion-title-size-one\"><h1 class=\"fusion-title-heading title-heading-left\" style=\"margin:0;\">LINIE LAKIERNICZE DO POWLEKANIA METALU NA MOKRO<\/h1><\/div><div class=\"fusion-text fusion-text-1\"><div class=\"csc-header csc-header-n1\">\n<p class=\"csc-firstHeader\">W\u00a0przypadku powlekania na mokro odpowiednie przygotowanie powierzchni jest kluczowe dla ko\u0144cowego rezultatu. Niezale\u017cnie, czy jest to szlifowanie czy \u015brutowanie w\u00a0celu zapewnienia odpowiedniej przyczepno\u015bci i\u00a0wytrzyma\u0142o\u015bci lub obr\u00f3bka CO2 lub plazm\u0105 \u2013 firma Moldow mo\u017ce zaprojektowa\u0107 odpowiednie rozwi\u0105zanie.<\/p>\n<p class=\"csc-firstHeader\">Posiadamy obszerne do\u015bwiadczenie w\u00a0obs\u0142udze proces\u00f3w powlekania na mokro i\u00a0gwarantujemy prawid\u0142owe rozprowadzenie farb na bazie rozpuszczalnika. Linie lakiernicze Moldow s\u0105 zawsze zgodne z\u00a0wymaganiami w\u00a0zakresie ochrony \u015brodowiska i\u00a0bezpiecze\u0144stwa operatora podczas pracy.<\/p>\n<h3 class=\"csc-firstHeader\">R\u0119czne linie do powlekania na mokro<\/h3>\n<p class=\"csc-firstHeader\">R\u0119czne linie lakiernicze do powlekania na mokro ciesz\u0105 si\u0119 popularno\u015bci\u0105 dzi\u0119ki swojej uniwersalno\u015bci i\u00a0mo\u017cliwo\u015bci wydajnego malowania r\u00f3\u017cnej liczby element\u00f3w. Mimo \u017ce wielko\u015b\u0107 pocz\u0105tkowej inwestycji jest mniejsza ni\u017c w\u00a0przypadku linii automatycznej, przy projektowaniu rozwi\u0105zania zawsze uwzgl\u0119dniamy zasady ergonomii, bezpiecze\u0144stwa i\u00a0wymog\u00f3w w\u00a0zakresie ochrony \u015brodowiska. Je\u015bli opracowane rozwi\u0105zanie nie b\u0119dzie przemy\u015blane i\u00a0dostosowane do rzeczywistych warunk\u00f3w, eksploatacja nawet ma\u0142ej linii lakierniczej mo\u017ce wi\u0105za\u0107 si\u0119 z\u00a0wysokimi kosztami.<\/p>\n<h3 class=\"csc-firstHeader\">Automatyczne linie do powlekania na mokro<\/h3>\n<p class=\"csc-firstHeader\">W\u00a0pe\u0142ni zautomatyzowane linie lakiernicze do malowania na mokro wybierane s\u0105 ze wzgl\u0119du na potrzeb\u0119 wysokiej wydajno\u015bci i\u00a0stabilno\u015bci rezultat\u00f3w. Projekt linii jest jednak w\u00a0du\u017cej mierze dostosowany do rodzaju farby, jej lepko\u015bci oraz czasu odparowania, suszenia i\u00a0utwardzania. W\u00a0tym procesie do\u015bwiadczeni in\u017cynierowie i\u00a0technicy Moldow tworz\u0105 r\u00f3\u017cnic\u0119 w\u00a0kwestii znajdowania rozwi\u0105za\u0144, kt\u00f3re bior\u0105 pod uwag\u0119 dost\u0119pn\u0105 przestrze\u0144, logistyk\u0119 i\u00a0zu\u017cycie energii.<\/p>\n<p class=\"csc-firstHeader\">Dzi\u0119ki wykorzystaniu poziomych lub pionowych przeno\u015bnik\u00f3w do transportu element\u00f3w przez kolejne sekcje systemu oraz nowoczesnej technologii dynamicznego skanowania przemieszczaj\u0105cych si\u0119 element\u00f3w linie mog\u0105 obs\u0142ugiwa\u0107 obiekty o\u00a0r\u00f3\u017cnych rozmiarach.<\/p>\n<\/div>\n<\/div><\/div><\/div><div class=\"fusion-clearfix\"><\/div><\/div><\/div><div class=\"fusion-layout-column fusion_builder_column fusion-builder-column-2 fusion_builder_column_1_3 1_3 fusion-one-third fusion-column-last\" style=\"--awb-bg-size:cover;width:33.333333333333%;width:calc(33.333333333333% - ( ( 4% ) * 0.33333333333333 ) );\"><div class=\"fusion-column-wrapper fusion-flex-column-wrapper-legacy\"><div class=\"fusion-title title fusion-title-2 sep-underline sep-solid fusion-title-text fusion-title-size-six\"><h6 class=\"fusion-title-heading title-heading-left\" style=\"margin:0;\">KONTAKT<\/h6><\/div><div class=\"fusion-person person fusion-person-center fusion-person-1 fusion-person-icon-bottom\" style=\"--awb-pic-style-color:#6d6d6d;--awb-pic-borderradius:0px;--awb-margin-top:0px;--awb-margin-right:0px;--awb-margin-bottom:0px;--awb-margin-left:0px;--awb-social-box-border-top:0px;--awb-social-box-border-right:0px;--awb-social-box-border-bottom:0px;--awb-social-box-border-left:0px;--awb-social-box-border-color:var(--awb-color3);--awb-social-box-border-color-hover:var(--awb-color4);--awb-social-box-colors-hover:rgba(232,232,232,0.8);--awb-social-icon-boxed-colors:#e8e8e8;--awb-social-icon-colors:#9b9a9a;--awb-social-icon-colors-hover:rgba(155,154,154,0.8);\"><div class=\"person-shortcode-image-wrapper\"><div class=\"person-image-container hover-type-none\" style=\"border:0px solid #f6f6f6;-webkit-border-radius:0px;-moz-border-radius:0px;border-radius:0px;\"><img decoding=\"async\" class=\"person-img img-responsive wp-image-6927\" width=\"190\" height=\"150\" src=\"https:\/\/moldow.com\/wp-content\/uploads\/2022\/04\/Franck-Brehinier.png\" alt=\"Franck Br\u00e9hinier, Sales Manager\" \/><\/div><\/div><div class=\"person-desc\"><div class=\"person-author\"><div class=\"person-author-wrapper\"><span class=\"person-name\">Franck Br\u00e9hinier, Sales Manager<\/span><span class=\"person-title\"><\/span><\/div><\/div><div class=\"person-content fusion-clearfix\">+45 20 75 70 04<\/div><\/div><\/div><div class=\"aligncenter\"><div class=\"fusion-social-links fusion-social-links-1\" style=\"--awb-margin-top:0px;--awb-margin-right:0px;--awb-margin-bottom:0px;--awb-margin-left:0px;--awb-alignment:center;--awb-box-border-top:0px;--awb-box-border-right:0px;--awb-box-border-bottom:0px;--awb-box-border-left:0px;--awb-icon-colors-hover:rgba(155,154,154,0.8);--awb-box-colors-hover:rgba(232,232,232,0.8);--awb-box-border-color:var(--awb-color3);--awb-box-border-color-hover:var(--awb-color4);\"><div class=\"fusion-social-networks color-type-custom\"><div class=\"fusion-social-networks-wrapper\"><a class=\"fusion-social-network-icon fusion-tooltip fusion-linkedin awb-icon-linkedin\" style=\"color:#9b9a9a;font-size:16px;\" data-placement=\"right\" data-title=\"LinkedIn\" data-toggle=\"tooltip\" title=\"LinkedIn\" aria-label=\"linkedin\" target=\"_blank\" rel=\"noopener noreferrer\" href=\"https:\/\/www.linkedin.com\/in\/franck-br%C3%A9hinier-23116161\/\"><\/a><a class=\"fusion-social-network-icon fusion-tooltip fusion-mail awb-icon-mail\" style=\"color:#9b9a9a;font-size:16px;\" data-placement=\"right\" data-title=\"Email\" data-toggle=\"tooltip\" title=\"Email\" aria-label=\"mail\" target=\"_blank\" rel=\"noopener noreferrer\" href=\"mailto:fb&#114;&#064;mo&#108;&#100;&#111;&#119;.&#099;&#111;m\"><\/a><\/div><\/div><\/div><\/div><div class=\"fusion-clearfix\"><\/div><\/div><\/div>\n<\/div><\/div><div class=\"fusion-fullwidth fullwidth-box fusion-builder-row-3 fusion-flex-container nonhundred-percent-fullwidth non-hundred-percent-height-scrolling\" style=\"--awb-border-radius-top-left:0px;--awb-border-radius-top-right:0px;--awb-border-radius-bottom-right:0px;--awb-border-radius-bottom-left:0px;--awb-background-color:#ffffff;--awb-flex-wrap:wrap;\" ><div class=\"fusion-builder-row fusion-row fusion-flex-align-items-flex-start fusion-flex-content-wrap\" style=\"max-width:1144px;margin-left: calc(-4% \/ 2 );margin-right: calc(-4% \/ 2 );\"><div class=\"fusion-layout-column fusion_builder_column fusion-builder-column-3 fusion_builder_column_1_1 1_1 fusion-flex-column\" style=\"--awb-bg-size:cover;--awb-width-large:100%;--awb-margin-top-large:0px;--awb-spacing-right-large:1.92%;--awb-margin-bottom-large:0px;--awb-spacing-left-large:1.92%;--awb-width-medium:100%;--awb-order-medium:0;--awb-spacing-right-medium:1.92%;--awb-spacing-left-medium:1.92%;--awb-width-small:100%;--awb-order-small:0;--awb-spacing-right-small:1.92%;--awb-spacing-left-small:1.92%;\"><div class=\"fusion-column-wrapper fusion-column-has-shadow fusion-flex-justify-content-flex-start fusion-content-layout-column\"><div class=\"fusion-title title fusion-title-3 sep-underline sep-solid fusion-title-text fusion-title-size-two\"><h2 class=\"fusion-title-heading title-heading-left\" style=\"margin:0;\">SZCZEG\u00d3\u0141OWE OPISY PROJEKT\u00d3W<\/h2><\/div><\/div><\/div><div class=\"fusion-layout-column fusion_builder_column fusion-builder-column-4 fusion_builder_column_1_3 1_3 fusion-flex-column\" style=\"--awb-bg-size:cover;--awb-width-large:33.333333333333%;--awb-margin-top-large:0px;--awb-spacing-right-large:5.76%;--awb-margin-bottom-large:0px;--awb-spacing-left-large:5.76%;--awb-width-medium:100%;--awb-order-medium:0;--awb-spacing-right-medium:1.92%;--awb-spacing-left-medium:1.92%;--awb-width-small:100%;--awb-order-small:0;--awb-spacing-right-small:1.92%;--awb-spacing-left-small:1.92%;\"><div class=\"fusion-column-wrapper fusion-column-has-shadow fusion-flex-justify-content-flex-start fusion-content-layout-column\"><\/div><\/div><div class=\"fusion-layout-column fusion_builder_column fusion-builder-column-5 fusion_builder_column_1_3 1_3 fusion-flex-column\" style=\"--awb-bg-size:cover;--awb-width-large:33.333333333333%;--awb-margin-top-large:0px;--awb-spacing-right-large:5.76%;--awb-margin-bottom-large:0px;--awb-spacing-left-large:5.76%;--awb-width-medium:100%;--awb-order-medium:0;--awb-spacing-right-medium:1.92%;--awb-spacing-left-medium:1.92%;--awb-width-small:100%;--awb-order-small:0;--awb-spacing-right-small:1.92%;--awb-spacing-left-small:1.92%;\"><div class=\"fusion-column-wrapper fusion-column-has-shadow fusion-flex-justify-content-flex-start fusion-content-layout-column\"><\/div><\/div><\/div><\/div><div class=\"fusion-fullwidth fullwidth-box fusion-builder-row-4 hundred-percent-fullwidth non-hundred-percent-height-scrolling\" style=\"--awb-border-radius-top-left:0px;--awb-border-radius-top-right:0px;--awb-border-radius-bottom-right:0px;--awb-border-radius-bottom-left:0px;--awb-padding-top:20px;--awb-padding-bottom:20px;--awb-background-color:#ffffff;--awb-flex-wrap:wrap;\" ><div class=\"fusion-builder-row fusion-row\"><div class=\"fusion-layout-column fusion_builder_column fusion-builder-column-6 fusion_builder_column_1_4 1_4 fusion-one-fourth fusion-column-first\" style=\"--awb-bg-size:cover;width:25%;width:calc(25% - ( ( 4% + 4% + 4% ) * 0.25 ) );margin-right: 4%;\"><div class=\"fusion-column-wrapper fusion-flex-column-wrapper-legacy\"><div class=\"fusion-image-element in-legacy-container\" style=\"--awb-caption-title-font-family:var(--h2_typography-font-family);--awb-caption-title-font-weight:var(--h2_typography-font-weight);--awb-caption-title-font-style:var(--h2_typography-font-style);--awb-caption-title-size:var(--h2_typography-font-size);--awb-caption-title-transform:var(--h2_typography-text-transform);--awb-caption-title-line-height:var(--h2_typography-line-height);--awb-caption-title-letter-spacing:var(--h2_typography-letter-spacing);\"><span class=\" fusion-imageframe imageframe-none imageframe-1 hover-type-none\"><img decoding=\"async\" width=\"600\" height=\"430\" alt=\"Manual wet paint booth\" src=\"https:\/\/moldow.com\/wp-content\/uploads\/2017\/07\/Titan-painting-line-2.jpg\" class=\"img-responsive wp-image-3610\" srcset=\"https:\/\/moldow.com\/wp-content\/uploads\/2017\/07\/Titan-painting-line-2-200x143.jpg 200w, https:\/\/moldow.com\/wp-content\/uploads\/2017\/07\/Titan-painting-line-2-400x287.jpg 400w, https:\/\/moldow.com\/wp-content\/uploads\/2017\/07\/Titan-painting-line-2.jpg 600w\" sizes=\"(max-width: 800px) 100vw, 400px\" \/><\/span><\/div><div class=\"fusion-clearfix\"><\/div><\/div><\/div><div class=\"fusion-layout-column fusion_builder_column fusion-builder-column-7 fusion_builder_column_1_4 1_4 fusion-one-fourth\" style=\"--awb-bg-size:cover;width:25%;width:calc(25% - ( ( 4% + 4% + 4% ) * 0.25 ) );margin-right: 4%;\"><div class=\"fusion-column-wrapper fusion-flex-column-wrapper-legacy\"><div class=\"fusion-image-element in-legacy-container\" style=\"--awb-caption-title-font-family:var(--h2_typography-font-family);--awb-caption-title-font-weight:var(--h2_typography-font-weight);--awb-caption-title-font-style:var(--h2_typography-font-style);--awb-caption-title-size:var(--h2_typography-font-size);--awb-caption-title-transform:var(--h2_typography-text-transform);--awb-caption-title-line-height:var(--h2_typography-line-height);--awb-caption-title-letter-spacing:var(--h2_typography-letter-spacing);\"><span class=\" fusion-imageframe imageframe-none imageframe-2 hover-type-none\"><img decoding=\"async\" width=\"600\" height=\"430\" alt=\"Manual paintbooth with wet paint\" src=\"https:\/\/moldow.com\/wp-content\/uploads\/2017\/01\/manual-wet-paint-metal-.jpg\" class=\"img-responsive wp-image-3668\" srcset=\"https:\/\/moldow.com\/wp-content\/uploads\/2017\/01\/manual-wet-paint-metal--200x143.jpg 200w, https:\/\/moldow.com\/wp-content\/uploads\/2017\/01\/manual-wet-paint-metal--400x287.jpg 400w, https:\/\/moldow.com\/wp-content\/uploads\/2017\/01\/manual-wet-paint-metal-.jpg 600w\" sizes=\"(max-width: 800px) 100vw, 400px\" \/><\/span><\/div><div class=\"fusion-clearfix\"><\/div><\/div><\/div><div class=\"fusion-layout-column fusion_builder_column fusion-builder-column-8 fusion_builder_column_1_4 1_4 fusion-one-fourth\" style=\"--awb-bg-size:cover;width:25%;width:calc(25% - ( ( 4% + 4% + 4% ) * 0.25 ) );margin-right: 4%;\"><div class=\"fusion-column-wrapper fusion-flex-column-wrapper-legacy\"><div class=\"fusion-image-element in-legacy-container\" style=\"--awb-caption-title-font-family:var(--h2_typography-font-family);--awb-caption-title-font-weight:var(--h2_typography-font-weight);--awb-caption-title-font-style:var(--h2_typography-font-style);--awb-caption-title-size:var(--h2_typography-font-size);--awb-caption-title-transform:var(--h2_typography-text-transform);--awb-caption-title-line-height:var(--h2_typography-line-height);--awb-caption-title-letter-spacing:var(--h2_typography-letter-spacing);\"><span class=\" fusion-imageframe imageframe-none imageframe-3 hover-type-none\"><img decoding=\"async\" width=\"600\" height=\"430\" alt=\"Automatic wet paintbooth\" src=\"https:\/\/moldow.com\/wp-content\/uploads\/2017\/01\/sieper-wet-paint-metal.jpg\" class=\"img-responsive wp-image-3665\" srcset=\"https:\/\/moldow.com\/wp-content\/uploads\/2017\/01\/sieper-wet-paint-metal-200x143.jpg 200w, https:\/\/moldow.com\/wp-content\/uploads\/2017\/01\/sieper-wet-paint-metal-400x287.jpg 400w, https:\/\/moldow.com\/wp-content\/uploads\/2017\/01\/sieper-wet-paint-metal.jpg 600w\" sizes=\"(max-width: 800px) 100vw, 400px\" \/><\/span><\/div><div class=\"fusion-clearfix\"><\/div><\/div><\/div><div class=\"fusion-layout-column fusion_builder_column fusion-builder-column-9 fusion_builder_column_1_4 1_4 fusion-one-fourth fusion-column-last\" style=\"--awb-bg-size:cover;width:25%;width:calc(25% - ( ( 4% + 4% + 4% ) * 0.25 ) );\"><div class=\"fusion-column-wrapper fusion-flex-column-wrapper-legacy\"><div class=\"fusion-image-element in-legacy-container\" style=\"--awb-caption-title-font-family:var(--h2_typography-font-family);--awb-caption-title-font-weight:var(--h2_typography-font-weight);--awb-caption-title-font-style:var(--h2_typography-font-style);--awb-caption-title-size:var(--h2_typography-font-size);--awb-caption-title-transform:var(--h2_typography-text-transform);--awb-caption-title-line-height:var(--h2_typography-line-height);--awb-caption-title-letter-spacing:var(--h2_typography-letter-spacing);\"><span class=\" fusion-imageframe imageframe-none imageframe-4 hover-type-none\"><img decoding=\"async\" width=\"600\" height=\"430\" alt=\"Chain conveyor for metal parts\" src=\"https:\/\/moldow.com\/wp-content\/uploads\/2017\/01\/cimbria-wet-paint-2.jpg\" class=\"img-responsive wp-image-3662\" srcset=\"https:\/\/moldow.com\/wp-content\/uploads\/2017\/01\/cimbria-wet-paint-2-200x143.jpg 200w, https:\/\/moldow.com\/wp-content\/uploads\/2017\/01\/cimbria-wet-paint-2-400x287.jpg 400w, https:\/\/moldow.com\/wp-content\/uploads\/2017\/01\/cimbria-wet-paint-2.jpg 600w\" sizes=\"(max-width: 800px) 100vw, 400px\" \/><\/span><\/div><div class=\"fusion-clearfix\"><\/div><\/div><\/div><\/div><\/div><\/p>\n","protected":false},"excerpt":{"rendered":"","protected":false},"author":1,"featured_media":0,"parent":2933,"menu_order":0,"comment_status":"closed","ping_status":"closed","template":"100-width.php","meta":{"_acf_changed":false,"footnotes":""},"class_list":["post-2959","page","type-page","status-publish","hentry"],"acf":[],"yoast_head":"<!-- This site is optimized with the Yoast SEO plugin v24.8 - https:\/\/yoast.com\/wordpress\/plugins\/seo\/ -->\n<title>METAL \u2013 POWLEKANIE NA MOKRO | Moldow<\/title>\n<meta name=\"description\" content=\"Posiadamy obszerne do\u015bwiadczenie w\u00a0obs\u0142udze proces\u00f3w powlekania na mokro i\u00a0gwarantujemy prawid\u0142owe rozprowadzenie farb na bazie rozpuszczalnika. Linie lakiernicze Moldow s\u0105 zawsze zgodne z\u00a0wymaganiami w\u00a0zakresie ochrony \u015brodowiska i\u00a0bezpiecze\u0144stwa operatora podczas pracy.\" \/>\n<meta name=\"robots\" content=\"index, follow, max-snippet:-1, max-image-preview:large, max-video-preview:-1\" \/>\n<link rel=\"canonical\" href=\"https:\/\/moldow.com\/pl\/linie-lakiernicze\/metal-powlekanie-na-mokro\/\" \/>\n<meta property=\"og:locale\" content=\"pl_PL\" \/>\n<meta property=\"og:type\" content=\"article\" \/>\n<meta property=\"og:title\" content=\"METAL \u2013 POWLEKANIE NA MOKRO | Moldow\" \/>\n<meta property=\"og:description\" content=\"Posiadamy obszerne do\u015bwiadczenie w\u00a0obs\u0142udze proces\u00f3w powlekania na mokro i\u00a0gwarantujemy prawid\u0142owe rozprowadzenie farb na bazie rozpuszczalnika. Linie lakiernicze Moldow s\u0105 zawsze zgodne z\u00a0wymaganiami w\u00a0zakresie ochrony \u015brodowiska i\u00a0bezpiecze\u0144stwa operatora podczas pracy.\" \/>\n<meta property=\"og:url\" content=\"https:\/\/moldow.com\/pl\/linie-lakiernicze\/metal-powlekanie-na-mokro\/\" \/>\n<meta property=\"og:site_name\" content=\"Moldow\" \/>\n<meta property=\"article:modified_time\" content=\"2022-08-08T07:04:14+00:00\" \/>\n<meta name=\"twitter:card\" content=\"summary_large_image\" \/>\n<meta name=\"twitter:label1\" content=\"Szacowany czas czytania\" \/>\n\t<meta name=\"twitter:data1\" content=\"8 minutes\" \/>\n<script type=\"application\/ld+json\" class=\"yoast-schema-graph\">{\"@context\":\"https:\/\/schema.org\",\"@graph\":[{\"@type\":\"WebPage\",\"@id\":\"https:\/\/moldow.com\/pl\/linie-lakiernicze\/metal-powlekanie-na-mokro\/\",\"url\":\"https:\/\/moldow.com\/pl\/linie-lakiernicze\/metal-powlekanie-na-mokro\/\",\"name\":\"METAL \u2013 POWLEKANIE NA MOKRO | Moldow\",\"isPartOf\":{\"@id\":\"https:\/\/moldow.com\/#website\"},\"datePublished\":\"2019-06-24T11:10:45+00:00\",\"dateModified\":\"2022-08-08T07:04:14+00:00\",\"description\":\"Posiadamy obszerne do\u015bwiadczenie w\u00a0obs\u0142udze proces\u00f3w powlekania na mokro i\u00a0gwarantujemy prawid\u0142owe rozprowadzenie farb na bazie rozpuszczalnika. Linie lakiernicze Moldow s\u0105 zawsze zgodne z\u00a0wymaganiami w\u00a0zakresie ochrony \u015brodowiska i\u00a0bezpiecze\u0144stwa operatora podczas pracy.\",\"breadcrumb\":{\"@id\":\"https:\/\/moldow.com\/pl\/linie-lakiernicze\/metal-powlekanie-na-mokro\/#breadcrumb\"},\"inLanguage\":\"pl-PL\",\"potentialAction\":[{\"@type\":\"ReadAction\",\"target\":[\"https:\/\/moldow.com\/pl\/linie-lakiernicze\/metal-powlekanie-na-mokro\/\"]}]},{\"@type\":\"BreadcrumbList\",\"@id\":\"https:\/\/moldow.com\/pl\/linie-lakiernicze\/metal-powlekanie-na-mokro\/#breadcrumb\",\"itemListElement\":[{\"@type\":\"ListItem\",\"position\":1,\"name\":\"Hjem\",\"item\":\"https:\/\/moldow.com\/pl\/\"},{\"@type\":\"ListItem\",\"position\":2,\"name\":\"Linie lakiernicze\",\"item\":\"https:\/\/moldow.com\/pl\/linie-lakiernicze\/\"},{\"@type\":\"ListItem\",\"position\":3,\"name\":\"METAL \u2013 POWLEKANIE NA MOKRO\"}]},{\"@type\":\"WebSite\",\"@id\":\"https:\/\/moldow.com\/#website\",\"url\":\"https:\/\/moldow.com\/\",\"name\":\"Moldow\",\"description\":\"Dust Extraction Systems and Painting Lines\",\"publisher\":{\"@id\":\"https:\/\/moldow.com\/#organization\"},\"potentialAction\":[{\"@type\":\"SearchAction\",\"target\":{\"@type\":\"EntryPoint\",\"urlTemplate\":\"https:\/\/moldow.com\/?s={search_term_string}\"},\"query-input\":{\"@type\":\"PropertyValueSpecification\",\"valueRequired\":true,\"valueName\":\"search_term_string\"}}],\"inLanguage\":\"pl-PL\"},{\"@type\":\"Organization\",\"@id\":\"https:\/\/moldow.com\/#organization\",\"name\":\"Moldow A\/S\",\"url\":\"https:\/\/moldow.com\/\",\"logo\":{\"@type\":\"ImageObject\",\"inLanguage\":\"pl-PL\",\"@id\":\"https:\/\/moldow.com\/#\/schema\/logo\/image\/\",\"url\":\"https:\/\/moldow.com\/wp-content\/uploads\/2017\/01\/Moldow-logo-web-ny.png\",\"contentUrl\":\"https:\/\/moldow.com\/wp-content\/uploads\/2017\/01\/Moldow-logo-web-ny.png\",\"width\":259,\"height\":38,\"caption\":\"Moldow A\/S\"},\"image\":{\"@id\":\"https:\/\/moldow.com\/#\/schema\/logo\/image\/\"}}]}<\/script>\n<!-- \/ Yoast SEO plugin. -->","yoast_head_json":{"title":"METAL \u2013 POWLEKANIE NA MOKRO | Moldow","description":"Posiadamy obszerne do\u015bwiadczenie w\u00a0obs\u0142udze proces\u00f3w powlekania na mokro i\u00a0gwarantujemy prawid\u0142owe rozprowadzenie farb na bazie rozpuszczalnika. Linie lakiernicze Moldow s\u0105 zawsze zgodne z\u00a0wymaganiami w\u00a0zakresie ochrony \u015brodowiska i\u00a0bezpiecze\u0144stwa operatora podczas pracy.","robots":{"index":"index","follow":"follow","max-snippet":"max-snippet:-1","max-image-preview":"max-image-preview:large","max-video-preview":"max-video-preview:-1"},"canonical":"https:\/\/moldow.com\/pl\/linie-lakiernicze\/metal-powlekanie-na-mokro\/","og_locale":"pl_PL","og_type":"article","og_title":"METAL \u2013 POWLEKANIE NA MOKRO | Moldow","og_description":"Posiadamy obszerne do\u015bwiadczenie w\u00a0obs\u0142udze proces\u00f3w powlekania na mokro i\u00a0gwarantujemy prawid\u0142owe rozprowadzenie farb na bazie rozpuszczalnika. Linie lakiernicze Moldow s\u0105 zawsze zgodne z\u00a0wymaganiami w\u00a0zakresie ochrony \u015brodowiska i\u00a0bezpiecze\u0144stwa operatora podczas pracy.","og_url":"https:\/\/moldow.com\/pl\/linie-lakiernicze\/metal-powlekanie-na-mokro\/","og_site_name":"Moldow","article_modified_time":"2022-08-08T07:04:14+00:00","twitter_card":"summary_large_image","twitter_misc":{"Szacowany czas czytania":"8 minutes"},"schema":{"@context":"https:\/\/schema.org","@graph":[{"@type":"WebPage","@id":"https:\/\/moldow.com\/pl\/linie-lakiernicze\/metal-powlekanie-na-mokro\/","url":"https:\/\/moldow.com\/pl\/linie-lakiernicze\/metal-powlekanie-na-mokro\/","name":"METAL \u2013 POWLEKANIE NA MOKRO | Moldow","isPartOf":{"@id":"https:\/\/moldow.com\/#website"},"datePublished":"2019-06-24T11:10:45+00:00","dateModified":"2022-08-08T07:04:14+00:00","description":"Posiadamy obszerne do\u015bwiadczenie w\u00a0obs\u0142udze proces\u00f3w powlekania na mokro i\u00a0gwarantujemy prawid\u0142owe rozprowadzenie farb na bazie rozpuszczalnika. Linie lakiernicze Moldow s\u0105 zawsze zgodne z\u00a0wymaganiami w\u00a0zakresie ochrony \u015brodowiska i\u00a0bezpiecze\u0144stwa operatora podczas pracy.","breadcrumb":{"@id":"https:\/\/moldow.com\/pl\/linie-lakiernicze\/metal-powlekanie-na-mokro\/#breadcrumb"},"inLanguage":"pl-PL","potentialAction":[{"@type":"ReadAction","target":["https:\/\/moldow.com\/pl\/linie-lakiernicze\/metal-powlekanie-na-mokro\/"]}]},{"@type":"BreadcrumbList","@id":"https:\/\/moldow.com\/pl\/linie-lakiernicze\/metal-powlekanie-na-mokro\/#breadcrumb","itemListElement":[{"@type":"ListItem","position":1,"name":"Hjem","item":"https:\/\/moldow.com\/pl\/"},{"@type":"ListItem","position":2,"name":"Linie lakiernicze","item":"https:\/\/moldow.com\/pl\/linie-lakiernicze\/"},{"@type":"ListItem","position":3,"name":"METAL \u2013 POWLEKANIE NA MOKRO"}]},{"@type":"WebSite","@id":"https:\/\/moldow.com\/#website","url":"https:\/\/moldow.com\/","name":"Moldow","description":"Dust Extraction Systems and Painting Lines","publisher":{"@id":"https:\/\/moldow.com\/#organization"},"potentialAction":[{"@type":"SearchAction","target":{"@type":"EntryPoint","urlTemplate":"https:\/\/moldow.com\/?s={search_term_string}"},"query-input":{"@type":"PropertyValueSpecification","valueRequired":true,"valueName":"search_term_string"}}],"inLanguage":"pl-PL"},{"@type":"Organization","@id":"https:\/\/moldow.com\/#organization","name":"Moldow A\/S","url":"https:\/\/moldow.com\/","logo":{"@type":"ImageObject","inLanguage":"pl-PL","@id":"https:\/\/moldow.com\/#\/schema\/logo\/image\/","url":"https:\/\/moldow.com\/wp-content\/uploads\/2017\/01\/Moldow-logo-web-ny.png","contentUrl":"https:\/\/moldow.com\/wp-content\/uploads\/2017\/01\/Moldow-logo-web-ny.png","width":259,"height":38,"caption":"Moldow A\/S"},"image":{"@id":"https:\/\/moldow.com\/#\/schema\/logo\/image\/"}}]}},"_links":{"self":[{"href":"https:\/\/moldow.com\/pl\/wp-json\/wp\/v2\/pages\/2959","targetHints":{"allow":["GET"]}}],"collection":[{"href":"https:\/\/moldow.com\/pl\/wp-json\/wp\/v2\/pages"}],"about":[{"href":"https:\/\/moldow.com\/pl\/wp-json\/wp\/v2\/types\/page"}],"author":[{"embeddable":true,"href":"https:\/\/moldow.com\/pl\/wp-json\/wp\/v2\/users\/1"}],"replies":[{"embeddable":true,"href":"https:\/\/moldow.com\/pl\/wp-json\/wp\/v2\/comments?post=2959"}],"version-history":[{"count":15,"href":"https:\/\/moldow.com\/pl\/wp-json\/wp\/v2\/pages\/2959\/revisions"}],"predecessor-version":[{"id":8122,"href":"https:\/\/moldow.com\/pl\/wp-json\/wp\/v2\/pages\/2959\/revisions\/8122"}],"up":[{"embeddable":true,"href":"https:\/\/moldow.com\/pl\/wp-json\/wp\/v2\/pages\/2933"}],"wp:attachment":[{"href":"https:\/\/moldow.com\/pl\/wp-json\/wp\/v2\/media?parent=2959"}],"curies":[{"name":"wp","href":"https:\/\/api.w.org\/{rel}","templated":true}]}}