{"id":12172,"date":"2025-11-04T13:32:36","date_gmt":"2025-11-04T13:32:36","guid":{"rendered":"https:\/\/moldow.com\/?page_id=12172"},"modified":"2025-11-04T13:32:36","modified_gmt":"2025-11-04T13:32:36","slug":"system-filtracji-dla-producenta-opakowan-kartonowych","status":"publish","type":"page","link":"https:\/\/moldow.com\/pl\/system-filtracji-dla-producenta-opakowan-kartonowych\/","title":{"rendered":"System filtracji dla producenta opakowa\u0144 kartonowych"},"content":{"rendered":"<p><div class=\"fusion-fullwidth fullwidth-box fusion-builder-row-1 fusion-flex-container has-pattern-background has-mask-background nonhundred-percent-fullwidth non-hundred-percent-height-scrolling\" style=\"--awb-border-radius-top-left:0px;--awb-border-radius-top-right:0px;--awb-border-radius-bottom-right:0px;--awb-border-radius-bottom-left:0px;--awb-margin-top:80px;--awb-background-color:var(--awb-color1);--awb-flex-wrap:wrap;\" ><div class=\"fusion-builder-row fusion-row fusion-flex-align-items-flex-start fusion-flex-content-wrap\" style=\"max-width:1144px;margin-left: calc(-4% \/ 2 );margin-right: calc(-4% \/ 2 );\"><div class=\"fusion-layout-column fusion_builder_column fusion-builder-column-0 fusion_builder_column_2_3 2_3 fusion-flex-column\" style=\"--awb-bg-size:cover;--awb-width-large:66.666666666667%;--awb-margin-top-large:0px;--awb-spacing-right-large:2.88%;--awb-margin-bottom-large:0px;--awb-spacing-left-large:2.88%;--awb-width-medium:100%;--awb-order-medium:0;--awb-spacing-right-medium:1.92%;--awb-spacing-left-medium:1.92%;--awb-width-small:100%;--awb-order-small:0;--awb-spacing-right-small:1.92%;--awb-spacing-left-small:1.92%;\"><div class=\"fusion-column-wrapper fusion-column-has-shadow fusion-flex-justify-content-flex-start fusion-content-layout-column\"><div class=\"fusion-title title fusion-title-1 sep-underline sep-solid fusion-title-text fusion-title-size-one\"><h1 class=\"fusion-title-heading title-heading-left\" style=\"margin:0;\">SYSTEM FILTRACJI DLA PRODUCENTA OPAKOWA\u0143 KARTONOWYCH<\/h1><\/div><div class=\"fusion-text fusion-text-1\"><p data-start=\"87\" data-end=\"228\"><strong>Moldow zaprojektowa\u0142, dostarczy\u0142 i uruchomi\u0142 nowy system odpylania i filtracji wiod\u0105cego producenta opakowa\u0144 kartonowych w Polsce.<\/strong><\/p>\n<p data-start=\"230\" data-end=\"413\">To ju\u017c druga udana wsp\u00f3\u0142praca Moldow z tym klientem, po wcze\u015bniejszej modernizacji systemu odpylania, w ramach kt\u00f3rej zast\u0105piono przestarza\u0142e i ma\u0142o wydajne rozwi\u0105zanie.<\/p>\n<p data-start=\"415\" data-end=\"671\">Zadowolony z wydajno\u015bci, niezawodno\u015bci i efektywno\u015bci energetycznej pierwszego systemu, klient ponownie wybra\u0142 Moldow, aby dostarczy\u0107 nowoczesne rozwi\u0105zanie odpylania do swojej nowej hali produkcyjnej \u2014 zapewniaj\u0105c czyste powietrze, efektywn\u0105 prac\u0119 i d\u0142ugoterminow\u0105 zr\u00f3wnowa\u017con\u0105 eksploatacj\u0119.<\/p>\n<p data-start=\"70\" data-end=\"132\"><strong>Indywidualnie dopasowany system filtracji do nowoczesnej produkcji kartonu<\/strong><\/p>\n<p data-start=\"134\" data-end=\"306\">Nowo zainstalowany system odpylania ma wydajno\u015b\u0107 5 000 m\u00b3\/h i zosta\u0142 zaprojektowany tak, aby spe\u0142nia\u0107 najwy\u017csze standardy bezpiecze\u0144stwa, wydajno\u015bci i efektywno\u015bci.<\/p>\n<p data-start=\"308\" data-end=\"340\"><strong>Kluczowe funkcje systemu:<\/strong><\/p>\n<ul>\n<li><a href=\"https:\/\/moldow.com\/pl\/systemy-odpylania\/produkty\/filtry-modulowe\/\">Filtr<\/a> workowy Moldow SB EX T \u2013 zapewnia skuteczne zbieranie py\u0142u i ochron\u0119 przed wybuchem.<\/li>\n<li>Rotacyjny zaw\u00f3r Moldow RS-7,5 EXL \u2013 umo\u017cliwia bezpieczne i efektywne opr\u00f3\u017cnianie zebranego materia\u0142u do big-bag\u00f3w.<\/li>\n<li>Wentylator odpylaj\u0105cy <a href=\"https:\/\/barkerbille.pl\/\">BarkerBille<\/a> by Moldow DST40 \u2013 wyposa\u017cony w falownik (VFD) i silnik IE4 dla optymalnej efektywno\u015bci energetycznej.<\/li>\n<li>Specjalnie zaprojektowane kana\u0142y \u2013 \u0142\u0105cz\u0105 wszystkie punkty odpylania z systemem filtr\u00f3w i wentylatora.<\/li>\n<li>Stalowa konstrukcja wsporcza \u2013 zapewnia ergonomiczne i bezpieczne nape\u0142nianie big-bag\u00f3w.<\/li>\n<li>W pe\u0142ni zintegrowany system sterowania \u2013 umo\u017cliwia \u0142atw\u0105 i intuicyjn\u0105 obs\u0142ug\u0119.<\/li>\n<li>System powietrza zwrotnego \u2013 wyposa\u017cony w klap\u0119 letni\u0105\/zimow\u0105 i klap\u0119 przeciwpo\u017carow\u0105 dla<\/li>\n<\/ul>\n<p><strong>Czystsze powietrze, lepsza wydajno\u015b\u0107 i zr\u00f3wnowa\u017cony rozw\u00f3j<\/strong><\/p>\n<p data-start=\"117\" data-end=\"318\">Nowy system odpylania i filtracji Moldow zapewnia niezawodne zbieranie py\u0142u na ca\u0142ej linii produkcji kartonu, poprawiaj\u0105c jako\u015b\u0107 powietrza i wspieraj\u0105c zdrowsze oraz bezpieczniejsze \u015brodowisko pracy.<\/p>\n<p data-start=\"320\" data-end=\"541\">Dzi\u0119ki energooszcz\u0119dnej technologii wentylator\u00f3w i zoptymalizowanemu przep\u0142ywowi powietrza system pomaga obni\u017cy\u0107 koszty eksploatacji, jednocze\u015bnie wspieraj\u0105c cele klienta w zakresie zr\u00f3wnowa\u017conej produkcji i wydajno\u015bci.<\/p>\n<p data-start=\"543\" data-end=\"735\" data-is-only-node=\"\">Minimalizuj\u0105c emisj\u0119 py\u0142u i poprawiaj\u0105c wydajno\u015b\u0107 filtracji, instalacja przyczynia si\u0119 do odpowiedzialno\u015bci ekologicznej \u2014 kluczowej warto\u015bci podzielanej zar\u00f3wno przez Moldow, jak i klienta.<\/p>\n<p><strong>In\u017cynieryjne rozwi\u0105zania odpylania dla przemys\u0142u kartonowego<\/strong><\/p>\n<p data-start=\"140\" data-end=\"314\">W Moldow specjalizujemy si\u0119 w projektowaniu i dostarczaniu system\u00f3w odpylania, dopasowanych do specyficznych potrzeb przemys\u0142\u00f3w takich jak produkcja opakowa\u0144 kartonowych, papieru i obr\u00f3bka drewna.<\/p>\n<p data-start=\"316\" data-end=\"345\">Nasze rozwi\u0105zania \u0142\u0105cz\u0105:<\/p>\n<ul>\n<li data-start=\"349\" data-end=\"374\">Zaawansowan\u0105 in\u017cynieri\u0119<\/li>\n<li data-start=\"349\" data-end=\"374\">Bezpieczn\u0105 eksploatacj\u0119<\/li>\n<li data-start=\"349\" data-end=\"374\">Efektywno\u015b\u0107 energetyczn\u0105<\/li>\n<li data-start=\"349\" data-end=\"374\">Trwa\u0142\u0105 wydajno\u015b\u0107<\/li>\n<li style=\"list-style-type: none;\"><\/li>\n<\/ul>\n<p data-start=\"441\" data-end=\"703\">Od koncepcji po uruchomienie Moldow dostarcza kompleksowe rozwi\u0105zania odpylania, kt\u00f3re pomagaj\u0105 producentom utrzyma\u0107 czystsze \u015brodowiska produkcyjne, ogranicza\u0107 emisje i optymalizowa\u0107 zu\u017cycie energii \u2014 przy jednoczesnym przestrzeganiu nowoczesnych standard\u00f3w bran\u017cowych.<\/p>\n<\/div><\/div><\/div><div class=\"fusion-layout-column fusion_builder_column fusion-builder-column-1 fusion_builder_column_1_3 1_3 fusion-flex-column\" style=\"--awb-bg-size:cover;--awb-width-large:33.333333333333%;--awb-margin-top-large:0px;--awb-spacing-right-large:5.76%;--awb-margin-bottom-large:0px;--awb-spacing-left-large:5.76%;--awb-width-medium:100%;--awb-order-medium:0;--awb-spacing-right-medium:1.92%;--awb-spacing-left-medium:1.92%;--awb-width-small:100%;--awb-order-small:0;--awb-spacing-right-small:1.92%;--awb-spacing-left-small:1.92%;\"><div class=\"fusion-column-wrapper fusion-column-has-shadow fusion-flex-justify-content-flex-start fusion-content-layout-column\"><div class=\"fusion-text fusion-text-2\"><p><img decoding=\"async\" class=\"alignnone size-full wp-image-12061\" src=\"https:\/\/moldow.com\/wp-content\/uploads\/2025\/10\/SB-EX-T-Cardboard-Filter.jpg\" alt=\"\" width=\"460\" height=\"600\" srcset=\"https:\/\/moldow.com\/wp-content\/uploads\/2025\/10\/SB-EX-T-Cardboard-Filter-200x261.jpg 200w, https:\/\/moldow.com\/wp-content\/uploads\/2025\/10\/SB-EX-T-Cardboard-Filter-230x300.jpg 230w, https:\/\/moldow.com\/wp-content\/uploads\/2025\/10\/SB-EX-T-Cardboard-Filter-400x522.jpg 400w, https:\/\/moldow.com\/wp-content\/uploads\/2025\/10\/SB-EX-T-Cardboard-Filter.jpg 460w\" sizes=\"(max-width: 460px) 100vw, 460px\" \/><\/p>\n<\/div>\n\n<div class=\"table-1\">\n<table width=\"100%\">\n<tbody>\n<tr>\n<td align=\"left\">Customer<\/td>\n<td align=\"left\">Cardboard Manufacturer<\/td>\n<\/tr>\n<\/tbody>\n<tbody>\n<tr>\n<td align=\"left\">Location<\/td>\n<td align=\"left\">Poland<\/td>\n<\/tr>\n<\/tbody>\n<tbody>\n<tr>\n<td align=\"left\">Waste Material<\/td>\n<td align=\"left\">Cardboard material and dust<\/td>\n<\/tr>\n<\/tbody>\n<tbody>\n<tr>\n<td align=\"left\">Filter<\/td>\n<td align=\"left\">1 x 030 SB-316 EX T<\/td>\n<\/tr>\n<\/tbody>\n<tbody>\n<tr>\n<td align=\"left\">Rotary Valve<\/td>\n<td align=\"left\">1 x RS-7,5 EXL<\/td>\n<\/tr>\n<\/tbody>\n<tbody>\n<tr>\n<td align=\"left\">Fans<\/td>\n<td align=\"left\">1 x DST40-200-7,5\/D<\/td>\n<\/tr>\n<\/tbody>\n<\/table>\n<\/div>\n<div class=\"fusion-text fusion-text-3\"><p><img decoding=\"async\" class=\"alignnone size-full wp-image-12064\" src=\"https:\/\/moldow.com\/wp-content\/uploads\/2025\/10\/SB-EX-T-Cardboard-Filter-2.jpg\" alt=\"\" width=\"460\" height=\"600\" srcset=\"https:\/\/moldow.com\/wp-content\/uploads\/2025\/10\/SB-EX-T-Cardboard-Filter-2-200x261.jpg 200w, https:\/\/moldow.com\/wp-content\/uploads\/2025\/10\/SB-EX-T-Cardboard-Filter-2-230x300.jpg 230w, https:\/\/moldow.com\/wp-content\/uploads\/2025\/10\/SB-EX-T-Cardboard-Filter-2-400x522.jpg 400w, https:\/\/moldow.com\/wp-content\/uploads\/2025\/10\/SB-EX-T-Cardboard-Filter-2.jpg 460w\" sizes=\"(max-width: 460px) 100vw, 460px\" \/><\/p>\n<\/div><\/div><\/div><\/div><\/div><div class=\"fusion-fullwidth fullwidth-box fusion-builder-row-2 fusion-flex-container nonhundred-percent-fullwidth non-hundred-percent-height-scrolling\" style=\"--awb-border-radius-top-left:0px;--awb-border-radius-top-right:0px;--awb-border-radius-bottom-right:0px;--awb-border-radius-bottom-left:0px;--awb-flex-wrap:wrap;\" ><div class=\"fusion-builder-row fusion-row fusion-flex-align-items-flex-start fusion-flex-content-wrap\" style=\"max-width:1144px;margin-left: calc(-4% \/ 2 );margin-right: calc(-4% \/ 2 );\"><div class=\"fusion-layout-column fusion_builder_column fusion-builder-column-2 fusion_builder_column_1_1 1_1 fusion-flex-column\" style=\"--awb-bg-size:cover;--awb-width-large:100%;--awb-margin-top-large:0px;--awb-spacing-right-large:1.92%;--awb-margin-bottom-large:0px;--awb-spacing-left-large:1.92%;--awb-width-medium:100%;--awb-spacing-right-medium:1.92%;--awb-spacing-left-medium:1.92%;--awb-width-small:100%;--awb-spacing-right-small:1.92%;--awb-spacing-left-small:1.92%;\"><div class=\"fusion-column-wrapper fusion-flex-justify-content-flex-start fusion-content-layout-column\"><div class=\"fusion-text fusion-text-4\"><div class=\"fusion-fullwidth fullwidth-box fusion-builder-row-2-1 fusion-flex-container has-pattern-background has-mask-background nonhundred-percent-fullwidth non-hundred-percent-height-scrolling\" style=\"--awb-border-radius-top-left:0px;--awb-border-radius-top-right:0px;--awb-border-radius-bottom-right:0px;--awb-border-radius-bottom-left:0px;--awb-flex-wrap:wrap;\" ><div class=\"fusion-builder-row fusion-row fusion-flex-align-items-flex-start fusion-flex-content-wrap\" style=\"width:104% !important;max-width:104% !important;margin-left: calc(-4% \/ 2 );margin-right: calc(-4% \/ 2 );\"><div class=\"fusion-layout-column fusion_builder_column fusion-builder-column-3 fusion_builder_column_1_1 1_1 fusion-flex-column fusion-animated\" style=\"--awb-bg-size:cover;--awb-width-large:100%;--awb-margin-top-large:20px;--awb-spacing-right-large:1.92%;--awb-margin-bottom-large:20px;--awb-spacing-left-large:1.92%;--awb-width-medium:100%;--awb-order-medium:0;--awb-spacing-right-medium:1.92%;--awb-spacing-left-medium:1.92%;--awb-width-small:100%;--awb-order-small:0;--awb-spacing-right-small:1.92%;--awb-spacing-left-small:1.92%;\" data-animationType=\"slideInLeft\" data-animationDuration=\"1.5\" data-animationOffset=\"top-mid-of-view\"><div class=\"fusion-column-wrapper fusion-column-has-shadow fusion-flex-justify-content-flex-start fusion-content-layout-column\"><div class=\"fusion-content-boxes content-boxes columns row fusion-columns-3 fusion-columns-total-3 fusion-content-boxes-1 content-boxes-icon-on-top content-left\" style=\"--awb-hover-accent-color:#dc0814;--awb-circle-hover-accent-color:transparent;\" data-animationOffset=\"top-mid-of-view\"><div style=\"--awb-backgroundcolor:#ffffff;\" class=\"fusion-column content-box-column content-box-column content-box-column-1 col-lg-4 col-md-4 col-sm-4 fusion-content-box-hover content-box-column-first-in-row\"><div class=\"col content-box-wrapper content-wrapper-background link-area-box link-type-text icon-hover-animation-fade\" data-link=\"https:\/\/moldow.com\/dust-extraction-system\/\" data-link-target=\"_self\" data-animationOffset=\"top-mid-of-view\"><div class=\"heading heading-with-icon icon-left\"><a class=\"heading-link\" href=\"https:\/\/moldow.com\/dust-extraction-system\/\" target=\"_self\"><div class=\"icon\"><i style=\"background-color:transparent;border-color:transparent;height:auto;width: 60px;line-height:normal;font-size:60px;\" aria-hidden=\"true\" class=\"fontawesome-icon fa-search fas circle-no\"><\/i><\/div><h2 class=\"content-box-heading\" style=\"--h2_typography-font-size:22px;line-height:27px;\">NEED MORE INFO?<\/h2><\/a><\/div><div class=\"fusion-clearfix\"><\/div><div class=\"content-container\">\n<p>See more about our dust extraction systems and offered solutions.<\/p>\n<\/div><\/div><\/div><div style=\"--awb-backgroundcolor:#ffffff;\" class=\"fusion-column content-box-column content-box-column content-box-column-2 col-lg-4 col-md-4 col-sm-4 fusion-content-box-hover \"><div class=\"col content-box-wrapper content-wrapper-background link-area-box link-type-text icon-hover-animation-fade\" data-link=\"https:\/\/moldow.com\/contact\/employees\/\" data-link-target=\"_self\" data-animationOffset=\"top-mid-of-view\"><div class=\"heading heading-with-icon icon-left\"><a class=\"heading-link\" href=\"https:\/\/moldow.com\/contact\/employees\/\" target=\"_self\"><div class=\"icon\"><i style=\"background-color:transparent;border-color:transparent;height:auto;width: 60px;line-height:normal;font-size:60px;\" aria-hidden=\"true\" class=\"fontawesome-icon fa-envelope far circle-no\"><\/i><\/div><h2 class=\"content-box-heading\" style=\"--h2_typography-font-size:22px;line-height:27px;\">WANT TO GET IN TOUCH?<\/h2><\/a><\/div><div class=\"fusion-clearfix\"><\/div><div class=\"content-container\">\n<p>Fill out our contact form or send an email, and we\u2019ll be happy to assist you.<\/p>\n<\/div><\/div><\/div><div style=\"--awb-backgroundcolor:#ffffff;\" class=\"fusion-column content-box-column content-box-column content-box-column-3 col-lg-4 col-md-4 col-sm-4 fusion-content-box-hover content-box-column-last content-box-column-last-in-row\"><div class=\"col content-box-wrapper content-wrapper-background link-area-box link-type-text icon-hover-animation-fade\" data-link=\"https:\/\/moldow.com\/dust-extraction-system\/filter-cases\/\" data-link-target=\"_self\" data-animationOffset=\"top-mid-of-view\"><div class=\"heading heading-with-icon icon-left\"><a class=\"heading-link\" href=\"https:\/\/moldow.com\/dust-extraction-system\/filter-cases\/\" target=\"_self\"><div class=\"icon\"><i style=\"background-color:transparent;border-color:transparent;height:auto;width: 60px;line-height:normal;font-size:60px;\" aria-hidden=\"true\" class=\"fontawesome-icon fa-image fas circle-no\"><\/i><\/div><h2 class=\"content-box-heading\" style=\"--h2_typography-font-size:22px;line-height:27px;\">SEE SUPPLIED PROJECTS?<\/h2><\/a><\/div><div class=\"fusion-clearfix\"><\/div><div class=\"content-container\">\n<p>Click here to see some previously installed dust extraction systems.<\/p>\n<\/div><\/div><\/div><div class=\"fusion-clearfix\"><\/div><\/div><\/div><\/div><\/div><\/div>\n\n<\/div><\/div><\/div><\/div><\/div><\/p>\n","protected":false},"excerpt":{"rendered":"","protected":false},"author":25,"featured_media":0,"parent":0,"menu_order":0,"comment_status":"closed","ping_status":"closed","template":"100-width.php","meta":{"_acf_changed":false,"footnotes":""},"class_list":["post-12172","page","type-page","status-publish","hentry"],"acf":[],"yoast_head":"<!-- This site is optimized with the Yoast SEO plugin v24.8 - https:\/\/yoast.com\/wordpress\/plugins\/seo\/ -->\n<title>System filtracji dla producenta opakowa\u0144 kartonowych | Moldow<\/title>\n<meta name=\"description\" content=\"Moldow dostarczy\u0142 indywidualnie dopasowany system odpylania i filtracji dla wiod\u0105cego producenta opakowa\u0144 kartonowych, zapewniaj\u0105cy czystsze powietrze, energooszcz\u0119dn\u0105 prac\u0119 i zr\u00f3wnowa\u017con\u0105 produkcj\u0119.\" \/>\n<meta name=\"robots\" content=\"index, follow, max-snippet:-1, max-image-preview:large, max-video-preview:-1\" \/>\n<link rel=\"canonical\" href=\"https:\/\/moldow.com\/pl\/system-filtracji-dla-producenta-opakowan-kartonowych\/\" \/>\n<meta property=\"og:locale\" content=\"pl_PL\" \/>\n<meta property=\"og:type\" content=\"article\" \/>\n<meta property=\"og:title\" content=\"System filtracji dla producenta opakowa\u0144 kartonowych | Moldow\" \/>\n<meta property=\"og:description\" content=\"Moldow dostarczy\u0142 indywidualnie dopasowany system odpylania i filtracji dla wiod\u0105cego producenta opakowa\u0144 kartonowych, zapewniaj\u0105cy czystsze powietrze, energooszcz\u0119dn\u0105 prac\u0119 i zr\u00f3wnowa\u017con\u0105 produkcj\u0119.\" \/>\n<meta property=\"og:url\" content=\"https:\/\/moldow.com\/pl\/system-filtracji-dla-producenta-opakowan-kartonowych\/\" \/>\n<meta property=\"og:site_name\" content=\"Moldow\" \/>\n<meta property=\"og:image\" content=\"https:\/\/moldow.com\/wp-content\/uploads\/2025\/10\/SB-EX-T-Cardboard-Filter.jpg\" \/>\n\t<meta property=\"og:image:width\" content=\"460\" \/>\n\t<meta property=\"og:image:height\" content=\"600\" \/>\n\t<meta property=\"og:image:type\" content=\"image\/jpeg\" \/>\n<meta name=\"twitter:card\" content=\"summary_large_image\" \/>\n<script type=\"application\/ld+json\" class=\"yoast-schema-graph\">{\"@context\":\"https:\/\/schema.org\",\"@graph\":[{\"@type\":\"WebPage\",\"@id\":\"https:\/\/moldow.com\/pl\/system-filtracji-dla-producenta-opakowan-kartonowych\/\",\"url\":\"https:\/\/moldow.com\/pl\/system-filtracji-dla-producenta-opakowan-kartonowych\/\",\"name\":\"System filtracji dla producenta opakowa\u0144 kartonowych | Moldow\",\"isPartOf\":{\"@id\":\"https:\/\/moldow.com\/#website\"},\"primaryImageOfPage\":{\"@id\":\"https:\/\/moldow.com\/pl\/system-filtracji-dla-producenta-opakowan-kartonowych\/#primaryimage\"},\"image\":{\"@id\":\"https:\/\/moldow.com\/pl\/system-filtracji-dla-producenta-opakowan-kartonowych\/#primaryimage\"},\"thumbnailUrl\":\"https:\/\/moldow.com\/wp-content\/uploads\/2025\/10\/SB-EX-T-Cardboard-Filter.jpg\",\"datePublished\":\"2025-11-04T13:32:36+00:00\",\"description\":\"Moldow dostarczy\u0142 indywidualnie dopasowany system odpylania i filtracji dla wiod\u0105cego producenta opakowa\u0144 kartonowych, zapewniaj\u0105cy czystsze powietrze, energooszcz\u0119dn\u0105 prac\u0119 i zr\u00f3wnowa\u017con\u0105 produkcj\u0119.\",\"breadcrumb\":{\"@id\":\"https:\/\/moldow.com\/pl\/system-filtracji-dla-producenta-opakowan-kartonowych\/#breadcrumb\"},\"inLanguage\":\"pl-PL\",\"potentialAction\":[{\"@type\":\"ReadAction\",\"target\":[\"https:\/\/moldow.com\/pl\/system-filtracji-dla-producenta-opakowan-kartonowych\/\"]}]},{\"@type\":\"ImageObject\",\"inLanguage\":\"pl-PL\",\"@id\":\"https:\/\/moldow.com\/pl\/system-filtracji-dla-producenta-opakowan-kartonowych\/#primaryimage\",\"url\":\"https:\/\/moldow.com\/wp-content\/uploads\/2025\/10\/SB-EX-T-Cardboard-Filter.jpg\",\"contentUrl\":\"https:\/\/moldow.com\/wp-content\/uploads\/2025\/10\/SB-EX-T-Cardboard-Filter.jpg\"},{\"@type\":\"BreadcrumbList\",\"@id\":\"https:\/\/moldow.com\/pl\/system-filtracji-dla-producenta-opakowan-kartonowych\/#breadcrumb\",\"itemListElement\":[{\"@type\":\"ListItem\",\"position\":1,\"name\":\"Hjem\",\"item\":\"https:\/\/moldow.com\/pl\/\"},{\"@type\":\"ListItem\",\"position\":2,\"name\":\"System filtracji dla producenta opakowa\u0144 kartonowych\"}]},{\"@type\":\"WebSite\",\"@id\":\"https:\/\/moldow.com\/#website\",\"url\":\"https:\/\/moldow.com\/\",\"name\":\"Moldow\",\"description\":\"Dust Extraction Systems and Painting Lines\",\"publisher\":{\"@id\":\"https:\/\/moldow.com\/#organization\"},\"potentialAction\":[{\"@type\":\"SearchAction\",\"target\":{\"@type\":\"EntryPoint\",\"urlTemplate\":\"https:\/\/moldow.com\/?s={search_term_string}\"},\"query-input\":{\"@type\":\"PropertyValueSpecification\",\"valueRequired\":true,\"valueName\":\"search_term_string\"}}],\"inLanguage\":\"pl-PL\"},{\"@type\":\"Organization\",\"@id\":\"https:\/\/moldow.com\/#organization\",\"name\":\"Moldow A\/S\",\"url\":\"https:\/\/moldow.com\/\",\"logo\":{\"@type\":\"ImageObject\",\"inLanguage\":\"pl-PL\",\"@id\":\"https:\/\/moldow.com\/#\/schema\/logo\/image\/\",\"url\":\"https:\/\/moldow.com\/wp-content\/uploads\/2017\/01\/Moldow-logo-web-ny.png\",\"contentUrl\":\"https:\/\/moldow.com\/wp-content\/uploads\/2017\/01\/Moldow-logo-web-ny.png\",\"width\":259,\"height\":38,\"caption\":\"Moldow A\/S\"},\"image\":{\"@id\":\"https:\/\/moldow.com\/#\/schema\/logo\/image\/\"}}]}<\/script>\n<!-- \/ Yoast SEO plugin. -->","yoast_head_json":{"title":"System filtracji dla producenta opakowa\u0144 kartonowych | Moldow","description":"Moldow dostarczy\u0142 indywidualnie dopasowany system odpylania i filtracji dla wiod\u0105cego producenta opakowa\u0144 kartonowych, zapewniaj\u0105cy czystsze powietrze, energooszcz\u0119dn\u0105 prac\u0119 i zr\u00f3wnowa\u017con\u0105 produkcj\u0119.","robots":{"index":"index","follow":"follow","max-snippet":"max-snippet:-1","max-image-preview":"max-image-preview:large","max-video-preview":"max-video-preview:-1"},"canonical":"https:\/\/moldow.com\/pl\/system-filtracji-dla-producenta-opakowan-kartonowych\/","og_locale":"pl_PL","og_type":"article","og_title":"System filtracji dla producenta opakowa\u0144 kartonowych | Moldow","og_description":"Moldow dostarczy\u0142 indywidualnie dopasowany system odpylania i filtracji dla wiod\u0105cego producenta opakowa\u0144 kartonowych, zapewniaj\u0105cy czystsze powietrze, energooszcz\u0119dn\u0105 prac\u0119 i zr\u00f3wnowa\u017con\u0105 produkcj\u0119.","og_url":"https:\/\/moldow.com\/pl\/system-filtracji-dla-producenta-opakowan-kartonowych\/","og_site_name":"Moldow","og_image":[{"width":460,"height":600,"url":"https:\/\/moldow.com\/wp-content\/uploads\/2025\/10\/SB-EX-T-Cardboard-Filter.jpg","type":"image\/jpeg"}],"twitter_card":"summary_large_image","schema":{"@context":"https:\/\/schema.org","@graph":[{"@type":"WebPage","@id":"https:\/\/moldow.com\/pl\/system-filtracji-dla-producenta-opakowan-kartonowych\/","url":"https:\/\/moldow.com\/pl\/system-filtracji-dla-producenta-opakowan-kartonowych\/","name":"System filtracji dla producenta opakowa\u0144 kartonowych | Moldow","isPartOf":{"@id":"https:\/\/moldow.com\/#website"},"primaryImageOfPage":{"@id":"https:\/\/moldow.com\/pl\/system-filtracji-dla-producenta-opakowan-kartonowych\/#primaryimage"},"image":{"@id":"https:\/\/moldow.com\/pl\/system-filtracji-dla-producenta-opakowan-kartonowych\/#primaryimage"},"thumbnailUrl":"https:\/\/moldow.com\/wp-content\/uploads\/2025\/10\/SB-EX-T-Cardboard-Filter.jpg","datePublished":"2025-11-04T13:32:36+00:00","description":"Moldow dostarczy\u0142 indywidualnie dopasowany system odpylania i filtracji dla wiod\u0105cego producenta opakowa\u0144 kartonowych, zapewniaj\u0105cy czystsze powietrze, energooszcz\u0119dn\u0105 prac\u0119 i zr\u00f3wnowa\u017con\u0105 produkcj\u0119.","breadcrumb":{"@id":"https:\/\/moldow.com\/pl\/system-filtracji-dla-producenta-opakowan-kartonowych\/#breadcrumb"},"inLanguage":"pl-PL","potentialAction":[{"@type":"ReadAction","target":["https:\/\/moldow.com\/pl\/system-filtracji-dla-producenta-opakowan-kartonowych\/"]}]},{"@type":"ImageObject","inLanguage":"pl-PL","@id":"https:\/\/moldow.com\/pl\/system-filtracji-dla-producenta-opakowan-kartonowych\/#primaryimage","url":"https:\/\/moldow.com\/wp-content\/uploads\/2025\/10\/SB-EX-T-Cardboard-Filter.jpg","contentUrl":"https:\/\/moldow.com\/wp-content\/uploads\/2025\/10\/SB-EX-T-Cardboard-Filter.jpg"},{"@type":"BreadcrumbList","@id":"https:\/\/moldow.com\/pl\/system-filtracji-dla-producenta-opakowan-kartonowych\/#breadcrumb","itemListElement":[{"@type":"ListItem","position":1,"name":"Hjem","item":"https:\/\/moldow.com\/pl\/"},{"@type":"ListItem","position":2,"name":"System filtracji dla producenta opakowa\u0144 kartonowych"}]},{"@type":"WebSite","@id":"https:\/\/moldow.com\/#website","url":"https:\/\/moldow.com\/","name":"Moldow","description":"Dust Extraction Systems and Painting Lines","publisher":{"@id":"https:\/\/moldow.com\/#organization"},"potentialAction":[{"@type":"SearchAction","target":{"@type":"EntryPoint","urlTemplate":"https:\/\/moldow.com\/?s={search_term_string}"},"query-input":{"@type":"PropertyValueSpecification","valueRequired":true,"valueName":"search_term_string"}}],"inLanguage":"pl-PL"},{"@type":"Organization","@id":"https:\/\/moldow.com\/#organization","name":"Moldow A\/S","url":"https:\/\/moldow.com\/","logo":{"@type":"ImageObject","inLanguage":"pl-PL","@id":"https:\/\/moldow.com\/#\/schema\/logo\/image\/","url":"https:\/\/moldow.com\/wp-content\/uploads\/2017\/01\/Moldow-logo-web-ny.png","contentUrl":"https:\/\/moldow.com\/wp-content\/uploads\/2017\/01\/Moldow-logo-web-ny.png","width":259,"height":38,"caption":"Moldow A\/S"},"image":{"@id":"https:\/\/moldow.com\/#\/schema\/logo\/image\/"}}]}},"_links":{"self":[{"href":"https:\/\/moldow.com\/pl\/wp-json\/wp\/v2\/pages\/12172","targetHints":{"allow":["GET"]}}],"collection":[{"href":"https:\/\/moldow.com\/pl\/wp-json\/wp\/v2\/pages"}],"about":[{"href":"https:\/\/moldow.com\/pl\/wp-json\/wp\/v2\/types\/page"}],"author":[{"embeddable":true,"href":"https:\/\/moldow.com\/pl\/wp-json\/wp\/v2\/users\/25"}],"replies":[{"embeddable":true,"href":"https:\/\/moldow.com\/pl\/wp-json\/wp\/v2\/comments?post=12172"}],"version-history":[{"count":3,"href":"https:\/\/moldow.com\/pl\/wp-json\/wp\/v2\/pages\/12172\/revisions"}],"predecessor-version":[{"id":12175,"href":"https:\/\/moldow.com\/pl\/wp-json\/wp\/v2\/pages\/12172\/revisions\/12175"}],"wp:attachment":[{"href":"https:\/\/moldow.com\/pl\/wp-json\/wp\/v2\/media?parent=12172"}],"curies":[{"name":"wp","href":"https:\/\/api.w.org\/{rel}","templated":true}]}}