{"id":10307,"date":"2023-07-03T08:21:53","date_gmt":"2023-07-03T08:21:53","guid":{"rendered":"https:\/\/moldow.com\/?page_id=10307"},"modified":"2025-03-06T12:30:57","modified_gmt":"2025-03-06T12:30:57","slug":"produkty","status":"publish","type":"page","link":"https:\/\/moldow.com\/pl\/systemy-odpylania\/produkty\/","title":{"rendered":"Produkty"},"content":{"rendered":"<div class=\"fusion-fullwidth fullwidth-box fusion-builder-row-1 nonhundred-percent-fullwidth non-hundred-percent-height-scrolling\" style=\"--awb-border-radius-top-left:0px;--awb-border-radius-top-right:0px;--awb-border-radius-bottom-right:0px;--awb-border-radius-bottom-left:0px;--awb-padding-top:20px;--awb-margin-top:90px;--awb-margin-bottom:0px;--awb-background-color:#ffffff;--awb-flex-wrap:wrap;\" ><div class=\"fusion-builder-row fusion-row\"><div class=\"fusion-layout-column fusion_builder_column fusion-builder-column-0 fusion_builder_column_2_3 2_3 fusion-two-third fusion-column-first\" style=\"--awb-bg-size:cover;width:66.666666666667%;width:calc(66.666666666667% - ( ( 4% ) * 0.66666666666667 ) );margin-right: 4%;\"><div class=\"fusion-column-wrapper fusion-flex-column-wrapper-legacy\"><div class=\"fusion-column-content-centered\"><div class=\"fusion-column-content\"><div class=\"fusion-title title fusion-title-1 sep-underline sep-solid fusion-title-text fusion-title-size-one\"><h1 class=\"fusion-title-heading title-heading-left\" style=\"margin:0;\">PRODUKTY DO SYSTEM\u00d3W ODPYLANIA<\/h1><\/div><div class=\"fusion-text fusion-text-1\" style=\"--awb-text-transform:none;\"><h3>Filtry wysokiej jako\u015bci i inne produkty filtruj\u0105ce do niezawodnych system\u00f3w<\/h3>\n<p>Opr\u00f3cz naszej szerokiej gamy filtr\u00f3w, w tym <a href=\"https:\/\/moldow.com\/pl\/systemy-odpylania\/produkty\/filtry-modulowe\/\">naszych filtr\u00f3w MHL, SB i MX<\/a>, produkujemy szerok\u0105 gam\u0119 innych produkt\u00f3w filtracyjnych niezb\u0119dnych do projektowania system\u00f3w odpylania, kt\u00f3re s\u0105 jak najbardziej wydajne energetycznie i niezawodne.<\/p>\n<p>Nasz asortyment obejmuje system i koncepcje oszcz\u0119dzania energii, ENSACO, kt\u00f3ry kontroluje przep\u0142yw powietrza, a tym samym minimalizuje zu\u017cycie energii, przeno\u015bnik \u0142a\u0144cuchowy, kt\u00f3ry jest najbardziej energooszcz\u0119dnym systemem transportowym, wentylatory przemys\u0142owe o najwy\u017cszej wydajno\u015bci na rynku, cyklony, zawory obrotowe i nasz\u00a0System Transflow.<\/p>\n<\/div><\/div><\/div><div class=\"fusion-clearfix\"><\/div><\/div><\/div><div class=\"fusion-layout-column fusion_builder_column fusion-builder-column-1 fusion_builder_column_1_3 1_3 fusion-one-third fusion-column-last\" style=\"--awb-bg-size:cover;width:33.333333333333%;width:calc(33.333333333333% - ( ( 4% ) * 0.33333333333333 ) );\"><div class=\"fusion-column-wrapper fusion-column-has-shadow fusion-flex-column-wrapper-legacy\"><div class=\"fusion-title title fusion-title-2 sep-underline sep-solid fusion-title-text fusion-title-size-six\"><h6 class=\"fusion-title-heading title-heading-left\" style=\"margin:0;\">FORMULARZ KONTAKTOWY<\/h6><\/div><script src='https:\/\/superoffice.moldow.com\/Service\/scripts\/customer.fcgi?action=form&id=F-EGeWWQOR' defer><\/script><div class=\"fusion-clearfix\"><\/div><\/div><\/div><\/div><\/div>\n","protected":false},"excerpt":{"rendered":"","protected":false},"author":1,"featured_media":0,"parent":10210,"menu_order":0,"comment_status":"closed","ping_status":"closed","template":"100-width.php","meta":{"_acf_changed":false,"footnotes":""},"class_list":["post-10307","page","type-page","status-publish","hentry"],"acf":[],"yoast_head":"<!-- This site is optimized with the Yoast SEO plugin v24.8 - https:\/\/yoast.com\/wordpress\/plugins\/seo\/ -->\n<title>Produkty | Moldow<\/title>\n<meta name=\"robots\" content=\"index, follow, max-snippet:-1, max-image-preview:large, max-video-preview:-1\" \/>\n<link rel=\"canonical\" href=\"https:\/\/moldow.com\/pl\/systemy-odpylania\/produkty\/\" \/>\n<meta property=\"og:locale\" content=\"pl_PL\" \/>\n<meta property=\"og:type\" content=\"article\" \/>\n<meta property=\"og:title\" content=\"Produkty | Moldow\" \/>\n<meta property=\"og:url\" content=\"https:\/\/moldow.com\/pl\/systemy-odpylania\/produkty\/\" \/>\n<meta property=\"og:site_name\" content=\"Moldow\" \/>\n<meta property=\"article:modified_time\" content=\"2025-03-06T12:30:57+00:00\" \/>\n<meta name=\"twitter:card\" content=\"summary_large_image\" \/>\n<meta name=\"twitter:label1\" content=\"Szacowany czas czytania\" \/>\n\t<meta name=\"twitter:data1\" content=\"3 minutes\" \/>\n<script type=\"application\/ld+json\" class=\"yoast-schema-graph\">{\"@context\":\"https:\/\/schema.org\",\"@graph\":[{\"@type\":\"WebPage\",\"@id\":\"https:\/\/moldow.com\/pl\/systemy-odpylania\/produkty\/\",\"url\":\"https:\/\/moldow.com\/pl\/systemy-odpylania\/produkty\/\",\"name\":\"Produkty | Moldow\",\"isPartOf\":{\"@id\":\"https:\/\/moldow.com\/#website\"},\"datePublished\":\"2023-07-03T08:21:53+00:00\",\"dateModified\":\"2025-03-06T12:30:57+00:00\",\"breadcrumb\":{\"@id\":\"https:\/\/moldow.com\/pl\/systemy-odpylania\/produkty\/#breadcrumb\"},\"inLanguage\":\"pl-PL\",\"potentialAction\":[{\"@type\":\"ReadAction\",\"target\":[\"https:\/\/moldow.com\/pl\/systemy-odpylania\/produkty\/\"]}]},{\"@type\":\"BreadcrumbList\",\"@id\":\"https:\/\/moldow.com\/pl\/systemy-odpylania\/produkty\/#breadcrumb\",\"itemListElement\":[{\"@type\":\"ListItem\",\"position\":1,\"name\":\"Hjem\",\"item\":\"https:\/\/moldow.com\/pl\/\"},{\"@type\":\"ListItem\",\"position\":2,\"name\":\"Systemy Odpylania\",\"item\":\"https:\/\/moldow.com\/pl\/systemy-odpylania\/\"},{\"@type\":\"ListItem\",\"position\":3,\"name\":\"Produkty\"}]},{\"@type\":\"WebSite\",\"@id\":\"https:\/\/moldow.com\/#website\",\"url\":\"https:\/\/moldow.com\/\",\"name\":\"Moldow\",\"description\":\"Dust Extraction Systems and Painting Lines\",\"publisher\":{\"@id\":\"https:\/\/moldow.com\/#organization\"},\"potentialAction\":[{\"@type\":\"SearchAction\",\"target\":{\"@type\":\"EntryPoint\",\"urlTemplate\":\"https:\/\/moldow.com\/?s={search_term_string}\"},\"query-input\":{\"@type\":\"PropertyValueSpecification\",\"valueRequired\":true,\"valueName\":\"search_term_string\"}}],\"inLanguage\":\"pl-PL\"},{\"@type\":\"Organization\",\"@id\":\"https:\/\/moldow.com\/#organization\",\"name\":\"Moldow A\/S\",\"url\":\"https:\/\/moldow.com\/\",\"logo\":{\"@type\":\"ImageObject\",\"inLanguage\":\"pl-PL\",\"@id\":\"https:\/\/moldow.com\/#\/schema\/logo\/image\/\",\"url\":\"https:\/\/moldow.com\/wp-content\/uploads\/2017\/01\/Moldow-logo-web-ny.png\",\"contentUrl\":\"https:\/\/moldow.com\/wp-content\/uploads\/2017\/01\/Moldow-logo-web-ny.png\",\"width\":259,\"height\":38,\"caption\":\"Moldow A\/S\"},\"image\":{\"@id\":\"https:\/\/moldow.com\/#\/schema\/logo\/image\/\"}}]}<\/script>\n<!-- \/ Yoast SEO plugin. -->","yoast_head_json":{"title":"Produkty | Moldow","robots":{"index":"index","follow":"follow","max-snippet":"max-snippet:-1","max-image-preview":"max-image-preview:large","max-video-preview":"max-video-preview:-1"},"canonical":"https:\/\/moldow.com\/pl\/systemy-odpylania\/produkty\/","og_locale":"pl_PL","og_type":"article","og_title":"Produkty | Moldow","og_url":"https:\/\/moldow.com\/pl\/systemy-odpylania\/produkty\/","og_site_name":"Moldow","article_modified_time":"2025-03-06T12:30:57+00:00","twitter_card":"summary_large_image","twitter_misc":{"Szacowany czas czytania":"3 minutes"},"schema":{"@context":"https:\/\/schema.org","@graph":[{"@type":"WebPage","@id":"https:\/\/moldow.com\/pl\/systemy-odpylania\/produkty\/","url":"https:\/\/moldow.com\/pl\/systemy-odpylania\/produkty\/","name":"Produkty | Moldow","isPartOf":{"@id":"https:\/\/moldow.com\/#website"},"datePublished":"2023-07-03T08:21:53+00:00","dateModified":"2025-03-06T12:30:57+00:00","breadcrumb":{"@id":"https:\/\/moldow.com\/pl\/systemy-odpylania\/produkty\/#breadcrumb"},"inLanguage":"pl-PL","potentialAction":[{"@type":"ReadAction","target":["https:\/\/moldow.com\/pl\/systemy-odpylania\/produkty\/"]}]},{"@type":"BreadcrumbList","@id":"https:\/\/moldow.com\/pl\/systemy-odpylania\/produkty\/#breadcrumb","itemListElement":[{"@type":"ListItem","position":1,"name":"Hjem","item":"https:\/\/moldow.com\/pl\/"},{"@type":"ListItem","position":2,"name":"Systemy Odpylania","item":"https:\/\/moldow.com\/pl\/systemy-odpylania\/"},{"@type":"ListItem","position":3,"name":"Produkty"}]},{"@type":"WebSite","@id":"https:\/\/moldow.com\/#website","url":"https:\/\/moldow.com\/","name":"Moldow","description":"Dust Extraction Systems and Painting Lines","publisher":{"@id":"https:\/\/moldow.com\/#organization"},"potentialAction":[{"@type":"SearchAction","target":{"@type":"EntryPoint","urlTemplate":"https:\/\/moldow.com\/?s={search_term_string}"},"query-input":{"@type":"PropertyValueSpecification","valueRequired":true,"valueName":"search_term_string"}}],"inLanguage":"pl-PL"},{"@type":"Organization","@id":"https:\/\/moldow.com\/#organization","name":"Moldow A\/S","url":"https:\/\/moldow.com\/","logo":{"@type":"ImageObject","inLanguage":"pl-PL","@id":"https:\/\/moldow.com\/#\/schema\/logo\/image\/","url":"https:\/\/moldow.com\/wp-content\/uploads\/2017\/01\/Moldow-logo-web-ny.png","contentUrl":"https:\/\/moldow.com\/wp-content\/uploads\/2017\/01\/Moldow-logo-web-ny.png","width":259,"height":38,"caption":"Moldow A\/S"},"image":{"@id":"https:\/\/moldow.com\/#\/schema\/logo\/image\/"}}]}},"_links":{"self":[{"href":"https:\/\/moldow.com\/pl\/wp-json\/wp\/v2\/pages\/10307","targetHints":{"allow":["GET"]}}],"collection":[{"href":"https:\/\/moldow.com\/pl\/wp-json\/wp\/v2\/pages"}],"about":[{"href":"https:\/\/moldow.com\/pl\/wp-json\/wp\/v2\/types\/page"}],"author":[{"embeddable":true,"href":"https:\/\/moldow.com\/pl\/wp-json\/wp\/v2\/users\/1"}],"replies":[{"embeddable":true,"href":"https:\/\/moldow.com\/pl\/wp-json\/wp\/v2\/comments?post=10307"}],"version-history":[{"count":5,"href":"https:\/\/moldow.com\/pl\/wp-json\/wp\/v2\/pages\/10307\/revisions"}],"predecessor-version":[{"id":11505,"href":"https:\/\/moldow.com\/pl\/wp-json\/wp\/v2\/pages\/10307\/revisions\/11505"}],"up":[{"embeddable":true,"href":"https:\/\/moldow.com\/pl\/wp-json\/wp\/v2\/pages\/10210"}],"wp:attachment":[{"href":"https:\/\/moldow.com\/pl\/wp-json\/wp\/v2\/media?parent=10307"}],"curies":[{"name":"wp","href":"https:\/\/api.w.org\/{rel}","templated":true}]}}