{"id":10270,"date":"2023-07-03T07:33:45","date_gmt":"2023-07-03T07:33:45","guid":{"rendered":"https:\/\/moldow.com\/?page_id=10270"},"modified":"2025-05-12T12:35:49","modified_gmt":"2025-05-12T12:35:49","slug":"branze","status":"publish","type":"page","link":"https:\/\/moldow.com\/pl\/systemy-odpylania\/branze\/","title":{"rendered":"Bran\u017ce"},"content":{"rendered":"<p><div class=\"fusion-fullwidth fullwidth-box fusion-builder-row-1 nonhundred-percent-fullwidth non-hundred-percent-height-scrolling\" style=\"--awb-border-radius-top-left:0px;--awb-border-radius-top-right:0px;--awb-border-radius-bottom-right:0px;--awb-border-radius-bottom-left:0px;--awb-padding-top:20px;--awb-padding-bottom:20px;--awb-margin-top:40px;--awb-background-color:rgba(255,255,255,0);--awb-flex-wrap:wrap;\" ><div class=\"fusion-builder-row fusion-row\"><div class=\"fusion-layout-column fusion_builder_column fusion-builder-column-0 fusion_builder_column_1_1 1_1 fusion-one-full fusion-column-first fusion-column-last fusion-column-no-min-height\" style=\"--awb-bg-size:cover;--awb-margin-top:20px;--awb-margin-bottom:20px;\"><div class=\"fusion-column-wrapper fusion-flex-column-wrapper-legacy\"><div class=\"fusion-content-boxes content-boxes columns row fusion-columns-4 fusion-columns-total-4 fusion-content-boxes-1 content-boxes-icon-on-top content-left\" style=\"--awb-hover-accent-color:#dc0814;--awb-circle-hover-accent-color:transparent;\" data-animationOffset=\"top-mid-of-view\"><div style=\"--awb-backgroundcolor:#ffffff;\" class=\"fusion-column content-box-column content-box-column content-box-column-1 col-lg-3 col-md-3 col-sm-3 fusion-content-box-hover content-box-column-first-in-row\"><div class=\"col content-box-wrapper content-wrapper-background link-area-box link-type-text icon-hover-animation-fade\" data-link=\"https:\/\/moldow.com\/pl\/systemy-odpylania\/branze\/systemy-odpylania-do-przetworstwa-drewna\/\" data-link-target=\"_self\" data-animationOffset=\"top-mid-of-view\"><div class=\"heading heading-with-icon icon-left\"><a class=\"heading-link\" href=\"https:\/\/moldow.com\/pl\/systemy-odpylania\/branze\/systemy-odpylania-do-przetworstwa-drewna\/\" target=\"_self\"><div class=\"icon\"><i style=\"background-color:transparent;border-color:transparent;height:auto;width: 60px;line-height:normal;font-size:60px;\" aria-hidden=\"true\" class=\"fontawesome-icon fa-bullseye fas circle-no\"><\/i><\/div><h6 class=\"content-box-heading\" style=\"--h6_typography-font-size:22px;line-height:27px;\">STOLARSTWO<\/h6><\/a><\/div><div class=\"fusion-clearfix\"><\/div><div class=\"content-container\">\n<p>Drewno, Sklejka, Fornir, <span class=\"_fadeIn_m1hgl_8\">Drewno <\/span><span class=\"_fadeIn_m1hgl_8\">przemys\u0142owe<\/span><\/p>\n<\/div><\/div><\/div><div style=\"--awb-backgroundcolor:#ffffff;\" class=\"fusion-column content-box-column content-box-column content-box-column-2 col-lg-3 col-md-3 col-sm-3 fusion-content-box-hover \"><div class=\"col content-box-wrapper content-wrapper-background link-area-box link-type-text icon-hover-animation-fade\" data-link=\"https:\/\/moldow.com\/dust-extraction-system\/industries\/paper-and-cardboard\/\" data-link-target=\"_self\" data-animationOffset=\"top-mid-of-view\"><div class=\"heading heading-with-icon icon-left\"><a class=\"heading-link\" href=\"https:\/\/moldow.com\/dust-extraction-system\/industries\/paper-and-cardboard\/\" target=\"_self\"><div class=\"icon\"><i style=\"background-color:transparent;border-color:transparent;height:auto;width: 60px;line-height:normal;font-size:60px;\" aria-hidden=\"true\" class=\"fontawesome-icon fa-file far circle-no\"><\/i><\/div><h6 class=\"content-box-heading\" style=\"--h6_typography-font-size:22px;line-height:27px;\">PAPIER I KARTON<\/h6><\/a><\/div><div class=\"fusion-clearfix\"><\/div><div class=\"content-container\">\n<p><span class=\"_fadeIn_m1hgl_8\">papier, <\/span><span class=\"_fadeIn_m1hgl_8\">pude\u0142ka, <\/span><span class=\"_fadeIn_m1hgl_8\">karton, <\/span><span class=\"_fadeIn_m1hgl_8\">opakowania <\/span><span class=\"_fadeIn_m1hgl_8\">transportowe, <\/span><span class=\"_fadeIn_m1hgl_8\">drukowanie, <\/span><span class=\"_fadeIn_m1hgl_8\">filtry <\/span><span class=\"_fadeIn_m1hgl_8\">do <\/span><span class=\"_fadeIn_m1hgl_8\">kawy<\/span><\/p>\n<\/div><\/div><\/div><div style=\"--awb-backgroundcolor:#ffffff;\" class=\"fusion-column content-box-column content-box-column content-box-column-3 col-lg-3 col-md-3 col-sm-3 fusion-content-box-hover \"><div class=\"col content-box-wrapper content-wrapper-background link-area-box link-type-text icon-hover-animation-fade\" data-link=\"https:\/\/moldow.com\/dust-extraction-system\/industries\/fiber\/\" data-link-target=\"_self\" data-animationOffset=\"top-mid-of-view\"><div class=\"heading heading-with-icon icon-left\"><a class=\"heading-link\" href=\"https:\/\/moldow.com\/dust-extraction-system\/industries\/fiber\/\" target=\"_self\"><div class=\"icon\"><i style=\"background-color:transparent;border-color:transparent;height:auto;width: 60px;line-height:normal;font-size:60px;\" aria-hidden=\"true\" class=\"fontawesome-icon fa-square fas circle-no\"><\/i><\/div><h6 class=\"content-box-heading\" style=\"--h6_typography-font-size:22px;line-height:27px;\">W\u0141\u00d3KNO<\/h6><\/a><\/div><div class=\"fusion-clearfix\"><\/div><div class=\"content-container\">\n<p><span class=\"_fadeIn_m1hgl_8\">produkty <\/span><span class=\"_fadeIn_m1hgl_8\">z <\/span><span class=\"_fadeIn_m1hgl_8\">tkanin <\/span><span class=\"_fadeIn_m1hgl_8\">nietkanych, <\/span><span class=\"_fadeIn_m1hgl_8\">we\u0142na <\/span><span class=\"_fadeIn_m1hgl_8\">mineralna, <\/span><span class=\"_fadeIn_m1hgl_8\">w\u0142\u00f3kno <\/span><span class=\"_fadeIn_m1hgl_8\">szklane<\/span><\/p>\n<\/div><\/div><\/div><div style=\"--awb-backgroundcolor:#ffffff;\" class=\"fusion-column content-box-column content-box-column content-box-column-4 col-lg-3 col-md-3 col-sm-3 fusion-content-box-hover content-box-column-last content-box-column-last-in-row\"><div class=\"col content-box-wrapper content-wrapper-background link-area-box link-type-text icon-hover-animation-fade\" data-link=\"https:\/\/moldow.com\/dust-extraction-system\/industries\/metal\/\" data-link-target=\"_self\" data-animationOffset=\"top-mid-of-view\"><div class=\"heading heading-with-icon icon-left\"><a class=\"heading-link\" href=\"https:\/\/moldow.com\/dust-extraction-system\/industries\/metal\/\" target=\"_self\"><div class=\"icon\"><i style=\"background-color:transparent;border-color:transparent;height:auto;width: 60px;line-height:normal;font-size:60px;\" aria-hidden=\"true\" class=\"fontawesome-icon fa-unlink fas circle-no\"><\/i><\/div><h6 class=\"content-box-heading\" style=\"--h6_typography-font-size:22px;line-height:27px;\">METAL<\/h6><\/a><\/div><div class=\"fusion-clearfix\"><\/div><div class=\"content-container\">\n<p><span class=\"_fadeIn_m1hgl_8\">wydobycie <\/span><span class=\"_fadeIn_m1hgl_8\">metalu, <\/span><span class=\"_fadeIn_m1hgl_8\">dym <\/span><span class=\"_fadeIn_m1hgl_8\">spawalniczy, <\/span><span class=\"_fadeIn_m1hgl_8\">aluminium<\/span><\/p>\n<\/div><\/div><\/div><div class=\"fusion-clearfix\"><\/div><\/div><div class=\"fusion-clearfix\"><\/div><\/div><\/div><\/div><\/div><div class=\"fusion-fullwidth fullwidth-box fusion-builder-row-2 nonhundred-percent-fullwidth non-hundred-percent-height-scrolling\" style=\"--awb-border-radius-top-left:0px;--awb-border-radius-top-right:0px;--awb-border-radius-bottom-right:0px;--awb-border-radius-bottom-left:0px;--awb-padding-top:20px;--awb-margin-top:20px;--awb-margin-bottom:0px;--awb-background-color:#ffffff;--awb-flex-wrap:wrap;\" ><div class=\"fusion-builder-row fusion-row\"><div class=\"fusion-layout-column fusion_builder_column fusion-builder-column-1 fusion_builder_column_2_3 2_3 fusion-two-third fusion-column-first\" style=\"--awb-bg-size:cover;width:66.666666666667%;width:calc(66.666666666667% - ( ( 4% ) * 0.66666666666667 ) );margin-right: 4%;\"><div class=\"fusion-column-wrapper fusion-flex-column-wrapper-legacy\"><div class=\"fusion-column-content-centered\"><div class=\"fusion-column-content\"><div class=\"fusion-title title fusion-title-1 sep-underline sep-solid fusion-title-text fusion-title-size-one\"><h1 class=\"fusion-title-heading title-heading-left\" style=\"margin:0;\"><span class=\"_fadeIn_m1hgl_8\">SYSTEMY <\/span><span class=\"_fadeIn_m1hgl_8\">WYCI\u0104GU <\/span><span class=\"_fadeIn_m1hgl_8\">PY\u0141U <\/span><span class=\"_fadeIn_m1hgl_8\">DLA <\/span><span class=\"_fadeIn_m1hgl_8\">R\u00d3\u017bNYCH <\/span><span class=\"_fadeIn_m1hgl_8\">BRAN\u017b<\/span><\/h1><\/div><div class=\"fusion-text fusion-text-1\" style=\"--awb-text-transform:none;\"><h2><span class=\"_fadeIn_m1hgl_8\">Filtry <\/span><span class=\"_fadeIn_m1hgl_8\">i <\/span><span class=\"_fadeIn_m1hgl_8\">systemy <\/span><span class=\"_fadeIn_m1hgl_8\">wyci\u0105gu <\/span><span class=\"_fadeIn_m1hgl_8\">optymalizowane <\/span><span class=\"_fadeIn_m1hgl_8\">dla <\/span><span class=\"_fadeIn_m1hgl_8\">ka\u017cdej <\/span><span class=\"_fadeIn_m1hgl_8\">bran\u017cy<\/span><\/h2>\n<p><span class=\"_fadeIn_m1hgl_8\">Znajomo\u015b\u0107 <\/span><span class=\"_fadeIn_m1hgl_8\">Twojej <\/span><span class=\"_fadeIn_m1hgl_8\">bran\u017cy <\/span><span class=\"_fadeIn_m1hgl_8\">jest <\/span><span class=\"_fadeIn_m1hgl_8\">fundamentem, <\/span><span class=\"_fadeIn_m1hgl_8\">na <\/span><span class=\"_fadeIn_m1hgl_8\">kt\u00f3rym <\/span><span class=\"_fadeIn_m1hgl_8\">opieramy <\/span><span class=\"_fadeIn_m1hgl_8\">nasz\u0105 <\/span><span class=\"_fadeIn_m1hgl_8\">zdolno\u015b\u0107 <\/span><span class=\"_fadeIn_m1hgl_8\">do <\/span><span class=\"_fadeIn_m1hgl_8\">zaoferowania <\/span><span class=\"_fadeIn_m1hgl_8\">najlepszego <\/span><span class=\"_fadeIn_m1hgl_8\">rozwi\u0105zania <\/span><span class=\"_fadeIn_m1hgl_8\">wyci\u0105gu, <\/span><span class=\"_fadeIn_m1hgl_8\">kt\u00f3re <\/span><span class=\"_fadeIn_m1hgl_8\">dok\u0142adnie <\/span><span class=\"_fadeIn_m1hgl_8\">odpowiada <\/span><span class=\"_fadeIn_m1hgl_8\">Twoim <\/span><span class=\"_fadeIn_m1hgl_8\">potrzebom, <\/span><span class=\"_fadeIn_m1hgl_8\">obiektom <\/span><span class=\"_fadeIn_m1hgl_8\">i <\/span><span class=\"_fadeIn_m1hgl_8\">priorytetom.<\/span><\/p>\n<p><span class=\"_fadeIn_m1hgl_8\">Nasza <\/span><span class=\"_fadeIn_m1hgl_8\">oferta <\/span><span class=\"_fadeIn_m1hgl_8\">filtr\u00f3w <\/span><span class=\"_fadeIn_m1hgl_8\">i <\/span><span class=\"_fadeIn_m1hgl_8\">system\u00f3w <\/span><span class=\"_fadeIn_m1hgl_8\">obejmuje <\/span><span class=\"_fadeIn_m1hgl_8\">r\u00f3\u017cne <\/span><span class=\"_fadeIn_m1hgl_8\">bran\u017ce, <\/span><span class=\"_fadeIn_m1hgl_8\">dzi\u0119ki <\/span><span class=\"_fadeIn_m1hgl_8\">czemu <\/span><span class=\"_fadeIn_m1hgl_8\">zawsze <\/span><span class=\"_fadeIn_m1hgl_8\">mo\u017cemy <\/span><span class=\"_fadeIn_m1hgl_8\">znale\u017a\u0107 <\/span><span class=\"_fadeIn_m1hgl_8\">najlepszy <\/span><span class=\"_fadeIn_m1hgl_8\">system <\/span><span class=\"_fadeIn_m1hgl_8\">oparty <\/span><span class=\"_fadeIn_m1hgl_8\">na <\/span><span class=\"_fadeIn_m1hgl_8\">rodzaju <\/span><span class=\"_fadeIn_m1hgl_8\">materia\u0142u, <\/span><span class=\"_fadeIn_m1hgl_8\">obci\u0105\u017ceniu <\/span><span class=\"_fadeIn_m1hgl_8\">filtr\u00f3w, <\/span><span class=\"_fadeIn_m1hgl_8\">ilo\u015bci <\/span><span class=\"_fadeIn_m1hgl_8\">powietrza, <\/span><span class=\"_fadeIn_m1hgl_8\">godzinach <\/span><span class=\"_fadeIn_m1hgl_8\">pracy <\/span><span class=\"_fadeIn_m1hgl_8\">i <\/span><span class=\"_fadeIn_m1hgl_8\">bud\u017cecie.<\/span><\/p>\n<p><span class=\"_fadeIn_m1hgl_8\">Wsp\u00f3\u0142pracowali\u015bmy <\/span><span class=\"_fadeIn_m1hgl_8\">z <\/span><span class=\"_fadeIn_m1hgl_8\">pionierami <\/span><span class=\"_fadeIn_m1hgl_8\">w <\/span><span class=\"_fadeIn_m1hgl_8\">ka\u017cdej <\/span><span class=\"_fadeIn_m1hgl_8\">bran\u017cy, <\/span><span class=\"_fadeIn_m1hgl_8\">aby <\/span><span class=\"_fadeIn_m1hgl_8\">znale\u017a\u0107 <\/span><span class=\"_fadeIn_m1hgl_8\">i <\/span><span class=\"_fadeIn_m1hgl_8\">udoskonali\u0107 <\/span><span class=\"_fadeIn_m1hgl_8\">najlepsze <\/span><span class=\"_fadeIn_m1hgl_8\">metody <\/span><span class=\"_fadeIn_m1hgl_8\">filtracji <\/span><span class=\"_fadeIn_m1hgl_8\">i <\/span><span class=\"_fadeIn_m1hgl_8\">najbardziej <\/span><span class=\"_fadeIn_m1hgl_8\">energooszcz\u0119dne <\/span><span class=\"_fadeIn_m1hgl_8\">rozwi\u0105zania.<\/span><\/p>\n<p><span class=\"_fadeIn_m1hgl_8\">Aby <\/span><span class=\"_fadeIn_m1hgl_8\">dowiedzie\u0107 <\/span><span class=\"_fadeIn_m1hgl_8\">si\u0119 <\/span><span class=\"_fadeIn_m1hgl_8\">wi\u0119cej <\/span><span class=\"_fadeIn_m1hgl_8\">o <\/span><span class=\"_fadeIn_m1hgl_8\">tym, <\/span><span class=\"_fadeIn_m1hgl_8\">co <\/span><span class=\"_fadeIn_m1hgl_8\">oferujemy <\/span><span class=\"_fadeIn_m1hgl_8\">w <\/span><span class=\"_fadeIn_m1hgl_8\">Twojej <\/span><span class=\"_fadeIn_m1hgl_8\">bran\u017cy, <\/span><span class=\"_fadeIn_m1hgl_8\">kliknij <\/span><span class=\"_fadeIn_m1hgl_8\">powy\u017cej <\/span><span class=\"_fadeIn_m1hgl_8\">lub <\/span><span class=\"_fadeIn_m1hgl_8\">skontaktuj <\/span><a href=\"https:\/\/moldow.com\/pl\/kontakt\/pracownicy\/\"><span class=\"_fadeIn_m1hgl_8\">si\u0119 <\/span><span class=\"_fadeIn_m1hgl_8\">z <\/span><span class=\"_fadeIn_m1hgl_8\">jednym <\/span><span class=\"_fadeIn_m1hgl_8\">z <\/span><span class=\"_fadeIn_m1hgl_8\">naszych <\/span><span class=\"_fadeIn_m1hgl_8\">pracownik\u00f3w <\/span><span class=\"_fadeIn_m1hgl_8\">sprzeda\u017cy <\/span><\/a><span class=\"_fadeIn_m1hgl_8\">lub <\/span><span class=\"_fadeIn_m1hgl_8\">dystrybutorem <\/span><span class=\"_fadeIn_m1hgl_8\">Moldow <\/span><span class=\"_fadeIn_m1hgl_8\">w <\/span><span class=\"_fadeIn_m1hgl_8\">Twoim <\/span><span class=\"_fadeIn_m1hgl_8\">kraju <\/span><span class=\"_fadeIn_m1hgl_8\">i <\/span><span class=\"_fadeIn_m1hgl_8\">pozw\u00f3l <\/span><span class=\"_fadeIn_m1hgl_8\">nam <\/span><span class=\"_fadeIn_m1hgl_8\">pom\u00f3c <\/span><span class=\"_fadeIn_m1hgl_8\">w <\/span><span class=\"_fadeIn_m1hgl_8\">znalezieniu <\/span><span class=\"_fadeIn_m1hgl_8\">najlepszego <\/span><span class=\"_fadeIn_m1hgl_8\">rozwi\u0105zania.<\/span><\/p>\n<\/div><\/div><\/div><div class=\"fusion-clearfix\"><\/div><\/div><\/div><div class=\"fusion-layout-column fusion_builder_column fusion-builder-column-2 fusion_builder_column_1_3 1_3 fusion-one-third fusion-column-last fusion-column-no-min-height\" style=\"--awb-bg-size:cover;width:33.333333333333%;width:calc(33.333333333333% - ( ( 4% ) * 0.33333333333333 ) );\"><div class=\"fusion-column-wrapper fusion-column-has-shadow fusion-flex-column-wrapper-legacy\"><div class=\"fusion-title title fusion-title-2 sep-underline sep-solid fusion-title-text fusion-title-size-six\"><h6 class=\"fusion-title-heading title-heading-left\" style=\"margin:0;\">CONTACT FORM<\/h6><\/div><script src=\"https:\/\/superoffice.moldow.com\/Service\/scripts\/customer.fcgi?action=form&id=F-VCml4yYp\"><\/script>\n<div class=\"fusion-clearfix\"><\/div><\/div><\/div>\n<\/div><\/div><\/p>\n","protected":false},"excerpt":{"rendered":"","protected":false},"author":1,"featured_media":0,"parent":10210,"menu_order":0,"comment_status":"closed","ping_status":"closed","template":"100-width.php","meta":{"_acf_changed":false,"footnotes":""},"class_list":["post-10270","page","type-page","status-publish","hentry"],"acf":[],"yoast_head":"<!-- This site is optimized with the Yoast SEO plugin v24.8 - https:\/\/yoast.com\/wordpress\/plugins\/seo\/ -->\n<title>Bran\u017ce | Moldow<\/title>\n<meta name=\"robots\" content=\"index, follow, max-snippet:-1, max-image-preview:large, max-video-preview:-1\" \/>\n<link rel=\"canonical\" href=\"https:\/\/moldow.com\/pl\/systemy-odpylania\/branze\/\" \/>\n<meta property=\"og:locale\" content=\"pl_PL\" \/>\n<meta property=\"og:type\" content=\"article\" \/>\n<meta property=\"og:title\" content=\"Bran\u017ce | Moldow\" \/>\n<meta property=\"og:url\" content=\"https:\/\/moldow.com\/pl\/systemy-odpylania\/branze\/\" \/>\n<meta property=\"og:site_name\" content=\"Moldow\" \/>\n<meta property=\"article:modified_time\" content=\"2025-05-12T12:35:49+00:00\" \/>\n<meta name=\"twitter:card\" content=\"summary_large_image\" \/>\n<meta name=\"twitter:label1\" content=\"Szacowany czas czytania\" \/>\n\t<meta name=\"twitter:data1\" content=\"1 minute\" \/>\n<script type=\"application\/ld+json\" class=\"yoast-schema-graph\">{\"@context\":\"https:\/\/schema.org\",\"@graph\":[{\"@type\":\"WebPage\",\"@id\":\"https:\/\/moldow.com\/pl\/systemy-odpylania\/branze\/\",\"url\":\"https:\/\/moldow.com\/pl\/systemy-odpylania\/branze\/\",\"name\":\"Bran\u017ce | Moldow\",\"isPartOf\":{\"@id\":\"https:\/\/moldow.com\/#website\"},\"datePublished\":\"2023-07-03T07:33:45+00:00\",\"dateModified\":\"2025-05-12T12:35:49+00:00\",\"breadcrumb\":{\"@id\":\"https:\/\/moldow.com\/pl\/systemy-odpylania\/branze\/#breadcrumb\"},\"inLanguage\":\"pl-PL\",\"potentialAction\":[{\"@type\":\"ReadAction\",\"target\":[\"https:\/\/moldow.com\/pl\/systemy-odpylania\/branze\/\"]}]},{\"@type\":\"BreadcrumbList\",\"@id\":\"https:\/\/moldow.com\/pl\/systemy-odpylania\/branze\/#breadcrumb\",\"itemListElement\":[{\"@type\":\"ListItem\",\"position\":1,\"name\":\"Hjem\",\"item\":\"https:\/\/moldow.com\/pl\/\"},{\"@type\":\"ListItem\",\"position\":2,\"name\":\"Systemy Odpylania\",\"item\":\"https:\/\/moldow.com\/pl\/systemy-odpylania\/\"},{\"@type\":\"ListItem\",\"position\":3,\"name\":\"Bran\u017ce\"}]},{\"@type\":\"WebSite\",\"@id\":\"https:\/\/moldow.com\/#website\",\"url\":\"https:\/\/moldow.com\/\",\"name\":\"Moldow\",\"description\":\"Dust Extraction Systems and Painting Lines\",\"publisher\":{\"@id\":\"https:\/\/moldow.com\/#organization\"},\"potentialAction\":[{\"@type\":\"SearchAction\",\"target\":{\"@type\":\"EntryPoint\",\"urlTemplate\":\"https:\/\/moldow.com\/?s={search_term_string}\"},\"query-input\":{\"@type\":\"PropertyValueSpecification\",\"valueRequired\":true,\"valueName\":\"search_term_string\"}}],\"inLanguage\":\"pl-PL\"},{\"@type\":\"Organization\",\"@id\":\"https:\/\/moldow.com\/#organization\",\"name\":\"Moldow A\/S\",\"url\":\"https:\/\/moldow.com\/\",\"logo\":{\"@type\":\"ImageObject\",\"inLanguage\":\"pl-PL\",\"@id\":\"https:\/\/moldow.com\/#\/schema\/logo\/image\/\",\"url\":\"https:\/\/moldow.com\/wp-content\/uploads\/2017\/01\/Moldow-logo-web-ny.png\",\"contentUrl\":\"https:\/\/moldow.com\/wp-content\/uploads\/2017\/01\/Moldow-logo-web-ny.png\",\"width\":259,\"height\":38,\"caption\":\"Moldow A\/S\"},\"image\":{\"@id\":\"https:\/\/moldow.com\/#\/schema\/logo\/image\/\"}}]}<\/script>\n<!-- \/ Yoast SEO plugin. -->","yoast_head_json":{"title":"Bran\u017ce | Moldow","robots":{"index":"index","follow":"follow","max-snippet":"max-snippet:-1","max-image-preview":"max-image-preview:large","max-video-preview":"max-video-preview:-1"},"canonical":"https:\/\/moldow.com\/pl\/systemy-odpylania\/branze\/","og_locale":"pl_PL","og_type":"article","og_title":"Bran\u017ce | Moldow","og_url":"https:\/\/moldow.com\/pl\/systemy-odpylania\/branze\/","og_site_name":"Moldow","article_modified_time":"2025-05-12T12:35:49+00:00","twitter_card":"summary_large_image","twitter_misc":{"Szacowany czas czytania":"1 minute"},"schema":{"@context":"https:\/\/schema.org","@graph":[{"@type":"WebPage","@id":"https:\/\/moldow.com\/pl\/systemy-odpylania\/branze\/","url":"https:\/\/moldow.com\/pl\/systemy-odpylania\/branze\/","name":"Bran\u017ce | Moldow","isPartOf":{"@id":"https:\/\/moldow.com\/#website"},"datePublished":"2023-07-03T07:33:45+00:00","dateModified":"2025-05-12T12:35:49+00:00","breadcrumb":{"@id":"https:\/\/moldow.com\/pl\/systemy-odpylania\/branze\/#breadcrumb"},"inLanguage":"pl-PL","potentialAction":[{"@type":"ReadAction","target":["https:\/\/moldow.com\/pl\/systemy-odpylania\/branze\/"]}]},{"@type":"BreadcrumbList","@id":"https:\/\/moldow.com\/pl\/systemy-odpylania\/branze\/#breadcrumb","itemListElement":[{"@type":"ListItem","position":1,"name":"Hjem","item":"https:\/\/moldow.com\/pl\/"},{"@type":"ListItem","position":2,"name":"Systemy Odpylania","item":"https:\/\/moldow.com\/pl\/systemy-odpylania\/"},{"@type":"ListItem","position":3,"name":"Bran\u017ce"}]},{"@type":"WebSite","@id":"https:\/\/moldow.com\/#website","url":"https:\/\/moldow.com\/","name":"Moldow","description":"Dust Extraction Systems and Painting Lines","publisher":{"@id":"https:\/\/moldow.com\/#organization"},"potentialAction":[{"@type":"SearchAction","target":{"@type":"EntryPoint","urlTemplate":"https:\/\/moldow.com\/?s={search_term_string}"},"query-input":{"@type":"PropertyValueSpecification","valueRequired":true,"valueName":"search_term_string"}}],"inLanguage":"pl-PL"},{"@type":"Organization","@id":"https:\/\/moldow.com\/#organization","name":"Moldow A\/S","url":"https:\/\/moldow.com\/","logo":{"@type":"ImageObject","inLanguage":"pl-PL","@id":"https:\/\/moldow.com\/#\/schema\/logo\/image\/","url":"https:\/\/moldow.com\/wp-content\/uploads\/2017\/01\/Moldow-logo-web-ny.png","contentUrl":"https:\/\/moldow.com\/wp-content\/uploads\/2017\/01\/Moldow-logo-web-ny.png","width":259,"height":38,"caption":"Moldow A\/S"},"image":{"@id":"https:\/\/moldow.com\/#\/schema\/logo\/image\/"}}]}},"_links":{"self":[{"href":"https:\/\/moldow.com\/pl\/wp-json\/wp\/v2\/pages\/10270","targetHints":{"allow":["GET"]}}],"collection":[{"href":"https:\/\/moldow.com\/pl\/wp-json\/wp\/v2\/pages"}],"about":[{"href":"https:\/\/moldow.com\/pl\/wp-json\/wp\/v2\/types\/page"}],"author":[{"embeddable":true,"href":"https:\/\/moldow.com\/pl\/wp-json\/wp\/v2\/users\/1"}],"replies":[{"embeddable":true,"href":"https:\/\/moldow.com\/pl\/wp-json\/wp\/v2\/comments?post=10270"}],"version-history":[{"count":10,"href":"https:\/\/moldow.com\/pl\/wp-json\/wp\/v2\/pages\/10270\/revisions"}],"predecessor-version":[{"id":11710,"href":"https:\/\/moldow.com\/pl\/wp-json\/wp\/v2\/pages\/10270\/revisions\/11710"}],"up":[{"embeddable":true,"href":"https:\/\/moldow.com\/pl\/wp-json\/wp\/v2\/pages\/10210"}],"wp:attachment":[{"href":"https:\/\/moldow.com\/pl\/wp-json\/wp\/v2\/media?parent=10270"}],"curies":[{"name":"wp","href":"https:\/\/api.w.org\/{rel}","templated":true}]}}