{"id":9011,"date":"2022-12-01T08:10:21","date_gmt":"2022-12-01T08:10:21","guid":{"rendered":"https:\/\/moldow.com\/?page_id=9011"},"modified":"2022-12-01T08:21:16","modified_gmt":"2022-12-01T08:21:16","slug":"artikel-om-mary-hansen-og-joergen-hansen","status":"publish","type":"page","link":"https:\/\/moldow.com\/da\/om-moldow\/historie\/artikel-om-mary-hansen-og-joergen-hansen\/","title":{"rendered":"Artikel om Mary Hansen og J\u00f8rgen Hansen"},"content":{"rendered":"<div class=\"fusion-fullwidth fullwidth-box fusion-builder-row-1 nonhundred-percent-fullwidth non-hundred-percent-height-scrolling\" style=\"--awb-border-radius-top-left:0px;--awb-border-radius-top-right:0px;--awb-border-radius-bottom-right:0px;--awb-border-radius-bottom-left:0px;--awb-margin-top:90px;--awb-background-color:rgba(255,255,255,0.92);--awb-flex-wrap:wrap;\" ><div class=\"fusion-builder-row fusion-row\"><div class=\"fusion-layout-column fusion_builder_column fusion-builder-column-0 fusion_builder_column_1_1 1_1 fusion-one-full fusion-column-first fusion-column-last\" style=\"--awb-bg-size:cover;\"><div class=\"fusion-column-wrapper fusion-column-has-shadow fusion-flex-column-wrapper-legacy\"><div class=\"fusion-title title fusion-title-1 sep-underline sep-solid fusion-title-text fusion-title-size-one\"><h1 class=\"fusion-title-heading title-heading-left\" style=\"margin:0;\">VI GIVER ALDRIG OP<\/h1><\/div><div class=\"fusion-clearfix\"><\/div><\/div><\/div><div class=\"fusion-layout-column fusion_builder_column fusion-builder-column-1 fusion_builder_column_2_3 2_3 fusion-two-third fusion-column-first\" style=\"--awb-bg-size:cover;width:66.666666666667%;width:calc(66.666666666667% - ( ( 4% ) * 0.66666666666667 ) );margin-right: 4%;\"><div class=\"fusion-column-wrapper fusion-column-has-shadow fusion-flex-column-wrapper-legacy\"><div class=\"fusion-text fusion-text-1\" style=\"--awb-text-transform:none;\"><p><strong>Hele Marys tilv\u00e6relse blev knust, den dag hendes mand, J\u00f8rgen Hansen, pludselig d\u00f8de. Hvad nu med maskinfabrikken i Holsted ved Kolding, som de to havde k\u00e6mpet s\u00e5 h\u00e5rdt for at skabe? Da tog Mary sin store beslutning &#8230;<\/strong><\/p>\n<p><em>Artikel af Peter Kj\u00e6r. Fotos af Knud Nielsen.\u00a0 Artikel fra HJEMMET nr. 5\/1986 \u2022 Gengivet af Moldow A\/S, 2022.<\/em><\/p>\n<p>Der er travlt p\u00e5 kontoret p\u00e5 J\u00f8rgen Hansens Maskinfabrik i Holsted. Mary Hansen p\u00e5 42 diskuterer tekniske problemer med sin s\u00f8n Preben, 21, mens datteren Birgitte p\u00e5 20 \u00e5r, regner priser ud p\u00e5 en ny ordre.<\/p>\n<p>Men midt i den forrygende travlhed kan Mary pludselig standse op og t\u00e6nke p\u00e5 J\u00f8rgen, som ikke er her mere. J\u00f8rgen, som startede det hele, da han afpr\u00f8vede sine f\u00f8rste store ideer i en garage i Marys for\u00e6ldres have. Da Mary en morgen for godt to \u00e5r siden, 14 dage f\u00f8r J\u00f8rgens 50 \u00e5rs f\u00f8dselsdag, fandt\u00a0 ham liggende d\u00f8d i sin seng, f\u00f8lte hun, at alt stoppede omkring hende som med et slag.<\/p>\n<p>Men alligevel gik der ikke mange timer, f\u00f8r hun igen var sporet ind p\u00e5 den linje, som altid var J\u00f8rgens: Ikke give op. Samme dag, som J\u00f8rgen d\u00f8de, besluttede hun sig til at f\u00f8re J\u00f8rgen Hansens Maskinfabrik videre for de ansattes skyld, for b\u00f8rnenes skyld, for sin egen og ikke mindst for J\u00f8rgens skyld. Han ville have hadet tanken om, at hans d\u00f8d skulle s\u00e6tte en stopper for det, han havde k\u00e6mpet for i et langt liv.<\/p>\n<p>&#8211; Lige fra J\u00f8rgen og jeg m\u00f8dte hinanden, var vi fortrolige venner og kammerater. Vi k\u00e6mpede sammen. Det var nok tanken om d\u00e9t og vore dejlige b\u00f8rn, der gav mig styrken. Ja, og s\u00e5 selvf\u00f8lgelig tanken om vore trofaste folk p\u00e5 fabrikken. Uden deres opbakning var det hele ingenting, smiler Mary Hansen.<\/p>\n<p>Hun var kun 40 \u00e5r gammel, da hendes ti \u00e5r \u00e6ldre mand pludselig d\u00f8de og efterlod sit livsv\u00e6rk til hende og b\u00f8rnene.<\/p>\n<p>&#8211; J\u00f8rgen var uddannet smed. Det hele startede for 25 \u00e5r siden, da han fik lov til at opf\u00f8re en dobbelt garage i mine for\u00e6ldres baghave. Her pr\u00f8vede han for f\u00f8rste gang at f\u00f8re sine ideer ud i livet, fort\u00e6ller Mary.<\/p>\n<p>J\u00f8rgen Hansens f\u00f8rste ide gik ud p\u00e5 at konstruere en effektiv stensamler, som landbrugere kunne bruge til at rense deres marker med. Men det kiksede for ham.<\/p>\n<p>&#8211; J\u00f8rgen var imidlertid en type, som aldrig gav op, s\u00e5 han fik nye ideer, som han knoklede p\u00e5 at f\u00f8re ud i livet, smiler Mary.<\/p>\n<\/div><div class=\"fusion-clearfix\"><\/div><\/div><\/div><div class=\"fusion-layout-column fusion_builder_column fusion-builder-column-2 fusion_builder_column_1_3 1_3 fusion-one-third fusion-column-last\" style=\"--awb-bg-size:cover;width:33.333333333333%;width:calc(33.333333333333% - ( ( 4% ) * 0.33333333333333 ) );\"><div class=\"fusion-column-wrapper fusion-column-has-shadow fusion-flex-column-wrapper-legacy\"><div class=\"fusion-image-element in-legacy-container\" style=\"--awb-caption-title-font-family:var(--h2_typography-font-family);--awb-caption-title-font-weight:var(--h2_typography-font-weight);--awb-caption-title-font-style:var(--h2_typography-font-style);--awb-caption-title-size:var(--h2_typography-font-size);--awb-caption-title-transform:var(--h2_typography-text-transform);--awb-caption-title-line-height:var(--h2_typography-line-height);--awb-caption-title-letter-spacing:var(--h2_typography-letter-spacing);\"><span class=\" fusion-imageframe imageframe-none imageframe-1 hover-type-none\"><img decoding=\"async\" width=\"1024\" height=\"979\" title=\"ABI_AMH-KPH\" src=\"https:\/\/moldow.com\/wp-content\/uploads\/2022\/11\/ABI_AMH-KPH-1024x979.jpg\" alt class=\"img-responsive wp-image-8989\" srcset=\"https:\/\/moldow.com\/wp-content\/uploads\/2022\/11\/ABI_AMH-KPH-200x191.jpg 200w, https:\/\/moldow.com\/wp-content\/uploads\/2022\/11\/ABI_AMH-KPH-400x382.jpg 400w, https:\/\/moldow.com\/wp-content\/uploads\/2022\/11\/ABI_AMH-KPH-600x574.jpg 600w, https:\/\/moldow.com\/wp-content\/uploads\/2022\/11\/ABI_AMH-KPH-800x765.jpg 800w, https:\/\/moldow.com\/wp-content\/uploads\/2022\/11\/ABI_AMH-KPH-1200x1147.jpg 1200w\" sizes=\"(max-width: 800px) 100vw, 400px\" \/><\/span><\/div><div class=\"fusion-text fusion-text-2\" style=\"--awb-text-transform:none;\"><p><em>Mary besluttede sig for at f\u00f8re sin mands livsdr\u00f8m videre, godt hjulpet af Birgitte og Preben der er g\u00e5et i l\u00e6re hos deres mor.<\/em><\/p>\n<\/div><div class=\"fusion-clearfix\"><\/div><\/div><\/div><div class=\"fusion-layout-column fusion_builder_column fusion-builder-column-3 fusion_builder_column_2_3 2_3 fusion-two-third fusion-column-first\" style=\"--awb-bg-size:cover;width:66.666666666667%;width:calc(66.666666666667% - ( ( 4% ) * 0.66666666666667 ) );margin-right: 4%;\"><div class=\"fusion-column-wrapper fusion-column-has-shadow fusion-flex-column-wrapper-legacy\"><div class=\"fusion-text fusion-text-3\" style=\"--awb-text-transform:none;\"><h3>Vi skabte en succes<\/h3>\n<p>Da hun og J\u00f8rgen var forlovede, arbejdede hun som kontorl\u00e6rling i et korn- og foderstoffirma i Toftlund i S\u00f8nderjylland.<\/p>\n<p>&#8211; Jeg holdt op, da vi blev gift. S\u00e5 flyttede jeg hjem til Holsted og arbejdede ikke mere for andre, for nu skulle jeg passe telefon og ordne regnskaber. Det var til at overse dengang.<\/p>\n<p>Efterh\u00e5nden fik mange \u00f8jnene op for, at J\u00f8rgen Hansen var en mand, som kunne klare og l\u00f8se de problemer, han blev pr\u00e6senteret for. N\u00e5r folk havde brug for en maskine til et bestemt form\u00e5l, en maskine, som endnu ikke var opfundet, s\u00e5 kunne J\u00f8rgen meget tit konstruere den til dem.<\/p>\n<p>&#8211; Snart blev pladsen i mine for\u00e6ldres have for trang, og vi k\u00f8bte et nedlagt cementst\u00f8beri i 1962, og her blev vi underleverand\u00f8rer til en masse andre virksomheder.<\/p>\n<p>F\u00f8rst var der kun J\u00f8rgen og Mary. N\u00e5r J\u00f8rgen havde brug for en ekstra h\u00e5nd ved maskinerne, s\u00e5 kaldte han p\u00e5 Mary, og ved flid n\u00e5ede de endnu l\u00e6ngere, s\u00e5 de snart m\u00e5tte ans\u00e6tte en svend og en arbejdsmand, og s\u00e5 endnu et par folk.<\/p>\n<p>Mary skar jern op og installerede kornt\u00f8rringsanl\u00e6g sammen med J\u00f8rgen, n\u00e5r hun ikke havde travlt med regnskaberne.<\/p>\n<p>&#8211; Jeg fortsatte med at arbejde sammen med J\u00f8rgen p\u00e5 v\u00e6rkstedet, indtil jeg i 1964 var temmelig langt henne med Preben, vores f\u00f8rste barn.<\/p>\n<p>Da Preben var 14 dage gammel, flyttede J\u00f8rgen Hansens Maskinfabrik ind i den f\u00f8rste af de nye bygninger, som nu udg\u00f8r hele fabrikken, og siden er det g\u00e5et slag i slag med udvidelser.<\/p>\n<p>Gang p\u00e5 gang har J\u00f8rgen Hansen opfundet maskiner til landbrug og industri. Der blev flere og flere ansatte, og i dag arbejder omkring 30 p\u00e5 fabrikken.<\/p>\n<h3>J\u00f8rgen bliver alvorligt syg<\/h3>\n<p>&#8211; J\u00f8rgen kunne aldrig sidde stille. Det h\u00e6ndte, at vi fik ham lokket med p\u00e5 en ferie, men han kunne ikke v\u00e6re af sted ret l\u00e6nge ad gange. Han m\u00e5tte altid hjem igen. Og n\u00e5r vi havde fri, slappede han af med at udt\u00e6nke nye planer, som han straks m\u00e5tte ud p\u00e5 fabrikken for at afpr\u00f8ve, smiler Mary.<\/p>\n<p>J\u00f8rgen var aldrig syg. Men den 25. maj 1983 om aftenen, da Mary ikke var hjemme i huset p\u00e5 \u00d8stergade i Holsted, klagede han over for s\u00f8nnen Preben over, at han havde ondt, en smerte, der trak ud i den venstre arm.<\/p>\n<p>Preben ringede til en l\u00e6ge og fik nogle tabletter til sin far, for J\u00f8rgen ville f\u00f8rst g\u00e5 til l\u00e6ge n\u00e6ste dag. Preben hentede de smertestillende piller til sin far, som derefter gik i seng.<\/p>\n<p>&#8211; Jeg v\u00e5gnede n\u00e6ste morgen klokken 6.00, for vi har altid st\u00e5et tidligt op for at v\u00e6re tidligt p\u00e5 fabrikken.\u00a0\u00a0 Desuden skulle jeg v\u00e6kke Preben, som skulle op til studentereksamen den dag, forklarer Mary.<\/p>\n<p>&#8211; Da jeg v\u00e5gnede, s\u00e5 jeg p\u00e5 J\u00f8rgen. Jeg syntes, at han s\u00e5 s\u00e5 kold ud, og jeg ville l\u00e6gge dynen over ham. Men jeg kunne ikke h\u00f8re ham tr\u00e6kke vejret. Jeg havde straks p\u00e5 fornemmelsen, at J\u00f8rgen var d\u00f8d, men alligevel kunne jeg ikke forst\u00e5 det, det var s\u00e5 uvirkeligt, det kunne ikke passe s\u00e5dan lige pludseligt.<\/p>\n<p>Mary skyndte sig at ringe til sin lillebror: &#8220;Kom herover, jeg tror, at J\u00f8rgen er d\u00f8d, men alligevel tror jeg ikke p\u00e5 det&#8221;.<\/p>\n<p>Mary trak forsigtig d\u00f8ren til ind til Prebens v\u00e6relse. Datteren Birgitte var i USA. Men Preben h\u00f8rte alligevel sin mor, og da Marys lillebror, Lars, var kommet stod Preben op og fandt s\u00e5 ud af, at hans far var d\u00f8d i nattens l\u00f8b.<\/p>\n<p>&#8211; Det var jo et stort chok og slet ikke til at fatte. Det er dog utroligt, at man i den situation er i stand til at handle s\u00e5 effektivt. Preben besluttede alligevel at g\u00e5 op til eksamen, selv om han var rystet. Det var helt i J\u00f8rgens \u00e5nd, for livet g\u00e5r jo videre. Preben klarede sig i \u00f8vrigt fint. Og s\u00e5 m\u00e5tte jeg til at ringe til Birgitte i USA.<\/p>\n<\/div><div class=\"fusion-clearfix\"><\/div><\/div><\/div><div class=\"fusion-layout-column fusion_builder_column fusion-builder-column-4 fusion_builder_column_1_3 1_3 fusion-one-third fusion-column-last\" style=\"--awb-bg-size:cover;width:33.333333333333%;width:calc(33.333333333333% - ( ( 4% ) * 0.33333333333333 ) );\"><div class=\"fusion-column-wrapper fusion-column-has-shadow fusion-flex-column-wrapper-legacy\"><div class=\"fusion-image-element in-legacy-container\" style=\"--awb-caption-title-font-family:var(--h2_typography-font-family);--awb-caption-title-font-weight:var(--h2_typography-font-weight);--awb-caption-title-font-style:var(--h2_typography-font-style);--awb-caption-title-size:var(--h2_typography-font-size);--awb-caption-title-transform:var(--h2_typography-text-transform);--awb-caption-title-line-height:var(--h2_typography-line-height);--awb-caption-title-letter-spacing:var(--h2_typography-letter-spacing);\"><span class=\" fusion-imageframe imageframe-none imageframe-2 hover-type-none\"><img decoding=\"async\" width=\"726\" height=\"1024\" alt=\"J\u00f8rgen Hansen\" title=\"IMG_1503\" src=\"https:\/\/moldow.com\/wp-content\/uploads\/2022\/11\/IMG_1503-726x1024.jpg\" class=\"img-responsive wp-image-8968\" srcset=\"https:\/\/moldow.com\/wp-content\/uploads\/2022\/11\/IMG_1503-200x282.jpg 200w, https:\/\/moldow.com\/wp-content\/uploads\/2022\/11\/IMG_1503-400x564.jpg 400w, https:\/\/moldow.com\/wp-content\/uploads\/2022\/11\/IMG_1503-600x846.jpg 600w, https:\/\/moldow.com\/wp-content\/uploads\/2022\/11\/IMG_1503-800x1128.jpg 800w, https:\/\/moldow.com\/wp-content\/uploads\/2022\/11\/IMG_1503-1200x1692.jpg 1200w, https:\/\/moldow.com\/wp-content\/uploads\/2022\/11\/IMG_1503.jpg 1219w\" sizes=\"(max-width: 800px) 100vw, 400px\" \/><\/span><\/div><div class=\"fusion-text fusion-text-4\" style=\"--awb-text-transform:none;\"><p><em>J\u00f8rgen arbejdede h\u00e5rdt for sit firma og sin familie &#8211; men pludselig var det forbi.<\/em><\/p>\n<\/div><div class=\"fusion-clearfix\"><\/div><\/div><\/div><div class=\"fusion-layout-column fusion_builder_column fusion-builder-column-5 fusion_builder_column_2_3 2_3 fusion-two-third fusion-column-first\" style=\"--awb-bg-size:cover;width:66.666666666667%;width:calc(66.666666666667% - ( ( 4% ) * 0.66666666666667 ) );margin-right: 4%;\"><div class=\"fusion-column-wrapper fusion-column-has-shadow fusion-flex-column-wrapper-legacy\"><div class=\"fusion-text fusion-text-5\" style=\"--awb-text-transform:none;\"><h3>Vil I hj\u00e6lpe mig?<\/h3>\n<p>Da medarbejderne p\u00e5 fabrikken h\u00f8rte, at J\u00f8rgen var d\u00f8d, blev de lige s\u00e5 chokerede som familien. De kunne ikke arbejde videre den dag, men gik hjem.<\/p>\n<p>N\u00e6ste dag kaldte Mary medarbejderne sammen p\u00e5 fabrikken. I l\u00f8bet af natten havde hun t\u00e6nkt det hele igennem, og hun var n\u00e5et frem til, at selv om det meget sv\u00e6rt nu, s\u00e5 burde hun f\u00f8re fabrikken videre. Der stod jo mange arbejdspladser p\u00e5 spil, og da b\u00e5de Preben og Birgitte havde talt om, at de m\u00e5ske gerne ville ind i firmaet engang, s\u00e5 syntes Mary ogs\u00e5, at hun af hensyn til sine b\u00f8rns fremtid burde tage det tunge ansvar p\u00e5 sine skuldre.<\/p>\n<p>Da alle medarbejderne var samlet i den ene af fabrikkens haller, sagde Mary til dem: \u201dJeg vil gerne fors\u00f8ge at f\u00f8re J\u00f8rgens livsv\u00e6rk videre. Men jeg kan kun, hvis I vil st\u00f8tte mig. Vil I v\u00e6re med?\u201d<\/p>\n<p>Et fast ja l\u00f8d fra alle de ansatte. Det kom som talt ud med \u00e9n mund.<\/p>\n<p>Med J\u00f8rgen i tankerne tog alle fat p\u00e5 den store opgave. Alle gav lidt mere af sig selv, b\u00e5de de ansatte, Mary og Preben, som gik i l\u00e6re p\u00e5 kontoret hos sin more samtidigt med, at han kom til at fungere som en slags v\u00e6rkf\u00f8rer.<\/p>\n<p>Da J\u00f8rgen var blevet begravet, rejste Birgitte tilbage til USA for at g\u00f8re sin skole f\u00e6rdig. Nu er hun vendt hjem til Danmark, har taget handelsskole-eksamen, og nu er hun ogs\u00e5 g\u00e5et i l\u00e6re hos sin mor.<\/p>\n<p>&#8211; Jeg har haft uvurderlig st\u00f8tte af mine b\u00f8rn og mine ansatte i den sv\u00e6re tid, efter at jeg var blevet alene. Og jeg tror, at J\u00f8rgen ville sige, at vi har klaret det godt. Vi har bevaret arbejdspladserne og oms\u00e6tningen, og vi er stadig i fremgang, smiler Mary p\u00e5 sin stille m\u00e5de. Hun er ikke den type, der tager de store armbev\u00e6gelser i brug.<\/p>\n<p>Mary er ikke alene i det store hus p\u00e5 \u00d8stergade i Holsted, d\u00e9r hvor hun sammen med J\u00f8rgen og b\u00f8rnene skabte rammerne omkring et godt familieliv pr\u00e6get af sammenhold.<\/p>\n<p>Hun er ikke alene, for Preben og Birgitte er flyttet ind igen. Ogs\u00e5 her hj\u00e6lpes de alle tre ad, n\u00e6rmest som i et stort kollektiv. Det er nok ikke s\u00e5 meget et helt traditionelt mor-og-barn-forhold.<\/p>\n<p>&#8211; Jeg f\u00f8ler, at vi er kammerater, meget n\u00e6re venner, som sammen har klaret en stor udfordring, siger Mary Hansen.<\/p>\n<\/div><div class=\"fusion-clearfix\"><\/div><\/div><\/div><div class=\"fusion-layout-column fusion_builder_column fusion-builder-column-6 fusion_builder_column_1_3 1_3 fusion-one-third fusion-column-last\" style=\"--awb-bg-size:cover;width:33.333333333333%;width:calc(33.333333333333% - ( ( 4% ) * 0.33333333333333 ) );\"><div class=\"fusion-column-wrapper fusion-column-has-shadow fusion-flex-column-wrapper-legacy\"><div class=\"fusion-image-element in-legacy-container\" style=\"--awb-caption-title-font-family:var(--h2_typography-font-family);--awb-caption-title-font-weight:var(--h2_typography-font-weight);--awb-caption-title-font-style:var(--h2_typography-font-style);--awb-caption-title-size:var(--h2_typography-font-size);--awb-caption-title-transform:var(--h2_typography-text-transform);--awb-caption-title-line-height:var(--h2_typography-line-height);--awb-caption-title-letter-spacing:var(--h2_typography-letter-spacing);\"><span class=\" fusion-imageframe imageframe-none imageframe-3 hover-type-none\"><img decoding=\"async\" width=\"936\" height=\"1024\" alt=\"Mary Ha\" title=\"IMG_1501\" src=\"https:\/\/moldow.com\/wp-content\/uploads\/2022\/11\/IMG_1501-936x1024.jpg\" class=\"img-responsive wp-image-8978\" srcset=\"https:\/\/moldow.com\/wp-content\/uploads\/2022\/11\/IMG_1501-200x219.jpg 200w, https:\/\/moldow.com\/wp-content\/uploads\/2022\/11\/IMG_1501-400x438.jpg 400w, https:\/\/moldow.com\/wp-content\/uploads\/2022\/11\/IMG_1501-600x657.jpg 600w, https:\/\/moldow.com\/wp-content\/uploads\/2022\/11\/IMG_1501-800x875.jpg 800w, https:\/\/moldow.com\/wp-content\/uploads\/2022\/11\/IMG_1501-1200x1313.jpg 1200w\" sizes=\"(max-width: 800px) 100vw, 400px\" \/><\/span><\/div><div class=\"fusion-text fusion-text-6\" style=\"--awb-text-transform:none;\"><p><em>Sorgen og kampen for at f\u00f8re firmaet videre, har gjort mine b\u00f8rn og mig til n\u00e6re venner, siger Mary.<\/em><\/p>\n<\/div><div class=\"fusion-clearfix\"><\/div><\/div><\/div><\/div><\/div>\n","protected":false},"excerpt":{"rendered":"","protected":false},"author":1,"featured_media":0,"parent":1700,"menu_order":0,"comment_status":"closed","ping_status":"closed","template":"100-width.php","meta":{"_acf_changed":false,"footnotes":""},"class_list":["post-9011","page","type-page","status-publish","hentry"],"acf":[],"yoast_head":"<!-- This site is optimized with the Yoast SEO plugin v24.8 - https:\/\/yoast.com\/wordpress\/plugins\/seo\/ -->\n<title>Artikel om Mary Hansen og J\u00f8rgen Hansen | Moldow<\/title>\n<meta name=\"description\" content=\"En artikel fra 1986 om, hvordan Mary Hansen sammen med sine b\u00f8rn videref\u00f8rte J\u00f8rgen Hansens Maskinfabrik, nu Moldow A\/S.\" \/>\n<meta name=\"robots\" content=\"index, follow, max-snippet:-1, max-image-preview:large, max-video-preview:-1\" \/>\n<link rel=\"canonical\" href=\"https:\/\/moldow.com\/da\/om-moldow\/historie\/artikel-om-mary-hansen-og-joergen-hansen\/\" \/>\n<meta property=\"og:locale\" content=\"da_DK\" \/>\n<meta property=\"og:type\" content=\"article\" \/>\n<meta property=\"og:title\" content=\"Artikel om Mary Hansen og J\u00f8rgen Hansen | Moldow\" \/>\n<meta property=\"og:description\" content=\"En artikel fra 1986 om, hvordan Mary Hansen sammen med sine b\u00f8rn videref\u00f8rte J\u00f8rgen Hansens Maskinfabrik, nu Moldow A\/S.\" \/>\n<meta property=\"og:url\" content=\"https:\/\/moldow.com\/da\/om-moldow\/historie\/artikel-om-mary-hansen-og-joergen-hansen\/\" \/>\n<meta property=\"og:site_name\" content=\"Moldow\" \/>\n<meta property=\"article:modified_time\" content=\"2022-12-01T08:21:16+00:00\" \/>\n<meta name=\"twitter:card\" content=\"summary_large_image\" \/>\n<meta name=\"twitter:label1\" content=\"Estimeret l\u00e6setid\" \/>\n\t<meta name=\"twitter:data1\" content=\"16 minutes\" \/>\n<script type=\"application\/ld+json\" class=\"yoast-schema-graph\">{\"@context\":\"https:\/\/schema.org\",\"@graph\":[{\"@type\":\"WebPage\",\"@id\":\"https:\/\/moldow.com\/da\/om-moldow\/historie\/artikel-om-mary-hansen-og-joergen-hansen\/\",\"url\":\"https:\/\/moldow.com\/da\/om-moldow\/historie\/artikel-om-mary-hansen-og-joergen-hansen\/\",\"name\":\"Artikel om Mary Hansen og J\u00f8rgen Hansen | Moldow\",\"isPartOf\":{\"@id\":\"https:\/\/moldow.com\/#website\"},\"datePublished\":\"2022-12-01T08:10:21+00:00\",\"dateModified\":\"2022-12-01T08:21:16+00:00\",\"description\":\"En artikel fra 1986 om, hvordan Mary Hansen sammen med sine b\u00f8rn videref\u00f8rte J\u00f8rgen Hansens Maskinfabrik, nu Moldow A\/S.\",\"breadcrumb\":{\"@id\":\"https:\/\/moldow.com\/da\/om-moldow\/historie\/artikel-om-mary-hansen-og-joergen-hansen\/#breadcrumb\"},\"inLanguage\":\"da-DK\",\"potentialAction\":[{\"@type\":\"ReadAction\",\"target\":[\"https:\/\/moldow.com\/da\/om-moldow\/historie\/artikel-om-mary-hansen-og-joergen-hansen\/\"]}]},{\"@type\":\"BreadcrumbList\",\"@id\":\"https:\/\/moldow.com\/da\/om-moldow\/historie\/artikel-om-mary-hansen-og-joergen-hansen\/#breadcrumb\",\"itemListElement\":[{\"@type\":\"ListItem\",\"position\":1,\"name\":\"Hjem\",\"item\":\"https:\/\/moldow.com\/da\/\"},{\"@type\":\"ListItem\",\"position\":2,\"name\":\"Om Moldow\",\"item\":\"https:\/\/moldow.com\/da\/om-moldow\/\"},{\"@type\":\"ListItem\",\"position\":3,\"name\":\"Historie\",\"item\":\"https:\/\/moldow.com\/da\/om-moldow\/historie\/\"},{\"@type\":\"ListItem\",\"position\":4,\"name\":\"Artikel om Mary Hansen og J\u00f8rgen Hansen\"}]},{\"@type\":\"WebSite\",\"@id\":\"https:\/\/moldow.com\/#website\",\"url\":\"https:\/\/moldow.com\/\",\"name\":\"Moldow\",\"description\":\"Dust Extraction Systems and Painting Lines\",\"publisher\":{\"@id\":\"https:\/\/moldow.com\/#organization\"},\"potentialAction\":[{\"@type\":\"SearchAction\",\"target\":{\"@type\":\"EntryPoint\",\"urlTemplate\":\"https:\/\/moldow.com\/?s={search_term_string}\"},\"query-input\":{\"@type\":\"PropertyValueSpecification\",\"valueRequired\":true,\"valueName\":\"search_term_string\"}}],\"inLanguage\":\"da-DK\"},{\"@type\":\"Organization\",\"@id\":\"https:\/\/moldow.com\/#organization\",\"name\":\"Moldow A\/S\",\"url\":\"https:\/\/moldow.com\/\",\"logo\":{\"@type\":\"ImageObject\",\"inLanguage\":\"da-DK\",\"@id\":\"https:\/\/moldow.com\/#\/schema\/logo\/image\/\",\"url\":\"https:\/\/moldow.com\/wp-content\/uploads\/2017\/01\/Moldow-logo-web-ny.png\",\"contentUrl\":\"https:\/\/moldow.com\/wp-content\/uploads\/2017\/01\/Moldow-logo-web-ny.png\",\"width\":259,\"height\":38,\"caption\":\"Moldow A\/S\"},\"image\":{\"@id\":\"https:\/\/moldow.com\/#\/schema\/logo\/image\/\"}}]}<\/script>\n<!-- \/ Yoast SEO plugin. -->","yoast_head_json":{"title":"Artikel om Mary Hansen og J\u00f8rgen Hansen | Moldow","description":"En artikel fra 1986 om, hvordan Mary Hansen sammen med sine b\u00f8rn videref\u00f8rte J\u00f8rgen Hansens Maskinfabrik, nu Moldow A\/S.","robots":{"index":"index","follow":"follow","max-snippet":"max-snippet:-1","max-image-preview":"max-image-preview:large","max-video-preview":"max-video-preview:-1"},"canonical":"https:\/\/moldow.com\/da\/om-moldow\/historie\/artikel-om-mary-hansen-og-joergen-hansen\/","og_locale":"da_DK","og_type":"article","og_title":"Artikel om Mary Hansen og J\u00f8rgen Hansen | Moldow","og_description":"En artikel fra 1986 om, hvordan Mary Hansen sammen med sine b\u00f8rn videref\u00f8rte J\u00f8rgen Hansens Maskinfabrik, nu Moldow A\/S.","og_url":"https:\/\/moldow.com\/da\/om-moldow\/historie\/artikel-om-mary-hansen-og-joergen-hansen\/","og_site_name":"Moldow","article_modified_time":"2022-12-01T08:21:16+00:00","twitter_card":"summary_large_image","twitter_misc":{"Estimeret l\u00e6setid":"16 minutes"},"schema":{"@context":"https:\/\/schema.org","@graph":[{"@type":"WebPage","@id":"https:\/\/moldow.com\/da\/om-moldow\/historie\/artikel-om-mary-hansen-og-joergen-hansen\/","url":"https:\/\/moldow.com\/da\/om-moldow\/historie\/artikel-om-mary-hansen-og-joergen-hansen\/","name":"Artikel om Mary Hansen og J\u00f8rgen Hansen | Moldow","isPartOf":{"@id":"https:\/\/moldow.com\/#website"},"datePublished":"2022-12-01T08:10:21+00:00","dateModified":"2022-12-01T08:21:16+00:00","description":"En artikel fra 1986 om, hvordan Mary Hansen sammen med sine b\u00f8rn videref\u00f8rte J\u00f8rgen Hansens Maskinfabrik, nu Moldow A\/S.","breadcrumb":{"@id":"https:\/\/moldow.com\/da\/om-moldow\/historie\/artikel-om-mary-hansen-og-joergen-hansen\/#breadcrumb"},"inLanguage":"da-DK","potentialAction":[{"@type":"ReadAction","target":["https:\/\/moldow.com\/da\/om-moldow\/historie\/artikel-om-mary-hansen-og-joergen-hansen\/"]}]},{"@type":"BreadcrumbList","@id":"https:\/\/moldow.com\/da\/om-moldow\/historie\/artikel-om-mary-hansen-og-joergen-hansen\/#breadcrumb","itemListElement":[{"@type":"ListItem","position":1,"name":"Hjem","item":"https:\/\/moldow.com\/da\/"},{"@type":"ListItem","position":2,"name":"Om Moldow","item":"https:\/\/moldow.com\/da\/om-moldow\/"},{"@type":"ListItem","position":3,"name":"Historie","item":"https:\/\/moldow.com\/da\/om-moldow\/historie\/"},{"@type":"ListItem","position":4,"name":"Artikel om Mary Hansen og J\u00f8rgen Hansen"}]},{"@type":"WebSite","@id":"https:\/\/moldow.com\/#website","url":"https:\/\/moldow.com\/","name":"Moldow","description":"Dust Extraction Systems and Painting Lines","publisher":{"@id":"https:\/\/moldow.com\/#organization"},"potentialAction":[{"@type":"SearchAction","target":{"@type":"EntryPoint","urlTemplate":"https:\/\/moldow.com\/?s={search_term_string}"},"query-input":{"@type":"PropertyValueSpecification","valueRequired":true,"valueName":"search_term_string"}}],"inLanguage":"da-DK"},{"@type":"Organization","@id":"https:\/\/moldow.com\/#organization","name":"Moldow A\/S","url":"https:\/\/moldow.com\/","logo":{"@type":"ImageObject","inLanguage":"da-DK","@id":"https:\/\/moldow.com\/#\/schema\/logo\/image\/","url":"https:\/\/moldow.com\/wp-content\/uploads\/2017\/01\/Moldow-logo-web-ny.png","contentUrl":"https:\/\/moldow.com\/wp-content\/uploads\/2017\/01\/Moldow-logo-web-ny.png","width":259,"height":38,"caption":"Moldow A\/S"},"image":{"@id":"https:\/\/moldow.com\/#\/schema\/logo\/image\/"}}]}},"_links":{"self":[{"href":"https:\/\/moldow.com\/da\/wp-json\/wp\/v2\/pages\/9011","targetHints":{"allow":["GET"]}}],"collection":[{"href":"https:\/\/moldow.com\/da\/wp-json\/wp\/v2\/pages"}],"about":[{"href":"https:\/\/moldow.com\/da\/wp-json\/wp\/v2\/types\/page"}],"author":[{"embeddable":true,"href":"https:\/\/moldow.com\/da\/wp-json\/wp\/v2\/users\/1"}],"replies":[{"embeddable":true,"href":"https:\/\/moldow.com\/da\/wp-json\/wp\/v2\/comments?post=9011"}],"version-history":[{"count":4,"href":"https:\/\/moldow.com\/da\/wp-json\/wp\/v2\/pages\/9011\/revisions"}],"predecessor-version":[{"id":9020,"href":"https:\/\/moldow.com\/da\/wp-json\/wp\/v2\/pages\/9011\/revisions\/9020"}],"up":[{"embeddable":true,"href":"https:\/\/moldow.com\/da\/wp-json\/wp\/v2\/pages\/1700"}],"wp:attachment":[{"href":"https:\/\/moldow.com\/da\/wp-json\/wp\/v2\/media?parent=9011"}],"curies":[{"name":"wp","href":"https:\/\/api.w.org\/{rel}","templated":true}]}}