{"id":8204,"date":"2022-08-25T08:42:32","date_gmt":"2022-08-25T08:42:32","guid":{"rendered":"https:\/\/moldow.com\/?page_id=8204"},"modified":"2022-08-30T09:05:44","modified_gmt":"2022-08-30T09:05:44","slug":"laereplads-som-smed","status":"publish","type":"page","link":"https:\/\/moldow.com\/da\/om-moldow\/stilllinger\/laereplads-som-smed\/","title":{"rendered":"L\u00e6replads som smed"},"content":{"rendered":"<div class=\"fusion-fullwidth fullwidth-box fusion-builder-row-1 fusion-flex-container nonhundred-percent-fullwidth non-hundred-percent-height-scrolling\" style=\"--awb-border-radius-top-left:0px;--awb-border-radius-top-right:0px;--awb-border-radius-bottom-right:0px;--awb-border-radius-bottom-left:0px;--awb-margin-top:80px;--awb-background-color:#ffffff;--awb-flex-wrap:wrap;\" ><div class=\"fusion-builder-row fusion-row fusion-flex-align-items-flex-start fusion-flex-content-wrap\" style=\"max-width:1144px;margin-left: calc(-4% \/ 2 );margin-right: calc(-4% \/ 2 );\"><div class=\"fusion-layout-column fusion_builder_column fusion-builder-column-0 fusion_builder_column_2_3 2_3 fusion-flex-column\" style=\"--awb-bg-size:cover;--awb-width-large:66.666666666667%;--awb-margin-top-large:0px;--awb-spacing-right-large:3.84%;--awb-margin-bottom-large:0px;--awb-spacing-left-large:2.88%;--awb-width-medium:100%;--awb-spacing-right-medium:1.92%;--awb-spacing-left-medium:1.92%;--awb-width-small:100%;--awb-spacing-right-small:1.92%;--awb-spacing-left-small:1.92%;\"><div class=\"fusion-column-wrapper fusion-flex-justify-content-flex-start fusion-content-layout-column\"><div class=\"fusion-title title fusion-title-1 sep-underline sep-solid fusion-title-text fusion-title-size-one\"><h1 class=\"fusion-title-heading title-heading-left\" style=\"margin:0;\">L\u00c6REPLADS SOM SMED<\/h1><\/div><div class=\"fusion-text fusion-text-1\" style=\"--awb-text-transform:none;\"><h2 class=\"fusion-responsive-typography-calculated\" data-fontsize=\"15\" data-lineheight=\"22.5px\">Vi s\u00f8ger nye smedel\u00e6rlinge<\/h2>\n<p>S\u00f8ger du en l\u00e6replads som smed? S\u00e5 l\u00e6s videre. Vi s\u00f8ger nemlig altid nye l\u00e6rlinge, der vil uddanne sig som klejnsmed eller rustfri smed.<\/p>\n<p>Vi f\u00f8ler, at vi som virksomhed har et ansvar for at uddanne nye fagl\u00e6rt kr\u00e6fter og fors\u00f8ger altid at have 3-5 smedel\u00e6rlinge.<\/p>\n<p>Uddannelsen til smed tager 4 \u00e5r, hvoraf ca. 1 \u00e5r bruges p\u00e5 skole. Du kan l\u00e6se mere om uddannelsen <a href=\"https:\/\/elevplads.dk\/erhvervsuddannelser\/haandvaerk\/smed\/\">her<\/a> og <a href=\"https:\/\/www.ug.dk\/job\/job-fordelt-paa-erhvervsomraader\/jernmetalogbiler\/grovklejnsmedearb\/klejnsmed\">her<\/a>.<\/p>\n<h3>Uforpligtende snak og bes\u00f8g p\u00e5 fabrikken<\/h3>\n<p>Da vores l\u00e6rlinge l\u00f8bende bliver f\u00e6rdige, leder vi altid efter nye, dygtige unge.<\/p>\n<p>For unge, der er interesserede i at uddanne sig til smede, tilbyder vi en uforpligtende rundvisning p\u00e5 fabrikken, en praktikperiode p\u00e5 2-4 uger eller ans\u00e6ttelse som fejedreng, hvor vi kan se hinanden an.<\/p>\n<p>Kontakt os for mere information ved at udfylde kontaktformularen her eller ringe eller skrive p\u00e5 20757007.<\/p>\n<\/div><div class=\"fusion-video fusion-youtube\" style=\"--awb-max-width:600px;--awb-max-height:360px;\" data-autoplay=\"1\"><div class=\"video-shortcode\"><div class=\"fluid-width-video-wrapper\" style=\"padding-top:60%;\" ><iframe title=\"YouTube video player 1\" src=\"https:\/\/www.youtube.com\/embed\/fWvpb7Y8G4A?wmode=transparent&autoplay=0\" width=\"600\" height=\"360\" allowfullscreen allow=\"autoplay; fullscreen\"><\/iframe><\/div><\/div><\/div><\/div><\/div><div class=\"fusion-layout-column fusion_builder_column fusion-builder-column-1 fusion_builder_column_1_3 1_3 fusion-flex-column\" style=\"--awb-bg-size:cover;--awb-width-large:33.333333333333%;--awb-margin-top-large:0px;--awb-spacing-right-large:5.76%;--awb-margin-bottom-large:0px;--awb-spacing-left-large:3.84%;--awb-width-medium:100%;--awb-order-medium:0;--awb-spacing-right-medium:1.92%;--awb-spacing-left-medium:1.92%;--awb-width-small:100%;--awb-order-small:0;--awb-spacing-right-small:1.92%;--awb-spacing-left-small:1.92%;\"><div class=\"fusion-column-wrapper fusion-column-has-shadow fusion-flex-justify-content-flex-start fusion-content-layout-column\"><div class=\"fusion-image-element \" style=\"--awb-caption-title-font-family:var(--h2_typography-font-family);--awb-caption-title-font-weight:var(--h2_typography-font-weight);--awb-caption-title-font-style:var(--h2_typography-font-style);--awb-caption-title-size:var(--h2_typography-font-size);--awb-caption-title-transform:var(--h2_typography-text-transform);--awb-caption-title-line-height:var(--h2_typography-line-height);--awb-caption-title-letter-spacing:var(--h2_typography-letter-spacing);\"><span class=\" fusion-imageframe imageframe-none imageframe-1 hover-type-none\"><img decoding=\"async\" width=\"430\" height=\"600\" alt=\"Smedel\u00e6rling\" src=\"https:\/\/moldow.com\/wp-content\/uploads\/2022\/07\/Punktudsugning-svejsning.jpg\" class=\"img-responsive wp-image-7513\" srcset=\"https:\/\/moldow.com\/wp-content\/uploads\/2022\/07\/Punktudsugning-svejsning-200x279.jpg 200w, https:\/\/moldow.com\/wp-content\/uploads\/2022\/07\/Punktudsugning-svejsning-400x558.jpg 400w, https:\/\/moldow.com\/wp-content\/uploads\/2022\/07\/Punktudsugning-svejsning.jpg 430w\" sizes=\"(max-width: 1024px) 100vw, (max-width: 640px) 100vw, 400px\" \/><\/span><\/div><div class=\"fusion-title title fusion-title-2 sep-underline sep-solid fusion-title-text fusion-title-size-one\"><h1 class=\"fusion-title-heading title-heading-left\" style=\"margin:0;\">KONTAKFORMULAR<\/h1><\/div><script src=\"https:\/\/superoffice.moldow.com\/Service\/scripts\/customer.fcgi?action=form&id=F-nmVtexcG\"><\/script><\/div><\/div><\/div><\/div>\n","protected":false},"excerpt":{"rendered":"","protected":false},"author":1,"featured_media":0,"parent":1702,"menu_order":0,"comment_status":"closed","ping_status":"closed","template":"100-width.php","meta":{"_acf_changed":false,"footnotes":""},"class_list":["post-8204","page","type-page","status-publish","hentry"],"acf":[],"yoast_head":"<!-- This site is optimized with the Yoast SEO plugin v24.8 - https:\/\/yoast.com\/wordpress\/plugins\/seo\/ -->\n<title>L\u00e6replads som smed | Moldow<\/title>\n<meta name=\"description\" content=\"Hos Moldow s\u00f8ger vi altid nye l\u00e6rlinge, der vil uddanne sig som klejnsmed eller rustfri smed. Find din l\u00e6replads og f\u00e5 en fagl\u00e6rt uddannelse.\" \/>\n<meta name=\"robots\" content=\"index, follow, max-snippet:-1, max-image-preview:large, max-video-preview:-1\" \/>\n<link rel=\"canonical\" href=\"https:\/\/moldow.com\/da\/om-moldow\/stilllinger\/laereplads-som-smed\/\" \/>\n<meta property=\"og:locale\" content=\"da_DK\" \/>\n<meta property=\"og:type\" content=\"article\" \/>\n<meta property=\"og:title\" content=\"L\u00e6replads som smed | Moldow\" \/>\n<meta property=\"og:description\" content=\"Hos Moldow s\u00f8ger vi altid nye l\u00e6rlinge, der vil uddanne sig som klejnsmed eller rustfri smed. Find din l\u00e6replads og f\u00e5 en fagl\u00e6rt uddannelse.\" \/>\n<meta property=\"og:url\" content=\"https:\/\/moldow.com\/da\/om-moldow\/stilllinger\/laereplads-som-smed\/\" \/>\n<meta property=\"og:site_name\" content=\"Moldow\" \/>\n<meta property=\"article:modified_time\" content=\"2022-08-30T09:05:44+00:00\" \/>\n<meta name=\"twitter:card\" content=\"summary_large_image\" \/>\n<meta name=\"twitter:label1\" content=\"Estimeret l\u00e6setid\" \/>\n\t<meta name=\"twitter:data1\" content=\"5 minutes\" \/>\n<script type=\"application\/ld+json\" class=\"yoast-schema-graph\">{\"@context\":\"https:\/\/schema.org\",\"@graph\":[{\"@type\":\"WebPage\",\"@id\":\"https:\/\/moldow.com\/da\/om-moldow\/stilllinger\/laereplads-som-smed\/\",\"url\":\"https:\/\/moldow.com\/da\/om-moldow\/stilllinger\/laereplads-som-smed\/\",\"name\":\"L\u00e6replads som smed | Moldow\",\"isPartOf\":{\"@id\":\"https:\/\/moldow.com\/#website\"},\"datePublished\":\"2022-08-25T08:42:32+00:00\",\"dateModified\":\"2022-08-30T09:05:44+00:00\",\"description\":\"Hos Moldow s\u00f8ger vi altid nye l\u00e6rlinge, der vil uddanne sig som klejnsmed eller rustfri smed. Find din l\u00e6replads og f\u00e5 en fagl\u00e6rt uddannelse.\",\"breadcrumb\":{\"@id\":\"https:\/\/moldow.com\/da\/om-moldow\/stilllinger\/laereplads-som-smed\/#breadcrumb\"},\"inLanguage\":\"da-DK\",\"potentialAction\":[{\"@type\":\"ReadAction\",\"target\":[\"https:\/\/moldow.com\/da\/om-moldow\/stilllinger\/laereplads-som-smed\/\"]}]},{\"@type\":\"BreadcrumbList\",\"@id\":\"https:\/\/moldow.com\/da\/om-moldow\/stilllinger\/laereplads-som-smed\/#breadcrumb\",\"itemListElement\":[{\"@type\":\"ListItem\",\"position\":1,\"name\":\"Hjem\",\"item\":\"https:\/\/moldow.com\/da\/\"},{\"@type\":\"ListItem\",\"position\":2,\"name\":\"Om Moldow\",\"item\":\"https:\/\/moldow.com\/da\/om-moldow\/\"},{\"@type\":\"ListItem\",\"position\":3,\"name\":\"Stilllinger\",\"item\":\"https:\/\/moldow.com\/da\/om-moldow\/stilllinger\/\"},{\"@type\":\"ListItem\",\"position\":4,\"name\":\"L\u00e6replads som smed\"}]},{\"@type\":\"WebSite\",\"@id\":\"https:\/\/moldow.com\/#website\",\"url\":\"https:\/\/moldow.com\/\",\"name\":\"Moldow\",\"description\":\"Dust Extraction Systems and Painting Lines\",\"publisher\":{\"@id\":\"https:\/\/moldow.com\/#organization\"},\"potentialAction\":[{\"@type\":\"SearchAction\",\"target\":{\"@type\":\"EntryPoint\",\"urlTemplate\":\"https:\/\/moldow.com\/?s={search_term_string}\"},\"query-input\":{\"@type\":\"PropertyValueSpecification\",\"valueRequired\":true,\"valueName\":\"search_term_string\"}}],\"inLanguage\":\"da-DK\"},{\"@type\":\"Organization\",\"@id\":\"https:\/\/moldow.com\/#organization\",\"name\":\"Moldow A\/S\",\"url\":\"https:\/\/moldow.com\/\",\"logo\":{\"@type\":\"ImageObject\",\"inLanguage\":\"da-DK\",\"@id\":\"https:\/\/moldow.com\/#\/schema\/logo\/image\/\",\"url\":\"https:\/\/moldow.com\/wp-content\/uploads\/2017\/01\/Moldow-logo-web-ny.png\",\"contentUrl\":\"https:\/\/moldow.com\/wp-content\/uploads\/2017\/01\/Moldow-logo-web-ny.png\",\"width\":259,\"height\":38,\"caption\":\"Moldow A\/S\"},\"image\":{\"@id\":\"https:\/\/moldow.com\/#\/schema\/logo\/image\/\"}}]}<\/script>\n<!-- \/ Yoast SEO plugin. -->","yoast_head_json":{"title":"L\u00e6replads som smed | Moldow","description":"Hos Moldow s\u00f8ger vi altid nye l\u00e6rlinge, der vil uddanne sig som klejnsmed eller rustfri smed. Find din l\u00e6replads og f\u00e5 en fagl\u00e6rt uddannelse.","robots":{"index":"index","follow":"follow","max-snippet":"max-snippet:-1","max-image-preview":"max-image-preview:large","max-video-preview":"max-video-preview:-1"},"canonical":"https:\/\/moldow.com\/da\/om-moldow\/stilllinger\/laereplads-som-smed\/","og_locale":"da_DK","og_type":"article","og_title":"L\u00e6replads som smed | Moldow","og_description":"Hos Moldow s\u00f8ger vi altid nye l\u00e6rlinge, der vil uddanne sig som klejnsmed eller rustfri smed. Find din l\u00e6replads og f\u00e5 en fagl\u00e6rt uddannelse.","og_url":"https:\/\/moldow.com\/da\/om-moldow\/stilllinger\/laereplads-som-smed\/","og_site_name":"Moldow","article_modified_time":"2022-08-30T09:05:44+00:00","twitter_card":"summary_large_image","twitter_misc":{"Estimeret l\u00e6setid":"5 minutes"},"schema":{"@context":"https:\/\/schema.org","@graph":[{"@type":"WebPage","@id":"https:\/\/moldow.com\/da\/om-moldow\/stilllinger\/laereplads-som-smed\/","url":"https:\/\/moldow.com\/da\/om-moldow\/stilllinger\/laereplads-som-smed\/","name":"L\u00e6replads som smed | Moldow","isPartOf":{"@id":"https:\/\/moldow.com\/#website"},"datePublished":"2022-08-25T08:42:32+00:00","dateModified":"2022-08-30T09:05:44+00:00","description":"Hos Moldow s\u00f8ger vi altid nye l\u00e6rlinge, der vil uddanne sig som klejnsmed eller rustfri smed. Find din l\u00e6replads og f\u00e5 en fagl\u00e6rt uddannelse.","breadcrumb":{"@id":"https:\/\/moldow.com\/da\/om-moldow\/stilllinger\/laereplads-som-smed\/#breadcrumb"},"inLanguage":"da-DK","potentialAction":[{"@type":"ReadAction","target":["https:\/\/moldow.com\/da\/om-moldow\/stilllinger\/laereplads-som-smed\/"]}]},{"@type":"BreadcrumbList","@id":"https:\/\/moldow.com\/da\/om-moldow\/stilllinger\/laereplads-som-smed\/#breadcrumb","itemListElement":[{"@type":"ListItem","position":1,"name":"Hjem","item":"https:\/\/moldow.com\/da\/"},{"@type":"ListItem","position":2,"name":"Om Moldow","item":"https:\/\/moldow.com\/da\/om-moldow\/"},{"@type":"ListItem","position":3,"name":"Stilllinger","item":"https:\/\/moldow.com\/da\/om-moldow\/stilllinger\/"},{"@type":"ListItem","position":4,"name":"L\u00e6replads som smed"}]},{"@type":"WebSite","@id":"https:\/\/moldow.com\/#website","url":"https:\/\/moldow.com\/","name":"Moldow","description":"Dust Extraction Systems and Painting Lines","publisher":{"@id":"https:\/\/moldow.com\/#organization"},"potentialAction":[{"@type":"SearchAction","target":{"@type":"EntryPoint","urlTemplate":"https:\/\/moldow.com\/?s={search_term_string}"},"query-input":{"@type":"PropertyValueSpecification","valueRequired":true,"valueName":"search_term_string"}}],"inLanguage":"da-DK"},{"@type":"Organization","@id":"https:\/\/moldow.com\/#organization","name":"Moldow A\/S","url":"https:\/\/moldow.com\/","logo":{"@type":"ImageObject","inLanguage":"da-DK","@id":"https:\/\/moldow.com\/#\/schema\/logo\/image\/","url":"https:\/\/moldow.com\/wp-content\/uploads\/2017\/01\/Moldow-logo-web-ny.png","contentUrl":"https:\/\/moldow.com\/wp-content\/uploads\/2017\/01\/Moldow-logo-web-ny.png","width":259,"height":38,"caption":"Moldow A\/S"},"image":{"@id":"https:\/\/moldow.com\/#\/schema\/logo\/image\/"}}]}},"_links":{"self":[{"href":"https:\/\/moldow.com\/da\/wp-json\/wp\/v2\/pages\/8204","targetHints":{"allow":["GET"]}}],"collection":[{"href":"https:\/\/moldow.com\/da\/wp-json\/wp\/v2\/pages"}],"about":[{"href":"https:\/\/moldow.com\/da\/wp-json\/wp\/v2\/types\/page"}],"author":[{"embeddable":true,"href":"https:\/\/moldow.com\/da\/wp-json\/wp\/v2\/users\/1"}],"replies":[{"embeddable":true,"href":"https:\/\/moldow.com\/da\/wp-json\/wp\/v2\/comments?post=8204"}],"version-history":[{"count":12,"href":"https:\/\/moldow.com\/da\/wp-json\/wp\/v2\/pages\/8204\/revisions"}],"predecessor-version":[{"id":8214,"href":"https:\/\/moldow.com\/da\/wp-json\/wp\/v2\/pages\/8204\/revisions\/8214"}],"up":[{"embeddable":true,"href":"https:\/\/moldow.com\/da\/wp-json\/wp\/v2\/pages\/1702"}],"wp:attachment":[{"href":"https:\/\/moldow.com\/da\/wp-json\/wp\/v2\/media?parent=8204"}],"curies":[{"name":"wp","href":"https:\/\/api.w.org\/{rel}","templated":true}]}}