{"id":7984,"date":"2022-07-14T10:57:03","date_gmt":"2022-07-14T10:57:03","guid":{"rendered":"https:\/\/moldow.com\/filteranlaeg\/industrier\/traeindustri\/dust-extraction-system-for-furniture-manufacturer\/"},"modified":"2022-07-14T11:02:21","modified_gmt":"2022-07-14T11:02:21","slug":"spaansugnings-og-filteranlaeg-til-moebelproducent","status":"publish","type":"page","link":"https:\/\/moldow.com\/da\/filteranlaeg\/industrier\/traeindustri\/spaansugnings-og-filteranlaeg-til-moebelproducent\/","title":{"rendered":"Filter- og sp\u00e5nsugningsanl\u00e6g til m\u00f8belproducent"},"content":{"rendered":"<p><div class=\"fusion-fullwidth fullwidth-box fusion-builder-row-1 nonhundred-percent-fullwidth non-hundred-percent-height-scrolling\" style=\"--awb-border-radius-top-left:0px;--awb-border-radius-top-right:0px;--awb-border-radius-bottom-right:0px;--awb-border-radius-bottom-left:0px;--awb-margin-top:80px;--awb-background-color:rgba(255,255,255,0.92);--awb-flex-wrap:wrap;\" ><div class=\"fusion-builder-row fusion-row\"><div class=\"fusion-layout-column fusion_builder_column fusion-builder-column-0 fusion_builder_column_1_1 1_1 fusion-one-full fusion-column-first fusion-column-last\" style=\"--awb-bg-size:cover;\"><div class=\"fusion-column-wrapper fusion-column-has-shadow fusion-flex-column-wrapper-legacy\"><div class=\"fusion-title title fusion-title-1 sep-underline sep-solid fusion-title-text fusion-title-size-one\"><h1 class=\"fusion-title-heading title-heading-left\" style=\"margin:0;\">CASE: SP\u00c5NSUGNINGSANL\u00c6G TIL BRITISK M\u00d8BELFABRIK<\/h1><\/div><div class=\"fusion-clearfix\"><\/div><\/div><\/div><div class=\"fusion-layout-column fusion_builder_column fusion-builder-column-1 fusion_builder_column_2_3 2_3 fusion-two-third fusion-column-first\" style=\"--awb-bg-size:cover;width:66.666666666667%;width:calc(66.666666666667% - ( ( 4% ) * 0.66666666666667 ) );margin-right: 4%;\"><div class=\"fusion-column-wrapper fusion-column-has-shadow fusion-flex-column-wrapper-legacy\"><div class=\"fusion-title title fusion-title-2 sep-underline sep-solid fusion-title-text fusion-title-size-two\"><h2 class=\"fusion-title-heading title-heading-left\" style=\"margin:0;\">Moldow filter og ventilatorer til effektiv udsugning og filtrering af tr\u00e6affald<\/h2><\/div><div class=\"fusion-text fusion-text-1\" style=\"--awb-text-transform:none;\"><p>Vores britiske distribut\u00f8r Filtermist Systems LTD har installeret og idriftsat et komplet <a href=\"https:\/\/moldow.com\/da\/filteranlaeg\/\">sp\u00e5nsugningsanl\u00e6g<\/a> hos Dams International, en f\u00f8rende britisk producent af kontorm\u00f8bler.<\/p>\n<p>Sp\u00e5nsugningsanl\u00e6g inkluderer et Moldow MHL 204-336 <a href=\"https:\/\/moldow.com\/da\/filteranlaeg\/produkter\/filter\/\">modulopbygget filter<\/a> til 117.000 m3\/t og to direkte-drevne 90 kW-<a href=\"https:\/\/moldow.com\/da\/filteranlaeg\/produkter\/ventilator\/\">ventilatorer<\/a>.<\/p>\n<p>L\u00e6s et oversat uddrag af artiklen nedenfor. Artiklen kan l\u00e6ses i fuld l\u00e6ngde p\u00e5\u00a0<a href=\"https:\/\/www.filtermist.co.uk\/news\/post\/2020\/02\/20\/filtermist-upgrades-dams-extraction\">Filtermists hjemmeside<\/a>.<\/p>\n<p>[&#8230;]<\/p>\n<p>De fleste m\u00f8belproducenter har det til f\u00e6lles, at produktionsm\u00e6ngderne samt kravene til produktudseendet for bestemte komponenter varierer, hvilket betyder, at det er ret sj\u00e6ldent, at alle maskiner er i brug p\u00e5 samme tid. Det bekr\u00e6fter Michael Dingwall: \u201dDet gamle anl\u00e6g sugede derfor konstant mere, end hvad der egentlig var behov for.\u201d Efter en fuld gennemgang af Dams\u2019 krav til nuv\u00e6rende og fremtidig sp\u00e5nsugning og affaldsh\u00e5ndtering fremsatte Steve Rhodes, Systems Sales Manager hos Filtermist, et omfattende forslag til installation af et komplet, udend\u00f8rs Moldow-filteranl\u00e6g med nye udsugningsventilatorer [\u2026 ].<\/p>\n<p>Filtermist Systems Limited er eksklusiv distribut\u00f8r af de ATEX-kompatible Moldow-filterenheder, og den nye installation hos Dams inkluderer et Moldow MHL 204-336 modulopbygget filter. Moldow High Load (MHL) filtre er konstrueret af galvaniseret st\u00e5l og designet til store affaldsm\u00e6ngder og kontinuerlig drift 24\/7. Hos Dams er systemet designet som et undertrykssystem, et undertryk der leveres af to st\u00f8jsvage, 90kW Moldow direkte-drevne ventilatorer. Hver ventilator har kapacitet til at udtr\u00e6kke over 58.500 m3\/t fra den &#8216;rene side&#8217; af filteret.<\/p>\n<p>\u00d8verst i MHL-filtreret er der 20 filtersektioner, hver udstyret med antistatiske filterposer, hvilket giver et samlet filtreringsoverfladeareal p\u00e5 700 m\u00b2. [\u2026] Et unikt regenereringssystem med en 4 kW-ventilator sikrer automatisk og kontinuerlig reng\u00f8ring af filterposerne under drift.<\/p>\n<p>St\u00f8vet, der renses fra filterposerne, falder ned i bunden af \u200b\u200bfiltreret og ledes derefter af en k\u00e6detransport\u00f8r mod en rotorsluse, hvorfra affaldet udledes trykfrit. En 22 kW ventilator overf\u00f8rer det udledte affald til en opbevaringssilo, hvorefter det bruges i virksomhedens tr\u00e6affaldsbr\u00e6nder, eller hvis n\u00f8dvendigt dirigeres det via et lukket kredsl\u00f8bssystem til en trailer og fjernes fra stedet.<\/p>\n<p>Anl\u00e6gget sikrer udsugning fra mere end 20 maskiner med et samlet udsugningsbehov p\u00e5 130.000 m3\/t og inkluderer ogs\u00e5 gnistdetekteringsanl\u00e6g og tilbageslagsklapper i hver af de fire hovedudsugningsr\u00f8r. [&#8230;]<\/p>\n<p>Kilde: https:\/\/www.filtermist.co.uk\/news\/post\/2020\/02\/20\/filtermist-upgrades-dams-extraction<\/p>\n<\/div><div class=\"fusion-clearfix\"><\/div><\/div><\/div><div class=\"fusion-layout-column fusion_builder_column fusion-builder-column-2 fusion_builder_column_1_3 1_3 fusion-one-third fusion-column-last\" style=\"--awb-bg-size:cover;width:33.333333333333%;width:calc(33.333333333333% - ( ( 4% ) * 0.33333333333333 ) );\"><div class=\"fusion-column-wrapper fusion-column-has-shadow fusion-flex-column-wrapper-legacy\"><div class=\"fusion-image-element in-legacy-container\" style=\"--awb-margin-top:10px;--awb-caption-title-font-family:var(--h2_typography-font-family);--awb-caption-title-font-weight:var(--h2_typography-font-weight);--awb-caption-title-font-style:var(--h2_typography-font-style);--awb-caption-title-size:var(--h2_typography-font-size);--awb-caption-title-transform:var(--h2_typography-text-transform);--awb-caption-title-line-height:var(--h2_typography-line-height);--awb-caption-title-letter-spacing:var(--h2_typography-letter-spacing);\"><span class=\" fusion-imageframe imageframe-none imageframe-1 hover-type-none\"><img decoding=\"async\" width=\"600\" height=\"430\" alt=\"Dust Extraction System Furniture Manufacturer\" src=\"https:\/\/moldow.com\/wp-content\/uploads\/2020\/05\/Dust-Extraction-System-Furniture-Manufacturer.jpg\" class=\"img-responsive wp-image-4990\" srcset=\"https:\/\/moldow.com\/wp-content\/uploads\/2020\/05\/Dust-Extraction-System-Furniture-Manufacturer-200x143.jpg 200w, https:\/\/moldow.com\/wp-content\/uploads\/2020\/05\/Dust-Extraction-System-Furniture-Manufacturer-400x287.jpg 400w, https:\/\/moldow.com\/wp-content\/uploads\/2020\/05\/Dust-Extraction-System-Furniture-Manufacturer.jpg 600w\" sizes=\"(max-width: 800px) 100vw, 400px\" \/><\/span><\/div><div class=\"fusion-image-element in-legacy-container\" style=\"--awb-margin-top:10px;--awb-caption-title-font-family:var(--h2_typography-font-family);--awb-caption-title-font-weight:var(--h2_typography-font-weight);--awb-caption-title-font-style:var(--h2_typography-font-style);--awb-caption-title-size:var(--h2_typography-font-size);--awb-caption-title-transform:var(--h2_typography-text-transform);--awb-caption-title-line-height:var(--h2_typography-line-height);--awb-caption-title-letter-spacing:var(--h2_typography-letter-spacing);\"><span class=\" fusion-imageframe imageframe-none imageframe-2 hover-type-none\"><img decoding=\"async\" width=\"600\" height=\"430\" alt=\"Dust extraction system\" title=\"Dams-International-dust-extraction\" src=\"https:\/\/moldow.com\/wp-content\/uploads\/2020\/05\/Dams-International-dust-extraction.jpg\" class=\"img-responsive wp-image-4986\" srcset=\"https:\/\/moldow.com\/wp-content\/uploads\/2020\/05\/Dams-International-dust-extraction-200x143.jpg 200w, https:\/\/moldow.com\/wp-content\/uploads\/2020\/05\/Dams-International-dust-extraction-400x287.jpg 400w, https:\/\/moldow.com\/wp-content\/uploads\/2020\/05\/Dams-International-dust-extraction.jpg 600w\" sizes=\"(max-width: 800px) 100vw, 400px\" \/><\/span><\/div><div class=\"fusion-clearfix\"><\/div><\/div><\/div><\/div><\/div><div class=\"fusion-fullwidth fullwidth-box fusion-builder-row-2 nonhundred-percent-fullwidth non-hundred-percent-height-scrolling\" style=\"--awb-border-radius-top-left:0px;--awb-border-radius-top-right:0px;--awb-border-radius-bottom-right:0px;--awb-border-radius-bottom-left:0px;--awb-padding-top:0px;--awb-padding-bottom:20px;--awb-margin-top:60px;--awb-background-color:rgba(255,255,255,0);--awb-flex-wrap:wrap;\" ><div class=\"fusion-builder-row fusion-row\"><div class=\"fusion-layout-column fusion_builder_column fusion-builder-column-3 fusion_builder_column_1_1 1_1 fusion-one-full fusion-column-first fusion-column-last fusion-animated\" style=\"--awb-bg-size:cover;--awb-margin-top:20px;--awb-margin-bottom:20px;\" data-animationType=\"slideInLeft\" data-animationDuration=\"1.3\" data-animationOffset=\"top-mid-of-view\"><div class=\"fusion-column-wrapper fusion-column-has-shadow fusion-flex-column-wrapper-legacy\"><div class=\"fusion-content-boxes content-boxes columns row fusion-columns-4 fusion-columns-total-4 fusion-content-boxes-1 content-boxes-icon-on-top content-left\" style=\"--awb-hover-accent-color:#dc0814;--awb-circle-hover-accent-color:transparent;\" data-animationOffset=\"top-mid-of-view\"><div style=\"--awb-backgroundcolor:#ffffff;\" class=\"fusion-column content-box-column content-box-column content-box-column-1 col-lg-3 col-md-3 col-sm-3 fusion-content-box-hover content-box-column-first-in-row\"><div class=\"col content-box-wrapper content-wrapper-background link-area-box link-type-text icon-hover-animation-fade\" data-link=\"https:\/\/moldow.com\/da\/filteranlaeg\/industrier\/\" data-link-target=\"_self\" data-animationOffset=\"top-mid-of-view\"><div class=\"heading heading-with-icon icon-left\"><a class=\"heading-link\" href=\"https:\/\/moldow.com\/da\/filteranlaeg\/industrier\/\" target=\"_self\"><div class=\"icon\"><i style=\"background-color:transparent;border-color:transparent;height:auto;width: 60px;line-height:normal;font-size:60px;\" aria-hidden=\"true\" class=\"fontawesome-icon fa-list-ul fas circle-no\"><\/i><\/div><h6 class=\"content-box-heading\" style=\"--h6_typography-font-size:22px;line-height:27px;\">INDUSTRIER<\/h6><\/a><\/div><div class=\"fusion-clearfix\"><\/div><div class=\"content-container\">\n<p>De forskellige industrier<\/p>\n<\/div><\/div><\/div><div style=\"--awb-backgroundcolor:#ffffff;\" class=\"fusion-column content-box-column content-box-column content-box-column-2 col-lg-3 col-md-3 col-sm-3 fusion-content-box-hover \"><div class=\"col content-box-wrapper content-wrapper-background link-area-box link-type-text icon-hover-animation-fade\" data-link=\"https:\/\/moldow.com\/da\/filteranlaeg\/produkter\/\" data-link-target=\"_self\" data-animationOffset=\"top-mid-of-view\"><div class=\"heading heading-with-icon icon-left\"><a class=\"heading-link\" href=\"https:\/\/moldow.com\/da\/filteranlaeg\/produkter\/\" target=\"_self\"><div class=\"icon\"><i style=\"background-color:transparent;border-color:transparent;height:auto;width: 60px;line-height:normal;font-size:60px;\" aria-hidden=\"true\" class=\"fontawesome-icon fa fa-tags circle-no\"><\/i><\/div><h6 class=\"content-box-heading\" style=\"--h6_typography-font-size:22px;line-height:27px;\">PRODUKTER<\/h6><\/a><\/div><div class=\"fusion-clearfix\"><\/div><div class=\"content-container\">\n<p>Filtre, sluser, energistyring.<\/p>\n<\/div><\/div><\/div><div style=\"--awb-backgroundcolor:#ffffff;\" class=\"fusion-column content-box-column content-box-column content-box-column-3 col-lg-3 col-md-3 col-sm-3 fusion-content-box-hover \"><div class=\"col content-box-wrapper content-wrapper-background link-area-box link-type-text icon-hover-animation-fade\" data-link=\"https:\/\/moldow.com\/da\/filteranlaeg\/filter-cases\/\" data-link-target=\"_self\" data-animationOffset=\"top-mid-of-view\"><div class=\"heading heading-with-icon icon-left\"><a class=\"heading-link\" href=\"https:\/\/moldow.com\/da\/filteranlaeg\/filter-cases\/\" target=\"_self\"><div class=\"icon\"><i style=\"background-color:transparent;border-color:transparent;height:auto;width: 60px;line-height:normal;font-size:60px;\" aria-hidden=\"true\" class=\"fontawesome-icon fa-image far circle-no\"><\/i><\/div><h6 class=\"content-box-heading\" style=\"--h6_typography-font-size:22px;line-height:27px;\">CASES<\/h6><\/a><\/div><div class=\"fusion-clearfix\"><\/div><div class=\"content-container\">\n<p>Se nyeste installationer<\/p>\n<\/div><\/div><\/div><div style=\"--awb-backgroundcolor:#ffffff;\" class=\"fusion-column content-box-column content-box-column content-box-column-4 col-lg-3 col-md-3 col-sm-3 fusion-content-box-hover content-box-column-last content-box-column-last-in-row\"><div class=\"col content-box-wrapper content-wrapper-background link-area-box link-type-text icon-hover-animation-fade\" data-link=\"https:\/\/moldow.com\/da\/kontakt\/medarbejdere\/\" data-link-target=\"_self\" data-animationOffset=\"top-mid-of-view\"><div class=\"heading heading-with-icon icon-left\"><a class=\"heading-link\" href=\"https:\/\/moldow.com\/da\/kontakt\/medarbejdere\/\" target=\"_self\"><div class=\"icon\"><i style=\"background-color:transparent;border-color:transparent;height:auto;width: 60px;line-height:normal;font-size:60px;\" aria-hidden=\"true\" class=\"fontawesome-icon fa-users fas circle-no\"><\/i><\/div><h6 class=\"content-box-heading\" style=\"--h6_typography-font-size:22px;line-height:27px;\">KONTAKT<\/h6><\/a><\/div><div class=\"fusion-clearfix\"><\/div><div class=\"content-container\">\n<p>Kontakt os direkte her.<\/p>\n<\/div><\/div><\/div><div class=\"fusion-clearfix\"><\/div><\/div><div class=\"fusion-clearfix\"><\/div><\/div><\/div><\/div><\/div>\n<\/p>\n","protected":false},"excerpt":{"rendered":"","protected":false},"author":1,"featured_media":0,"parent":1467,"menu_order":0,"comment_status":"closed","ping_status":"closed","template":"100-width.php","meta":{"_acf_changed":false,"footnotes":""},"class_list":["post-7984","page","type-page","status-publish","hentry"],"acf":[],"yoast_head":"<!-- This site is optimized with the Yoast SEO plugin v24.8 - https:\/\/yoast.com\/wordpress\/plugins\/seo\/ -->\n<title>Filter- og sp\u00e5nsugningsanl\u00e6g til m\u00f8belproducent | Moldow<\/title>\n<meta name=\"description\" content=\"Moldow filter- og sp\u00e5nsugningsanl\u00e6g og ventilatorer til effektiv, sikker udsugning og filtrering af tr\u00e6affald hos britisk m\u00f8belfabrik\" \/>\n<meta name=\"robots\" content=\"index, follow, max-snippet:-1, max-image-preview:large, max-video-preview:-1\" \/>\n<link rel=\"canonical\" href=\"https:\/\/moldow.com\/da\/filteranlaeg\/industrier\/traeindustri\/spaansugnings-og-filteranlaeg-til-moebelproducent\/\" \/>\n<meta property=\"og:locale\" content=\"da_DK\" \/>\n<meta property=\"og:type\" content=\"article\" \/>\n<meta property=\"og:title\" content=\"Filter- og sp\u00e5nsugningsanl\u00e6g til m\u00f8belproducent | Moldow\" \/>\n<meta property=\"og:description\" content=\"Moldow filter- og sp\u00e5nsugningsanl\u00e6g og ventilatorer til effektiv, sikker udsugning og filtrering af tr\u00e6affald hos britisk m\u00f8belfabrik\" \/>\n<meta property=\"og:url\" content=\"https:\/\/moldow.com\/da\/filteranlaeg\/industrier\/traeindustri\/spaansugnings-og-filteranlaeg-til-moebelproducent\/\" \/>\n<meta property=\"og:site_name\" content=\"Moldow\" \/>\n<meta property=\"article:modified_time\" content=\"2022-07-14T11:02:21+00:00\" \/>\n<meta name=\"twitter:card\" content=\"summary_large_image\" \/>\n<meta name=\"twitter:label1\" content=\"Estimeret l\u00e6setid\" \/>\n\t<meta name=\"twitter:data1\" content=\"6 minutes\" \/>\n<script type=\"application\/ld+json\" class=\"yoast-schema-graph\">{\"@context\":\"https:\/\/schema.org\",\"@graph\":[{\"@type\":\"WebPage\",\"@id\":\"https:\/\/moldow.com\/da\/filteranlaeg\/industrier\/traeindustri\/spaansugnings-og-filteranlaeg-til-moebelproducent\/\",\"url\":\"https:\/\/moldow.com\/da\/filteranlaeg\/industrier\/traeindustri\/spaansugnings-og-filteranlaeg-til-moebelproducent\/\",\"name\":\"Filter- og sp\u00e5nsugningsanl\u00e6g til m\u00f8belproducent | Moldow\",\"isPartOf\":{\"@id\":\"https:\/\/moldow.com\/#website\"},\"datePublished\":\"2022-07-14T10:57:03+00:00\",\"dateModified\":\"2022-07-14T11:02:21+00:00\",\"description\":\"Moldow filter- og sp\u00e5nsugningsanl\u00e6g og ventilatorer til effektiv, sikker udsugning og filtrering af tr\u00e6affald hos britisk m\u00f8belfabrik\",\"breadcrumb\":{\"@id\":\"https:\/\/moldow.com\/da\/filteranlaeg\/industrier\/traeindustri\/spaansugnings-og-filteranlaeg-til-moebelproducent\/#breadcrumb\"},\"inLanguage\":\"da-DK\",\"potentialAction\":[{\"@type\":\"ReadAction\",\"target\":[\"https:\/\/moldow.com\/da\/filteranlaeg\/industrier\/traeindustri\/spaansugnings-og-filteranlaeg-til-moebelproducent\/\"]}]},{\"@type\":\"BreadcrumbList\",\"@id\":\"https:\/\/moldow.com\/da\/filteranlaeg\/industrier\/traeindustri\/spaansugnings-og-filteranlaeg-til-moebelproducent\/#breadcrumb\",\"itemListElement\":[{\"@type\":\"ListItem\",\"position\":1,\"name\":\"Hjem\",\"item\":\"https:\/\/moldow.com\/da\/\"},{\"@type\":\"ListItem\",\"position\":2,\"name\":\"Filteranl\u00e6g\",\"item\":\"https:\/\/moldow.com\/da\/filteranlaeg\/\"},{\"@type\":\"ListItem\",\"position\":3,\"name\":\"industrier filteranl\u00e6g\",\"item\":\"https:\/\/moldow.com\/da\/filteranlaeg\/industrier\/\"},{\"@type\":\"ListItem\",\"position\":4,\"name\":\"Udsugning til tr\u00e6industri\",\"item\":\"https:\/\/moldow.com\/da\/filteranlaeg\/industrier\/traeindustri\/\"},{\"@type\":\"ListItem\",\"position\":5,\"name\":\"Filter- og sp\u00e5nsugningsanl\u00e6g til m\u00f8belproducent\"}]},{\"@type\":\"WebSite\",\"@id\":\"https:\/\/moldow.com\/#website\",\"url\":\"https:\/\/moldow.com\/\",\"name\":\"Moldow\",\"description\":\"Dust Extraction Systems and Painting Lines\",\"publisher\":{\"@id\":\"https:\/\/moldow.com\/#organization\"},\"potentialAction\":[{\"@type\":\"SearchAction\",\"target\":{\"@type\":\"EntryPoint\",\"urlTemplate\":\"https:\/\/moldow.com\/?s={search_term_string}\"},\"query-input\":{\"@type\":\"PropertyValueSpecification\",\"valueRequired\":true,\"valueName\":\"search_term_string\"}}],\"inLanguage\":\"da-DK\"},{\"@type\":\"Organization\",\"@id\":\"https:\/\/moldow.com\/#organization\",\"name\":\"Moldow A\/S\",\"url\":\"https:\/\/moldow.com\/\",\"logo\":{\"@type\":\"ImageObject\",\"inLanguage\":\"da-DK\",\"@id\":\"https:\/\/moldow.com\/#\/schema\/logo\/image\/\",\"url\":\"https:\/\/moldow.com\/wp-content\/uploads\/2017\/01\/Moldow-logo-web-ny.png\",\"contentUrl\":\"https:\/\/moldow.com\/wp-content\/uploads\/2017\/01\/Moldow-logo-web-ny.png\",\"width\":259,\"height\":38,\"caption\":\"Moldow A\/S\"},\"image\":{\"@id\":\"https:\/\/moldow.com\/#\/schema\/logo\/image\/\"}}]}<\/script>\n<!-- \/ Yoast SEO plugin. -->","yoast_head_json":{"title":"Filter- og sp\u00e5nsugningsanl\u00e6g til m\u00f8belproducent | Moldow","description":"Moldow filter- og sp\u00e5nsugningsanl\u00e6g og ventilatorer til effektiv, sikker udsugning og filtrering af tr\u00e6affald hos britisk m\u00f8belfabrik","robots":{"index":"index","follow":"follow","max-snippet":"max-snippet:-1","max-image-preview":"max-image-preview:large","max-video-preview":"max-video-preview:-1"},"canonical":"https:\/\/moldow.com\/da\/filteranlaeg\/industrier\/traeindustri\/spaansugnings-og-filteranlaeg-til-moebelproducent\/","og_locale":"da_DK","og_type":"article","og_title":"Filter- og sp\u00e5nsugningsanl\u00e6g til m\u00f8belproducent | Moldow","og_description":"Moldow filter- og sp\u00e5nsugningsanl\u00e6g og ventilatorer til effektiv, sikker udsugning og filtrering af tr\u00e6affald hos britisk m\u00f8belfabrik","og_url":"https:\/\/moldow.com\/da\/filteranlaeg\/industrier\/traeindustri\/spaansugnings-og-filteranlaeg-til-moebelproducent\/","og_site_name":"Moldow","article_modified_time":"2022-07-14T11:02:21+00:00","twitter_card":"summary_large_image","twitter_misc":{"Estimeret l\u00e6setid":"6 minutes"},"schema":{"@context":"https:\/\/schema.org","@graph":[{"@type":"WebPage","@id":"https:\/\/moldow.com\/da\/filteranlaeg\/industrier\/traeindustri\/spaansugnings-og-filteranlaeg-til-moebelproducent\/","url":"https:\/\/moldow.com\/da\/filteranlaeg\/industrier\/traeindustri\/spaansugnings-og-filteranlaeg-til-moebelproducent\/","name":"Filter- og sp\u00e5nsugningsanl\u00e6g til m\u00f8belproducent | Moldow","isPartOf":{"@id":"https:\/\/moldow.com\/#website"},"datePublished":"2022-07-14T10:57:03+00:00","dateModified":"2022-07-14T11:02:21+00:00","description":"Moldow filter- og sp\u00e5nsugningsanl\u00e6g og ventilatorer til effektiv, sikker udsugning og filtrering af tr\u00e6affald hos britisk m\u00f8belfabrik","breadcrumb":{"@id":"https:\/\/moldow.com\/da\/filteranlaeg\/industrier\/traeindustri\/spaansugnings-og-filteranlaeg-til-moebelproducent\/#breadcrumb"},"inLanguage":"da-DK","potentialAction":[{"@type":"ReadAction","target":["https:\/\/moldow.com\/da\/filteranlaeg\/industrier\/traeindustri\/spaansugnings-og-filteranlaeg-til-moebelproducent\/"]}]},{"@type":"BreadcrumbList","@id":"https:\/\/moldow.com\/da\/filteranlaeg\/industrier\/traeindustri\/spaansugnings-og-filteranlaeg-til-moebelproducent\/#breadcrumb","itemListElement":[{"@type":"ListItem","position":1,"name":"Hjem","item":"https:\/\/moldow.com\/da\/"},{"@type":"ListItem","position":2,"name":"Filteranl\u00e6g","item":"https:\/\/moldow.com\/da\/filteranlaeg\/"},{"@type":"ListItem","position":3,"name":"industrier filteranl\u00e6g","item":"https:\/\/moldow.com\/da\/filteranlaeg\/industrier\/"},{"@type":"ListItem","position":4,"name":"Udsugning til tr\u00e6industri","item":"https:\/\/moldow.com\/da\/filteranlaeg\/industrier\/traeindustri\/"},{"@type":"ListItem","position":5,"name":"Filter- og sp\u00e5nsugningsanl\u00e6g til m\u00f8belproducent"}]},{"@type":"WebSite","@id":"https:\/\/moldow.com\/#website","url":"https:\/\/moldow.com\/","name":"Moldow","description":"Dust Extraction Systems and Painting Lines","publisher":{"@id":"https:\/\/moldow.com\/#organization"},"potentialAction":[{"@type":"SearchAction","target":{"@type":"EntryPoint","urlTemplate":"https:\/\/moldow.com\/?s={search_term_string}"},"query-input":{"@type":"PropertyValueSpecification","valueRequired":true,"valueName":"search_term_string"}}],"inLanguage":"da-DK"},{"@type":"Organization","@id":"https:\/\/moldow.com\/#organization","name":"Moldow A\/S","url":"https:\/\/moldow.com\/","logo":{"@type":"ImageObject","inLanguage":"da-DK","@id":"https:\/\/moldow.com\/#\/schema\/logo\/image\/","url":"https:\/\/moldow.com\/wp-content\/uploads\/2017\/01\/Moldow-logo-web-ny.png","contentUrl":"https:\/\/moldow.com\/wp-content\/uploads\/2017\/01\/Moldow-logo-web-ny.png","width":259,"height":38,"caption":"Moldow A\/S"},"image":{"@id":"https:\/\/moldow.com\/#\/schema\/logo\/image\/"}}]}},"_links":{"self":[{"href":"https:\/\/moldow.com\/da\/wp-json\/wp\/v2\/pages\/7984","targetHints":{"allow":["GET"]}}],"collection":[{"href":"https:\/\/moldow.com\/da\/wp-json\/wp\/v2\/pages"}],"about":[{"href":"https:\/\/moldow.com\/da\/wp-json\/wp\/v2\/types\/page"}],"author":[{"embeddable":true,"href":"https:\/\/moldow.com\/da\/wp-json\/wp\/v2\/users\/1"}],"replies":[{"embeddable":true,"href":"https:\/\/moldow.com\/da\/wp-json\/wp\/v2\/comments?post=7984"}],"version-history":[{"count":2,"href":"https:\/\/moldow.com\/da\/wp-json\/wp\/v2\/pages\/7984\/revisions"}],"predecessor-version":[{"id":7985,"href":"https:\/\/moldow.com\/da\/wp-json\/wp\/v2\/pages\/7984\/revisions\/7985"}],"up":[{"embeddable":true,"href":"https:\/\/moldow.com\/da\/wp-json\/wp\/v2\/pages\/1467"}],"wp:attachment":[{"href":"https:\/\/moldow.com\/da\/wp-json\/wp\/v2\/media?parent=7984"}],"curies":[{"name":"wp","href":"https:\/\/api.w.org\/{rel}","templated":true}]}}