{"id":7752,"date":"2022-07-14T06:28:42","date_gmt":"2022-07-14T06:28:42","guid":{"rendered":"https:\/\/moldow.com\/filteranlaeg\/industrier\/pap-og-papirindustrien\/material-and-dust-extraction-system-for-cardboard\/"},"modified":"2022-10-25T09:18:41","modified_gmt":"2022-10-25T09:18:41","slug":"filteranlaeg-til-pap","status":"publish","type":"page","link":"https:\/\/moldow.com\/da\/filteranlaeg\/industrier\/pap-og-papirindustrien\/filteranlaeg-til-pap\/","title":{"rendered":"Filteranl\u00e6g til udsugning og filtrering af pap"},"content":{"rendered":"<p><div class=\"fusion-fullwidth fullwidth-box fusion-builder-row-1 nonhundred-percent-fullwidth non-hundred-percent-height-scrolling\" style=\"--awb-border-radius-top-left:0px;--awb-border-radius-top-right:0px;--awb-border-radius-bottom-right:0px;--awb-border-radius-bottom-left:0px;--awb-margin-top:80px;--awb-background-color:rgba(255,255,255,0.92);--awb-flex-wrap:wrap;\" ><div class=\"fusion-builder-row fusion-row\"><div class=\"fusion-layout-column fusion_builder_column fusion-builder-column-0 fusion_builder_column_1_1 1_1 fusion-one-full fusion-column-first fusion-column-last\" style=\"--awb-bg-size:cover;\"><div class=\"fusion-column-wrapper fusion-column-has-shadow fusion-flex-column-wrapper-legacy\"><div class=\"fusion-title title fusion-title-1 sep-underline sep-solid fusion-title-text fusion-title-size-one\"><h1 class=\"fusion-title-heading title-heading-left\" style=\"margin:0;\">SP\u00c5NSUGNINGSANL\u00c6G TIL PRODUCENT AF PAP I FINLAND<\/h1><\/div><div class=\"fusion-text fusion-text-1\" style=\"--awb-text-transform:none;\"><h2><img decoding=\"async\" class=\" wp-image-4607 alignright\" src=\"https:\/\/moldow.com\/wp-content\/uploads\/2019\/11\/PPT-pap-SBJ-Pyroll.jpg\" alt=\"SBJ filter\" width=\"354\" height=\"175\" srcset=\"https:\/\/moldow.com\/wp-content\/uploads\/2019\/11\/PPT-pap-SBJ-Pyroll-200x99.jpg 200w, https:\/\/moldow.com\/wp-content\/uploads\/2019\/11\/PPT-pap-SBJ-Pyroll-300x148.jpg 300w, https:\/\/moldow.com\/wp-content\/uploads\/2019\/11\/PPT-pap-SBJ-Pyroll-400x198.jpg 400w, https:\/\/moldow.com\/wp-content\/uploads\/2019\/11\/PPT-pap-SBJ-Pyroll-600x297.jpg 600w, https:\/\/moldow.com\/wp-content\/uploads\/2019\/11\/PPT-pap-SBJ-Pyroll.jpg 750w\" sizes=\"(max-width: 354px) 100vw, 354px\" \/><\/h2>\n<h2>Filteranl\u00e6g til udsugning og filtrering fra produktion af pap<\/h2>\n<p>To Moldow filtre er netop blevet leveret til en finsk producent af b\u00f8lgepap. De \u00f8nskede et bedre, mere omkostningseffektiv system til udsugning og affaldsh\u00e5ndtering fra deres produktion, og i t\u00e6t samarbejde med os og vores finske distribut\u00f8r, PPT P\u00f6lynpoistotekniikka Oy, fandt de en l\u00f8sning med vores SB-filtre.<\/p>\n<h2>Jetfiltre til udsugning af b\u00f8lgepap<\/h2>\n<\/div><div class=\"fusion-clearfix\"><\/div><\/div><\/div><div class=\"fusion-layout-column fusion_builder_column fusion-builder-column-1 fusion_builder_column_2_3 2_3 fusion-two-third fusion-column-first\" style=\"--awb-bg-size:cover;--awb-margin-top:-10px;width:66.666666666667%;width:calc(66.666666666667% - ( ( 4% ) * 0.66666666666667 ) );margin-right: 4%;\"><div class=\"fusion-column-wrapper fusion-column-has-shadow fusion-flex-column-wrapper-legacy\"><div class=\"fusion-text fusion-text-2\" style=\"--awb-text-transform:none;\"><p>F\u00f8rst blev \u00e9t filter til 30.000 m3\/t installeret, og grundet et behov for at \u00f8ge produktionen, blev et n\u00e6rmest identisk system installeret lidt efter.<\/p>\n<p>Hvert anl\u00e6g inkluderer et SBJ filter med jetconveyor i bunden, som transporterer affaldsmaterialet til en stor sluse, som udmader materialet.<\/p>\n<p>Disse nye filteranl\u00e6g har betydet en betydelig reduktion af st\u00f8jniveauet og energiforbruget fra deres udsugnings- og filtreringsssystem, og de har samtidig undg\u00e5et behovet for materialeseparatorer.<\/p>\n<p>Ud over energibesparelser grundet filterets design medf\u00f8rer recirkulering af den rensede luft yderligere besparelser for kunden.<\/p>\n<\/div><div class=\"fusion-clearfix\"><\/div><\/div><\/div><div class=\"fusion-layout-column fusion_builder_column fusion-builder-column-2 fusion_builder_column_1_3 1_3 fusion-one-third fusion-column-last\" style=\"--awb-bg-size:cover;width:33.333333333333%;width:calc(33.333333333333% - ( ( 4% ) * 0.33333333333333 ) );\"><div class=\"fusion-column-wrapper fusion-column-has-shadow fusion-flex-column-wrapper-legacy\"><div class=\"fusion-text fusion-text-3\" style=\"--awb-text-transform:none;--awb-margin-top:10px;\">\n<div class=\"table-1\">\n<table width=\"100%\">\n<tbody>\n<tr>\n<td align=\"left\">Kunde<\/td>\n<td align=\"left\">Papproducent<\/td>\n<\/tr>\n<\/tbody>\n<tbody>\n<tr>\n<td align=\"left\">Sted<\/td>\n<td align=\"left\">Finland<\/td>\n<\/tr>\n<\/tbody>\n<tbody>\n<tr>\n<td align=\"left\">Affaldstype<\/td>\n<td align=\"left\">Pap materiale og st\u00f8v<\/td>\n<\/tr>\n<\/tbody>\n<tbody>\n<tr>\n<td align=\"left\">Filter<\/td>\n<td align=\"left\">2 x 040SBJ-348<\/td>\n<\/tr>\n<\/tbody>\n<tbody>\n<tr>\n<td align=\"left\">Ventilatorer<\/td>\n<td align=\"left\">HST450-75\/R med sk\u00e6refunktion<\/td>\n<\/tr>\n<\/tbody>\n<\/table>\n<\/div>\n<p>\n<\/div><div class=\"fusion-image-element in-legacy-container\" style=\"--awb-caption-title-font-family:var(--h2_typography-font-family);--awb-caption-title-font-weight:var(--h2_typography-font-weight);--awb-caption-title-font-style:var(--h2_typography-font-style);--awb-caption-title-size:var(--h2_typography-font-size);--awb-caption-title-transform:var(--h2_typography-text-transform);--awb-caption-title-line-height:var(--h2_typography-line-height);--awb-caption-title-letter-spacing:var(--h2_typography-letter-spacing);\"><span class=\" fusion-imageframe imageframe-none imageframe-1 hover-type-none\"><img decoding=\"async\" width=\"600\" height=\"430\" alt=\"SB filter with jet conveyor\" title=\"Dust-collector-cardboard-SB\" src=\"https:\/\/moldow.com\/wp-content\/uploads\/2019\/11\/Dust-collector-cardboard-SBJ.jpg\" class=\"img-responsive wp-image-4603\" srcset=\"https:\/\/moldow.com\/wp-content\/uploads\/2019\/11\/Dust-collector-cardboard-SBJ-200x143.jpg 200w, https:\/\/moldow.com\/wp-content\/uploads\/2019\/11\/Dust-collector-cardboard-SBJ-400x287.jpg 400w, https:\/\/moldow.com\/wp-content\/uploads\/2019\/11\/Dust-collector-cardboard-SBJ.jpg 600w\" sizes=\"(max-width: 800px) 100vw, 400px\" \/><\/span><\/div><div class=\"fusion-clearfix\"><\/div><\/div><\/div><\/div><\/div><div class=\"fusion-fullwidth fullwidth-box fusion-builder-row-2 nonhundred-percent-fullwidth non-hundred-percent-height-scrolling\" style=\"--awb-border-radius-top-left:0px;--awb-border-radius-top-right:0px;--awb-border-radius-bottom-right:0px;--awb-border-radius-bottom-left:0px;--awb-padding-top:0px;--awb-padding-bottom:20px;--awb-margin-top:60px;--awb-background-color:rgba(255,255,255,0);--awb-flex-wrap:wrap;\" ><div class=\"fusion-builder-row fusion-row\"><div class=\"fusion-layout-column fusion_builder_column fusion-builder-column-3 fusion_builder_column_1_1 1_1 fusion-one-full fusion-column-first fusion-column-last fusion-animated\" style=\"--awb-bg-size:cover;--awb-margin-top:20px;--awb-margin-bottom:20px;\" data-animationType=\"slideInLeft\" data-animationDuration=\"1.3\" data-animationOffset=\"top-mid-of-view\"><div class=\"fusion-column-wrapper fusion-column-has-shadow fusion-flex-column-wrapper-legacy\"><div class=\"fusion-content-boxes content-boxes columns row fusion-columns-4 fusion-columns-total-4 fusion-content-boxes-1 content-boxes-icon-on-top content-left\" style=\"--awb-hover-accent-color:#dc0814;--awb-circle-hover-accent-color:transparent;\" data-animationOffset=\"top-mid-of-view\"><div style=\"--awb-backgroundcolor:#ffffff;\" class=\"fusion-column content-box-column content-box-column content-box-column-1 col-lg-3 col-md-3 col-sm-3 fusion-content-box-hover content-box-column-first-in-row\"><div class=\"col content-box-wrapper content-wrapper-background link-area-box link-type-text icon-hover-animation-fade\" data-link=\"https:\/\/moldow.com\/da\/filteranlaeg\/industrier\/\" data-link-target=\"_self\" data-animationOffset=\"top-mid-of-view\"><div class=\"heading heading-with-icon icon-left\"><a class=\"heading-link\" href=\"https:\/\/moldow.com\/da\/filteranlaeg\/industrier\/\" target=\"_self\"><div class=\"icon\"><i style=\"background-color:transparent;border-color:transparent;height:auto;width: 60px;line-height:normal;font-size:60px;\" aria-hidden=\"true\" class=\"fontawesome-icon fa-list-ul fas circle-no\"><\/i><\/div><h6 class=\"content-box-heading\" style=\"--h6_typography-font-size:22px;line-height:27px;\">INDUSTRIER<\/h6><\/a><\/div><div class=\"fusion-clearfix\"><\/div><div class=\"content-container\">\n<p>De forskellige industrier<\/p>\n<\/div><\/div><\/div><div style=\"--awb-backgroundcolor:#ffffff;\" class=\"fusion-column content-box-column content-box-column content-box-column-2 col-lg-3 col-md-3 col-sm-3 fusion-content-box-hover \"><div class=\"col content-box-wrapper content-wrapper-background link-area-box link-type-text icon-hover-animation-fade\" data-link=\"https:\/\/moldow.com\/da\/filteranlaeg\/produkter\/\" data-link-target=\"_self\" data-animationOffset=\"top-mid-of-view\"><div class=\"heading heading-with-icon icon-left\"><a class=\"heading-link\" href=\"https:\/\/moldow.com\/da\/filteranlaeg\/produkter\/\" target=\"_self\"><div class=\"icon\"><i style=\"background-color:transparent;border-color:transparent;height:auto;width: 60px;line-height:normal;font-size:60px;\" aria-hidden=\"true\" class=\"fontawesome-icon fa fa-tags circle-no\"><\/i><\/div><h6 class=\"content-box-heading\" style=\"--h6_typography-font-size:22px;line-height:27px;\">PRODUKTER<\/h6><\/a><\/div><div class=\"fusion-clearfix\"><\/div><div class=\"content-container\">\n<p>Filtre, sluser, energistyring.<\/p>\n<\/div><\/div><\/div><div style=\"--awb-backgroundcolor:#ffffff;\" class=\"fusion-column content-box-column content-box-column content-box-column-3 col-lg-3 col-md-3 col-sm-3 fusion-content-box-hover \"><div class=\"col content-box-wrapper content-wrapper-background link-area-box link-type-text icon-hover-animation-fade\" data-link=\"https:\/\/moldow.com\/da\/filteranlaeg\/filter-cases\/\" data-link-target=\"_self\" data-animationOffset=\"top-mid-of-view\"><div class=\"heading heading-with-icon icon-left\"><a class=\"heading-link\" href=\"https:\/\/moldow.com\/da\/filteranlaeg\/filter-cases\/\" target=\"_self\"><div class=\"icon\"><i style=\"background-color:transparent;border-color:transparent;height:auto;width: 60px;line-height:normal;font-size:60px;\" aria-hidden=\"true\" class=\"fontawesome-icon fa-image far circle-no\"><\/i><\/div><h6 class=\"content-box-heading\" style=\"--h6_typography-font-size:22px;line-height:27px;\">CASES<\/h6><\/a><\/div><div class=\"fusion-clearfix\"><\/div><div class=\"content-container\">\n<p>Se nyeste installationer<\/p>\n<\/div><\/div><\/div><div style=\"--awb-backgroundcolor:#ffffff;\" class=\"fusion-column content-box-column content-box-column content-box-column-4 col-lg-3 col-md-3 col-sm-3 fusion-content-box-hover content-box-column-last content-box-column-last-in-row\"><div class=\"col content-box-wrapper content-wrapper-background link-area-box link-type-text icon-hover-animation-fade\" data-link=\"https:\/\/moldow.com\/da\/kontakt\/medarbejdere\/\" data-link-target=\"_self\" data-animationOffset=\"top-mid-of-view\"><div class=\"heading heading-with-icon icon-left\"><a class=\"heading-link\" href=\"https:\/\/moldow.com\/da\/kontakt\/medarbejdere\/\" target=\"_self\"><div class=\"icon\"><i style=\"background-color:transparent;border-color:transparent;height:auto;width: 60px;line-height:normal;font-size:60px;\" aria-hidden=\"true\" class=\"fontawesome-icon fa-users fas circle-no\"><\/i><\/div><h6 class=\"content-box-heading\" style=\"--h6_typography-font-size:22px;line-height:27px;\">KONTAKT<\/h6><\/a><\/div><div class=\"fusion-clearfix\"><\/div><div class=\"content-container\">\n<p>Kontakt os direkte her.<\/p>\n<\/div><\/div><\/div><div class=\"fusion-clearfix\"><\/div><\/div><div class=\"fusion-clearfix\"><\/div><\/div><\/div><\/div><\/div>\n<\/p>\n","protected":false},"excerpt":{"rendered":"","protected":false},"author":1,"featured_media":0,"parent":1470,"menu_order":0,"comment_status":"closed","ping_status":"closed","template":"100-width.php","meta":{"_acf_changed":false,"footnotes":""},"class_list":["post-7752","page","type-page","status-publish","hentry"],"acf":[],"yoast_head":"<!-- This site is optimized with the Yoast SEO plugin v24.8 - https:\/\/yoast.com\/wordpress\/plugins\/seo\/ -->\n<title>Filteranl\u00e6g til udsugning og filtrering af pap | Moldow<\/title>\n<meta name=\"description\" content=\"Projekt: To filtre til producent af b\u00f8lgepap \u2013 bedre, mere omkostningseffektiv udsugning og affaldsh\u00e5ndtering fra produktion. L\u00e6s her.\" \/>\n<meta name=\"robots\" content=\"index, follow, max-snippet:-1, max-image-preview:large, max-video-preview:-1\" \/>\n<link rel=\"canonical\" href=\"https:\/\/moldow.com\/da\/filteranlaeg\/industrier\/pap-og-papirindustrien\/filteranlaeg-til-pap\/\" \/>\n<meta property=\"og:locale\" content=\"da_DK\" \/>\n<meta property=\"og:type\" content=\"article\" \/>\n<meta property=\"og:title\" content=\"Filteranl\u00e6g til udsugning og filtrering af pap | Moldow\" \/>\n<meta property=\"og:description\" content=\"Projekt: To filtre til producent af b\u00f8lgepap \u2013 bedre, mere omkostningseffektiv udsugning og affaldsh\u00e5ndtering fra produktion. L\u00e6s her.\" \/>\n<meta property=\"og:url\" content=\"https:\/\/moldow.com\/da\/filteranlaeg\/industrier\/pap-og-papirindustrien\/filteranlaeg-til-pap\/\" \/>\n<meta property=\"og:site_name\" content=\"Moldow\" \/>\n<meta property=\"article:modified_time\" content=\"2022-10-25T09:18:41+00:00\" \/>\n<meta property=\"og:image\" content=\"https:\/\/moldow.com\/wp-content\/uploads\/2019\/11\/PPT-pap-SBJ-Pyroll.jpg\" \/>\n<meta name=\"twitter:card\" content=\"summary_large_image\" \/>\n<meta name=\"twitter:label1\" content=\"Estimeret l\u00e6setid\" \/>\n\t<meta name=\"twitter:data1\" content=\"5 minutes\" \/>\n<script type=\"application\/ld+json\" class=\"yoast-schema-graph\">{\"@context\":\"https:\/\/schema.org\",\"@graph\":[{\"@type\":\"WebPage\",\"@id\":\"https:\/\/moldow.com\/da\/filteranlaeg\/industrier\/pap-og-papirindustrien\/filteranlaeg-til-pap\/\",\"url\":\"https:\/\/moldow.com\/da\/filteranlaeg\/industrier\/pap-og-papirindustrien\/filteranlaeg-til-pap\/\",\"name\":\"Filteranl\u00e6g til udsugning og filtrering af pap | Moldow\",\"isPartOf\":{\"@id\":\"https:\/\/moldow.com\/#website\"},\"primaryImageOfPage\":{\"@id\":\"https:\/\/moldow.com\/da\/filteranlaeg\/industrier\/pap-og-papirindustrien\/filteranlaeg-til-pap\/#primaryimage\"},\"image\":{\"@id\":\"https:\/\/moldow.com\/da\/filteranlaeg\/industrier\/pap-og-papirindustrien\/filteranlaeg-til-pap\/#primaryimage\"},\"thumbnailUrl\":\"https:\/\/moldow.com\/wp-content\/uploads\/2019\/11\/PPT-pap-SBJ-Pyroll.jpg\",\"datePublished\":\"2022-07-14T06:28:42+00:00\",\"dateModified\":\"2022-10-25T09:18:41+00:00\",\"description\":\"Projekt: To filtre til producent af b\u00f8lgepap \u2013 bedre, mere omkostningseffektiv udsugning og affaldsh\u00e5ndtering fra produktion. L\u00e6s her.\",\"breadcrumb\":{\"@id\":\"https:\/\/moldow.com\/da\/filteranlaeg\/industrier\/pap-og-papirindustrien\/filteranlaeg-til-pap\/#breadcrumb\"},\"inLanguage\":\"da-DK\",\"potentialAction\":[{\"@type\":\"ReadAction\",\"target\":[\"https:\/\/moldow.com\/da\/filteranlaeg\/industrier\/pap-og-papirindustrien\/filteranlaeg-til-pap\/\"]}]},{\"@type\":\"ImageObject\",\"inLanguage\":\"da-DK\",\"@id\":\"https:\/\/moldow.com\/da\/filteranlaeg\/industrier\/pap-og-papirindustrien\/filteranlaeg-til-pap\/#primaryimage\",\"url\":\"https:\/\/moldow.com\/wp-content\/uploads\/2019\/11\/PPT-pap-SBJ-Pyroll.jpg\",\"contentUrl\":\"https:\/\/moldow.com\/wp-content\/uploads\/2019\/11\/PPT-pap-SBJ-Pyroll.jpg\"},{\"@type\":\"BreadcrumbList\",\"@id\":\"https:\/\/moldow.com\/da\/filteranlaeg\/industrier\/pap-og-papirindustrien\/filteranlaeg-til-pap\/#breadcrumb\",\"itemListElement\":[{\"@type\":\"ListItem\",\"position\":1,\"name\":\"Hjem\",\"item\":\"https:\/\/moldow.com\/da\/\"},{\"@type\":\"ListItem\",\"position\":2,\"name\":\"Filteranl\u00e6g\",\"item\":\"https:\/\/moldow.com\/da\/filteranlaeg\/\"},{\"@type\":\"ListItem\",\"position\":3,\"name\":\"industrier filteranl\u00e6g\",\"item\":\"https:\/\/moldow.com\/da\/filteranlaeg\/industrier\/\"},{\"@type\":\"ListItem\",\"position\":4,\"name\":\"Pap- og papirindustrien\",\"item\":\"https:\/\/moldow.com\/da\/filteranlaeg\/industrier\/pap-og-papirindustrien\/\"},{\"@type\":\"ListItem\",\"position\":5,\"name\":\"Filteranl\u00e6g til udsugning og filtrering af pap\"}]},{\"@type\":\"WebSite\",\"@id\":\"https:\/\/moldow.com\/#website\",\"url\":\"https:\/\/moldow.com\/\",\"name\":\"Moldow\",\"description\":\"Dust Extraction Systems and Painting Lines\",\"publisher\":{\"@id\":\"https:\/\/moldow.com\/#organization\"},\"potentialAction\":[{\"@type\":\"SearchAction\",\"target\":{\"@type\":\"EntryPoint\",\"urlTemplate\":\"https:\/\/moldow.com\/?s={search_term_string}\"},\"query-input\":{\"@type\":\"PropertyValueSpecification\",\"valueRequired\":true,\"valueName\":\"search_term_string\"}}],\"inLanguage\":\"da-DK\"},{\"@type\":\"Organization\",\"@id\":\"https:\/\/moldow.com\/#organization\",\"name\":\"Moldow A\/S\",\"url\":\"https:\/\/moldow.com\/\",\"logo\":{\"@type\":\"ImageObject\",\"inLanguage\":\"da-DK\",\"@id\":\"https:\/\/moldow.com\/#\/schema\/logo\/image\/\",\"url\":\"https:\/\/moldow.com\/wp-content\/uploads\/2017\/01\/Moldow-logo-web-ny.png\",\"contentUrl\":\"https:\/\/moldow.com\/wp-content\/uploads\/2017\/01\/Moldow-logo-web-ny.png\",\"width\":259,\"height\":38,\"caption\":\"Moldow A\/S\"},\"image\":{\"@id\":\"https:\/\/moldow.com\/#\/schema\/logo\/image\/\"}}]}<\/script>\n<!-- \/ Yoast SEO plugin. -->","yoast_head_json":{"title":"Filteranl\u00e6g til udsugning og filtrering af pap | Moldow","description":"Projekt: To filtre til producent af b\u00f8lgepap \u2013 bedre, mere omkostningseffektiv udsugning og affaldsh\u00e5ndtering fra produktion. L\u00e6s her.","robots":{"index":"index","follow":"follow","max-snippet":"max-snippet:-1","max-image-preview":"max-image-preview:large","max-video-preview":"max-video-preview:-1"},"canonical":"https:\/\/moldow.com\/da\/filteranlaeg\/industrier\/pap-og-papirindustrien\/filteranlaeg-til-pap\/","og_locale":"da_DK","og_type":"article","og_title":"Filteranl\u00e6g til udsugning og filtrering af pap | Moldow","og_description":"Projekt: To filtre til producent af b\u00f8lgepap \u2013 bedre, mere omkostningseffektiv udsugning og affaldsh\u00e5ndtering fra produktion. L\u00e6s her.","og_url":"https:\/\/moldow.com\/da\/filteranlaeg\/industrier\/pap-og-papirindustrien\/filteranlaeg-til-pap\/","og_site_name":"Moldow","article_modified_time":"2022-10-25T09:18:41+00:00","og_image":[{"url":"https:\/\/moldow.com\/wp-content\/uploads\/2019\/11\/PPT-pap-SBJ-Pyroll.jpg","type":"","width":"","height":""}],"twitter_card":"summary_large_image","twitter_misc":{"Estimeret l\u00e6setid":"5 minutes"},"schema":{"@context":"https:\/\/schema.org","@graph":[{"@type":"WebPage","@id":"https:\/\/moldow.com\/da\/filteranlaeg\/industrier\/pap-og-papirindustrien\/filteranlaeg-til-pap\/","url":"https:\/\/moldow.com\/da\/filteranlaeg\/industrier\/pap-og-papirindustrien\/filteranlaeg-til-pap\/","name":"Filteranl\u00e6g til udsugning og filtrering af pap | Moldow","isPartOf":{"@id":"https:\/\/moldow.com\/#website"},"primaryImageOfPage":{"@id":"https:\/\/moldow.com\/da\/filteranlaeg\/industrier\/pap-og-papirindustrien\/filteranlaeg-til-pap\/#primaryimage"},"image":{"@id":"https:\/\/moldow.com\/da\/filteranlaeg\/industrier\/pap-og-papirindustrien\/filteranlaeg-til-pap\/#primaryimage"},"thumbnailUrl":"https:\/\/moldow.com\/wp-content\/uploads\/2019\/11\/PPT-pap-SBJ-Pyroll.jpg","datePublished":"2022-07-14T06:28:42+00:00","dateModified":"2022-10-25T09:18:41+00:00","description":"Projekt: To filtre til producent af b\u00f8lgepap \u2013 bedre, mere omkostningseffektiv udsugning og affaldsh\u00e5ndtering fra produktion. L\u00e6s her.","breadcrumb":{"@id":"https:\/\/moldow.com\/da\/filteranlaeg\/industrier\/pap-og-papirindustrien\/filteranlaeg-til-pap\/#breadcrumb"},"inLanguage":"da-DK","potentialAction":[{"@type":"ReadAction","target":["https:\/\/moldow.com\/da\/filteranlaeg\/industrier\/pap-og-papirindustrien\/filteranlaeg-til-pap\/"]}]},{"@type":"ImageObject","inLanguage":"da-DK","@id":"https:\/\/moldow.com\/da\/filteranlaeg\/industrier\/pap-og-papirindustrien\/filteranlaeg-til-pap\/#primaryimage","url":"https:\/\/moldow.com\/wp-content\/uploads\/2019\/11\/PPT-pap-SBJ-Pyroll.jpg","contentUrl":"https:\/\/moldow.com\/wp-content\/uploads\/2019\/11\/PPT-pap-SBJ-Pyroll.jpg"},{"@type":"BreadcrumbList","@id":"https:\/\/moldow.com\/da\/filteranlaeg\/industrier\/pap-og-papirindustrien\/filteranlaeg-til-pap\/#breadcrumb","itemListElement":[{"@type":"ListItem","position":1,"name":"Hjem","item":"https:\/\/moldow.com\/da\/"},{"@type":"ListItem","position":2,"name":"Filteranl\u00e6g","item":"https:\/\/moldow.com\/da\/filteranlaeg\/"},{"@type":"ListItem","position":3,"name":"industrier filteranl\u00e6g","item":"https:\/\/moldow.com\/da\/filteranlaeg\/industrier\/"},{"@type":"ListItem","position":4,"name":"Pap- og papirindustrien","item":"https:\/\/moldow.com\/da\/filteranlaeg\/industrier\/pap-og-papirindustrien\/"},{"@type":"ListItem","position":5,"name":"Filteranl\u00e6g til udsugning og filtrering af pap"}]},{"@type":"WebSite","@id":"https:\/\/moldow.com\/#website","url":"https:\/\/moldow.com\/","name":"Moldow","description":"Dust Extraction Systems and Painting Lines","publisher":{"@id":"https:\/\/moldow.com\/#organization"},"potentialAction":[{"@type":"SearchAction","target":{"@type":"EntryPoint","urlTemplate":"https:\/\/moldow.com\/?s={search_term_string}"},"query-input":{"@type":"PropertyValueSpecification","valueRequired":true,"valueName":"search_term_string"}}],"inLanguage":"da-DK"},{"@type":"Organization","@id":"https:\/\/moldow.com\/#organization","name":"Moldow A\/S","url":"https:\/\/moldow.com\/","logo":{"@type":"ImageObject","inLanguage":"da-DK","@id":"https:\/\/moldow.com\/#\/schema\/logo\/image\/","url":"https:\/\/moldow.com\/wp-content\/uploads\/2017\/01\/Moldow-logo-web-ny.png","contentUrl":"https:\/\/moldow.com\/wp-content\/uploads\/2017\/01\/Moldow-logo-web-ny.png","width":259,"height":38,"caption":"Moldow A\/S"},"image":{"@id":"https:\/\/moldow.com\/#\/schema\/logo\/image\/"}}]}},"_links":{"self":[{"href":"https:\/\/moldow.com\/da\/wp-json\/wp\/v2\/pages\/7752","targetHints":{"allow":["GET"]}}],"collection":[{"href":"https:\/\/moldow.com\/da\/wp-json\/wp\/v2\/pages"}],"about":[{"href":"https:\/\/moldow.com\/da\/wp-json\/wp\/v2\/types\/page"}],"author":[{"embeddable":true,"href":"https:\/\/moldow.com\/da\/wp-json\/wp\/v2\/users\/1"}],"replies":[{"embeddable":true,"href":"https:\/\/moldow.com\/da\/wp-json\/wp\/v2\/comments?post=7752"}],"version-history":[{"count":7,"href":"https:\/\/moldow.com\/da\/wp-json\/wp\/v2\/pages\/7752\/revisions"}],"predecessor-version":[{"id":8729,"href":"https:\/\/moldow.com\/da\/wp-json\/wp\/v2\/pages\/7752\/revisions\/8729"}],"up":[{"embeddable":true,"href":"https:\/\/moldow.com\/da\/wp-json\/wp\/v2\/pages\/1470"}],"wp:attachment":[{"href":"https:\/\/moldow.com\/da\/wp-json\/wp\/v2\/media?parent=7752"}],"curies":[{"name":"wp","href":"https:\/\/api.w.org\/{rel}","templated":true}]}}