{"id":7713,"date":"2022-07-12T11:35:19","date_gmt":"2022-07-12T11:35:19","guid":{"rendered":"https:\/\/moldow.com\/filteranlaeg\/industrier\/fiberindustrien\/case-filters-and-fans-for-airlaid\/"},"modified":"2022-10-25T11:43:39","modified_gmt":"2022-10-25T11:43:39","slug":"case-filtre-ventilatorer-airlaid","status":"publish","type":"page","link":"https:\/\/moldow.com\/da\/filteranlaeg\/industrier\/fiberindustrien\/case-filtre-ventilatorer-airlaid\/","title":{"rendered":"CASE: FILTRE OG VENTILATORER TIL AIRLAID"},"content":{"rendered":"<p><div class=\"fusion-fullwidth fullwidth-box fusion-builder-row-1 nonhundred-percent-fullwidth non-hundred-percent-height-scrolling\" style=\"--awb-border-radius-top-left:0px;--awb-border-radius-top-right:0px;--awb-border-radius-bottom-right:0px;--awb-border-radius-bottom-left:0px;--awb-margin-top:80px;--awb-background-color:rgba(255,255,255,0.92);--awb-flex-wrap:wrap;\" ><div class=\"fusion-builder-row fusion-row\"><div class=\"fusion-layout-column fusion_builder_column fusion-builder-column-0 fusion_builder_column_1_1 1_1 fusion-one-full fusion-column-first fusion-column-last\" style=\"--awb-bg-size:cover;\"><div class=\"fusion-column-wrapper fusion-column-has-shadow fusion-flex-column-wrapper-legacy\"><div class=\"fusion-title title fusion-title-1 sep-underline sep-solid fusion-title-text fusion-title-size-one\"><h1 class=\"fusion-title-heading title-heading-left\" style=\"margin:0;\">FILTRE OG VENTILATORER TIL AIRLAID<\/h1><\/div><div class=\"fusion-text fusion-text-1\" style=\"--awb-text-transform:none;\"><h2><img decoding=\"async\" class=\" wp-image-3927 alignright\" src=\"https:\/\/moldow.com\/wp-content\/uploads\/2019\/05\/Dan-Web-MX-filter.jpg\" alt=\"MX filter\" width=\"351\" height=\"252\" srcset=\"https:\/\/moldow.com\/wp-content\/uploads\/2019\/05\/Dan-Web-MX-filter-200x143.jpg 200w, https:\/\/moldow.com\/wp-content\/uploads\/2019\/05\/Dan-Web-MX-filter-300x214.jpg 300w, https:\/\/moldow.com\/wp-content\/uploads\/2019\/05\/Dan-Web-MX-filter-400x287.jpg 400w, https:\/\/moldow.com\/wp-content\/uploads\/2019\/05\/Dan-Web-MX-filter.jpg 600w\" sizes=\"(max-width: 351px) 100vw, 351px\" \/>Komplet produktions- og filteranl\u00e6g til stor airlaid-virksomhed<\/h2>\n<p>To af de st\u00f8rste virksomheder p\u00e5 verdensmarkedet indenfor hvert sit omr\u00e5de har netop samarbejdet om leveringen af et komplet produktions- og filteranl\u00e6g til det amerikanske marked \u2013 og det er ikke f\u00f8rste gang, at de to danske virksomheder samarbejder.<\/p>\n<p>Kunden er en af verdens st\u00f8rste producenter indenfor nonwoven- eller airlaid-industrien, som den ogs\u00e5 kaldes, hvor der bl.a. produceres servietter, hygiejnebind, absorberende papir til f\u00f8devarer, v\u00e5dservietter og toiletpapir.<\/p>\n<p>Som specialist og med ry for levering af h\u00f8jkvalitetsanl\u00e6g til netop denne industri blev Dan-Web Machinery A\/S valgt til at levere det komplette produktionsanl\u00e6g med Moldow A\/S som leverand\u00f8r p\u00e5 filteranl\u00e6g og ventilatorer til en ny, stor fabrik i USA.<\/p>\n<\/div><div class=\"fusion-clearfix\"><\/div><\/div><\/div><div class=\"fusion-layout-column fusion_builder_column fusion-builder-column-1 fusion_builder_column_2_3 2_3 fusion-two-third fusion-column-first\" style=\"--awb-bg-size:cover;--awb-margin-top:-20px;width:66.666666666667%;width:calc(66.666666666667% - ( ( 4% ) * 0.66666666666667 ) );margin-right: 4%;\"><div class=\"fusion-column-wrapper fusion-column-has-shadow fusion-flex-column-wrapper-legacy\"><div class=\"fusion-text fusion-text-2\" style=\"--awb-text-transform:none;\"><blockquote>\n<p>\u2013 &#8220;<em>Vores samarbejde med Dan-Web startede for mere end 20 \u00e5r siden, da de ledte efter en leverand\u00f8r, der kunne sikre de bedste l\u00f8sninger til deres anl\u00e6gskunder indenfor luftudsugning og -filtrering som en del af deres komplette leverance&#8221;<\/em>, udtaler direkt\u00f8r hos Moldow, K. Preben Hansen.<\/p>\n<\/blockquote>\n<p>Leverancen til USA er netop afsluttet, og produktionen startet op p\u00e5 den nye fabrik, hvor der skal fremstilles produkter i airlaid-materiale.<\/p>\n<p>\u2013 <em>Til projektet har vi leveret fire store filteranl\u00e6g til ca. 600.000 m3 luft i timen og omkring 70 ventilatorer. De skal sikre korrekt udsugning fra produktionsanl\u00e6gget og efterf\u00f8lgende filtrering af luften, hvor cellulosefibrene skilles fra og udmades via jetconveyor og cykloner, mens den rene luft befugtes og ledes tilbage til produktionen<\/em>, forklarer produktchef Johannes Ipsen.<\/p>\n<\/div><div class=\"fusion-text fusion-text-3\" style=\"--awb-text-transform:none;\"><h3>Filteranl\u00e6g tilpasset forskellige industrier<\/h3>\n<p>Moldow er is\u00e6r kendt for at levere udsugnings- og filteranl\u00e6g til tr\u00e6industrien, men anl\u00e6ggene anvendes ogs\u00e5 indenfor andre industrier:<\/p>\n<blockquote>\n<p>\u2013 &#8220;<em>Vores filteranl\u00e6g er oprindeligt udviklet til tr\u00e6industrien, men vores store teknisk viden indenfor luftfiltrering har gjort det muligt for os at tilpasse anl\u00e6ggene til anvendelse indenfor fiber, pap og papir, og alts\u00e5 ogs\u00e5 airlaid-industrien, hvor vi har v\u00e6ret aktive i mere end 20 \u00e5r&#8221;<\/em>, fort\u00e6ller Johannes Ipsen.<\/p>\n<\/blockquote>\n<p>\u2013 <em>Ved filtrering af netop denne type materiale er det meget vigtigt, at fibrene ikke bliver udsat for fugt, og derfor er filtrene isolerede og ogs\u00e5 placeret under halvtag. Det er en smule atypisk men den bedste l\u00f8sning for at sikre et driftssikkert system<\/em>, forklarer produktchef Johannes Ipsen.<\/p>\n<\/div><div class=\"fusion-text fusion-text-4\" style=\"--awb-text-transform:none;\"><h3>Allerede i gang med nyt projekt<\/h3>\n<p>Airlaid er en voksende industri p\u00e5 verdensplan, og det er hverken f\u00f8rste eller sidste gang, at Moldow og Dan-Web samarbejder om en anl\u00e6gsleverance til en af de store producenter:<\/p>\n<p>\u2013 <em>Vi er allerede i gang med et lignende projekt til Skandinavien, som st\u00e5r til levering her om et par uger<\/em>, slutter Johannes Ipsen.<\/p>\n<p><strong>Hvad er airlaid?<\/strong> Airlaid-processen er en unik m\u00e5de at bearbejde og h\u00e5ndtere naturlige papirfibre p\u00e5. I stedet for de traditionelle v\u00e5de processer, der benytter store m\u00e6ngder vand, transporteres og h\u00e5ndteres fibrene udelukkende i luft, og der skabes et materiale, der er specielt bl\u00f8dt og absorberende. Produktet anvendes til et stort antal hverdagsprodukter s\u00e5som servietter, duge, hygiejnebind, k\u00f8demballage, v\u00e5dservietter og andre absorberende produkter.<\/p>\n<\/div><div class=\"fusion-clearfix\"><\/div><\/div><\/div><div class=\"fusion-layout-column fusion_builder_column fusion-builder-column-2 fusion_builder_column_1_3 1_3 fusion-one-third fusion-column-last\" style=\"--awb-bg-size:cover;--awb-margin-top:-10px;width:33.333333333333%;width:calc(33.333333333333% - ( ( 4% ) * 0.33333333333333 ) );\"><div class=\"fusion-column-wrapper fusion-column-has-shadow fusion-flex-column-wrapper-legacy\"><div class=\"fusion-text fusion-text-5\" style=\"--awb-text-transform:none;--awb-margin-top:10px;\">\n<div class=\"table-1\">\n<table width=\"100%\">\n<tbody>\n<tr>\n<td align=\"left\">Kunde<\/td>\n<td align=\"left\">Dan-Web Machinery A\/S<\/td>\n<\/tr>\n<\/tbody>\n<tbody>\n<tr>\n<td align=\"left\">Sted<\/td>\n<td align=\"left\">USA<\/td>\n<\/tr>\n<\/tbody>\n<tbody>\n<tr>\n<td align=\"left\">Affaldstype<\/td>\n<td align=\"left\">Cellulose fiber<\/td>\n<\/tr>\n<\/tbody>\n<tbody>\n<tr>\n<td align=\"left\">Produkt<\/td>\n<td align=\"left\">4 x MXNJ<\/td>\n<\/tr>\n<\/tbody>\n<tbody>\n<tr>\n<td align=\"left\">Luftm\u00e6ngde<\/td>\n<td align=\"left\">325,000 m3\/t<\/td>\n<\/tr>\n<\/tbody>\n<tbody>\n<tr>\n<td align=\"left\">Ventilatorer<\/td>\n<td align=\"left\">67 x Moldow ventilatorer<\/td>\n<\/tr>\n<\/tbody>\n<\/table>\n<\/div>\n<p>\n<\/div><div class=\"fusion-image-element in-legacy-container\" style=\"--awb-caption-title-font-family:var(--h2_typography-font-family);--awb-caption-title-font-weight:var(--h2_typography-font-weight);--awb-caption-title-font-style:var(--h2_typography-font-style);--awb-caption-title-size:var(--h2_typography-font-size);--awb-caption-title-transform:var(--h2_typography-text-transform);--awb-caption-title-line-height:var(--h2_typography-line-height);--awb-caption-title-letter-spacing:var(--h2_typography-letter-spacing);\"><span class=\" fusion-imageframe imageframe-none imageframe-1 hover-type-none\"><img decoding=\"async\" width=\"600\" height=\"430\" alt=\"dust collection airlaid\" title=\"Dan-Web-MX&#8211;filter-2\" src=\"https:\/\/moldow.com\/wp-content\/uploads\/2019\/05\/Dan-Web-MX-filter-2.jpg\" class=\"img-responsive wp-image-3924\" srcset=\"https:\/\/moldow.com\/wp-content\/uploads\/2019\/05\/Dan-Web-MX-filter-2-200x143.jpg 200w, https:\/\/moldow.com\/wp-content\/uploads\/2019\/05\/Dan-Web-MX-filter-2-400x287.jpg 400w, https:\/\/moldow.com\/wp-content\/uploads\/2019\/05\/Dan-Web-MX-filter-2.jpg 600w\" sizes=\"(max-width: 800px) 100vw, 400px\" \/><\/span><\/div><div class=\"fusion-image-element in-legacy-container\" style=\"--awb-margin-top:10px;--awb-caption-title-font-family:var(--h2_typography-font-family);--awb-caption-title-font-weight:var(--h2_typography-font-weight);--awb-caption-title-font-style:var(--h2_typography-font-style);--awb-caption-title-size:var(--h2_typography-font-size);--awb-caption-title-transform:var(--h2_typography-text-transform);--awb-caption-title-line-height:var(--h2_typography-line-height);--awb-caption-title-letter-spacing:var(--h2_typography-letter-spacing);\"><span class=\" fusion-imageframe imageframe-none imageframe-2 hover-type-none\"><img decoding=\"async\" width=\"600\" height=\"430\" alt=\"industrial fans airlaid\" src=\"https:\/\/moldow.com\/wp-content\/uploads\/2019\/05\/Dan-Web-ventilator.jpg\" class=\"img-responsive wp-image-3930\" srcset=\"https:\/\/moldow.com\/wp-content\/uploads\/2019\/05\/Dan-Web-ventilator-200x143.jpg 200w, https:\/\/moldow.com\/wp-content\/uploads\/2019\/05\/Dan-Web-ventilator-400x287.jpg 400w, https:\/\/moldow.com\/wp-content\/uploads\/2019\/05\/Dan-Web-ventilator.jpg 600w\" sizes=\"(max-width: 800px) 100vw, 400px\" \/><\/span><\/div><div class=\"fusion-clearfix\"><\/div><\/div><\/div><\/div><\/div><div class=\"fusion-fullwidth fullwidth-box fusion-builder-row-2 nonhundred-percent-fullwidth non-hundred-percent-height-scrolling\" style=\"--awb-border-radius-top-left:0px;--awb-border-radius-top-right:0px;--awb-border-radius-bottom-right:0px;--awb-border-radius-bottom-left:0px;--awb-padding-top:0px;--awb-padding-bottom:20px;--awb-margin-top:60px;--awb-background-color:rgba(255,255,255,0);--awb-flex-wrap:wrap;\" ><div class=\"fusion-builder-row fusion-row\"><div class=\"fusion-layout-column fusion_builder_column fusion-builder-column-3 fusion_builder_column_1_1 1_1 fusion-one-full fusion-column-first fusion-column-last fusion-animated\" style=\"--awb-bg-size:cover;--awb-margin-top:20px;--awb-margin-bottom:20px;\" data-animationType=\"slideInLeft\" data-animationDuration=\"1.3\" data-animationOffset=\"top-mid-of-view\"><div class=\"fusion-column-wrapper fusion-column-has-shadow fusion-flex-column-wrapper-legacy\"><div class=\"fusion-content-boxes content-boxes columns row fusion-columns-4 fusion-columns-total-4 fusion-content-boxes-1 content-boxes-icon-on-top content-left\" style=\"--awb-hover-accent-color:#dc0814;--awb-circle-hover-accent-color:transparent;\" data-animationOffset=\"top-mid-of-view\"><div style=\"--awb-backgroundcolor:#ffffff;\" class=\"fusion-column content-box-column content-box-column content-box-column-1 col-lg-3 col-md-3 col-sm-3 fusion-content-box-hover content-box-column-first-in-row\"><div class=\"col content-box-wrapper content-wrapper-background link-area-box link-type-text icon-hover-animation-fade\" data-link=\"https:\/\/moldow.com\/da\/filteranlaeg\/industrier\/\" data-link-target=\"_self\" data-animationOffset=\"top-mid-of-view\"><div class=\"heading heading-with-icon icon-left\"><a class=\"heading-link\" href=\"https:\/\/moldow.com\/da\/filteranlaeg\/industrier\/\" target=\"_self\"><div class=\"icon\"><i style=\"background-color:transparent;border-color:transparent;height:auto;width: 60px;line-height:normal;font-size:60px;\" aria-hidden=\"true\" class=\"fontawesome-icon fa-list-ul fas circle-no\"><\/i><\/div><h6 class=\"content-box-heading\" style=\"--h6_typography-font-size:22px;line-height:27px;\">INDUSTRIER<\/h6><\/a><\/div><div class=\"fusion-clearfix\"><\/div><div class=\"content-container\">\n<p>De forskellige industrier<\/p>\n<\/div><\/div><\/div><div style=\"--awb-backgroundcolor:#ffffff;\" class=\"fusion-column content-box-column content-box-column content-box-column-2 col-lg-3 col-md-3 col-sm-3 fusion-content-box-hover \"><div class=\"col content-box-wrapper content-wrapper-background link-area-box link-type-text icon-hover-animation-fade\" data-link=\"https:\/\/moldow.com\/da\/filteranlaeg\/produkter\/\" data-link-target=\"_self\" data-animationOffset=\"top-mid-of-view\"><div class=\"heading heading-with-icon icon-left\"><a class=\"heading-link\" href=\"https:\/\/moldow.com\/da\/filteranlaeg\/produkter\/\" target=\"_self\"><div class=\"icon\"><i style=\"background-color:transparent;border-color:transparent;height:auto;width: 60px;line-height:normal;font-size:60px;\" aria-hidden=\"true\" class=\"fontawesome-icon fa fa-tags circle-no\"><\/i><\/div><h6 class=\"content-box-heading\" style=\"--h6_typography-font-size:22px;line-height:27px;\">PRODUKTER<\/h6><\/a><\/div><div class=\"fusion-clearfix\"><\/div><div class=\"content-container\">\n<p>Filtre, sluser, energistyring.<\/p>\n<\/div><\/div><\/div><div style=\"--awb-backgroundcolor:#ffffff;\" class=\"fusion-column content-box-column content-box-column content-box-column-3 col-lg-3 col-md-3 col-sm-3 fusion-content-box-hover \"><div class=\"col content-box-wrapper content-wrapper-background link-area-box link-type-text icon-hover-animation-fade\" data-link=\"https:\/\/moldow.com\/da\/filteranlaeg\/filter-cases\/\" data-link-target=\"_self\" data-animationOffset=\"top-mid-of-view\"><div class=\"heading heading-with-icon icon-left\"><a class=\"heading-link\" href=\"https:\/\/moldow.com\/da\/filteranlaeg\/filter-cases\/\" target=\"_self\"><div class=\"icon\"><i style=\"background-color:transparent;border-color:transparent;height:auto;width: 60px;line-height:normal;font-size:60px;\" aria-hidden=\"true\" class=\"fontawesome-icon fa-image far circle-no\"><\/i><\/div><h6 class=\"content-box-heading\" style=\"--h6_typography-font-size:22px;line-height:27px;\">CASES<\/h6><\/a><\/div><div class=\"fusion-clearfix\"><\/div><div class=\"content-container\">\n<p>Se nyeste installationer<\/p>\n<\/div><\/div><\/div><div style=\"--awb-backgroundcolor:#ffffff;\" class=\"fusion-column content-box-column content-box-column content-box-column-4 col-lg-3 col-md-3 col-sm-3 fusion-content-box-hover content-box-column-last content-box-column-last-in-row\"><div class=\"col content-box-wrapper content-wrapper-background link-area-box link-type-text icon-hover-animation-fade\" data-link=\"https:\/\/moldow.com\/da\/kontakt\/medarbejdere\/\" data-link-target=\"_self\" data-animationOffset=\"top-mid-of-view\"><div class=\"heading heading-with-icon icon-left\"><a class=\"heading-link\" href=\"https:\/\/moldow.com\/da\/kontakt\/medarbejdere\/\" target=\"_self\"><div class=\"icon\"><i style=\"background-color:transparent;border-color:transparent;height:auto;width: 60px;line-height:normal;font-size:60px;\" aria-hidden=\"true\" class=\"fontawesome-icon fa-users fas circle-no\"><\/i><\/div><h6 class=\"content-box-heading\" style=\"--h6_typography-font-size:22px;line-height:27px;\">KONTAKT<\/h6><\/a><\/div><div class=\"fusion-clearfix\"><\/div><div class=\"content-container\">\n<p>Kontakt os direkte her.<\/p>\n<\/div><\/div><\/div><div class=\"fusion-clearfix\"><\/div><\/div><div class=\"fusion-clearfix\"><\/div><\/div><\/div><\/div><\/div>\n<\/p>\n","protected":false},"excerpt":{"rendered":"","protected":false},"author":1,"featured_media":0,"parent":1472,"menu_order":0,"comment_status":"closed","ping_status":"closed","template":"100-width.php","meta":{"_acf_changed":false,"footnotes":""},"class_list":["post-7713","page","type-page","status-publish","hentry"],"acf":[],"yoast_head":"<!-- This site is optimized with the Yoast SEO plugin v24.8 - https:\/\/yoast.com\/wordpress\/plugins\/seo\/ -->\n<title>CASE: FILTRE OG VENTILATORER TIL AIRLAID | Moldow<\/title>\n<meta name=\"description\" content=\"Moldow har leveret fire filteranl\u00e6g og 70 ventilatorer til en ny airlaid produktionsanl\u00e6g. Dette sikrer korrekt udsugning og filtration - L\u00e6s mere\" \/>\n<meta name=\"robots\" content=\"index, follow, max-snippet:-1, max-image-preview:large, max-video-preview:-1\" \/>\n<link rel=\"canonical\" href=\"https:\/\/moldow.com\/da\/filteranlaeg\/industrier\/fiberindustrien\/case-filtre-ventilatorer-airlaid\/\" \/>\n<meta property=\"og:locale\" content=\"da_DK\" \/>\n<meta property=\"og:type\" content=\"article\" \/>\n<meta property=\"og:title\" content=\"CASE: FILTRE OG VENTILATORER TIL AIRLAID | Moldow\" \/>\n<meta property=\"og:description\" content=\"Moldow har leveret fire filteranl\u00e6g og 70 ventilatorer til en ny airlaid produktionsanl\u00e6g. Dette sikrer korrekt udsugning og filtration - L\u00e6s mere\" \/>\n<meta property=\"og:url\" content=\"https:\/\/moldow.com\/da\/filteranlaeg\/industrier\/fiberindustrien\/case-filtre-ventilatorer-airlaid\/\" \/>\n<meta property=\"og:site_name\" content=\"Moldow\" \/>\n<meta property=\"article:modified_time\" content=\"2022-10-25T11:43:39+00:00\" \/>\n<meta property=\"og:image\" content=\"https:\/\/moldow.com\/wp-content\/uploads\/2019\/05\/Dan-Web-MX-filter.jpg\" \/>\n<meta name=\"twitter:card\" content=\"summary_large_image\" \/>\n<meta name=\"twitter:label1\" content=\"Estimeret l\u00e6setid\" \/>\n\t<meta name=\"twitter:data1\" content=\"8 minutes\" \/>\n<script type=\"application\/ld+json\" class=\"yoast-schema-graph\">{\"@context\":\"https:\/\/schema.org\",\"@graph\":[{\"@type\":\"WebPage\",\"@id\":\"https:\/\/moldow.com\/da\/filteranlaeg\/industrier\/fiberindustrien\/case-filtre-ventilatorer-airlaid\/\",\"url\":\"https:\/\/moldow.com\/da\/filteranlaeg\/industrier\/fiberindustrien\/case-filtre-ventilatorer-airlaid\/\",\"name\":\"CASE: FILTRE OG VENTILATORER TIL AIRLAID | Moldow\",\"isPartOf\":{\"@id\":\"https:\/\/moldow.com\/#website\"},\"primaryImageOfPage\":{\"@id\":\"https:\/\/moldow.com\/da\/filteranlaeg\/industrier\/fiberindustrien\/case-filtre-ventilatorer-airlaid\/#primaryimage\"},\"image\":{\"@id\":\"https:\/\/moldow.com\/da\/filteranlaeg\/industrier\/fiberindustrien\/case-filtre-ventilatorer-airlaid\/#primaryimage\"},\"thumbnailUrl\":\"https:\/\/moldow.com\/wp-content\/uploads\/2019\/05\/Dan-Web-MX-filter.jpg\",\"datePublished\":\"2022-07-12T11:35:19+00:00\",\"dateModified\":\"2022-10-25T11:43:39+00:00\",\"description\":\"Moldow har leveret fire filteranl\u00e6g og 70 ventilatorer til en ny airlaid produktionsanl\u00e6g. Dette sikrer korrekt udsugning og filtration - L\u00e6s mere\",\"breadcrumb\":{\"@id\":\"https:\/\/moldow.com\/da\/filteranlaeg\/industrier\/fiberindustrien\/case-filtre-ventilatorer-airlaid\/#breadcrumb\"},\"inLanguage\":\"da-DK\",\"potentialAction\":[{\"@type\":\"ReadAction\",\"target\":[\"https:\/\/moldow.com\/da\/filteranlaeg\/industrier\/fiberindustrien\/case-filtre-ventilatorer-airlaid\/\"]}]},{\"@type\":\"ImageObject\",\"inLanguage\":\"da-DK\",\"@id\":\"https:\/\/moldow.com\/da\/filteranlaeg\/industrier\/fiberindustrien\/case-filtre-ventilatorer-airlaid\/#primaryimage\",\"url\":\"https:\/\/moldow.com\/wp-content\/uploads\/2019\/05\/Dan-Web-MX-filter.jpg\",\"contentUrl\":\"https:\/\/moldow.com\/wp-content\/uploads\/2019\/05\/Dan-Web-MX-filter.jpg\"},{\"@type\":\"BreadcrumbList\",\"@id\":\"https:\/\/moldow.com\/da\/filteranlaeg\/industrier\/fiberindustrien\/case-filtre-ventilatorer-airlaid\/#breadcrumb\",\"itemListElement\":[{\"@type\":\"ListItem\",\"position\":1,\"name\":\"Hjem\",\"item\":\"https:\/\/moldow.com\/da\/\"},{\"@type\":\"ListItem\",\"position\":2,\"name\":\"Filteranl\u00e6g\",\"item\":\"https:\/\/moldow.com\/da\/filteranlaeg\/\"},{\"@type\":\"ListItem\",\"position\":3,\"name\":\"industrier filteranl\u00e6g\",\"item\":\"https:\/\/moldow.com\/da\/filteranlaeg\/industrier\/\"},{\"@type\":\"ListItem\",\"position\":4,\"name\":\"Fiberindustrien\",\"item\":\"https:\/\/moldow.com\/da\/filteranlaeg\/industrier\/fiberindustrien\/\"},{\"@type\":\"ListItem\",\"position\":5,\"name\":\"CASE: FILTRE OG VENTILATORER TIL AIRLAID\"}]},{\"@type\":\"WebSite\",\"@id\":\"https:\/\/moldow.com\/#website\",\"url\":\"https:\/\/moldow.com\/\",\"name\":\"Moldow\",\"description\":\"Dust Extraction Systems and Painting Lines\",\"publisher\":{\"@id\":\"https:\/\/moldow.com\/#organization\"},\"potentialAction\":[{\"@type\":\"SearchAction\",\"target\":{\"@type\":\"EntryPoint\",\"urlTemplate\":\"https:\/\/moldow.com\/?s={search_term_string}\"},\"query-input\":{\"@type\":\"PropertyValueSpecification\",\"valueRequired\":true,\"valueName\":\"search_term_string\"}}],\"inLanguage\":\"da-DK\"},{\"@type\":\"Organization\",\"@id\":\"https:\/\/moldow.com\/#organization\",\"name\":\"Moldow A\/S\",\"url\":\"https:\/\/moldow.com\/\",\"logo\":{\"@type\":\"ImageObject\",\"inLanguage\":\"da-DK\",\"@id\":\"https:\/\/moldow.com\/#\/schema\/logo\/image\/\",\"url\":\"https:\/\/moldow.com\/wp-content\/uploads\/2017\/01\/Moldow-logo-web-ny.png\",\"contentUrl\":\"https:\/\/moldow.com\/wp-content\/uploads\/2017\/01\/Moldow-logo-web-ny.png\",\"width\":259,\"height\":38,\"caption\":\"Moldow A\/S\"},\"image\":{\"@id\":\"https:\/\/moldow.com\/#\/schema\/logo\/image\/\"}}]}<\/script>\n<!-- \/ Yoast SEO plugin. -->","yoast_head_json":{"title":"CASE: FILTRE OG VENTILATORER TIL AIRLAID | Moldow","description":"Moldow har leveret fire filteranl\u00e6g og 70 ventilatorer til en ny airlaid produktionsanl\u00e6g. Dette sikrer korrekt udsugning og filtration - L\u00e6s mere","robots":{"index":"index","follow":"follow","max-snippet":"max-snippet:-1","max-image-preview":"max-image-preview:large","max-video-preview":"max-video-preview:-1"},"canonical":"https:\/\/moldow.com\/da\/filteranlaeg\/industrier\/fiberindustrien\/case-filtre-ventilatorer-airlaid\/","og_locale":"da_DK","og_type":"article","og_title":"CASE: FILTRE OG VENTILATORER TIL AIRLAID | Moldow","og_description":"Moldow har leveret fire filteranl\u00e6g og 70 ventilatorer til en ny airlaid produktionsanl\u00e6g. Dette sikrer korrekt udsugning og filtration - L\u00e6s mere","og_url":"https:\/\/moldow.com\/da\/filteranlaeg\/industrier\/fiberindustrien\/case-filtre-ventilatorer-airlaid\/","og_site_name":"Moldow","article_modified_time":"2022-10-25T11:43:39+00:00","og_image":[{"url":"https:\/\/moldow.com\/wp-content\/uploads\/2019\/05\/Dan-Web-MX-filter.jpg","type":"","width":"","height":""}],"twitter_card":"summary_large_image","twitter_misc":{"Estimeret l\u00e6setid":"8 minutes"},"schema":{"@context":"https:\/\/schema.org","@graph":[{"@type":"WebPage","@id":"https:\/\/moldow.com\/da\/filteranlaeg\/industrier\/fiberindustrien\/case-filtre-ventilatorer-airlaid\/","url":"https:\/\/moldow.com\/da\/filteranlaeg\/industrier\/fiberindustrien\/case-filtre-ventilatorer-airlaid\/","name":"CASE: FILTRE OG VENTILATORER TIL AIRLAID | Moldow","isPartOf":{"@id":"https:\/\/moldow.com\/#website"},"primaryImageOfPage":{"@id":"https:\/\/moldow.com\/da\/filteranlaeg\/industrier\/fiberindustrien\/case-filtre-ventilatorer-airlaid\/#primaryimage"},"image":{"@id":"https:\/\/moldow.com\/da\/filteranlaeg\/industrier\/fiberindustrien\/case-filtre-ventilatorer-airlaid\/#primaryimage"},"thumbnailUrl":"https:\/\/moldow.com\/wp-content\/uploads\/2019\/05\/Dan-Web-MX-filter.jpg","datePublished":"2022-07-12T11:35:19+00:00","dateModified":"2022-10-25T11:43:39+00:00","description":"Moldow har leveret fire filteranl\u00e6g og 70 ventilatorer til en ny airlaid produktionsanl\u00e6g. Dette sikrer korrekt udsugning og filtration - L\u00e6s mere","breadcrumb":{"@id":"https:\/\/moldow.com\/da\/filteranlaeg\/industrier\/fiberindustrien\/case-filtre-ventilatorer-airlaid\/#breadcrumb"},"inLanguage":"da-DK","potentialAction":[{"@type":"ReadAction","target":["https:\/\/moldow.com\/da\/filteranlaeg\/industrier\/fiberindustrien\/case-filtre-ventilatorer-airlaid\/"]}]},{"@type":"ImageObject","inLanguage":"da-DK","@id":"https:\/\/moldow.com\/da\/filteranlaeg\/industrier\/fiberindustrien\/case-filtre-ventilatorer-airlaid\/#primaryimage","url":"https:\/\/moldow.com\/wp-content\/uploads\/2019\/05\/Dan-Web-MX-filter.jpg","contentUrl":"https:\/\/moldow.com\/wp-content\/uploads\/2019\/05\/Dan-Web-MX-filter.jpg"},{"@type":"BreadcrumbList","@id":"https:\/\/moldow.com\/da\/filteranlaeg\/industrier\/fiberindustrien\/case-filtre-ventilatorer-airlaid\/#breadcrumb","itemListElement":[{"@type":"ListItem","position":1,"name":"Hjem","item":"https:\/\/moldow.com\/da\/"},{"@type":"ListItem","position":2,"name":"Filteranl\u00e6g","item":"https:\/\/moldow.com\/da\/filteranlaeg\/"},{"@type":"ListItem","position":3,"name":"industrier filteranl\u00e6g","item":"https:\/\/moldow.com\/da\/filteranlaeg\/industrier\/"},{"@type":"ListItem","position":4,"name":"Fiberindustrien","item":"https:\/\/moldow.com\/da\/filteranlaeg\/industrier\/fiberindustrien\/"},{"@type":"ListItem","position":5,"name":"CASE: FILTRE OG VENTILATORER TIL AIRLAID"}]},{"@type":"WebSite","@id":"https:\/\/moldow.com\/#website","url":"https:\/\/moldow.com\/","name":"Moldow","description":"Dust Extraction Systems and Painting Lines","publisher":{"@id":"https:\/\/moldow.com\/#organization"},"potentialAction":[{"@type":"SearchAction","target":{"@type":"EntryPoint","urlTemplate":"https:\/\/moldow.com\/?s={search_term_string}"},"query-input":{"@type":"PropertyValueSpecification","valueRequired":true,"valueName":"search_term_string"}}],"inLanguage":"da-DK"},{"@type":"Organization","@id":"https:\/\/moldow.com\/#organization","name":"Moldow A\/S","url":"https:\/\/moldow.com\/","logo":{"@type":"ImageObject","inLanguage":"da-DK","@id":"https:\/\/moldow.com\/#\/schema\/logo\/image\/","url":"https:\/\/moldow.com\/wp-content\/uploads\/2017\/01\/Moldow-logo-web-ny.png","contentUrl":"https:\/\/moldow.com\/wp-content\/uploads\/2017\/01\/Moldow-logo-web-ny.png","width":259,"height":38,"caption":"Moldow A\/S"},"image":{"@id":"https:\/\/moldow.com\/#\/schema\/logo\/image\/"}}]}},"_links":{"self":[{"href":"https:\/\/moldow.com\/da\/wp-json\/wp\/v2\/pages\/7713","targetHints":{"allow":["GET"]}}],"collection":[{"href":"https:\/\/moldow.com\/da\/wp-json\/wp\/v2\/pages"}],"about":[{"href":"https:\/\/moldow.com\/da\/wp-json\/wp\/v2\/types\/page"}],"author":[{"embeddable":true,"href":"https:\/\/moldow.com\/da\/wp-json\/wp\/v2\/users\/1"}],"replies":[{"embeddable":true,"href":"https:\/\/moldow.com\/da\/wp-json\/wp\/v2\/comments?post=7713"}],"version-history":[{"count":6,"href":"https:\/\/moldow.com\/da\/wp-json\/wp\/v2\/pages\/7713\/revisions"}],"predecessor-version":[{"id":8797,"href":"https:\/\/moldow.com\/da\/wp-json\/wp\/v2\/pages\/7713\/revisions\/8797"}],"up":[{"embeddable":true,"href":"https:\/\/moldow.com\/da\/wp-json\/wp\/v2\/pages\/1472"}],"wp:attachment":[{"href":"https:\/\/moldow.com\/da\/wp-json\/wp\/v2\/media?parent=7713"}],"curies":[{"name":"wp","href":"https:\/\/api.w.org\/{rel}","templated":true}]}}