{"id":7698,"date":"2022-07-12T10:36:11","date_gmt":"2022-07-12T10:36:11","guid":{"rendered":"https:\/\/moldow.com\/filteranlaeg\/industrier\/traeindustri\/case-dinesen-floors-extraction-system\/"},"modified":"2022-10-25T11:21:09","modified_gmt":"2022-10-25T11:21:09","slug":"case-dinesen-floors","status":"publish","type":"page","link":"https:\/\/moldow.com\/da\/filteranlaeg\/industrier\/traeindustri\/case-dinesen-floors\/","title":{"rendered":"CASE: DINESEN FLOORS"},"content":{"rendered":"<p><div class=\"fusion-fullwidth fullwidth-box fusion-builder-row-1 nonhundred-percent-fullwidth non-hundred-percent-height-scrolling\" style=\"--awb-border-radius-top-left:0px;--awb-border-radius-top-right:0px;--awb-border-radius-bottom-right:0px;--awb-border-radius-bottom-left:0px;--awb-margin-top:80px;--awb-background-color:rgba(255,255,255,0.92);--awb-flex-wrap:wrap;\" ><div class=\"fusion-builder-row fusion-row\"><div class=\"fusion-layout-column fusion_builder_column fusion-builder-column-0 fusion_builder_column_1_1 1_1 fusion-one-full fusion-column-first fusion-column-last\" style=\"--awb-bg-size:cover;\"><div class=\"fusion-column-wrapper fusion-column-has-shadow fusion-flex-column-wrapper-legacy\"><div class=\"fusion-title title fusion-title-1 sep-underline sep-solid fusion-title-text fusion-title-size-one\"><h1 class=\"fusion-title-heading title-heading-left\" style=\"margin:0;\">KOMPLET UDSUGNINGS- OG FILTERANL\u00c6G TIL KVALITETSGULVE I JELS<\/h1><\/div><div class=\"fusion-text fusion-text-1\" style=\"--awb-text-transform:none;\"><p><img decoding=\"async\" class=\" wp-image-3358 alignright\" src=\"https:\/\/moldow.com\/wp-content\/uploads\/2017\/01\/Ventilatorer-med-st\u00f8jbokse-Dinesen-3-1024x683.jpg\" alt=\"Dust extraction system with fans\" width=\"350\" height=\"233\" srcset=\"https:\/\/moldow.com\/wp-content\/uploads\/2017\/01\/Ventilatorer-med-st\u00f8jbokse-Dinesen-3-1024x683-200x133.jpg 200w, https:\/\/moldow.com\/wp-content\/uploads\/2017\/01\/Ventilatorer-med-st\u00f8jbokse-Dinesen-3-1024x683-300x200.jpg 300w, https:\/\/moldow.com\/wp-content\/uploads\/2017\/01\/Ventilatorer-med-st\u00f8jbokse-Dinesen-3-1024x683-400x267.jpg 400w, https:\/\/moldow.com\/wp-content\/uploads\/2017\/01\/Ventilatorer-med-st\u00f8jbokse-Dinesen-3-1024x683-600x400.jpg 600w, https:\/\/moldow.com\/wp-content\/uploads\/2017\/01\/Ventilatorer-med-st\u00f8jbokse-Dinesen-3-1024x683-768x512.jpg 768w, https:\/\/moldow.com\/wp-content\/uploads\/2017\/01\/Ventilatorer-med-st\u00f8jbokse-Dinesen-3-1024x683-800x534.jpg 800w, https:\/\/moldow.com\/wp-content\/uploads\/2017\/01\/Ventilatorer-med-st\u00f8jbokse-Dinesen-3-1024x683.jpg 1024w\" sizes=\"(max-width: 350px) 100vw, 350px\" \/>Hos gulvproducenten Dinesen Floors A\/S i Jels er kvalitet altafg\u00f8rende. Virksomheden lever af at s\u00e6lge ekstraordin\u00e6re plankegulve og andre eksklusive l\u00f8sninger i tr\u00e6, og den \u00f8nskede kvalitet opn\u00e5s kun, hvis produktionsfaciliteterne er i top.<\/p>\n<p>P\u00e5 deres nye fabrik produceres der udelukkende egetr\u00e6sgulve. Bearbejdningen af det store antal egetr\u00e6splanker, som hver eneste dag h\u00e5ndteres her, resulterer i en stor m\u00e6ngde sp\u00e5ner, som skal udsuges og renses.<\/p>\n<p>Til den opgave er det n\u00f8dvendigt med et <a href=\"https:\/\/moldow.com\/da\/filteranlaeg\/\">driftssikkert filteranl\u00e6g<\/a>, og da det skulle besluttes, hvem der skulle designe og levere det til den nye fabrik, faldt valget p\u00e5 Moldow:<\/p>\n<p>\u2013 <i>I alt omkring opbygningen af vores nye egefabrik er vi g\u00e5et efter at v\u00e6lge den mest optimale l\u00f8sning. Driftssikkerhed og oppetid har v\u00e6ret meget vigtig for vores valg af maskinleverand\u00f8rer, og her passer Moldow perfekt ind med deres udsugningsl\u00f8sninger<\/i>, fort\u00e6ller Head of Production hos Dinesen, Ole Buelund.<\/p>\n<\/div><div class=\"fusion-clearfix\"><\/div><\/div><\/div><\/div><\/div><div class=\"fusion-fullwidth fullwidth-box fusion-builder-row-2 nonhundred-percent-fullwidth non-hundred-percent-height-scrolling\" style=\"--awb-border-radius-top-left:0px;--awb-border-radius-top-right:0px;--awb-border-radius-bottom-right:0px;--awb-border-radius-bottom-left:0px;--awb-margin-top:-30px;--awb-background-color:rgba(255,255,255,0.92);--awb-flex-wrap:wrap;\" ><div class=\"fusion-builder-row fusion-row\"><div class=\"fusion-layout-column fusion_builder_column fusion-builder-column-1 fusion_builder_column_2_3 2_3 fusion-two-third fusion-column-first\" style=\"--awb-bg-size:cover;--awb-margin-top:-20px;width:66.666666666667%;width:calc(66.666666666667% - ( ( 4% ) * 0.66666666666667 ) );margin-right: 4%;\"><div class=\"fusion-column-wrapper fusion-column-has-shadow fusion-flex-column-wrapper-legacy\"><div class=\"fusion-text fusion-text-2\" style=\"--awb-text-transform:none;\"><h2>Driftssikkert, energieffektiv sp\u00e5nsugningsanl\u00e6g til gulvproducent<\/h2>\n<p>Udenfor de nye produktionsfaciliteter i Jels st\u00e5r nu et stort undertryksfilter til 80.000 m<sup>3<\/sup>\/h af typen MHL inklusive fire ventilatorer, cyklon og containerl\u00f8sning.<\/p>\n<p>\u2013\u00a0<i>Gennem hele projektet har der v\u00e6ret fokus p\u00e5 at v\u00e6lge en energirigtig l\u00f8sning, som samtidig kan suge de store luftm\u00e6ngder, uden at der bliver g\u00e5et p\u00e5 kompromis med luftbalancen i bygningen<\/i>, fort\u00e6ller salgsingeni\u00f8r hos Moldow, Vagn Winum.<\/p>\n<p>\u2013\u00a0<i>Luftbalancen i bygningen har vi sikret ved at etablere returluft til maskinerne for 80\u00a0% af luften, og de resterende 20\u00a0% bruges i krydsveksleren til opvarmning af frisk luft, som s\u00e5 sendes ind i fabriksbygningen ved brug af over- og undertryksspj\u00e6ld<\/i>, forklarer Vagn Winum og tilf\u00f8jer, at denne l\u00f8sning udover de arbejdsmilj\u00f8-m\u00e6ssige fordele ogs\u00e5 giver store energibesparelser.<i><\/i><\/p>\n<blockquote>\n<p>Og hos Dinesen er slutresultatet og forl\u00f8bet faldet i god jord: \u2013 &#8220;<i>Moldow har leveret en super god l\u00f8sning, som vi er meget tilfredse med. Samtidig har montagearbejde og service i forbindelse med leveringen som altid hos Moldow v\u00e6ret i top&#8221;<\/i>, fort\u00e6ller Ole Buelund.<\/p>\n<\/blockquote>\n<\/div><div class=\"fusion-text fusion-text-3\" style=\"--awb-text-transform:none;\"><h3>Stor besparelse p\u00e5 150.000 kWh\/\u00e5r<\/h3>\n<p>Energibesparelser og -optimering er et fokusomr\u00e5de for produktionsvirksomheder i hele verden, og Dinesen Floors i Jels er ingen undtagelse. De har valgt en l\u00f8sning, der sikrer dem store besparelser p\u00e5 deres udsugning takket v\u00e6re det effektive filtersystem med minimalt tryktab og h\u00f8jeffektive, frekvensstyrede ventilatorer samt emnestyring og automatspj\u00e6ld ved hver maskine.<\/p>\n<blockquote>\n<p>\u2013 &#8220;<i>Anl\u00e6gget styres af et avanceret kontrolsystem, som sikrer store energibesparelser ved at tilpasse ventilatorernes ydelse til det aktuelle behov. Udsugningen tilpasses derfor efter, hvor mange maskiner der k\u00f8rer, og dermed hvor meget luft og materiale der skal suges fra produktionsmaskinerne til filteret&#8221;<\/i>, forklarer Vagn Winum.<\/p>\n<\/blockquote>\n<p>Der er dog flere ting, som tilsammen bidrager til den samlede energibesparelse:<\/p>\n<p>\u2013\u00a0<i>Selve designet p\u00e5 MHL-filteret bidrager i sig selv ogs\u00e5 med energibesparelser sammenlignet med andre filtertyper p\u00e5 markedet, da der er lavere lufthastighed i filteret, minimalt trykfald og effektiv poserensning<\/i>, forklarer Vagn.\u00a0<i>Returluften til maskinerne samt krydsveksleren medvirker ligeledes til det energioptimerede anl\u00e6g, da den udsugede luft og v<\/i><i>arme genvindes og sendes tilbage til maskiner og produktionshal<\/i>.<\/p>\n<p>Udregninger viser, at Dinesen opn\u00e5r en besparelse p\u00e5 ca. 150.000 kWh\/\u00e5r alene p\u00e5 udsugningen, i forhold til hvis de havde valgt et traditionelt anl\u00e6g.<\/p>\n<\/div><div class=\"fusion-text fusion-text-4\" style=\"--awb-text-transform:none;\"><h3>Avanceret t\u00f8mmesystem<\/h3>\n<p>Anl\u00e6gget er designet med et pneumatisk t\u00f8mmesystem med ventilator, r\u00f8rf\u00f8ring med skiftespj\u00e6ld og tre containere, der k\u00f8rer i et lukket system. P\u00e5 grund af den forventede store m\u00e6ngde udsuget affald er der opstillet intet mindre end tre containere.<\/p>\n<p>N\u00e5r en container er fyldt, f\u00e5r et vognfirma automatisk en sms-besked om, at den skal t\u00f8mmes, og skiftespj\u00e6ldene kontrollerer automatisk, hvilken container der skal fyldes.<\/p>\n<\/div><div class=\"fusion-clearfix\"><\/div><\/div><\/div><div class=\"fusion-layout-column fusion_builder_column fusion-builder-column-2 fusion_builder_column_1_3 1_3 fusion-one-third fusion-column-last\" style=\"--awb-bg-size:cover;--awb-margin-top:-50px;width:33.333333333333%;width:calc(33.333333333333% - ( ( 4% ) * 0.33333333333333 ) );\"><div class=\"fusion-column-wrapper fusion-column-has-shadow fusion-flex-column-wrapper-legacy\"><div class=\"fusion-text fusion-text-5\" style=\"--awb-text-transform:none;\">\n<div class=\"table-1\">\n<table width=\"100%\">\n<tbody>\n<tr>\n<td align=\"left\">Kunde<\/td>\n<td align=\"left\">Dinesen Floors A\/S<\/td>\n<\/tr>\n<\/tbody>\n<tbody>\n<tr>\n<td align=\"left\">Sted<\/td>\n<td align=\"left\">Jels, Danmark<\/td>\n<\/tr>\n<\/tbody>\n<tbody>\n<tr>\n<td align=\"left\">Affaldstype<\/td>\n<td align=\"left\">Tr\u00e6sp\u00e5ner og st\u00f8v<\/td>\n<\/tr>\n<\/tbody>\n<tbody>\n<tr>\n<td align=\"left\">Produkt<\/td>\n<td align=\"left\">1 x MHL \u2013 ATEX<\/td>\n<\/tr>\n<\/tbody>\n<tbody>\n<tr>\n<td align=\"left\">Luftm\u00e6ngde<\/td>\n<td align=\"left\">80,000 m3\/t<\/td>\n<\/tr>\n<\/tbody>\n<tbody>\n<tr>\n<td align=\"left\">Varmegenvinding<\/td>\n<td align=\"left\">FVK for 25,000 m3\/h<\/td>\n<\/tr>\n<\/tbody>\n<\/table>\n<\/div>\n<p>\n<\/div><div class=\"fusion-image-element in-legacy-container\" style=\"--awb-caption-title-font-family:var(--h2_typography-font-family);--awb-caption-title-font-weight:var(--h2_typography-font-weight);--awb-caption-title-font-style:var(--h2_typography-font-style);--awb-caption-title-size:var(--h2_typography-font-size);--awb-caption-title-transform:var(--h2_typography-text-transform);--awb-caption-title-line-height:var(--h2_typography-line-height);--awb-caption-title-letter-spacing:var(--h2_typography-letter-spacing);\"><span class=\" fusion-imageframe imageframe-none imageframe-1 hover-type-none\"><img decoding=\"async\" width=\"1000\" height=\"695\" alt=\"MHL dust extraction with a cyclone seperator\" src=\"https:\/\/moldow.com\/wp-content\/uploads\/2017\/01\/Dinesen-1.jpg\" class=\"img-responsive wp-image-3407\" srcset=\"https:\/\/moldow.com\/wp-content\/uploads\/2017\/01\/Dinesen-1-200x139.jpg 200w, https:\/\/moldow.com\/wp-content\/uploads\/2017\/01\/Dinesen-1-400x278.jpg 400w, https:\/\/moldow.com\/wp-content\/uploads\/2017\/01\/Dinesen-1-600x417.jpg 600w, https:\/\/moldow.com\/wp-content\/uploads\/2017\/01\/Dinesen-1-800x556.jpg 800w, https:\/\/moldow.com\/wp-content\/uploads\/2017\/01\/Dinesen-1.jpg 1000w\" sizes=\"(max-width: 800px) 100vw, 400px\" \/><\/span><\/div><div class=\"fusion-image-element in-legacy-container\" style=\"--awb-margin-top:10px;--awb-caption-title-font-family:var(--h2_typography-font-family);--awb-caption-title-font-weight:var(--h2_typography-font-weight);--awb-caption-title-font-style:var(--h2_typography-font-style);--awb-caption-title-size:var(--h2_typography-font-size);--awb-caption-title-transform:var(--h2_typography-text-transform);--awb-caption-title-line-height:var(--h2_typography-line-height);--awb-caption-title-letter-spacing:var(--h2_typography-letter-spacing);\"><span class=\" fusion-imageframe imageframe-none imageframe-2 hover-type-none\"><img decoding=\"async\" width=\"600\" height=\"430\" alt=\"Cyclone, ventilation system and baghouse filter\" src=\"https:\/\/moldow.com\/wp-content\/uploads\/2017\/11\/veksler-filter-dinesen.jpg\" class=\"img-responsive wp-image-3769\" srcset=\"https:\/\/moldow.com\/wp-content\/uploads\/2017\/11\/veksler-filter-dinesen-200x143.jpg 200w, https:\/\/moldow.com\/wp-content\/uploads\/2017\/11\/veksler-filter-dinesen-400x287.jpg 400w, https:\/\/moldow.com\/wp-content\/uploads\/2017\/11\/veksler-filter-dinesen.jpg 600w\" sizes=\"(max-width: 800px) 100vw, 400px\" \/><\/span><\/div><div class=\"fusion-clearfix\"><\/div><\/div><\/div><\/div><\/div><div class=\"fusion-fullwidth fullwidth-box fusion-builder-row-3 nonhundred-percent-fullwidth non-hundred-percent-height-scrolling\" style=\"--awb-border-radius-top-left:0px;--awb-border-radius-top-right:0px;--awb-border-radius-bottom-right:0px;--awb-border-radius-bottom-left:0px;--awb-padding-top:0px;--awb-padding-bottom:20px;--awb-margin-top:60px;--awb-background-color:rgba(255,255,255,0);--awb-flex-wrap:wrap;\" ><div class=\"fusion-builder-row fusion-row\"><div class=\"fusion-layout-column fusion_builder_column fusion-builder-column-3 fusion_builder_column_1_1 1_1 fusion-one-full fusion-column-first fusion-column-last fusion-animated\" style=\"--awb-bg-size:cover;--awb-margin-top:20px;--awb-margin-bottom:20px;\" data-animationType=\"slideInLeft\" data-animationDuration=\"1.3\" data-animationOffset=\"top-mid-of-view\"><div class=\"fusion-column-wrapper fusion-column-has-shadow fusion-flex-column-wrapper-legacy\"><div class=\"fusion-content-boxes content-boxes columns row fusion-columns-4 fusion-columns-total-4 fusion-content-boxes-1 content-boxes-icon-on-top content-left\" style=\"--awb-hover-accent-color:#dc0814;--awb-circle-hover-accent-color:transparent;\" data-animationOffset=\"top-mid-of-view\"><div style=\"--awb-backgroundcolor:#ffffff;\" class=\"fusion-column content-box-column content-box-column content-box-column-1 col-lg-3 col-md-3 col-sm-3 fusion-content-box-hover content-box-column-first-in-row\"><div class=\"col content-box-wrapper content-wrapper-background link-area-box link-type-text icon-hover-animation-fade\" data-link=\"https:\/\/moldow.com\/da\/filteranlaeg\/industrier\/\" data-link-target=\"_self\" data-animationOffset=\"top-mid-of-view\"><div class=\"heading heading-with-icon icon-left\"><a class=\"heading-link\" href=\"https:\/\/moldow.com\/da\/filteranlaeg\/industrier\/\" target=\"_self\"><div class=\"icon\"><i style=\"background-color:transparent;border-color:transparent;height:auto;width: 60px;line-height:normal;font-size:60px;\" aria-hidden=\"true\" class=\"fontawesome-icon fa-list-ul fas circle-no\"><\/i><\/div><h6 class=\"content-box-heading\" style=\"--h6_typography-font-size:22px;line-height:27px;\">INDUSTRIER<\/h6><\/a><\/div><div class=\"fusion-clearfix\"><\/div><div class=\"content-container\">\n<p>De forskellige industrier<\/p>\n<\/div><\/div><\/div><div style=\"--awb-backgroundcolor:#ffffff;\" class=\"fusion-column content-box-column content-box-column content-box-column-2 col-lg-3 col-md-3 col-sm-3 fusion-content-box-hover \"><div class=\"col content-box-wrapper content-wrapper-background link-area-box link-type-text icon-hover-animation-fade\" data-link=\"https:\/\/moldow.com\/da\/filteranlaeg\/produkter\/\" data-link-target=\"_self\" data-animationOffset=\"top-mid-of-view\"><div class=\"heading heading-with-icon icon-left\"><a class=\"heading-link\" href=\"https:\/\/moldow.com\/da\/filteranlaeg\/produkter\/\" target=\"_self\"><div class=\"icon\"><i style=\"background-color:transparent;border-color:transparent;height:auto;width: 60px;line-height:normal;font-size:60px;\" aria-hidden=\"true\" class=\"fontawesome-icon fa fa-tags circle-no\"><\/i><\/div><h6 class=\"content-box-heading\" style=\"--h6_typography-font-size:22px;line-height:27px;\">PRODUKTER<\/h6><\/a><\/div><div class=\"fusion-clearfix\"><\/div><div class=\"content-container\">\n<p>Filtre, sluser, energistyring.<\/p>\n<\/div><\/div><\/div><div style=\"--awb-backgroundcolor:#ffffff;\" class=\"fusion-column content-box-column content-box-column content-box-column-3 col-lg-3 col-md-3 col-sm-3 fusion-content-box-hover \"><div class=\"col content-box-wrapper content-wrapper-background link-area-box link-type-text icon-hover-animation-fade\" data-link=\"https:\/\/moldow.com\/da\/filteranlaeg\/filter-cases\/\" data-link-target=\"_self\" data-animationOffset=\"top-mid-of-view\"><div class=\"heading heading-with-icon icon-left\"><a class=\"heading-link\" href=\"https:\/\/moldow.com\/da\/filteranlaeg\/filter-cases\/\" target=\"_self\"><div class=\"icon\"><i style=\"background-color:transparent;border-color:transparent;height:auto;width: 60px;line-height:normal;font-size:60px;\" aria-hidden=\"true\" class=\"fontawesome-icon fa-image far circle-no\"><\/i><\/div><h6 class=\"content-box-heading\" style=\"--h6_typography-font-size:22px;line-height:27px;\">CASES<\/h6><\/a><\/div><div class=\"fusion-clearfix\"><\/div><div class=\"content-container\">\n<p>Se nyeste installationer<\/p>\n<\/div><\/div><\/div><div style=\"--awb-backgroundcolor:#ffffff;\" class=\"fusion-column content-box-column content-box-column content-box-column-4 col-lg-3 col-md-3 col-sm-3 fusion-content-box-hover content-box-column-last content-box-column-last-in-row\"><div class=\"col content-box-wrapper content-wrapper-background link-area-box link-type-text icon-hover-animation-fade\" data-link=\"https:\/\/moldow.com\/da\/kontakt\/medarbejdere\/\" data-link-target=\"_self\" data-animationOffset=\"top-mid-of-view\"><div class=\"heading heading-with-icon icon-left\"><a class=\"heading-link\" href=\"https:\/\/moldow.com\/da\/kontakt\/medarbejdere\/\" target=\"_self\"><div class=\"icon\"><i style=\"background-color:transparent;border-color:transparent;height:auto;width: 60px;line-height:normal;font-size:60px;\" aria-hidden=\"true\" class=\"fontawesome-icon fa-users fas circle-no\"><\/i><\/div><h6 class=\"content-box-heading\" style=\"--h6_typography-font-size:22px;line-height:27px;\">KONTAKT<\/h6><\/a><\/div><div class=\"fusion-clearfix\"><\/div><div class=\"content-container\">\n<p>Kontakt os direkte her.<\/p>\n<\/div><\/div><\/div><div class=\"fusion-clearfix\"><\/div><\/div><div class=\"fusion-clearfix\"><\/div><\/div><\/div><\/div><\/div>\n<\/p>\n","protected":false},"excerpt":{"rendered":"","protected":false},"author":1,"featured_media":0,"parent":1467,"menu_order":0,"comment_status":"closed","ping_status":"closed","template":"100-width.php","meta":{"_acf_changed":false,"footnotes":""},"class_list":["post-7698","page","type-page","status-publish","hentry"],"acf":[],"yoast_head":"<!-- This site is optimized with the Yoast SEO plugin v24.8 - https:\/\/yoast.com\/wordpress\/plugins\/seo\/ -->\n<title>CASE: DINESEN FLOORS | Sp\u00e5nsugningsanl\u00e6g fra Moldow<\/title>\n<meta name=\"description\" content=\"Komplet anl\u00e6g til sp\u00e5nsugning til dansk gulvproducent Dinesen Floors, inklusive cyklon, varmegenvinding, ventilatorer og t\u00f8mmesystem. L\u00e6s her\" \/>\n<meta name=\"robots\" content=\"index, follow, max-snippet:-1, max-image-preview:large, max-video-preview:-1\" \/>\n<link rel=\"canonical\" href=\"https:\/\/moldow.com\/da\/filteranlaeg\/industrier\/traeindustri\/case-dinesen-floors\/\" \/>\n<meta property=\"og:locale\" content=\"da_DK\" \/>\n<meta property=\"og:type\" content=\"article\" \/>\n<meta property=\"og:title\" content=\"CASE: DINESEN FLOORS | Sp\u00e5nsugningsanl\u00e6g fra Moldow\" \/>\n<meta property=\"og:description\" content=\"Komplet anl\u00e6g til sp\u00e5nsugning til dansk gulvproducent Dinesen Floors, inklusive cyklon, varmegenvinding, ventilatorer og t\u00f8mmesystem. L\u00e6s her\" \/>\n<meta property=\"og:url\" content=\"https:\/\/moldow.com\/da\/filteranlaeg\/industrier\/traeindustri\/case-dinesen-floors\/\" \/>\n<meta property=\"og:site_name\" content=\"Moldow\" \/>\n<meta property=\"article:modified_time\" content=\"2022-10-25T11:21:09+00:00\" \/>\n<meta name=\"twitter:card\" content=\"summary_large_image\" \/>\n<meta name=\"twitter:label1\" content=\"Estimeret l\u00e6setid\" \/>\n\t<meta name=\"twitter:data1\" content=\"9 minutes\" \/>\n<script type=\"application\/ld+json\" class=\"yoast-schema-graph\">{\"@context\":\"https:\/\/schema.org\",\"@graph\":[{\"@type\":\"WebPage\",\"@id\":\"https:\/\/moldow.com\/da\/filteranlaeg\/industrier\/traeindustri\/case-dinesen-floors\/\",\"url\":\"https:\/\/moldow.com\/da\/filteranlaeg\/industrier\/traeindustri\/case-dinesen-floors\/\",\"name\":\"CASE: DINESEN FLOORS | Sp\u00e5nsugningsanl\u00e6g fra Moldow\",\"isPartOf\":{\"@id\":\"https:\/\/moldow.com\/#website\"},\"datePublished\":\"2022-07-12T10:36:11+00:00\",\"dateModified\":\"2022-10-25T11:21:09+00:00\",\"description\":\"Komplet anl\u00e6g til sp\u00e5nsugning til dansk gulvproducent Dinesen Floors, inklusive cyklon, varmegenvinding, ventilatorer og t\u00f8mmesystem. L\u00e6s her\",\"breadcrumb\":{\"@id\":\"https:\/\/moldow.com\/da\/filteranlaeg\/industrier\/traeindustri\/case-dinesen-floors\/#breadcrumb\"},\"inLanguage\":\"da-DK\",\"potentialAction\":[{\"@type\":\"ReadAction\",\"target\":[\"https:\/\/moldow.com\/da\/filteranlaeg\/industrier\/traeindustri\/case-dinesen-floors\/\"]}]},{\"@type\":\"BreadcrumbList\",\"@id\":\"https:\/\/moldow.com\/da\/filteranlaeg\/industrier\/traeindustri\/case-dinesen-floors\/#breadcrumb\",\"itemListElement\":[{\"@type\":\"ListItem\",\"position\":1,\"name\":\"Hjem\",\"item\":\"https:\/\/moldow.com\/da\/\"},{\"@type\":\"ListItem\",\"position\":2,\"name\":\"Filteranl\u00e6g\",\"item\":\"https:\/\/moldow.com\/da\/filteranlaeg\/\"},{\"@type\":\"ListItem\",\"position\":3,\"name\":\"industrier filteranl\u00e6g\",\"item\":\"https:\/\/moldow.com\/da\/filteranlaeg\/industrier\/\"},{\"@type\":\"ListItem\",\"position\":4,\"name\":\"Udsugning til tr\u00e6industri\",\"item\":\"https:\/\/moldow.com\/da\/filteranlaeg\/industrier\/traeindustri\/\"},{\"@type\":\"ListItem\",\"position\":5,\"name\":\"CASE: DINESEN FLOORS\"}]},{\"@type\":\"WebSite\",\"@id\":\"https:\/\/moldow.com\/#website\",\"url\":\"https:\/\/moldow.com\/\",\"name\":\"Moldow\",\"description\":\"Dust Extraction Systems and Painting Lines\",\"publisher\":{\"@id\":\"https:\/\/moldow.com\/#organization\"},\"potentialAction\":[{\"@type\":\"SearchAction\",\"target\":{\"@type\":\"EntryPoint\",\"urlTemplate\":\"https:\/\/moldow.com\/?s={search_term_string}\"},\"query-input\":{\"@type\":\"PropertyValueSpecification\",\"valueRequired\":true,\"valueName\":\"search_term_string\"}}],\"inLanguage\":\"da-DK\"},{\"@type\":\"Organization\",\"@id\":\"https:\/\/moldow.com\/#organization\",\"name\":\"Moldow A\/S\",\"url\":\"https:\/\/moldow.com\/\",\"logo\":{\"@type\":\"ImageObject\",\"inLanguage\":\"da-DK\",\"@id\":\"https:\/\/moldow.com\/#\/schema\/logo\/image\/\",\"url\":\"https:\/\/moldow.com\/wp-content\/uploads\/2017\/01\/Moldow-logo-web-ny.png\",\"contentUrl\":\"https:\/\/moldow.com\/wp-content\/uploads\/2017\/01\/Moldow-logo-web-ny.png\",\"width\":259,\"height\":38,\"caption\":\"Moldow A\/S\"},\"image\":{\"@id\":\"https:\/\/moldow.com\/#\/schema\/logo\/image\/\"}}]}<\/script>\n<!-- \/ Yoast SEO plugin. -->","yoast_head_json":{"title":"CASE: DINESEN FLOORS | Sp\u00e5nsugningsanl\u00e6g fra Moldow","description":"Komplet anl\u00e6g til sp\u00e5nsugning til dansk gulvproducent Dinesen Floors, inklusive cyklon, varmegenvinding, ventilatorer og t\u00f8mmesystem. L\u00e6s her","robots":{"index":"index","follow":"follow","max-snippet":"max-snippet:-1","max-image-preview":"max-image-preview:large","max-video-preview":"max-video-preview:-1"},"canonical":"https:\/\/moldow.com\/da\/filteranlaeg\/industrier\/traeindustri\/case-dinesen-floors\/","og_locale":"da_DK","og_type":"article","og_title":"CASE: DINESEN FLOORS | Sp\u00e5nsugningsanl\u00e6g fra Moldow","og_description":"Komplet anl\u00e6g til sp\u00e5nsugning til dansk gulvproducent Dinesen Floors, inklusive cyklon, varmegenvinding, ventilatorer og t\u00f8mmesystem. L\u00e6s her","og_url":"https:\/\/moldow.com\/da\/filteranlaeg\/industrier\/traeindustri\/case-dinesen-floors\/","og_site_name":"Moldow","article_modified_time":"2022-10-25T11:21:09+00:00","twitter_card":"summary_large_image","twitter_misc":{"Estimeret l\u00e6setid":"9 minutes"},"schema":{"@context":"https:\/\/schema.org","@graph":[{"@type":"WebPage","@id":"https:\/\/moldow.com\/da\/filteranlaeg\/industrier\/traeindustri\/case-dinesen-floors\/","url":"https:\/\/moldow.com\/da\/filteranlaeg\/industrier\/traeindustri\/case-dinesen-floors\/","name":"CASE: DINESEN FLOORS | Sp\u00e5nsugningsanl\u00e6g fra Moldow","isPartOf":{"@id":"https:\/\/moldow.com\/#website"},"datePublished":"2022-07-12T10:36:11+00:00","dateModified":"2022-10-25T11:21:09+00:00","description":"Komplet anl\u00e6g til sp\u00e5nsugning til dansk gulvproducent Dinesen Floors, inklusive cyklon, varmegenvinding, ventilatorer og t\u00f8mmesystem. L\u00e6s her","breadcrumb":{"@id":"https:\/\/moldow.com\/da\/filteranlaeg\/industrier\/traeindustri\/case-dinesen-floors\/#breadcrumb"},"inLanguage":"da-DK","potentialAction":[{"@type":"ReadAction","target":["https:\/\/moldow.com\/da\/filteranlaeg\/industrier\/traeindustri\/case-dinesen-floors\/"]}]},{"@type":"BreadcrumbList","@id":"https:\/\/moldow.com\/da\/filteranlaeg\/industrier\/traeindustri\/case-dinesen-floors\/#breadcrumb","itemListElement":[{"@type":"ListItem","position":1,"name":"Hjem","item":"https:\/\/moldow.com\/da\/"},{"@type":"ListItem","position":2,"name":"Filteranl\u00e6g","item":"https:\/\/moldow.com\/da\/filteranlaeg\/"},{"@type":"ListItem","position":3,"name":"industrier filteranl\u00e6g","item":"https:\/\/moldow.com\/da\/filteranlaeg\/industrier\/"},{"@type":"ListItem","position":4,"name":"Udsugning til tr\u00e6industri","item":"https:\/\/moldow.com\/da\/filteranlaeg\/industrier\/traeindustri\/"},{"@type":"ListItem","position":5,"name":"CASE: DINESEN FLOORS"}]},{"@type":"WebSite","@id":"https:\/\/moldow.com\/#website","url":"https:\/\/moldow.com\/","name":"Moldow","description":"Dust Extraction Systems and Painting Lines","publisher":{"@id":"https:\/\/moldow.com\/#organization"},"potentialAction":[{"@type":"SearchAction","target":{"@type":"EntryPoint","urlTemplate":"https:\/\/moldow.com\/?s={search_term_string}"},"query-input":{"@type":"PropertyValueSpecification","valueRequired":true,"valueName":"search_term_string"}}],"inLanguage":"da-DK"},{"@type":"Organization","@id":"https:\/\/moldow.com\/#organization","name":"Moldow A\/S","url":"https:\/\/moldow.com\/","logo":{"@type":"ImageObject","inLanguage":"da-DK","@id":"https:\/\/moldow.com\/#\/schema\/logo\/image\/","url":"https:\/\/moldow.com\/wp-content\/uploads\/2017\/01\/Moldow-logo-web-ny.png","contentUrl":"https:\/\/moldow.com\/wp-content\/uploads\/2017\/01\/Moldow-logo-web-ny.png","width":259,"height":38,"caption":"Moldow A\/S"},"image":{"@id":"https:\/\/moldow.com\/#\/schema\/logo\/image\/"}}]}},"_links":{"self":[{"href":"https:\/\/moldow.com\/da\/wp-json\/wp\/v2\/pages\/7698","targetHints":{"allow":["GET"]}}],"collection":[{"href":"https:\/\/moldow.com\/da\/wp-json\/wp\/v2\/pages"}],"about":[{"href":"https:\/\/moldow.com\/da\/wp-json\/wp\/v2\/types\/page"}],"author":[{"embeddable":true,"href":"https:\/\/moldow.com\/da\/wp-json\/wp\/v2\/users\/1"}],"replies":[{"embeddable":true,"href":"https:\/\/moldow.com\/da\/wp-json\/wp\/v2\/comments?post=7698"}],"version-history":[{"count":7,"href":"https:\/\/moldow.com\/da\/wp-json\/wp\/v2\/pages\/7698\/revisions"}],"predecessor-version":[{"id":8771,"href":"https:\/\/moldow.com\/da\/wp-json\/wp\/v2\/pages\/7698\/revisions\/8771"}],"up":[{"embeddable":true,"href":"https:\/\/moldow.com\/da\/wp-json\/wp\/v2\/pages\/1467"}],"wp:attachment":[{"href":"https:\/\/moldow.com\/da\/wp-json\/wp\/v2\/media?parent=7698"}],"curies":[{"name":"wp","href":"https:\/\/api.w.org\/{rel}","templated":true}]}}