{"id":7635,"date":"2022-07-12T06:32:11","date_gmt":"2022-07-12T06:32:11","guid":{"rendered":"https:\/\/moldow.com\/maleanlaeg\/metal-vaadmaleanlaeg\/painting-line-for-wind-turbine-towers\/"},"modified":"2023-01-25T14:18:10","modified_gmt":"2023-01-25T14:18:10","slug":"maleanlaeg-til-vindmoelletaarne","status":"publish","type":"page","link":"https:\/\/moldow.com\/da\/maleanlaeg\/metal-vaadmaleanlaeg\/maleanlaeg-til-vindmoelletaarne\/","title":{"rendered":"Maleanl\u00e6g til vindm\u00f8llet\u00e5rne"},"content":{"rendered":"<p><div class=\"fusion-fullwidth fullwidth-box fusion-builder-row-1 nonhundred-percent-fullwidth non-hundred-percent-height-scrolling\" style=\"--awb-border-radius-top-left:0px;--awb-border-radius-top-right:0px;--awb-border-radius-bottom-right:0px;--awb-border-radius-bottom-left:0px;--awb-margin-top:80px;--awb-background-color:rgba(255,255,255,0.92);--awb-flex-wrap:wrap;\" ><div class=\"fusion-builder-row fusion-row\"><div class=\"fusion-layout-column fusion_builder_column fusion-builder-column-0 fusion_builder_column_1_1 1_1 fusion-one-full fusion-column-first fusion-column-last\" style=\"--awb-bg-size:cover;\"><div class=\"fusion-column-wrapper fusion-column-has-shadow fusion-flex-column-wrapper-legacy\"><div class=\"fusion-title title fusion-title-1 sep-underline sep-solid fusion-title-text fusion-title-size-one\"><h1 class=\"fusion-title-heading title-heading-left\" style=\"margin:0;\">CASE: MANUELT MALEANL\u00c6G TIL 38 M LANGE VINDM\u00d8LLET\u00c5RNE<\/h1><\/div><div class=\"fusion-text fusion-text-1\" style=\"--awb-text-transform:none;\"><h2>Nyt v\u00e5dmaleanl\u00e6g med sandbl\u00e6sningskabine, to nye malerkabiner og metalliseringskabiner<\/h2>\n<p><img decoding=\"async\" class=\" wp-image-3606 alignright\" src=\"https:\/\/moldow.com\/wp-content\/uploads\/2017\/07\/Titan-painting-line-1.jpg\" alt=\"Stor spr\u00f8jteboks\" width=\"356\" height=\"255\" srcset=\"https:\/\/moldow.com\/wp-content\/uploads\/2017\/07\/Titan-painting-line-1-200x143.jpg 200w, https:\/\/moldow.com\/wp-content\/uploads\/2017\/07\/Titan-painting-line-1-300x214.jpg 300w, https:\/\/moldow.com\/wp-content\/uploads\/2017\/07\/Titan-painting-line-1-400x287.jpg 400w, https:\/\/moldow.com\/wp-content\/uploads\/2017\/07\/Titan-painting-line-1.jpg 600w\" sizes=\"(max-width: 356px) 100vw, 356px\" \/>Moldow har netop leveret et <a href=\"https:\/\/moldow.com\/da\/maleanlaeg\/\">maleanl\u00e6g<\/a> til Titan Wind Energy i Esbjerg, som producerer ca. 350 vindm\u00f8llet\u00e5rne om \u00e5ret. T\u00e5rnene m\u00e5ler op til 38 m i l\u00e6ngden og 5,5 m i diameter, og derfor var det en speciel anl\u00e6gsl\u00f8sning, der skulle til.<\/p>\n<p>Leverancen bestod i en ombygning af Titans eksisterende produktionshal, s\u00e5 pladsen blev udnyttet optimalt, og alle processer kom til at foreg\u00e5 under \u00e9t tag. Moldow har dertil leveret en ny sandbl\u00e6sningskabine, to nye malerkabiner og \u00e6ndret de to eksisterende malerkabiner til metalliseringskabiner. Derudover omfattede leveringen ogs\u00e5 det samlede ventilationsanl\u00e6g, filtre til sandbl\u00e6sning og metallisering samt sandbl\u00e6seudstyr.<\/p>\n<h2>Fortrinligt samarbejde<\/h2>\n<\/div><div class=\"fusion-clearfix\"><\/div><\/div><\/div><div class=\"fusion-layout-column fusion_builder_column fusion-builder-column-1 fusion_builder_column_2_3 2_3 fusion-two-third fusion-column-first\" style=\"--awb-bg-size:cover;width:66.666666666667%;width:calc(66.666666666667% - ( ( 4% ) * 0.66666666666667 ) );margin-right: 4%;\"><div class=\"fusion-column-wrapper fusion-column-has-shadow fusion-flex-column-wrapper-legacy\"><div class=\"fusion-text fusion-text-2\" style=\"--awb-text-transform:none;\"><p>\u201dLeveringen af dette anl\u00e6g har v\u00e6ret udfordrende, fordi Titan skulle opretholde deres produktion, samtidig med at vi byggede anl\u00e6gget. S\u00e5 det har kr\u00e6vet koordinering og samarbejde mellem dem og os. Det lykkedes os at klare dette uden problemer, og det er vi meget stolte af\u201d, udtaler projektleder Peter Skj\u00f8th.<\/p>\n<p>Moldow har st\u00e5et for alt lige fra det indledende arbejde og design til projektering, produktion og montering. Grundet projektets kompleksitet har mange underleverand\u00f8rer v\u00e6ret involveret, og de har alle v\u00e6ret meget fleksible og samarbejdsvillige.<\/p>\n<blockquote>\n<p>\u201dVi har v\u00e6ret utrolig tilfredse med Moldows h\u00e5ndtering af hele projektet. Vi var meget afh\u00e6ngige af at kunne forts\u00e6tte vores produktion samtidig, hvilket stiller store krav til alle involverede i projektet. Men samarbejdet mellem os, Moldow og deres underleverand\u00f8rer har fungeret fortrinligt\u201d, fort\u00e6ller Michael Buus Nielsen, administrerende direkt\u00f8r hos Titan Wind Energy.<\/p>\n<\/blockquote>\n<\/div><div class=\"fusion-text fusion-text-3\" style=\"--awb-text-transform:none;\"><h2>Maling af vindm\u00f8llet\u00e5rne og store emner<\/h2>\n<p>For at sikre h\u00f8j kvalitet af den efterf\u00f8lgende lakering bliver vindm\u00f8llet\u00e5rnene som det f\u00f8rste sandbl\u00e6st, hvor de klarg\u00f8res til lakering. Med sandbl\u00e6sningen reng\u00f8res overfladen, og den f\u00e5r den rigtige ruhed. Den 48 m lange sandbl\u00e6sekabine er ventileret med 60.000 m\u00b3\/h. I et tilh\u00f8rende teknikrum er ventilatorer, filter og sandbl\u00e6seudstyr, som ogs\u00e5 er leveret af Moldow, placeret.<\/p>\n<p>Efter sandbl\u00e6sningen bliver t\u00e5rnene metalliseret, hvilket er n\u00f8dvendigt, n\u00e5r der lakeres offshorem\u00f8ller, som skal kunne modst\u00e5 saltvandst\u00e6ring. Titan kan arbejde i en af metalliseringskabinerne af gangen, og disse kabiner er ligeledes ventileret med 60.000 m\u00b3\/h.<\/p>\n<p>Grundet emnernes store st\u00f8rrelse er malekabinerne to store haller, hvor t\u00e5rnene lakeres manuelt med v\u00e5dmaling. Hallerne er ventileret med 60.000 m\u00b3\/h for at sikre udsugning og filtrering af malerst\u00f8vet via paneler langs siderne og indbl\u00e6sning i loftet. Begge kabiner kan anvendes p\u00e5 samme tid, og hver kabine er forsynet med to porte samt et pumperum.<\/p>\n<blockquote>\n<p>\u201dDenne leverance viser, at Moldow er i stand til at levere anl\u00e6g til lakering af alle typer emner. T\u00e5rnene, der skal igennem dette anl\u00e6g, er 38 m lange, mens vi andre gange har leveret l\u00f8sninger til lakering af meget sm\u00e5 emner s\u00e5som brillestel og mobilcovere. Vi kan tilpasse vores anl\u00e6g, s\u00e5 de opfylder kundens specifikke krav, og leder projektet fra start til slut\u201d, udtaler projektleder Peter Skj\u00f8th.<\/p>\n<\/blockquote>\n<\/div><div class=\"fusion-clearfix\"><\/div><\/div><\/div><div class=\"fusion-layout-column fusion_builder_column fusion-builder-column-2 fusion_builder_column_1_3 1_3 fusion-one-third fusion-column-last\" style=\"--awb-bg-size:cover;width:33.333333333333%;width:calc(33.333333333333% - ( ( 4% ) * 0.33333333333333 ) );\"><div class=\"fusion-column-wrapper fusion-column-has-shadow fusion-flex-column-wrapper-legacy\"><div class=\"fusion-text fusion-text-4\" style=\"--awb-text-transform:none;--awb-margin-top:10px;\">\n<div class=\"table-1\">\n<table width=\"100%\">\n<tbody>\n<tr>\n<td align=\"left\">Kunde<\/td>\n<td align=\"left\">Titan Wind Energy<\/td>\n<\/tr>\n<\/tbody>\n<tbody>\n<tr>\n<td align=\"left\">Sted<\/td>\n<td align=\"left\">Varde, Danmark<\/td>\n<\/tr>\n<\/tbody>\n<tbody>\n<tr>\n<td align=\"left\">Emnetype<\/td>\n<td align=\"left\">\u00a0Vindm\u00f8llet\u00e5rne<\/td>\n<\/tr>\n<\/tbody>\n<tbody>\n<tr>\n<td align=\"left\">Emnestr.<\/td>\n<td align=\"left\">Op til 38 m lange og 5,5 m i diameter<\/td>\n<\/tr>\n<\/tbody>\n<tbody>\n<tr>\n<td align=\"left\">Detaljer<\/td>\n<td align=\"left\">Sandbl\u00e6sningskabine, to nye malekabiner og metaliseringskabiner. Ventilationssystem, filtre og udstyr til sandbl\u00e6sning og metalisering.<\/td>\n<\/tr>\n<\/tbody>\n<\/table>\n<\/div>\n<p>\n<\/div><div class=\"fusion-image-element in-legacy-container\" style=\"--awb-caption-title-font-family:var(--h2_typography-font-family);--awb-caption-title-font-weight:var(--h2_typography-font-weight);--awb-caption-title-font-style:var(--h2_typography-font-style);--awb-caption-title-size:var(--h2_typography-font-size);--awb-caption-title-transform:var(--h2_typography-text-transform);--awb-caption-title-line-height:var(--h2_typography-line-height);--awb-caption-title-letter-spacing:var(--h2_typography-letter-spacing);\"><span class=\" fusion-imageframe imageframe-none imageframe-1 hover-type-none\"><img decoding=\"async\" width=\"600\" height=\"430\" alt=\"manual wet paiting cabin\" src=\"https:\/\/moldow.com\/wp-content\/uploads\/2017\/07\/Titan-painting-line-2.jpg\" class=\"img-responsive wp-image-3609\" srcset=\"https:\/\/moldow.com\/wp-content\/uploads\/2017\/07\/Titan-painting-line-2-200x143.jpg 200w, https:\/\/moldow.com\/wp-content\/uploads\/2017\/07\/Titan-painting-line-2-400x287.jpg 400w, https:\/\/moldow.com\/wp-content\/uploads\/2017\/07\/Titan-painting-line-2.jpg 600w\" sizes=\"(max-width: 800px) 100vw, 400px\" \/><\/span><\/div><div class=\"fusion-image-element in-legacy-container\" style=\"--awb-margin-top:10px;--awb-caption-title-font-family:var(--h2_typography-font-family);--awb-caption-title-font-weight:var(--h2_typography-font-weight);--awb-caption-title-font-style:var(--h2_typography-font-style);--awb-caption-title-size:var(--h2_typography-font-size);--awb-caption-title-transform:var(--h2_typography-text-transform);--awb-caption-title-line-height:var(--h2_typography-line-height);--awb-caption-title-letter-spacing:var(--h2_typography-letter-spacing);\"><span class=\" fusion-imageframe imageframe-none imageframe-2 hover-type-none\"><img decoding=\"async\" width=\"600\" height=\"430\" alt=\"Titan production facility\" title=\"Titan-painting-line-3\" src=\"https:\/\/moldow.com\/wp-content\/uploads\/2017\/07\/Titan-painting-line-3.jpg\" class=\"img-responsive wp-image-3612\" srcset=\"https:\/\/moldow.com\/wp-content\/uploads\/2017\/07\/Titan-painting-line-3-200x143.jpg 200w, https:\/\/moldow.com\/wp-content\/uploads\/2017\/07\/Titan-painting-line-3-400x287.jpg 400w, https:\/\/moldow.com\/wp-content\/uploads\/2017\/07\/Titan-painting-line-3.jpg 600w\" sizes=\"(max-width: 800px) 100vw, 400px\" \/><\/span><\/div><div class=\"fusion-clearfix\"><\/div><\/div><\/div><\/div><\/div><div class=\"fusion-fullwidth fullwidth-box fusion-builder-row-2 nonhundred-percent-fullwidth non-hundred-percent-height-scrolling\" style=\"--awb-border-radius-top-left:0px;--awb-border-radius-top-right:0px;--awb-border-radius-bottom-right:0px;--awb-border-radius-bottom-left:0px;--awb-padding-top:20px;--awb-padding-bottom:20px;--awb-margin-top:20px;--awb-background-color:rgba(255,255,255,0);--awb-flex-wrap:wrap;\" ><div class=\"fusion-builder-row fusion-row\"><div class=\"fusion-layout-column fusion_builder_column fusion-builder-column-3 fusion_builder_column_1_1 1_1 fusion-one-full fusion-column-first fusion-column-last\" style=\"--awb-bg-size:cover;--awb-margin-top:20px;--awb-margin-bottom:20px;\"><div class=\"fusion-column-wrapper fusion-flex-column-wrapper-legacy\"><div class=\"fusion-content-boxes content-boxes columns row fusion-columns-4 fusion-columns-total-4 fusion-content-boxes-1 content-boxes-icon-on-top content-left\" style=\"--awb-hover-accent-color:#dc0814;--awb-circle-hover-accent-color:transparent;\" data-animationOffset=\"top-mid-of-view\"><div style=\"--awb-backgroundcolor:#ffffff;\" class=\"fusion-column content-box-column content-box-column content-box-column-1 col-lg-3 col-md-3 col-sm-3 fusion-content-box-hover content-box-column-first-in-row\"><div class=\"col content-box-wrapper content-wrapper-background link-area-box link-type-text icon-hover-animation-fade\" data-link=\"https:\/\/moldow.com\/da\/maleanlaeg\/industrier\/\" data-link-target=\"_self\" data-animationOffset=\"top-mid-of-view\"><div class=\"heading heading-with-icon icon-left\"><a class=\"heading-link\" href=\"https:\/\/moldow.com\/da\/maleanlaeg\/industrier\/\" target=\"_self\"><div class=\"icon\"><i style=\"background-color:transparent;border-color:transparent;height:auto;width: 60px;line-height:normal;font-size:60px;\" aria-hidden=\"true\" class=\"fontawesome-icon fa-th-list fas circle-no\"><\/i><\/div><h6 class=\"content-box-heading\" style=\"--h6_typography-font-size:22px;line-height:27px;\">INDUSTRIER<\/h6><\/a><\/div><div class=\"fusion-clearfix\"><\/div><div class=\"content-container\">\n<p>L\u00e6s om maleanl\u00e6g til emner i plast, metal og tr\u00e6<\/p>\n<\/div><\/div><\/div><div style=\"--awb-backgroundcolor:#ffffff;\" class=\"fusion-column content-box-column content-box-column content-box-column-2 col-lg-3 col-md-3 col-sm-3 fusion-content-box-hover \"><div class=\"col content-box-wrapper content-wrapper-background link-area-box link-type-text icon-hover-animation-fade\" data-link=\"https:\/\/moldow.com\/da\/maleanlaeg\/produkter\/\" data-link-target=\"_self\" data-animationOffset=\"top-mid-of-view\"><div class=\"heading heading-with-icon icon-left\"><a class=\"heading-link\" href=\"https:\/\/moldow.com\/da\/maleanlaeg\/produkter\/\" target=\"_self\"><div class=\"icon\"><i style=\"background-color:transparent;border-color:transparent;height:auto;width: 60px;line-height:normal;font-size:60px;\" aria-hidden=\"true\" class=\"fontawesome-icon fa-tags fas circle-no\"><\/i><\/div><h6 class=\"content-box-heading\" style=\"--h6_typography-font-size:22px;line-height:27px;\">PRODUKTER<\/h6><\/a><\/div><div class=\"fusion-clearfix\"><\/div><div class=\"content-container\">\n<p>Manuelle og automatiske anl\u00e6g, spr\u00f8jtebokse, ovne<\/p>\n<\/div><\/div><\/div><div style=\"--awb-backgroundcolor:#ffffff;\" class=\"fusion-column content-box-column content-box-column content-box-column-3 col-lg-3 col-md-3 col-sm-3 fusion-content-box-hover \"><div class=\"col content-box-wrapper content-wrapper-background link-area-box link-type-text icon-hover-animation-fade\" data-link=\"https:\/\/moldow.com\/da\/maleanlaeg\/case-stories-painting\/\" data-link-target=\"_self\" data-animationOffset=\"top-mid-of-view\"><div class=\"heading heading-with-icon icon-left\"><a class=\"heading-link\" href=\"https:\/\/moldow.com\/da\/maleanlaeg\/case-stories-painting\/\" target=\"_self\"><div class=\"icon\"><i style=\"background-color:transparent;border-color:transparent;height:auto;width: 60px;line-height:normal;font-size:60px;\" aria-hidden=\"true\" class=\"fontawesome-icon fa-image far circle-no\"><\/i><\/div><h6 class=\"content-box-heading\" style=\"--h6_typography-font-size:22px;line-height:27px;\">CASE STORIES<\/h6><\/a><\/div><div class=\"fusion-clearfix\"><\/div><div class=\"content-container\">\n<p>Se andre af vores tidligere anl\u00e6gsleverancer<\/p>\n<\/div><\/div><\/div><div style=\"--awb-backgroundcolor:#ffffff;\" class=\"fusion-column content-box-column content-box-column content-box-column-4 col-lg-3 col-md-3 col-sm-3 fusion-content-box-hover content-box-column-last content-box-column-last-in-row\"><div class=\"col content-box-wrapper content-wrapper-background link-area-box link-type-text icon-hover-animation-fade\" data-link=\"https:\/\/moldow.com\/da\/kontakt\/medarbejdere\/maleanlaegssalg\/\" data-link-target=\"_self\" data-animationOffset=\"top-mid-of-view\"><div class=\"heading heading-with-icon icon-left\"><a class=\"heading-link\" href=\"https:\/\/moldow.com\/da\/kontakt\/medarbejdere\/maleanlaegssalg\/\" target=\"_self\"><div class=\"icon\"><i style=\"background-color:transparent;border-color:transparent;height:auto;width: 60px;line-height:normal;font-size:60px;\" aria-hidden=\"true\" class=\"fontawesome-icon fa-envelope far circle-no\"><\/i><\/div><h6 class=\"content-box-heading\" style=\"--h6_typography-font-size:22px;line-height:27px;\">KONTAKT<\/h6><\/a><\/div><div class=\"fusion-clearfix\"><\/div><div class=\"content-container\">\n<p>Kontakt os gerne ved foresp\u00f8rgsel eller sp\u00f8rgsm\u00e5l<\/p>\n<\/div><\/div><\/div><div class=\"fusion-clearfix\"><\/div><\/div><div class=\"fusion-clearfix\"><\/div><\/div><\/div><\/div><\/div>\n<\/p>\n","protected":false},"excerpt":{"rendered":"","protected":false},"author":1,"featured_media":0,"parent":1761,"menu_order":0,"comment_status":"closed","ping_status":"closed","template":"100-width.php","meta":{"_acf_changed":false,"footnotes":""},"class_list":["post-7635","page","type-page","status-publish","hentry"],"acf":[],"yoast_head":"<!-- This site is optimized with the Yoast SEO plugin v24.8 - https:\/\/yoast.com\/wordpress\/plugins\/seo\/ -->\n<title>Maleanl\u00e6g til vindm\u00f8llet\u00e5rne | Moldow -designet anl\u00e6g til store emner<\/title>\n<meta name=\"description\" content=\"V\u00e5dmaleanl\u00e6g til maling af vindm\u00f8llet\u00e5rne inklusive en sandbl\u00e6sningskabine, to nye malerkabiner og metalliseringskabiner. L\u00e6s om projektet\" \/>\n<meta name=\"robots\" content=\"index, follow, max-snippet:-1, max-image-preview:large, max-video-preview:-1\" \/>\n<link rel=\"canonical\" href=\"https:\/\/moldow.com\/da\/maleanlaeg\/metal-vaadmaleanlaeg\/maleanlaeg-til-vindmoelletaarne\/\" \/>\n<meta property=\"og:locale\" content=\"da_DK\" \/>\n<meta property=\"og:type\" content=\"article\" \/>\n<meta property=\"og:title\" content=\"Maleanl\u00e6g til vindm\u00f8llet\u00e5rne | Moldow -designet anl\u00e6g til store emner\" \/>\n<meta property=\"og:description\" content=\"V\u00e5dmaleanl\u00e6g til maling af vindm\u00f8llet\u00e5rne inklusive en sandbl\u00e6sningskabine, to nye malerkabiner og metalliseringskabiner. L\u00e6s om projektet\" \/>\n<meta property=\"og:url\" content=\"https:\/\/moldow.com\/da\/maleanlaeg\/metal-vaadmaleanlaeg\/maleanlaeg-til-vindmoelletaarne\/\" \/>\n<meta property=\"og:site_name\" content=\"Moldow\" \/>\n<meta property=\"article:modified_time\" content=\"2023-01-25T14:18:10+00:00\" \/>\n<meta property=\"og:image\" content=\"https:\/\/moldow.com\/wp-content\/uploads\/2017\/07\/Titan-painting-line-1.jpg\" \/>\n<meta name=\"twitter:card\" content=\"summary_large_image\" \/>\n<meta name=\"twitter:label1\" content=\"Estimeret l\u00e6setid\" \/>\n\t<meta name=\"twitter:data1\" content=\"7 minutes\" \/>\n<script type=\"application\/ld+json\" class=\"yoast-schema-graph\">{\"@context\":\"https:\/\/schema.org\",\"@graph\":[{\"@type\":\"WebPage\",\"@id\":\"https:\/\/moldow.com\/da\/maleanlaeg\/metal-vaadmaleanlaeg\/maleanlaeg-til-vindmoelletaarne\/\",\"url\":\"https:\/\/moldow.com\/da\/maleanlaeg\/metal-vaadmaleanlaeg\/maleanlaeg-til-vindmoelletaarne\/\",\"name\":\"Maleanl\u00e6g til vindm\u00f8llet\u00e5rne | Moldow -designet anl\u00e6g til store emner\",\"isPartOf\":{\"@id\":\"https:\/\/moldow.com\/#website\"},\"primaryImageOfPage\":{\"@id\":\"https:\/\/moldow.com\/da\/maleanlaeg\/metal-vaadmaleanlaeg\/maleanlaeg-til-vindmoelletaarne\/#primaryimage\"},\"image\":{\"@id\":\"https:\/\/moldow.com\/da\/maleanlaeg\/metal-vaadmaleanlaeg\/maleanlaeg-til-vindmoelletaarne\/#primaryimage\"},\"thumbnailUrl\":\"https:\/\/moldow.com\/wp-content\/uploads\/2017\/07\/Titan-painting-line-1.jpg\",\"datePublished\":\"2022-07-12T06:32:11+00:00\",\"dateModified\":\"2023-01-25T14:18:10+00:00\",\"description\":\"V\u00e5dmaleanl\u00e6g til maling af vindm\u00f8llet\u00e5rne inklusive en sandbl\u00e6sningskabine, to nye malerkabiner og metalliseringskabiner. L\u00e6s om projektet\",\"breadcrumb\":{\"@id\":\"https:\/\/moldow.com\/da\/maleanlaeg\/metal-vaadmaleanlaeg\/maleanlaeg-til-vindmoelletaarne\/#breadcrumb\"},\"inLanguage\":\"da-DK\",\"potentialAction\":[{\"@type\":\"ReadAction\",\"target\":[\"https:\/\/moldow.com\/da\/maleanlaeg\/metal-vaadmaleanlaeg\/maleanlaeg-til-vindmoelletaarne\/\"]}]},{\"@type\":\"ImageObject\",\"inLanguage\":\"da-DK\",\"@id\":\"https:\/\/moldow.com\/da\/maleanlaeg\/metal-vaadmaleanlaeg\/maleanlaeg-til-vindmoelletaarne\/#primaryimage\",\"url\":\"https:\/\/moldow.com\/wp-content\/uploads\/2017\/07\/Titan-painting-line-1.jpg\",\"contentUrl\":\"https:\/\/moldow.com\/wp-content\/uploads\/2017\/07\/Titan-painting-line-1.jpg\"},{\"@type\":\"BreadcrumbList\",\"@id\":\"https:\/\/moldow.com\/da\/maleanlaeg\/metal-vaadmaleanlaeg\/maleanlaeg-til-vindmoelletaarne\/#breadcrumb\",\"itemListElement\":[{\"@type\":\"ListItem\",\"position\":1,\"name\":\"Hjem\",\"item\":\"https:\/\/moldow.com\/da\/\"},{\"@type\":\"ListItem\",\"position\":2,\"name\":\"Maleanl\u00e6g med alle n\u00f8dvendige processer\",\"item\":\"https:\/\/moldow.com\/da\/maleanlaeg\/\"},{\"@type\":\"ListItem\",\"position\":3,\"name\":\"Metal &#8211; V\u00e5dmaleanl\u00e6g\",\"item\":\"https:\/\/moldow.com\/da\/maleanlaeg\/metal-vaadmaleanlaeg\/\"},{\"@type\":\"ListItem\",\"position\":4,\"name\":\"Maleanl\u00e6g til vindm\u00f8llet\u00e5rne\"}]},{\"@type\":\"WebSite\",\"@id\":\"https:\/\/moldow.com\/#website\",\"url\":\"https:\/\/moldow.com\/\",\"name\":\"Moldow\",\"description\":\"Dust Extraction Systems and Painting Lines\",\"publisher\":{\"@id\":\"https:\/\/moldow.com\/#organization\"},\"potentialAction\":[{\"@type\":\"SearchAction\",\"target\":{\"@type\":\"EntryPoint\",\"urlTemplate\":\"https:\/\/moldow.com\/?s={search_term_string}\"},\"query-input\":{\"@type\":\"PropertyValueSpecification\",\"valueRequired\":true,\"valueName\":\"search_term_string\"}}],\"inLanguage\":\"da-DK\"},{\"@type\":\"Organization\",\"@id\":\"https:\/\/moldow.com\/#organization\",\"name\":\"Moldow A\/S\",\"url\":\"https:\/\/moldow.com\/\",\"logo\":{\"@type\":\"ImageObject\",\"inLanguage\":\"da-DK\",\"@id\":\"https:\/\/moldow.com\/#\/schema\/logo\/image\/\",\"url\":\"https:\/\/moldow.com\/wp-content\/uploads\/2017\/01\/Moldow-logo-web-ny.png\",\"contentUrl\":\"https:\/\/moldow.com\/wp-content\/uploads\/2017\/01\/Moldow-logo-web-ny.png\",\"width\":259,\"height\":38,\"caption\":\"Moldow A\/S\"},\"image\":{\"@id\":\"https:\/\/moldow.com\/#\/schema\/logo\/image\/\"}}]}<\/script>\n<!-- \/ Yoast SEO plugin. -->","yoast_head_json":{"title":"Maleanl\u00e6g til vindm\u00f8llet\u00e5rne | Moldow -designet anl\u00e6g til store emner","description":"V\u00e5dmaleanl\u00e6g til maling af vindm\u00f8llet\u00e5rne inklusive en sandbl\u00e6sningskabine, to nye malerkabiner og metalliseringskabiner. L\u00e6s om projektet","robots":{"index":"index","follow":"follow","max-snippet":"max-snippet:-1","max-image-preview":"max-image-preview:large","max-video-preview":"max-video-preview:-1"},"canonical":"https:\/\/moldow.com\/da\/maleanlaeg\/metal-vaadmaleanlaeg\/maleanlaeg-til-vindmoelletaarne\/","og_locale":"da_DK","og_type":"article","og_title":"Maleanl\u00e6g til vindm\u00f8llet\u00e5rne | Moldow -designet anl\u00e6g til store emner","og_description":"V\u00e5dmaleanl\u00e6g til maling af vindm\u00f8llet\u00e5rne inklusive en sandbl\u00e6sningskabine, to nye malerkabiner og metalliseringskabiner. L\u00e6s om projektet","og_url":"https:\/\/moldow.com\/da\/maleanlaeg\/metal-vaadmaleanlaeg\/maleanlaeg-til-vindmoelletaarne\/","og_site_name":"Moldow","article_modified_time":"2023-01-25T14:18:10+00:00","og_image":[{"url":"https:\/\/moldow.com\/wp-content\/uploads\/2017\/07\/Titan-painting-line-1.jpg","type":"","width":"","height":""}],"twitter_card":"summary_large_image","twitter_misc":{"Estimeret l\u00e6setid":"7 minutes"},"schema":{"@context":"https:\/\/schema.org","@graph":[{"@type":"WebPage","@id":"https:\/\/moldow.com\/da\/maleanlaeg\/metal-vaadmaleanlaeg\/maleanlaeg-til-vindmoelletaarne\/","url":"https:\/\/moldow.com\/da\/maleanlaeg\/metal-vaadmaleanlaeg\/maleanlaeg-til-vindmoelletaarne\/","name":"Maleanl\u00e6g til vindm\u00f8llet\u00e5rne | Moldow -designet anl\u00e6g til store emner","isPartOf":{"@id":"https:\/\/moldow.com\/#website"},"primaryImageOfPage":{"@id":"https:\/\/moldow.com\/da\/maleanlaeg\/metal-vaadmaleanlaeg\/maleanlaeg-til-vindmoelletaarne\/#primaryimage"},"image":{"@id":"https:\/\/moldow.com\/da\/maleanlaeg\/metal-vaadmaleanlaeg\/maleanlaeg-til-vindmoelletaarne\/#primaryimage"},"thumbnailUrl":"https:\/\/moldow.com\/wp-content\/uploads\/2017\/07\/Titan-painting-line-1.jpg","datePublished":"2022-07-12T06:32:11+00:00","dateModified":"2023-01-25T14:18:10+00:00","description":"V\u00e5dmaleanl\u00e6g til maling af vindm\u00f8llet\u00e5rne inklusive en sandbl\u00e6sningskabine, to nye malerkabiner og metalliseringskabiner. L\u00e6s om projektet","breadcrumb":{"@id":"https:\/\/moldow.com\/da\/maleanlaeg\/metal-vaadmaleanlaeg\/maleanlaeg-til-vindmoelletaarne\/#breadcrumb"},"inLanguage":"da-DK","potentialAction":[{"@type":"ReadAction","target":["https:\/\/moldow.com\/da\/maleanlaeg\/metal-vaadmaleanlaeg\/maleanlaeg-til-vindmoelletaarne\/"]}]},{"@type":"ImageObject","inLanguage":"da-DK","@id":"https:\/\/moldow.com\/da\/maleanlaeg\/metal-vaadmaleanlaeg\/maleanlaeg-til-vindmoelletaarne\/#primaryimage","url":"https:\/\/moldow.com\/wp-content\/uploads\/2017\/07\/Titan-painting-line-1.jpg","contentUrl":"https:\/\/moldow.com\/wp-content\/uploads\/2017\/07\/Titan-painting-line-1.jpg"},{"@type":"BreadcrumbList","@id":"https:\/\/moldow.com\/da\/maleanlaeg\/metal-vaadmaleanlaeg\/maleanlaeg-til-vindmoelletaarne\/#breadcrumb","itemListElement":[{"@type":"ListItem","position":1,"name":"Hjem","item":"https:\/\/moldow.com\/da\/"},{"@type":"ListItem","position":2,"name":"Maleanl\u00e6g med alle n\u00f8dvendige processer","item":"https:\/\/moldow.com\/da\/maleanlaeg\/"},{"@type":"ListItem","position":3,"name":"Metal &#8211; V\u00e5dmaleanl\u00e6g","item":"https:\/\/moldow.com\/da\/maleanlaeg\/metal-vaadmaleanlaeg\/"},{"@type":"ListItem","position":4,"name":"Maleanl\u00e6g til vindm\u00f8llet\u00e5rne"}]},{"@type":"WebSite","@id":"https:\/\/moldow.com\/#website","url":"https:\/\/moldow.com\/","name":"Moldow","description":"Dust Extraction Systems and Painting Lines","publisher":{"@id":"https:\/\/moldow.com\/#organization"},"potentialAction":[{"@type":"SearchAction","target":{"@type":"EntryPoint","urlTemplate":"https:\/\/moldow.com\/?s={search_term_string}"},"query-input":{"@type":"PropertyValueSpecification","valueRequired":true,"valueName":"search_term_string"}}],"inLanguage":"da-DK"},{"@type":"Organization","@id":"https:\/\/moldow.com\/#organization","name":"Moldow A\/S","url":"https:\/\/moldow.com\/","logo":{"@type":"ImageObject","inLanguage":"da-DK","@id":"https:\/\/moldow.com\/#\/schema\/logo\/image\/","url":"https:\/\/moldow.com\/wp-content\/uploads\/2017\/01\/Moldow-logo-web-ny.png","contentUrl":"https:\/\/moldow.com\/wp-content\/uploads\/2017\/01\/Moldow-logo-web-ny.png","width":259,"height":38,"caption":"Moldow A\/S"},"image":{"@id":"https:\/\/moldow.com\/#\/schema\/logo\/image\/"}}]}},"_links":{"self":[{"href":"https:\/\/moldow.com\/da\/wp-json\/wp\/v2\/pages\/7635","targetHints":{"allow":["GET"]}}],"collection":[{"href":"https:\/\/moldow.com\/da\/wp-json\/wp\/v2\/pages"}],"about":[{"href":"https:\/\/moldow.com\/da\/wp-json\/wp\/v2\/types\/page"}],"author":[{"embeddable":true,"href":"https:\/\/moldow.com\/da\/wp-json\/wp\/v2\/users\/1"}],"replies":[{"embeddable":true,"href":"https:\/\/moldow.com\/da\/wp-json\/wp\/v2\/comments?post=7635"}],"version-history":[{"count":6,"href":"https:\/\/moldow.com\/da\/wp-json\/wp\/v2\/pages\/7635\/revisions"}],"predecessor-version":[{"id":9283,"href":"https:\/\/moldow.com\/da\/wp-json\/wp\/v2\/pages\/7635\/revisions\/9283"}],"up":[{"embeddable":true,"href":"https:\/\/moldow.com\/da\/wp-json\/wp\/v2\/pages\/1761"}],"wp:attachment":[{"href":"https:\/\/moldow.com\/da\/wp-json\/wp\/v2\/media?parent=7635"}],"curies":[{"name":"wp","href":"https:\/\/api.w.org\/{rel}","templated":true}]}}