{"id":7585,"date":"2022-07-07T12:10:03","date_gmt":"2022-07-07T12:10:03","guid":{"rendered":"https:\/\/moldow.com\/maleanlaeg\/plast\/new-premium-automotive-plastic-paint-shop-for-india\/"},"modified":"2022-11-30T12:03:35","modified_gmt":"2022-11-30T12:03:35","slug":"nyt-stort-plastmaleanlaeg-til-bilindustrien-i-indien","status":"publish","type":"page","link":"https:\/\/moldow.com\/da\/maleanlaeg\/plast\/nyt-stort-plastmaleanlaeg-til-bilindustrien-i-indien\/","title":{"rendered":"Nyt stort maleanl\u00e6g til bildele til Indien"},"content":{"rendered":"<p><div class=\"fusion-fullwidth fullwidth-box fusion-builder-row-1 nonhundred-percent-fullwidth non-hundred-percent-height-scrolling\" style=\"--awb-border-radius-top-left:0px;--awb-border-radius-top-right:0px;--awb-border-radius-bottom-right:0px;--awb-border-radius-bottom-left:0px;--awb-margin-top:80px;--awb-background-color:#ffffff;--awb-flex-wrap:wrap;\" ><div class=\"fusion-builder-row fusion-row\"><div class=\"fusion-layout-column fusion_builder_column fusion-builder-column-0 fusion_builder_column_2_3 2_3 fusion-two-third fusion-column-first\" style=\"--awb-padding-top:5%;--awb-bg-size:cover;width:66.666666666667%;width:calc(66.666666666667% - ( ( 4% ) * 0.66666666666667 ) );margin-right: 4%;\"><div class=\"fusion-column-wrapper fusion-column-has-shadow fusion-flex-column-wrapper-legacy\"><div class=\"fusion-title title fusion-title-1 sep-underline sep-solid fusion-title-text fusion-title-size-one\" style=\"--awb-margin-top:0px;--awb-margin-top-small:0px;\"><h1 class=\"fusion-title-heading title-heading-left\" style=\"margin:0;\">NY ORDRE P\u00c5 ET PREMIUM MALEANL\u00c6G TIL BILDELE I PLAST<\/h1><\/div><div class=\"fusion-text fusion-text-1\" style=\"--awb-text-transform:none;\"><p>Vi har hos Moldow f\u00e5et ordre p\u00e5 design og leverance af et h\u00f8jkvalitets plastmaleanl\u00e6g til bildele. Det er det f\u00f8rste markante maleanl\u00e6gsprojekt i Indien.<\/p>\n<p>Kunden er en f\u00f8rende Tier-1-leverand\u00f8r til OEM-markedet indenfor bilindustrien i Indien. Det nye maleanl\u00e6g vil prim\u00e6rt h\u00e5ndtere plastdele til Suzuki- og Toyota-modeller.<\/p>\n<\/div><div class=\"fusion-text fusion-text-2\" style=\"--awb-text-transform:none;\"><h3>Stort maleanl\u00e6g til udvendige bildele i plast i to etager<\/h3>\n<p>Det store <a href=\"https:\/\/moldow.com\/da\/maleanlaeg\/plast\/\">plastmaleanl\u00e6g<\/a> bygges p\u00e5 i alt 2.000 m<sup>2<\/sup> fordelt p\u00e5 to etager, hvor der skal lakeres frontgitre og en r\u00e6kke andre spr\u00f8jtest\u00f8bte eksteri\u00f8rdele. Anl\u00e6gget opbygges med et stort platformsniveau til service af ventilationsanl\u00e6g, hvor ogs\u00e5 t\u00f8rreovn og aktiv k\u00f8lezone er placeret.<\/p>\n<p>Maleanl\u00e6gget inkluderer forbehandling og omr\u00e5de til forberedelse af emnerne, flammebehandling, af-ionisering, tre store spr\u00f8jtebokse med tilh\u00f8rende flash-off-zoner, konvektionsovn og afsluttende aktiv k\u00f8lezone.<\/p>\n<p>Derudover leverer Moldow ogs\u00e5 hj\u00e6lpefunktioner og -systemer s\u00e5som malek\u00f8kkener, adgangsrum, renrum og ventilationssystem med pr\u00e6cist kontrolleret temperatur og fugtighed for optimering af maleprocessen og det endelige resultat.<\/p>\n<p>Anl\u00e6gget bliver bygget og idriftsat i l\u00f8bet af 2022.<\/p>\n<\/div><div class=\"fusion-clearfix\"><\/div><\/div><\/div><div class=\"fusion-layout-column fusion_builder_column fusion-builder-column-1 fusion_builder_column_1_3 1_3 fusion-one-third fusion-column-last\" style=\"--awb-bg-size:cover;width:33.333333333333%;width:calc(33.333333333333% - ( ( 4% ) * 0.33333333333333 ) );\"><div class=\"fusion-column-wrapper fusion-column-has-shadow fusion-flex-column-wrapper-legacy\"><div class=\"fusion-text fusion-text-3\" style=\"--awb-text-transform:none;\"><p><img decoding=\"async\" class=\" wp-image-5905 alignright\" src=\"https:\/\/moldow.com\/wp-content\/uploads\/2021\/04\/Indian-project-2021-2-web.png\" alt=\"Automotive plastic painting line\" width=\"350\" height=\"166\" srcset=\"https:\/\/moldow.com\/wp-content\/uploads\/2021\/04\/Indian-project-2021-2-web-200x95.png 200w, https:\/\/moldow.com\/wp-content\/uploads\/2021\/04\/Indian-project-2021-2-web-300x142.png 300w, https:\/\/moldow.com\/wp-content\/uploads\/2021\/04\/Indian-project-2021-2-web-400x190.png 400w, https:\/\/moldow.com\/wp-content\/uploads\/2021\/04\/Indian-project-2021-2-web-600x284.png 600w, https:\/\/moldow.com\/wp-content\/uploads\/2021\/04\/Indian-project-2021-2-web-768x364.png 768w, https:\/\/moldow.com\/wp-content\/uploads\/2021\/04\/Indian-project-2021-2-web-800x379.png 800w, https:\/\/moldow.com\/wp-content\/uploads\/2021\/04\/Indian-project-2021-2-web.png 1000w\" sizes=\"(max-width: 350px) 100vw, 350px\" \/><\/p>\n<\/div><div class=\"fusion-image-element in-legacy-container\" style=\"--awb-margin-top:10px;--awb-caption-title-font-family:var(--h2_typography-font-family);--awb-caption-title-font-weight:var(--h2_typography-font-weight);--awb-caption-title-font-style:var(--h2_typography-font-style);--awb-caption-title-size:var(--h2_typography-font-size);--awb-caption-title-transform:var(--h2_typography-text-transform);--awb-caption-title-line-height:var(--h2_typography-line-height);--awb-caption-title-letter-spacing:var(--h2_typography-letter-spacing);\"><span class=\" fusion-imageframe imageframe-none imageframe-1 hover-type-none\"><img decoding=\"async\" width=\"600\" height=\"408\" alt=\"automotive paint shop India\" src=\"https:\/\/moldow.com\/wp-content\/uploads\/2021\/04\/Indian-project-web.png\" class=\"img-responsive wp-image-5899\" srcset=\"https:\/\/moldow.com\/wp-content\/uploads\/2021\/04\/Indian-project-web-200x136.png 200w, https:\/\/moldow.com\/wp-content\/uploads\/2021\/04\/Indian-project-web-400x272.png 400w, https:\/\/moldow.com\/wp-content\/uploads\/2021\/04\/Indian-project-web.png 600w\" sizes=\"(max-width: 800px) 100vw, 400px\" \/><\/span><\/div><div class=\"fusion-image-element in-legacy-container\" style=\"--awb-margin-top:10px;--awb-caption-title-font-family:var(--h2_typography-font-family);--awb-caption-title-font-weight:var(--h2_typography-font-weight);--awb-caption-title-font-style:var(--h2_typography-font-style);--awb-caption-title-size:var(--h2_typography-font-size);--awb-caption-title-transform:var(--h2_typography-text-transform);--awb-caption-title-line-height:var(--h2_typography-line-height);--awb-caption-title-letter-spacing:var(--h2_typography-letter-spacing);\"><span class=\" fusion-imageframe imageframe-none imageframe-2 hover-type-none\"><img decoding=\"async\" width=\"600\" height=\"399\" alt=\"plastic paint shop India\" title=\"Indian-project-2021-web\" src=\"https:\/\/moldow.com\/wp-content\/uploads\/2021\/04\/Indian-project-2021-web.png\" class=\"img-responsive wp-image-5913\" srcset=\"https:\/\/moldow.com\/wp-content\/uploads\/2021\/04\/Indian-project-2021-web-200x133.png 200w, https:\/\/moldow.com\/wp-content\/uploads\/2021\/04\/Indian-project-2021-web-400x266.png 400w, https:\/\/moldow.com\/wp-content\/uploads\/2021\/04\/Indian-project-2021-web.png 600w\" sizes=\"(max-width: 800px) 100vw, 400px\" \/><\/span><\/div><div class=\"fusion-clearfix\"><\/div><\/div><\/div><\/div><\/div><div class=\"fusion-fullwidth fullwidth-box fusion-builder-row-2 nonhundred-percent-fullwidth non-hundred-percent-height-scrolling\" style=\"--awb-border-radius-top-left:0px;--awb-border-radius-top-right:0px;--awb-border-radius-bottom-right:0px;--awb-border-radius-bottom-left:0px;--awb-padding-top:20px;--awb-padding-bottom:20px;--awb-margin-top:20px;--awb-background-color:rgba(255,255,255,0);--awb-flex-wrap:wrap;\" ><div class=\"fusion-builder-row fusion-row\"><div class=\"fusion-layout-column fusion_builder_column fusion-builder-column-2 fusion_builder_column_1_1 1_1 fusion-one-full fusion-column-first fusion-column-last\" style=\"--awb-bg-size:cover;--awb-margin-top:20px;--awb-margin-bottom:20px;\"><div class=\"fusion-column-wrapper fusion-flex-column-wrapper-legacy\"><div class=\"fusion-content-boxes content-boxes columns row fusion-columns-4 fusion-columns-total-4 fusion-content-boxes-1 content-boxes-icon-on-top content-left\" style=\"--awb-hover-accent-color:#dc0814;--awb-circle-hover-accent-color:transparent;\" data-animationOffset=\"top-mid-of-view\"><div style=\"--awb-backgroundcolor:#ffffff;\" class=\"fusion-column content-box-column content-box-column content-box-column-1 col-lg-3 col-md-3 col-sm-3 fusion-content-box-hover content-box-column-first-in-row\"><div class=\"col content-box-wrapper content-wrapper-background link-area-box link-type-text icon-hover-animation-fade\" data-link=\"https:\/\/moldow.com\/da\/maleanlaeg\/industrier\/\" data-link-target=\"_self\" data-animationOffset=\"top-mid-of-view\"><div class=\"heading heading-with-icon icon-left\"><a class=\"heading-link\" href=\"https:\/\/moldow.com\/da\/maleanlaeg\/industrier\/\" target=\"_self\"><div class=\"icon\"><i style=\"background-color:transparent;border-color:transparent;height:auto;width: 60px;line-height:normal;font-size:60px;\" aria-hidden=\"true\" class=\"fontawesome-icon fa-th-list fas circle-no\"><\/i><\/div><h6 class=\"content-box-heading\" style=\"--h6_typography-font-size:22px;line-height:27px;\">INDUSTRIER<\/h6><\/a><\/div><div class=\"fusion-clearfix\"><\/div><div class=\"content-container\">\n<p>L\u00e6s om maleanl\u00e6g til emner i plast, metal og tr\u00e6<\/p>\n<\/div><\/div><\/div><div style=\"--awb-backgroundcolor:#ffffff;\" class=\"fusion-column content-box-column content-box-column content-box-column-2 col-lg-3 col-md-3 col-sm-3 fusion-content-box-hover \"><div class=\"col content-box-wrapper content-wrapper-background link-area-box link-type-text icon-hover-animation-fade\" data-link=\"https:\/\/moldow.com\/da\/maleanlaeg\/produkter\/\" data-link-target=\"_self\" data-animationOffset=\"top-mid-of-view\"><div class=\"heading heading-with-icon icon-left\"><a class=\"heading-link\" href=\"https:\/\/moldow.com\/da\/maleanlaeg\/produkter\/\" target=\"_self\"><div class=\"icon\"><i style=\"background-color:transparent;border-color:transparent;height:auto;width: 60px;line-height:normal;font-size:60px;\" aria-hidden=\"true\" class=\"fontawesome-icon fa-tags fas circle-no\"><\/i><\/div><h6 class=\"content-box-heading\" style=\"--h6_typography-font-size:22px;line-height:27px;\">PRODUKTER<\/h6><\/a><\/div><div class=\"fusion-clearfix\"><\/div><div class=\"content-container\">\n<p>Manuelle og automatiske anl\u00e6g, spr\u00f8jtebokse, ovne<\/p>\n<\/div><\/div><\/div><div style=\"--awb-backgroundcolor:#ffffff;\" class=\"fusion-column content-box-column content-box-column content-box-column-3 col-lg-3 col-md-3 col-sm-3 fusion-content-box-hover \"><div class=\"col content-box-wrapper content-wrapper-background link-area-box link-type-text icon-hover-animation-fade\" data-link=\"https:\/\/moldow.com\/da\/maleanlaeg\/case-stories-painting\/\" data-link-target=\"_self\" data-animationOffset=\"top-mid-of-view\"><div class=\"heading heading-with-icon icon-left\"><a class=\"heading-link\" href=\"https:\/\/moldow.com\/da\/maleanlaeg\/case-stories-painting\/\" target=\"_self\"><div class=\"icon\"><i style=\"background-color:transparent;border-color:transparent;height:auto;width: 60px;line-height:normal;font-size:60px;\" aria-hidden=\"true\" class=\"fontawesome-icon fa-image far circle-no\"><\/i><\/div><h6 class=\"content-box-heading\" style=\"--h6_typography-font-size:22px;line-height:27px;\">CASE STORIES<\/h6><\/a><\/div><div class=\"fusion-clearfix\"><\/div><div class=\"content-container\">\n<p>Se andre af vores tidligere anl\u00e6gsleverancer<\/p>\n<\/div><\/div><\/div><div style=\"--awb-backgroundcolor:#ffffff;\" class=\"fusion-column content-box-column content-box-column content-box-column-4 col-lg-3 col-md-3 col-sm-3 fusion-content-box-hover content-box-column-last content-box-column-last-in-row\"><div class=\"col content-box-wrapper content-wrapper-background link-area-box link-type-text icon-hover-animation-fade\" data-link=\"https:\/\/moldow.com\/da\/kontakt\/medarbejdere\/maleanlaegssalg\/\" data-link-target=\"_self\" data-animationOffset=\"top-mid-of-view\"><div class=\"heading heading-with-icon icon-left\"><a class=\"heading-link\" href=\"https:\/\/moldow.com\/da\/kontakt\/medarbejdere\/maleanlaegssalg\/\" target=\"_self\"><div class=\"icon\"><i style=\"background-color:transparent;border-color:transparent;height:auto;width: 60px;line-height:normal;font-size:60px;\" aria-hidden=\"true\" class=\"fontawesome-icon fa-envelope far circle-no\"><\/i><\/div><h6 class=\"content-box-heading\" style=\"--h6_typography-font-size:22px;line-height:27px;\">KONTAKT<\/h6><\/a><\/div><div class=\"fusion-clearfix\"><\/div><div class=\"content-container\">\n<p>Kontakt os gerne ved foresp\u00f8rgsel eller sp\u00f8rgsm\u00e5l<\/p>\n<\/div><\/div><\/div><div class=\"fusion-clearfix\"><\/div><\/div><div class=\"fusion-clearfix\"><\/div><\/div><\/div><\/div><\/div>\n<\/p>\n","protected":false},"excerpt":{"rendered":"","protected":false},"author":1,"featured_media":0,"parent":1764,"menu_order":0,"comment_status":"closed","ping_status":"closed","template":"100-width.php","meta":{"_acf_changed":false,"footnotes":""},"class_list":["post-7585","page","type-page","status-publish","hentry"],"acf":[],"yoast_head":"<!-- This site is optimized with the Yoast SEO plugin v24.8 - https:\/\/yoast.com\/wordpress\/plugins\/seo\/ -->\n<title>Nyt stort maleanl\u00e6g til bildele til Indien | Moldow<\/title>\n<meta name=\"description\" content=\"Moldow har designet og f\u00e5et ordre p\u00e5 dette premium maleanl\u00e6g til bilindustrien til en f\u00f8rende Tier-1 leverand\u00f8r i Indien. L\u00e6s mere her.\" \/>\n<meta name=\"robots\" content=\"index, follow, max-snippet:-1, max-image-preview:large, max-video-preview:-1\" \/>\n<link rel=\"canonical\" href=\"https:\/\/moldow.com\/da\/maleanlaeg\/plast\/nyt-stort-plastmaleanlaeg-til-bilindustrien-i-indien\/\" \/>\n<meta property=\"og:locale\" content=\"da_DK\" \/>\n<meta property=\"og:type\" content=\"article\" \/>\n<meta property=\"og:title\" content=\"Nyt stort maleanl\u00e6g til bildele til Indien | Moldow\" \/>\n<meta property=\"og:description\" content=\"Moldow har designet og f\u00e5et ordre p\u00e5 dette premium maleanl\u00e6g til bilindustrien til en f\u00f8rende Tier-1 leverand\u00f8r i Indien. L\u00e6s mere her.\" \/>\n<meta property=\"og:url\" content=\"https:\/\/moldow.com\/da\/maleanlaeg\/plast\/nyt-stort-plastmaleanlaeg-til-bilindustrien-i-indien\/\" \/>\n<meta property=\"og:site_name\" content=\"Moldow\" \/>\n<meta property=\"article:modified_time\" content=\"2022-11-30T12:03:35+00:00\" \/>\n<meta property=\"og:image\" content=\"https:\/\/moldow.com\/wp-content\/uploads\/2021\/04\/Indian-project-2021-2-web.png\" \/>\n<meta name=\"twitter:card\" content=\"summary_large_image\" \/>\n<meta name=\"twitter:label1\" content=\"Estimeret l\u00e6setid\" \/>\n\t<meta name=\"twitter:data1\" content=\"6 minutes\" \/>\n<script type=\"application\/ld+json\" class=\"yoast-schema-graph\">{\"@context\":\"https:\/\/schema.org\",\"@graph\":[{\"@type\":\"WebPage\",\"@id\":\"https:\/\/moldow.com\/da\/maleanlaeg\/plast\/nyt-stort-plastmaleanlaeg-til-bilindustrien-i-indien\/\",\"url\":\"https:\/\/moldow.com\/da\/maleanlaeg\/plast\/nyt-stort-plastmaleanlaeg-til-bilindustrien-i-indien\/\",\"name\":\"Nyt stort maleanl\u00e6g til bildele til Indien | Moldow\",\"isPartOf\":{\"@id\":\"https:\/\/moldow.com\/#website\"},\"primaryImageOfPage\":{\"@id\":\"https:\/\/moldow.com\/da\/maleanlaeg\/plast\/nyt-stort-plastmaleanlaeg-til-bilindustrien-i-indien\/#primaryimage\"},\"image\":{\"@id\":\"https:\/\/moldow.com\/da\/maleanlaeg\/plast\/nyt-stort-plastmaleanlaeg-til-bilindustrien-i-indien\/#primaryimage\"},\"thumbnailUrl\":\"https:\/\/moldow.com\/wp-content\/uploads\/2021\/04\/Indian-project-2021-2-web.png\",\"datePublished\":\"2022-07-07T12:10:03+00:00\",\"dateModified\":\"2022-11-30T12:03:35+00:00\",\"description\":\"Moldow har designet og f\u00e5et ordre p\u00e5 dette premium maleanl\u00e6g til bilindustrien til en f\u00f8rende Tier-1 leverand\u00f8r i Indien. L\u00e6s mere her.\",\"breadcrumb\":{\"@id\":\"https:\/\/moldow.com\/da\/maleanlaeg\/plast\/nyt-stort-plastmaleanlaeg-til-bilindustrien-i-indien\/#breadcrumb\"},\"inLanguage\":\"da-DK\",\"potentialAction\":[{\"@type\":\"ReadAction\",\"target\":[\"https:\/\/moldow.com\/da\/maleanlaeg\/plast\/nyt-stort-plastmaleanlaeg-til-bilindustrien-i-indien\/\"]}]},{\"@type\":\"ImageObject\",\"inLanguage\":\"da-DK\",\"@id\":\"https:\/\/moldow.com\/da\/maleanlaeg\/plast\/nyt-stort-plastmaleanlaeg-til-bilindustrien-i-indien\/#primaryimage\",\"url\":\"https:\/\/moldow.com\/wp-content\/uploads\/2021\/04\/Indian-project-2021-2-web.png\",\"contentUrl\":\"https:\/\/moldow.com\/wp-content\/uploads\/2021\/04\/Indian-project-2021-2-web.png\"},{\"@type\":\"BreadcrumbList\",\"@id\":\"https:\/\/moldow.com\/da\/maleanlaeg\/plast\/nyt-stort-plastmaleanlaeg-til-bilindustrien-i-indien\/#breadcrumb\",\"itemListElement\":[{\"@type\":\"ListItem\",\"position\":1,\"name\":\"Hjem\",\"item\":\"https:\/\/moldow.com\/da\/\"},{\"@type\":\"ListItem\",\"position\":2,\"name\":\"Maleanl\u00e6g med alle n\u00f8dvendige processer\",\"item\":\"https:\/\/moldow.com\/da\/maleanlaeg\/\"},{\"@type\":\"ListItem\",\"position\":3,\"name\":\"Plast\",\"item\":\"https:\/\/moldow.com\/da\/maleanlaeg\/plast\/\"},{\"@type\":\"ListItem\",\"position\":4,\"name\":\"Nyt stort maleanl\u00e6g til bildele til Indien\"}]},{\"@type\":\"WebSite\",\"@id\":\"https:\/\/moldow.com\/#website\",\"url\":\"https:\/\/moldow.com\/\",\"name\":\"Moldow\",\"description\":\"Dust Extraction Systems and Painting Lines\",\"publisher\":{\"@id\":\"https:\/\/moldow.com\/#organization\"},\"potentialAction\":[{\"@type\":\"SearchAction\",\"target\":{\"@type\":\"EntryPoint\",\"urlTemplate\":\"https:\/\/moldow.com\/?s={search_term_string}\"},\"query-input\":{\"@type\":\"PropertyValueSpecification\",\"valueRequired\":true,\"valueName\":\"search_term_string\"}}],\"inLanguage\":\"da-DK\"},{\"@type\":\"Organization\",\"@id\":\"https:\/\/moldow.com\/#organization\",\"name\":\"Moldow A\/S\",\"url\":\"https:\/\/moldow.com\/\",\"logo\":{\"@type\":\"ImageObject\",\"inLanguage\":\"da-DK\",\"@id\":\"https:\/\/moldow.com\/#\/schema\/logo\/image\/\",\"url\":\"https:\/\/moldow.com\/wp-content\/uploads\/2017\/01\/Moldow-logo-web-ny.png\",\"contentUrl\":\"https:\/\/moldow.com\/wp-content\/uploads\/2017\/01\/Moldow-logo-web-ny.png\",\"width\":259,\"height\":38,\"caption\":\"Moldow A\/S\"},\"image\":{\"@id\":\"https:\/\/moldow.com\/#\/schema\/logo\/image\/\"}}]}<\/script>\n<!-- \/ Yoast SEO plugin. -->","yoast_head_json":{"title":"Nyt stort maleanl\u00e6g til bildele til Indien | Moldow","description":"Moldow har designet og f\u00e5et ordre p\u00e5 dette premium maleanl\u00e6g til bilindustrien til en f\u00f8rende Tier-1 leverand\u00f8r i Indien. L\u00e6s mere her.","robots":{"index":"index","follow":"follow","max-snippet":"max-snippet:-1","max-image-preview":"max-image-preview:large","max-video-preview":"max-video-preview:-1"},"canonical":"https:\/\/moldow.com\/da\/maleanlaeg\/plast\/nyt-stort-plastmaleanlaeg-til-bilindustrien-i-indien\/","og_locale":"da_DK","og_type":"article","og_title":"Nyt stort maleanl\u00e6g til bildele til Indien | Moldow","og_description":"Moldow har designet og f\u00e5et ordre p\u00e5 dette premium maleanl\u00e6g til bilindustrien til en f\u00f8rende Tier-1 leverand\u00f8r i Indien. L\u00e6s mere her.","og_url":"https:\/\/moldow.com\/da\/maleanlaeg\/plast\/nyt-stort-plastmaleanlaeg-til-bilindustrien-i-indien\/","og_site_name":"Moldow","article_modified_time":"2022-11-30T12:03:35+00:00","og_image":[{"url":"https:\/\/moldow.com\/wp-content\/uploads\/2021\/04\/Indian-project-2021-2-web.png","type":"","width":"","height":""}],"twitter_card":"summary_large_image","twitter_misc":{"Estimeret l\u00e6setid":"6 minutes"},"schema":{"@context":"https:\/\/schema.org","@graph":[{"@type":"WebPage","@id":"https:\/\/moldow.com\/da\/maleanlaeg\/plast\/nyt-stort-plastmaleanlaeg-til-bilindustrien-i-indien\/","url":"https:\/\/moldow.com\/da\/maleanlaeg\/plast\/nyt-stort-plastmaleanlaeg-til-bilindustrien-i-indien\/","name":"Nyt stort maleanl\u00e6g til bildele til Indien | Moldow","isPartOf":{"@id":"https:\/\/moldow.com\/#website"},"primaryImageOfPage":{"@id":"https:\/\/moldow.com\/da\/maleanlaeg\/plast\/nyt-stort-plastmaleanlaeg-til-bilindustrien-i-indien\/#primaryimage"},"image":{"@id":"https:\/\/moldow.com\/da\/maleanlaeg\/plast\/nyt-stort-plastmaleanlaeg-til-bilindustrien-i-indien\/#primaryimage"},"thumbnailUrl":"https:\/\/moldow.com\/wp-content\/uploads\/2021\/04\/Indian-project-2021-2-web.png","datePublished":"2022-07-07T12:10:03+00:00","dateModified":"2022-11-30T12:03:35+00:00","description":"Moldow har designet og f\u00e5et ordre p\u00e5 dette premium maleanl\u00e6g til bilindustrien til en f\u00f8rende Tier-1 leverand\u00f8r i Indien. L\u00e6s mere her.","breadcrumb":{"@id":"https:\/\/moldow.com\/da\/maleanlaeg\/plast\/nyt-stort-plastmaleanlaeg-til-bilindustrien-i-indien\/#breadcrumb"},"inLanguage":"da-DK","potentialAction":[{"@type":"ReadAction","target":["https:\/\/moldow.com\/da\/maleanlaeg\/plast\/nyt-stort-plastmaleanlaeg-til-bilindustrien-i-indien\/"]}]},{"@type":"ImageObject","inLanguage":"da-DK","@id":"https:\/\/moldow.com\/da\/maleanlaeg\/plast\/nyt-stort-plastmaleanlaeg-til-bilindustrien-i-indien\/#primaryimage","url":"https:\/\/moldow.com\/wp-content\/uploads\/2021\/04\/Indian-project-2021-2-web.png","contentUrl":"https:\/\/moldow.com\/wp-content\/uploads\/2021\/04\/Indian-project-2021-2-web.png"},{"@type":"BreadcrumbList","@id":"https:\/\/moldow.com\/da\/maleanlaeg\/plast\/nyt-stort-plastmaleanlaeg-til-bilindustrien-i-indien\/#breadcrumb","itemListElement":[{"@type":"ListItem","position":1,"name":"Hjem","item":"https:\/\/moldow.com\/da\/"},{"@type":"ListItem","position":2,"name":"Maleanl\u00e6g med alle n\u00f8dvendige processer","item":"https:\/\/moldow.com\/da\/maleanlaeg\/"},{"@type":"ListItem","position":3,"name":"Plast","item":"https:\/\/moldow.com\/da\/maleanlaeg\/plast\/"},{"@type":"ListItem","position":4,"name":"Nyt stort maleanl\u00e6g til bildele til Indien"}]},{"@type":"WebSite","@id":"https:\/\/moldow.com\/#website","url":"https:\/\/moldow.com\/","name":"Moldow","description":"Dust Extraction Systems and Painting Lines","publisher":{"@id":"https:\/\/moldow.com\/#organization"},"potentialAction":[{"@type":"SearchAction","target":{"@type":"EntryPoint","urlTemplate":"https:\/\/moldow.com\/?s={search_term_string}"},"query-input":{"@type":"PropertyValueSpecification","valueRequired":true,"valueName":"search_term_string"}}],"inLanguage":"da-DK"},{"@type":"Organization","@id":"https:\/\/moldow.com\/#organization","name":"Moldow A\/S","url":"https:\/\/moldow.com\/","logo":{"@type":"ImageObject","inLanguage":"da-DK","@id":"https:\/\/moldow.com\/#\/schema\/logo\/image\/","url":"https:\/\/moldow.com\/wp-content\/uploads\/2017\/01\/Moldow-logo-web-ny.png","contentUrl":"https:\/\/moldow.com\/wp-content\/uploads\/2017\/01\/Moldow-logo-web-ny.png","width":259,"height":38,"caption":"Moldow A\/S"},"image":{"@id":"https:\/\/moldow.com\/#\/schema\/logo\/image\/"}}]}},"_links":{"self":[{"href":"https:\/\/moldow.com\/da\/wp-json\/wp\/v2\/pages\/7585","targetHints":{"allow":["GET"]}}],"collection":[{"href":"https:\/\/moldow.com\/da\/wp-json\/wp\/v2\/pages"}],"about":[{"href":"https:\/\/moldow.com\/da\/wp-json\/wp\/v2\/types\/page"}],"author":[{"embeddable":true,"href":"https:\/\/moldow.com\/da\/wp-json\/wp\/v2\/users\/1"}],"replies":[{"embeddable":true,"href":"https:\/\/moldow.com\/da\/wp-json\/wp\/v2\/comments?post=7585"}],"version-history":[{"count":12,"href":"https:\/\/moldow.com\/da\/wp-json\/wp\/v2\/pages\/7585\/revisions"}],"predecessor-version":[{"id":8971,"href":"https:\/\/moldow.com\/da\/wp-json\/wp\/v2\/pages\/7585\/revisions\/8971"}],"up":[{"embeddable":true,"href":"https:\/\/moldow.com\/da\/wp-json\/wp\/v2\/pages\/1764"}],"wp:attachment":[{"href":"https:\/\/moldow.com\/da\/wp-json\/wp\/v2\/media?parent=7585"}],"curies":[{"name":"wp","href":"https:\/\/api.w.org\/{rel}","templated":true}]}}