{"id":5404,"date":"2021-01-15T12:26:45","date_gmt":"2021-01-15T12:26:45","guid":{"rendered":"https:\/\/moldow.com\/?page_id=5404"},"modified":"2022-07-14T09:38:12","modified_gmt":"2022-07-14T09:38:12","slug":"transflow-roersystem","status":"publish","type":"page","link":"https:\/\/moldow.com\/da\/filteranlaeg\/produkter\/separatorer\/transflow-roersystem\/","title":{"rendered":"Transflow r\u00f8rsystem"},"content":{"rendered":"<p><div class=\"fusion-fullwidth fullwidth-box fusion-builder-row-1 nonhundred-percent-fullwidth non-hundred-percent-height-scrolling\" style=\"--awb-border-radius-top-left:0px;--awb-border-radius-top-right:0px;--awb-border-radius-bottom-right:0px;--awb-border-radius-bottom-left:0px;--awb-padding-top:30px;--awb-padding-bottom:30px;--awb-margin-top:80px;--awb-background-color:#ffffff;--awb-flex-wrap:wrap;\" ><div class=\"fusion-builder-row fusion-row\"><div class=\"fusion-layout-column fusion_builder_column fusion-builder-column-0 fusion_builder_column_1_2 1_2 fusion-one-half fusion-column-first\" style=\"--awb-bg-size:cover;width:50%;width:calc(50% - ( ( 4% ) * 0.5 ) );margin-right: 4%;\"><div class=\"fusion-column-wrapper fusion-flex-column-wrapper-legacy\"><div class=\"fusion-title title fusion-title-1 sep-underline sep-solid fusion-title-text fusion-title-size-one\"><h1 class=\"fusion-title-heading title-heading-left\" style=\"margin:0;\">TRANSFLOW-SYSTEM<\/h1><\/div><div class=\"fusion-text fusion-text-1\" style=\"--awb-text-transform:none;\"><h2>Transflow r\u00f8rsystem til materialeseparation<\/h2>\n<p>I produktionshaller indenfor\u00a0<a href=\"https:\/\/moldow.com\/da\/filteranlaeg\/industrier\/traeindustri\/\">tr\u00e6industrien<\/a>, hvor der udsuges store m\u00e6ngder materiale, kan det v\u00e6re en stor fordel at installere et Transflow-system. Det tillader h\u00e5ndtering af\u00a0<strong>store m\u00e6ngder st\u00f8v og sp\u00e5ner og fleksibel placering og tilkobling af maskiner<\/strong>.<\/p>\n<p>N\u00e5r materialet kommer ind i Transflow-systemet, bliver lufthastigheden reduceret kraftigt grundet Transflow\u2019ens design. Det tvinger alt materiale bortset fra det lette til at falde til bunden af kanalen, hvor en k\u00e6detransport\u00f8r transporterer det til en rotorsluse, der er placeret i enden af Transflow\u2019en. Efter materialet er udmadet gennem slusen, transporteres det af et pneumatisk transportsystem eller alternativt en k\u00e6detransport\u00f8r til en silo eller container. Det lette materiale, som stadig befinder sig i luften, suges herefter gennem et traditionelt posefilter til rensning.<\/p>\n<p>Transflow er et udsugnings- og separationssystem med en maksimal l\u00e6ngde p\u00e5 70 meter. Maskiner kan kobles direkte til indl\u00f8bene p\u00e5 hele Transflow-kanalen, hvorfor der ikke er et behov for et kompliceret r\u00f8rsystem.<\/p>\n<\/div><div class=\"fusion-clearfix\"><\/div><\/div><\/div><div class=\"fusion-layout-column fusion_builder_column fusion-builder-column-1 fusion_builder_column_1_2 1_2 fusion-one-half fusion-column-last\" style=\"--awb-bg-size:cover;width:50%;width:calc(50% - ( ( 4% ) * 0.5 ) );\"><div class=\"fusion-column-wrapper fusion-flex-column-wrapper-legacy\"><div class=\"fusion-title title fusion-title-2 sep-underline sep-solid fusion-title-text fusion-title-size-six\"><h6 class=\"fusion-title-heading title-heading-left\" style=\"margin:0;\">KONCEPT<\/h6><\/div><div class=\"fusion-text fusion-text-2\" style=\"--awb-text-transform:none;\"><p><img decoding=\"async\" class=\"alignnone wp-image-844 size-full\" src=\"https:\/\/moldow.com\/wp-content\/uploads\/2017\/07\/Transflow-concept.jpg\" alt=\"Transflow koncept\" width=\"1000\" height=\"666\" srcset=\"https:\/\/moldow.com\/wp-content\/uploads\/2017\/07\/Transflow-concept-200x133.jpg 200w, https:\/\/moldow.com\/wp-content\/uploads\/2017\/07\/Transflow-concept-300x200.jpg 300w, https:\/\/moldow.com\/wp-content\/uploads\/2017\/07\/Transflow-concept-400x266.jpg 400w, https:\/\/moldow.com\/wp-content\/uploads\/2017\/07\/Transflow-concept-600x400.jpg 600w, https:\/\/moldow.com\/wp-content\/uploads\/2017\/07\/Transflow-concept-768x511.jpg 768w, https:\/\/moldow.com\/wp-content\/uploads\/2017\/07\/Transflow-concept-800x533.jpg 800w, https:\/\/moldow.com\/wp-content\/uploads\/2017\/07\/Transflow-concept.jpg 1000w\" sizes=\"(max-width: 1000px) 100vw, 1000px\" \/><\/p>\n<\/div><div class=\"fusion-clearfix\"><\/div><\/div><\/div><div class=\"fusion-layout-column fusion_builder_column fusion-builder-column-2 fusion_builder_column_1_3 1_3 fusion-one-third fusion-column-first\" style=\"--awb-bg-size:cover;width:33.333333333333%;width:calc(33.333333333333% - ( ( 4% + 4% ) * 0.33333333333333 ) );margin-right: 4%;\"><div class=\"fusion-column-wrapper fusion-flex-column-wrapper-legacy\"><div class=\"fusion-title title fusion-title-3 sep-underline sep-solid fusion-title-text fusion-title-size-six\"><h6 class=\"fusion-title-heading title-heading-left\" style=\"margin:0;\">FORDELE<\/h6><\/div><div class=\"fusion-text fusion-text-3\"><ul>\n<li><strong>Udsugning af store m\u00e6ngder<\/strong>\u00a0st\u00f8v og tr\u00e6sp\u00e5ner<\/li>\n<li><strong>Konstant tryk<\/strong>: luftbehov\/energiforbrug f\u00f8lger aktive maskiner<\/li>\n<li><strong>H\u00f8j fleksibilitet<\/strong>: maskiner kan flyttes uden behov for afbalancering<\/li>\n<li><strong>Billigere, mere effektive ventilatorer<\/strong>, da materiale fjernes fra luften<\/li>\n<li><strong>H\u00f8jere belastning \u2013 mindre filter<\/strong><\/li>\n<li><strong>Modulopbygget<\/strong>: kan udvides, hvis produktionsbehov stiger<\/li>\n<\/ul>\n<\/div><div class=\"fusion-clearfix\"><\/div><\/div><\/div><div class=\"fusion-layout-column fusion_builder_column fusion-builder-column-3 fusion_builder_column_1_3 1_3 fusion-one-third\" style=\"--awb-bg-size:cover;--awb-margin-top:3%;width:33.333333333333%;width:calc(33.333333333333% - ( ( 4% + 4% ) * 0.33333333333333 ) );margin-right: 4%;\"><div class=\"fusion-column-wrapper fusion-column-has-shadow fusion-flex-column-wrapper-legacy\"><div class=\"fusion-text fusion-text-4\" style=\"--awb-text-transform:none;\"><p><img decoding=\"async\" class=\"alignnone wp-image-845 size-full\" src=\"https:\/\/moldow.com\/wp-content\/uploads\/2017\/07\/Transflow.jpg\" alt=\"Transflow system\" width=\"800\" height=\"600\" srcset=\"https:\/\/moldow.com\/wp-content\/uploads\/2017\/07\/Transflow-200x150.jpg 200w, https:\/\/moldow.com\/wp-content\/uploads\/2017\/07\/Transflow-300x225.jpg 300w, https:\/\/moldow.com\/wp-content\/uploads\/2017\/07\/Transflow-400x300.jpg 400w, https:\/\/moldow.com\/wp-content\/uploads\/2017\/07\/Transflow-600x450.jpg 600w, https:\/\/moldow.com\/wp-content\/uploads\/2017\/07\/Transflow-768x576.jpg 768w, https:\/\/moldow.com\/wp-content\/uploads\/2017\/07\/Transflow.jpg 800w\" sizes=\"(max-width: 800px) 100vw, 800px\" \/><\/p>\n<\/div><div class=\"fusion-clearfix\"><\/div><\/div><\/div><div class=\"fusion-layout-column fusion_builder_column fusion-builder-column-4 fusion_builder_column_1_3 1_3 fusion-one-third fusion-column-last\" style=\"--awb-bg-size:cover;--awb-margin-top:3%;width:33.333333333333%;width:calc(33.333333333333% - ( ( 4% + 4% ) * 0.33333333333333 ) );\"><div class=\"fusion-column-wrapper fusion-column-has-shadow fusion-flex-column-wrapper-legacy\"><div class=\"fusion-text fusion-text-5\" style=\"--awb-text-transform:none;\"><p><img decoding=\"async\" class=\"alignnone wp-image-846 size-full\" src=\"https:\/\/moldow.com\/wp-content\/uploads\/2017\/07\/Production-machines.jpg\" alt=\"Transflow system\" width=\"433\" height=\"324\" srcset=\"https:\/\/moldow.com\/wp-content\/uploads\/2017\/07\/Production-machines-200x150.jpg 200w, https:\/\/moldow.com\/wp-content\/uploads\/2017\/07\/Production-machines-300x224.jpg 300w, https:\/\/moldow.com\/wp-content\/uploads\/2017\/07\/Production-machines-400x299.jpg 400w, https:\/\/moldow.com\/wp-content\/uploads\/2017\/07\/Production-machines.jpg 433w\" sizes=\"(max-width: 433px) 100vw, 433px\" \/><\/p>\n<\/div><div class=\"fusion-clearfix\"><\/div><\/div><\/div><\/div><\/div><div class=\"fusion-fullwidth fullwidth-box fusion-builder-row-2 nonhundred-percent-fullwidth non-hundred-percent-height-scrolling\" style=\"--awb-border-radius-top-left:0px;--awb-border-radius-top-right:0px;--awb-border-radius-bottom-right:0px;--awb-border-radius-bottom-left:0px;--awb-padding-top:0px;--awb-padding-bottom:20px;--awb-margin-top:60px;--awb-background-color:rgba(255,255,255,0);--awb-flex-wrap:wrap;\" ><div class=\"fusion-builder-row fusion-row\"><div class=\"fusion-layout-column fusion_builder_column fusion-builder-column-5 fusion_builder_column_1_1 1_1 fusion-one-full fusion-column-first fusion-column-last fusion-animated\" style=\"--awb-bg-size:cover;--awb-margin-top:20px;--awb-margin-bottom:20px;\" data-animationType=\"slideInLeft\" data-animationDuration=\"1.3\" data-animationOffset=\"top-mid-of-view\"><div class=\"fusion-column-wrapper fusion-column-has-shadow fusion-flex-column-wrapper-legacy\"><div class=\"fusion-content-boxes content-boxes columns row fusion-columns-4 fusion-columns-total-4 fusion-content-boxes-1 content-boxes-icon-on-top content-left\" style=\"--awb-hover-accent-color:#dc0814;--awb-circle-hover-accent-color:transparent;\" data-animationOffset=\"top-mid-of-view\"><div style=\"--awb-backgroundcolor:#ffffff;\" class=\"fusion-column content-box-column content-box-column content-box-column-1 col-lg-3 col-md-3 col-sm-3 fusion-content-box-hover content-box-column-first-in-row\"><div class=\"col content-box-wrapper content-wrapper-background link-area-box link-type-text icon-hover-animation-fade\" data-link=\"https:\/\/moldow.com\/da\/filteranlaeg\/industrier\/\" data-link-target=\"_self\" data-animationOffset=\"top-mid-of-view\"><div class=\"heading heading-with-icon icon-left\"><a class=\"heading-link\" href=\"https:\/\/moldow.com\/da\/filteranlaeg\/industrier\/\" target=\"_self\"><div class=\"icon\"><i style=\"background-color:transparent;border-color:transparent;height:auto;width: 60px;line-height:normal;font-size:60px;\" aria-hidden=\"true\" class=\"fontawesome-icon fa-list-ul fas circle-no\"><\/i><\/div><h6 class=\"content-box-heading\" style=\"--h6_typography-font-size:22px;line-height:27px;\">INDUSTRIER<\/h6><\/a><\/div><div class=\"fusion-clearfix\"><\/div><div class=\"content-container\">\n<p>De forskellige industrier<\/p>\n<\/div><\/div><\/div><div style=\"--awb-backgroundcolor:#ffffff;\" class=\"fusion-column content-box-column content-box-column content-box-column-2 col-lg-3 col-md-3 col-sm-3 fusion-content-box-hover \"><div class=\"col content-box-wrapper content-wrapper-background link-area-box link-type-text icon-hover-animation-fade\" data-link=\"https:\/\/moldow.com\/da\/filteranlaeg\/produkter\/\" data-link-target=\"_self\" data-animationOffset=\"top-mid-of-view\"><div class=\"heading heading-with-icon icon-left\"><a class=\"heading-link\" href=\"https:\/\/moldow.com\/da\/filteranlaeg\/produkter\/\" target=\"_self\"><div class=\"icon\"><i style=\"background-color:transparent;border-color:transparent;height:auto;width: 60px;line-height:normal;font-size:60px;\" aria-hidden=\"true\" class=\"fontawesome-icon fa fa-tags circle-no\"><\/i><\/div><h6 class=\"content-box-heading\" style=\"--h6_typography-font-size:22px;line-height:27px;\">PRODUKTER<\/h6><\/a><\/div><div class=\"fusion-clearfix\"><\/div><div class=\"content-container\">\n<p>Filtre, sluser, energistyring.<\/p>\n<\/div><\/div><\/div><div style=\"--awb-backgroundcolor:#ffffff;\" class=\"fusion-column content-box-column content-box-column content-box-column-3 col-lg-3 col-md-3 col-sm-3 fusion-content-box-hover \"><div class=\"col content-box-wrapper content-wrapper-background link-area-box link-type-text icon-hover-animation-fade\" data-link=\"https:\/\/moldow.com\/da\/filteranlaeg\/filter-cases\/\" data-link-target=\"_self\" data-animationOffset=\"top-mid-of-view\"><div class=\"heading heading-with-icon icon-left\"><a class=\"heading-link\" href=\"https:\/\/moldow.com\/da\/filteranlaeg\/filter-cases\/\" target=\"_self\"><div class=\"icon\"><i style=\"background-color:transparent;border-color:transparent;height:auto;width: 60px;line-height:normal;font-size:60px;\" aria-hidden=\"true\" class=\"fontawesome-icon fa-image far circle-no\"><\/i><\/div><h6 class=\"content-box-heading\" style=\"--h6_typography-font-size:22px;line-height:27px;\">CASES<\/h6><\/a><\/div><div class=\"fusion-clearfix\"><\/div><div class=\"content-container\">\n<p>Se nyeste installationer<\/p>\n<\/div><\/div><\/div><div style=\"--awb-backgroundcolor:#ffffff;\" class=\"fusion-column content-box-column content-box-column content-box-column-4 col-lg-3 col-md-3 col-sm-3 fusion-content-box-hover content-box-column-last content-box-column-last-in-row\"><div class=\"col content-box-wrapper content-wrapper-background link-area-box link-type-text icon-hover-animation-fade\" data-link=\"https:\/\/moldow.com\/da\/kontakt\/medarbejdere\/\" data-link-target=\"_self\" data-animationOffset=\"top-mid-of-view\"><div class=\"heading heading-with-icon icon-left\"><a class=\"heading-link\" href=\"https:\/\/moldow.com\/da\/kontakt\/medarbejdere\/\" target=\"_self\"><div class=\"icon\"><i style=\"background-color:transparent;border-color:transparent;height:auto;width: 60px;line-height:normal;font-size:60px;\" aria-hidden=\"true\" class=\"fontawesome-icon fa-users fas circle-no\"><\/i><\/div><h6 class=\"content-box-heading\" style=\"--h6_typography-font-size:22px;line-height:27px;\">KONTAKT<\/h6><\/a><\/div><div class=\"fusion-clearfix\"><\/div><div class=\"content-container\">\n<p>Kontakt os direkte her.<\/p>\n<\/div><\/div><\/div><div class=\"fusion-clearfix\"><\/div><\/div><div class=\"fusion-clearfix\"><\/div><\/div><\/div><\/div><\/div>\n<\/p>\n","protected":false},"excerpt":{"rendered":"","protected":false},"author":1,"featured_media":0,"parent":1514,"menu_order":0,"comment_status":"closed","ping_status":"closed","template":"100-width.php","meta":{"_acf_changed":false,"footnotes":""},"class_list":["post-5404","page","type-page","status-publish","hentry"],"acf":[],"yoast_head":"<!-- This site is optimized with the Yoast SEO plugin v24.8 - https:\/\/yoast.com\/wordpress\/plugins\/seo\/ -->\n<title>Transflow r\u00f8rsystem til materialeseparation \u2013 Moldow<\/title>\n<meta name=\"description\" content=\"Ved udsugning af store m\u00e6ngder materiale og tr\u00e6st\u00f8v, kan det v\u00e6re en stor fordel at installere et Transflow f\u00f8r filteret \u2013 L\u00e6s mere.\" \/>\n<meta name=\"robots\" content=\"index, follow, max-snippet:-1, max-image-preview:large, max-video-preview:-1\" \/>\n<link rel=\"canonical\" href=\"https:\/\/moldow.com\/da\/filteranlaeg\/produkter\/separatorer\/transflow-roersystem\/\" \/>\n<meta property=\"og:locale\" content=\"da_DK\" \/>\n<meta property=\"og:type\" content=\"article\" \/>\n<meta property=\"og:title\" content=\"Transflow r\u00f8rsystem til materialeseparation \u2013 Moldow\" \/>\n<meta property=\"og:description\" content=\"Ved udsugning af store m\u00e6ngder materiale og tr\u00e6st\u00f8v, kan det v\u00e6re en stor fordel at installere et Transflow f\u00f8r filteret \u2013 L\u00e6s mere.\" \/>\n<meta property=\"og:url\" content=\"https:\/\/moldow.com\/da\/filteranlaeg\/produkter\/separatorer\/transflow-roersystem\/\" \/>\n<meta property=\"og:site_name\" content=\"Moldow\" \/>\n<meta property=\"article:modified_time\" content=\"2022-07-14T09:38:12+00:00\" \/>\n<meta property=\"og:image\" content=\"https:\/\/moldow.com\/wp-content\/uploads\/2017\/07\/Transflow-concept.jpg\" \/>\n<meta name=\"twitter:card\" content=\"summary_large_image\" \/>\n<meta name=\"twitter:label1\" content=\"Estimeret l\u00e6setid\" \/>\n\t<meta name=\"twitter:data1\" content=\"7 minutes\" \/>\n<script type=\"application\/ld+json\" class=\"yoast-schema-graph\">{\"@context\":\"https:\/\/schema.org\",\"@graph\":[{\"@type\":\"WebPage\",\"@id\":\"https:\/\/moldow.com\/da\/filteranlaeg\/produkter\/separatorer\/transflow-roersystem\/\",\"url\":\"https:\/\/moldow.com\/da\/filteranlaeg\/produkter\/separatorer\/transflow-roersystem\/\",\"name\":\"Transflow r\u00f8rsystem til materialeseparation \u2013 Moldow\",\"isPartOf\":{\"@id\":\"https:\/\/moldow.com\/#website\"},\"primaryImageOfPage\":{\"@id\":\"https:\/\/moldow.com\/da\/filteranlaeg\/produkter\/separatorer\/transflow-roersystem\/#primaryimage\"},\"image\":{\"@id\":\"https:\/\/moldow.com\/da\/filteranlaeg\/produkter\/separatorer\/transflow-roersystem\/#primaryimage\"},\"thumbnailUrl\":\"https:\/\/moldow.com\/wp-content\/uploads\/2017\/07\/Transflow-concept.jpg\",\"datePublished\":\"2021-01-15T12:26:45+00:00\",\"dateModified\":\"2022-07-14T09:38:12+00:00\",\"description\":\"Ved udsugning af store m\u00e6ngder materiale og tr\u00e6st\u00f8v, kan det v\u00e6re en stor fordel at installere et Transflow f\u00f8r filteret \u2013 L\u00e6s mere.\",\"breadcrumb\":{\"@id\":\"https:\/\/moldow.com\/da\/filteranlaeg\/produkter\/separatorer\/transflow-roersystem\/#breadcrumb\"},\"inLanguage\":\"da-DK\",\"potentialAction\":[{\"@type\":\"ReadAction\",\"target\":[\"https:\/\/moldow.com\/da\/filteranlaeg\/produkter\/separatorer\/transflow-roersystem\/\"]}]},{\"@type\":\"ImageObject\",\"inLanguage\":\"da-DK\",\"@id\":\"https:\/\/moldow.com\/da\/filteranlaeg\/produkter\/separatorer\/transflow-roersystem\/#primaryimage\",\"url\":\"https:\/\/moldow.com\/wp-content\/uploads\/2017\/07\/Transflow-concept.jpg\",\"contentUrl\":\"https:\/\/moldow.com\/wp-content\/uploads\/2017\/07\/Transflow-concept.jpg\"},{\"@type\":\"BreadcrumbList\",\"@id\":\"https:\/\/moldow.com\/da\/filteranlaeg\/produkter\/separatorer\/transflow-roersystem\/#breadcrumb\",\"itemListElement\":[{\"@type\":\"ListItem\",\"position\":1,\"name\":\"Hjem\",\"item\":\"https:\/\/moldow.com\/da\/\"},{\"@type\":\"ListItem\",\"position\":2,\"name\":\"Filteranl\u00e6g\",\"item\":\"https:\/\/moldow.com\/da\/filteranlaeg\/\"},{\"@type\":\"ListItem\",\"position\":3,\"name\":\"Filterprodukter\",\"item\":\"https:\/\/moldow.com\/da\/filteranlaeg\/produkter\/\"},{\"@type\":\"ListItem\",\"position\":4,\"name\":\"Separatorer\",\"item\":\"https:\/\/moldow.com\/da\/filteranlaeg\/produkter\/separatorer\/\"},{\"@type\":\"ListItem\",\"position\":5,\"name\":\"Transflow r\u00f8rsystem\"}]},{\"@type\":\"WebSite\",\"@id\":\"https:\/\/moldow.com\/#website\",\"url\":\"https:\/\/moldow.com\/\",\"name\":\"Moldow\",\"description\":\"Dust Extraction Systems and Painting Lines\",\"publisher\":{\"@id\":\"https:\/\/moldow.com\/#organization\"},\"potentialAction\":[{\"@type\":\"SearchAction\",\"target\":{\"@type\":\"EntryPoint\",\"urlTemplate\":\"https:\/\/moldow.com\/?s={search_term_string}\"},\"query-input\":{\"@type\":\"PropertyValueSpecification\",\"valueRequired\":true,\"valueName\":\"search_term_string\"}}],\"inLanguage\":\"da-DK\"},{\"@type\":\"Organization\",\"@id\":\"https:\/\/moldow.com\/#organization\",\"name\":\"Moldow A\/S\",\"url\":\"https:\/\/moldow.com\/\",\"logo\":{\"@type\":\"ImageObject\",\"inLanguage\":\"da-DK\",\"@id\":\"https:\/\/moldow.com\/#\/schema\/logo\/image\/\",\"url\":\"https:\/\/moldow.com\/wp-content\/uploads\/2017\/01\/Moldow-logo-web-ny.png\",\"contentUrl\":\"https:\/\/moldow.com\/wp-content\/uploads\/2017\/01\/Moldow-logo-web-ny.png\",\"width\":259,\"height\":38,\"caption\":\"Moldow A\/S\"},\"image\":{\"@id\":\"https:\/\/moldow.com\/#\/schema\/logo\/image\/\"}}]}<\/script>\n<!-- \/ Yoast SEO plugin. -->","yoast_head_json":{"title":"Transflow r\u00f8rsystem til materialeseparation \u2013 Moldow","description":"Ved udsugning af store m\u00e6ngder materiale og tr\u00e6st\u00f8v, kan det v\u00e6re en stor fordel at installere et Transflow f\u00f8r filteret \u2013 L\u00e6s mere.","robots":{"index":"index","follow":"follow","max-snippet":"max-snippet:-1","max-image-preview":"max-image-preview:large","max-video-preview":"max-video-preview:-1"},"canonical":"https:\/\/moldow.com\/da\/filteranlaeg\/produkter\/separatorer\/transflow-roersystem\/","og_locale":"da_DK","og_type":"article","og_title":"Transflow r\u00f8rsystem til materialeseparation \u2013 Moldow","og_description":"Ved udsugning af store m\u00e6ngder materiale og tr\u00e6st\u00f8v, kan det v\u00e6re en stor fordel at installere et Transflow f\u00f8r filteret \u2013 L\u00e6s mere.","og_url":"https:\/\/moldow.com\/da\/filteranlaeg\/produkter\/separatorer\/transflow-roersystem\/","og_site_name":"Moldow","article_modified_time":"2022-07-14T09:38:12+00:00","og_image":[{"url":"https:\/\/moldow.com\/wp-content\/uploads\/2017\/07\/Transflow-concept.jpg","type":"","width":"","height":""}],"twitter_card":"summary_large_image","twitter_misc":{"Estimeret l\u00e6setid":"7 minutes"},"schema":{"@context":"https:\/\/schema.org","@graph":[{"@type":"WebPage","@id":"https:\/\/moldow.com\/da\/filteranlaeg\/produkter\/separatorer\/transflow-roersystem\/","url":"https:\/\/moldow.com\/da\/filteranlaeg\/produkter\/separatorer\/transflow-roersystem\/","name":"Transflow r\u00f8rsystem til materialeseparation \u2013 Moldow","isPartOf":{"@id":"https:\/\/moldow.com\/#website"},"primaryImageOfPage":{"@id":"https:\/\/moldow.com\/da\/filteranlaeg\/produkter\/separatorer\/transflow-roersystem\/#primaryimage"},"image":{"@id":"https:\/\/moldow.com\/da\/filteranlaeg\/produkter\/separatorer\/transflow-roersystem\/#primaryimage"},"thumbnailUrl":"https:\/\/moldow.com\/wp-content\/uploads\/2017\/07\/Transflow-concept.jpg","datePublished":"2021-01-15T12:26:45+00:00","dateModified":"2022-07-14T09:38:12+00:00","description":"Ved udsugning af store m\u00e6ngder materiale og tr\u00e6st\u00f8v, kan det v\u00e6re en stor fordel at installere et Transflow f\u00f8r filteret \u2013 L\u00e6s mere.","breadcrumb":{"@id":"https:\/\/moldow.com\/da\/filteranlaeg\/produkter\/separatorer\/transflow-roersystem\/#breadcrumb"},"inLanguage":"da-DK","potentialAction":[{"@type":"ReadAction","target":["https:\/\/moldow.com\/da\/filteranlaeg\/produkter\/separatorer\/transflow-roersystem\/"]}]},{"@type":"ImageObject","inLanguage":"da-DK","@id":"https:\/\/moldow.com\/da\/filteranlaeg\/produkter\/separatorer\/transflow-roersystem\/#primaryimage","url":"https:\/\/moldow.com\/wp-content\/uploads\/2017\/07\/Transflow-concept.jpg","contentUrl":"https:\/\/moldow.com\/wp-content\/uploads\/2017\/07\/Transflow-concept.jpg"},{"@type":"BreadcrumbList","@id":"https:\/\/moldow.com\/da\/filteranlaeg\/produkter\/separatorer\/transflow-roersystem\/#breadcrumb","itemListElement":[{"@type":"ListItem","position":1,"name":"Hjem","item":"https:\/\/moldow.com\/da\/"},{"@type":"ListItem","position":2,"name":"Filteranl\u00e6g","item":"https:\/\/moldow.com\/da\/filteranlaeg\/"},{"@type":"ListItem","position":3,"name":"Filterprodukter","item":"https:\/\/moldow.com\/da\/filteranlaeg\/produkter\/"},{"@type":"ListItem","position":4,"name":"Separatorer","item":"https:\/\/moldow.com\/da\/filteranlaeg\/produkter\/separatorer\/"},{"@type":"ListItem","position":5,"name":"Transflow r\u00f8rsystem"}]},{"@type":"WebSite","@id":"https:\/\/moldow.com\/#website","url":"https:\/\/moldow.com\/","name":"Moldow","description":"Dust Extraction Systems and Painting Lines","publisher":{"@id":"https:\/\/moldow.com\/#organization"},"potentialAction":[{"@type":"SearchAction","target":{"@type":"EntryPoint","urlTemplate":"https:\/\/moldow.com\/?s={search_term_string}"},"query-input":{"@type":"PropertyValueSpecification","valueRequired":true,"valueName":"search_term_string"}}],"inLanguage":"da-DK"},{"@type":"Organization","@id":"https:\/\/moldow.com\/#organization","name":"Moldow A\/S","url":"https:\/\/moldow.com\/","logo":{"@type":"ImageObject","inLanguage":"da-DK","@id":"https:\/\/moldow.com\/#\/schema\/logo\/image\/","url":"https:\/\/moldow.com\/wp-content\/uploads\/2017\/01\/Moldow-logo-web-ny.png","contentUrl":"https:\/\/moldow.com\/wp-content\/uploads\/2017\/01\/Moldow-logo-web-ny.png","width":259,"height":38,"caption":"Moldow A\/S"},"image":{"@id":"https:\/\/moldow.com\/#\/schema\/logo\/image\/"}}]}},"_links":{"self":[{"href":"https:\/\/moldow.com\/da\/wp-json\/wp\/v2\/pages\/5404","targetHints":{"allow":["GET"]}}],"collection":[{"href":"https:\/\/moldow.com\/da\/wp-json\/wp\/v2\/pages"}],"about":[{"href":"https:\/\/moldow.com\/da\/wp-json\/wp\/v2\/types\/page"}],"author":[{"embeddable":true,"href":"https:\/\/moldow.com\/da\/wp-json\/wp\/v2\/users\/1"}],"replies":[{"embeddable":true,"href":"https:\/\/moldow.com\/da\/wp-json\/wp\/v2\/comments?post=5404"}],"version-history":[{"count":6,"href":"https:\/\/moldow.com\/da\/wp-json\/wp\/v2\/pages\/5404\/revisions"}],"predecessor-version":[{"id":7924,"href":"https:\/\/moldow.com\/da\/wp-json\/wp\/v2\/pages\/5404\/revisions\/7924"}],"up":[{"embeddable":true,"href":"https:\/\/moldow.com\/da\/wp-json\/wp\/v2\/pages\/1514"}],"wp:attachment":[{"href":"https:\/\/moldow.com\/da\/wp-json\/wp\/v2\/media?parent=5404"}],"curies":[{"name":"wp","href":"https:\/\/api.w.org\/{rel}","templated":true}]}}