{"id":4357,"date":"2019-09-02T09:53:41","date_gmt":"2019-09-02T09:53:41","guid":{"rendered":"https:\/\/moldow.com\/?page_id=4357"},"modified":"2026-02-23T08:20:30","modified_gmt":"2026-02-23T08:20:30","slug":"sitemap","status":"publish","type":"page","link":"https:\/\/moldow.com\/da\/sitemap\/","title":{"rendered":"Sitemap"},"content":{"rendered":"<div class=\"fusion-fullwidth fullwidth-box fusion-builder-row-1 nonhundred-percent-fullwidth non-hundred-percent-height-scrolling\" style=\"--awb-border-radius-top-left:0px;--awb-border-radius-top-right:0px;--awb-border-radius-bottom-right:0px;--awb-border-radius-bottom-left:0px;--awb-margin-top:80px;--awb-background-color:#ffffff;--awb-flex-wrap:wrap;\" ><div class=\"fusion-builder-row fusion-row\"><div class=\"fusion-layout-column fusion_builder_column fusion-builder-column-0 fusion_builder_column_1_1 1_1 fusion-one-full fusion-column-first fusion-column-last\" style=\"--awb-bg-size:cover;\"><div class=\"fusion-column-wrapper fusion-column-has-shadow fusion-flex-column-wrapper-legacy\"><div class=\"fusion-title title fusion-title-1 sep-underline sep-solid fusion-title-text fusion-title-size-one\"><h1 class=\"fusion-title-heading title-heading-left\" style=\"margin:0;\">SITEMAP<\/h1><\/div><div class=\"fusion-text fusion-text-1\"><ul>\n<li><strong><a href=\"https:\/\/moldow.com\/da\/filteranlaeg\/\">FILTERANL\u00c6G<\/a><\/strong> \u2013 Effektive filteranl\u00e6g til ATEX\n<ul>\n<li>Industrier:\n<ul>\n<li><a href=\"https:\/\/moldow.com\/da\/filteranlaeg\/industrier\/traeindustri\/\">Filteranl\u00e6g til tr\u00e6<\/a>: Udsugning og filtrering af st\u00f8vholdig luft fra tr\u00e6industrien<\/li>\n<li><a href=\"https:\/\/moldow.com\/da\/filteranlaeg\/industrier\/pap-og-papirindustrien\/\">Filteranl\u00e6g til pap og papir<\/a>: Filteranl\u00e6g til udsugning og separation af pap og papir<\/li>\n<\/ul>\n<\/li>\n<li>Produkter:\n<ul>\n<li><a href=\"https:\/\/moldow.com\/da\/filteranlaeg\/produkter\/filter\/\">Filter<\/a>: K\u00e6defiltre, slusefiltre, sneglefiltre, posefiltre og jetfiltre<\/li>\n<li><a href=\"https:\/\/moldow.com\/da\/filteranlaeg\/produkter\/ventilator\/\">Ventilatorer<\/a>: Suge-, t\u00f8mme- og transport-ventilatorer til filteranl\u00e6g<\/li>\n<\/ul>\n<\/li>\n<li>Kontakt:\n<ul>\n<li><a href=\"https:\/\/moldow.com\/da\/kontakt\/medarbejdere\/#filters\">Salg af filteranl\u00e6g<\/a>: Kontaktoplysninger til salg og design af filteranl\u00e6g.<\/li>\n<\/ul>\n<\/li>\n<\/ul>\n<\/li>\n<\/ul>\n<ul>\n<li><strong><a href=\"https:\/\/moldow.com\/da\/maleanlaeg\/\">MALEANL\u00c6G<\/a><\/strong>: Maleanl\u00e6g til v\u00e5dmaling og pulverlakering\n<ul>\n<li>Industrier:\n<ul>\n<li><a href=\"https:\/\/moldow.com\/da\/maleanlaeg\/metal-pulverlakering\/\">Pulvermaleanl\u00e6g<\/a>: Pulvermaleanl\u00e6g til lakering af metalemner<\/li>\n<li><a href=\"https:\/\/moldow.com\/da\/maleanlaeg\/metal-vaadmaleanlaeg\/\">V\u00e5dmaleanl\u00e6g til metal<\/a>: V\u00e5dmaleanl\u00e6g til metalemner<\/li>\n<li><a href=\"https:\/\/moldow.com\/da\/maleanlaeg\/plast\/\">Plastmaleanl\u00e6g<\/a>: Maleanl\u00e6g til lakering af plastemner<\/li>\n<li><a href=\"https:\/\/moldow.com\/da\/maleanlaeg\/trae\/\">Tr\u00e6maleanl\u00e6g<\/a>: Anl\u00e6g til spraymaling af tr\u00e6emner<\/li>\n<\/ul>\n<\/li>\n<li>Produkter:\n<ul>\n<li><a href=\"https:\/\/moldow.com\/da\/maleanlaeg\/\">Maleanl\u00e6g til v\u00e5d og pulver<\/a>: Manualle, semi-automatiske og fuldautomatiske maleanl\u00e6g<\/li>\n<li><a href=\"https:\/\/moldow.com\/da\/maleanlaeg\/produkter\/forbehandling\/\">Forbehandlingsanl\u00e6g<\/a>: Forbehandlingsanl\u00e6g til maleprocesser<\/li>\n<li><a href=\"https:\/\/moldow.com\/da\/maleanlaeg\/produkter\/sproejteboks\/\">Spr\u00f8jtebokse<\/a>: Spr\u00f8jtebokse og spr\u00f8jtev\u00e6gge. V\u00e5dbokse og t\u00f8rbokse.<\/li>\n<\/ul>\n<\/li>\n<li>Kontakt:\n<ul>\n<li><a href=\"https:\/\/moldow.com\/da\/kontakt\/medarbejdere\/#painting\">Salg af maleanl\u00e6g<\/a>: Kontaktoplysninger til salg og design af maleanl\u00e6g.<\/li>\n<\/ul>\n<\/li>\n<\/ul>\n<\/li>\n<\/ul>\n<ul>\n<li><strong><a href=\"https:\/\/moldow.com\/da\/industriventilation\/\">VENTILATION<\/a><\/strong>: Ventilationsanl\u00e6g og \u2013l\u00f8sninger til industri\n<ul>\n<li><a href=\"https:\/\/moldow.com\/da\/industriventilation\/procesudsugning-og-procesventilation\/\">Procesudsugning<\/a>: Effektiv procesudsugning og procesventilation<\/li>\n<li><a href=\"https:\/\/moldow.com\/da\/industriventilation\/varmegenvinding-opvarmning\/\">Varmegenvinding<\/a>: Genvinding og opvarmning af luft<\/li>\n<li><a href=\"https:\/\/moldow.com\/da\/industriventilation\/fedtfilter\/\">Fedtfilter<\/a>: Fedtfiltre og filterm\u00e5tter af aluminium til industrik\u00f8kkener<\/li>\n<li><a href=\"https:\/\/moldow.com\/da\/energioptimering\/\">Energioptimering<\/a>: Optimering af eksisterende anl\u00e6g<\/li>\n<li><a href=\"https:\/\/moldow.com\/da\/kontakt\/medarbejdere\/#denmark\">Salg af ventilationsanl\u00e6g<\/a>: kontaktoplysninger for salg af ventilationsanl\u00e6g<\/li>\n<\/ul>\n<\/li>\n<\/ul>\n<\/div><div class=\"fusion-clearfix\"><\/div><\/div><\/div><\/div><\/div>\n","protected":false},"excerpt":{"rendered":"","protected":false},"author":1,"featured_media":0,"parent":0,"menu_order":0,"comment_status":"closed","ping_status":"closed","template":"100-width.php","meta":{"_acf_changed":false,"footnotes":""},"class_list":["post-4357","page","type-page","status-publish","hentry"],"acf":[],"yoast_head":"<!-- This site is optimized with the Yoast SEO plugin v24.8 - https:\/\/yoast.com\/wordpress\/plugins\/seo\/ -->\n<title>Sitemap | Moldow<\/title>\n<meta name=\"robots\" content=\"index, follow, max-snippet:-1, max-image-preview:large, max-video-preview:-1\" \/>\n<link rel=\"canonical\" href=\"https:\/\/moldow.com\/da\/sitemap\/\" \/>\n<meta property=\"og:locale\" content=\"da_DK\" \/>\n<meta property=\"og:type\" content=\"article\" \/>\n<meta property=\"og:title\" content=\"Sitemap | Moldow\" \/>\n<meta property=\"og:url\" content=\"https:\/\/moldow.com\/da\/sitemap\/\" \/>\n<meta property=\"og:site_name\" content=\"Moldow\" \/>\n<meta property=\"article:modified_time\" content=\"2026-02-23T08:20:30+00:00\" \/>\n<meta name=\"twitter:card\" content=\"summary_large_image\" \/>\n<meta name=\"twitter:label1\" content=\"Estimeret l\u00e6setid\" \/>\n\t<meta name=\"twitter:data1\" content=\"1 minute\" \/>\n<script type=\"application\/ld+json\" class=\"yoast-schema-graph\">{\"@context\":\"https:\/\/schema.org\",\"@graph\":[{\"@type\":\"WebPage\",\"@id\":\"https:\/\/moldow.com\/da\/sitemap\/\",\"url\":\"https:\/\/moldow.com\/da\/sitemap\/\",\"name\":\"Sitemap | Moldow\",\"isPartOf\":{\"@id\":\"https:\/\/moldow.com\/#website\"},\"datePublished\":\"2019-09-02T09:53:41+00:00\",\"dateModified\":\"2026-02-23T08:20:30+00:00\",\"breadcrumb\":{\"@id\":\"https:\/\/moldow.com\/da\/sitemap\/#breadcrumb\"},\"inLanguage\":\"da-DK\",\"potentialAction\":[{\"@type\":\"ReadAction\",\"target\":[\"https:\/\/moldow.com\/da\/sitemap\/\"]}]},{\"@type\":\"BreadcrumbList\",\"@id\":\"https:\/\/moldow.com\/da\/sitemap\/#breadcrumb\",\"itemListElement\":[{\"@type\":\"ListItem\",\"position\":1,\"name\":\"Hjem\",\"item\":\"https:\/\/moldow.com\/da\/\"},{\"@type\":\"ListItem\",\"position\":2,\"name\":\"Sitemap\"}]},{\"@type\":\"WebSite\",\"@id\":\"https:\/\/moldow.com\/#website\",\"url\":\"https:\/\/moldow.com\/\",\"name\":\"Moldow\",\"description\":\"Dust Extraction Systems and Painting Lines\",\"publisher\":{\"@id\":\"https:\/\/moldow.com\/#organization\"},\"potentialAction\":[{\"@type\":\"SearchAction\",\"target\":{\"@type\":\"EntryPoint\",\"urlTemplate\":\"https:\/\/moldow.com\/?s={search_term_string}\"},\"query-input\":{\"@type\":\"PropertyValueSpecification\",\"valueRequired\":true,\"valueName\":\"search_term_string\"}}],\"inLanguage\":\"da-DK\"},{\"@type\":\"Organization\",\"@id\":\"https:\/\/moldow.com\/#organization\",\"name\":\"Moldow A\/S\",\"url\":\"https:\/\/moldow.com\/\",\"logo\":{\"@type\":\"ImageObject\",\"inLanguage\":\"da-DK\",\"@id\":\"https:\/\/moldow.com\/#\/schema\/logo\/image\/\",\"url\":\"https:\/\/moldow.com\/wp-content\/uploads\/2017\/01\/Moldow-logo-web-ny.png\",\"contentUrl\":\"https:\/\/moldow.com\/wp-content\/uploads\/2017\/01\/Moldow-logo-web-ny.png\",\"width\":259,\"height\":38,\"caption\":\"Moldow A\/S\"},\"image\":{\"@id\":\"https:\/\/moldow.com\/#\/schema\/logo\/image\/\"}}]}<\/script>\n<!-- \/ Yoast SEO plugin. -->","yoast_head_json":{"title":"Sitemap | Moldow","robots":{"index":"index","follow":"follow","max-snippet":"max-snippet:-1","max-image-preview":"max-image-preview:large","max-video-preview":"max-video-preview:-1"},"canonical":"https:\/\/moldow.com\/da\/sitemap\/","og_locale":"da_DK","og_type":"article","og_title":"Sitemap | Moldow","og_url":"https:\/\/moldow.com\/da\/sitemap\/","og_site_name":"Moldow","article_modified_time":"2026-02-23T08:20:30+00:00","twitter_card":"summary_large_image","twitter_misc":{"Estimeret l\u00e6setid":"1 minute"},"schema":{"@context":"https:\/\/schema.org","@graph":[{"@type":"WebPage","@id":"https:\/\/moldow.com\/da\/sitemap\/","url":"https:\/\/moldow.com\/da\/sitemap\/","name":"Sitemap | Moldow","isPartOf":{"@id":"https:\/\/moldow.com\/#website"},"datePublished":"2019-09-02T09:53:41+00:00","dateModified":"2026-02-23T08:20:30+00:00","breadcrumb":{"@id":"https:\/\/moldow.com\/da\/sitemap\/#breadcrumb"},"inLanguage":"da-DK","potentialAction":[{"@type":"ReadAction","target":["https:\/\/moldow.com\/da\/sitemap\/"]}]},{"@type":"BreadcrumbList","@id":"https:\/\/moldow.com\/da\/sitemap\/#breadcrumb","itemListElement":[{"@type":"ListItem","position":1,"name":"Hjem","item":"https:\/\/moldow.com\/da\/"},{"@type":"ListItem","position":2,"name":"Sitemap"}]},{"@type":"WebSite","@id":"https:\/\/moldow.com\/#website","url":"https:\/\/moldow.com\/","name":"Moldow","description":"Dust Extraction Systems and Painting Lines","publisher":{"@id":"https:\/\/moldow.com\/#organization"},"potentialAction":[{"@type":"SearchAction","target":{"@type":"EntryPoint","urlTemplate":"https:\/\/moldow.com\/?s={search_term_string}"},"query-input":{"@type":"PropertyValueSpecification","valueRequired":true,"valueName":"search_term_string"}}],"inLanguage":"da-DK"},{"@type":"Organization","@id":"https:\/\/moldow.com\/#organization","name":"Moldow A\/S","url":"https:\/\/moldow.com\/","logo":{"@type":"ImageObject","inLanguage":"da-DK","@id":"https:\/\/moldow.com\/#\/schema\/logo\/image\/","url":"https:\/\/moldow.com\/wp-content\/uploads\/2017\/01\/Moldow-logo-web-ny.png","contentUrl":"https:\/\/moldow.com\/wp-content\/uploads\/2017\/01\/Moldow-logo-web-ny.png","width":259,"height":38,"caption":"Moldow A\/S"},"image":{"@id":"https:\/\/moldow.com\/#\/schema\/logo\/image\/"}}]}},"_links":{"self":[{"href":"https:\/\/moldow.com\/da\/wp-json\/wp\/v2\/pages\/4357","targetHints":{"allow":["GET"]}}],"collection":[{"href":"https:\/\/moldow.com\/da\/wp-json\/wp\/v2\/pages"}],"about":[{"href":"https:\/\/moldow.com\/da\/wp-json\/wp\/v2\/types\/page"}],"author":[{"embeddable":true,"href":"https:\/\/moldow.com\/da\/wp-json\/wp\/v2\/users\/1"}],"replies":[{"embeddable":true,"href":"https:\/\/moldow.com\/da\/wp-json\/wp\/v2\/comments?post=4357"}],"version-history":[{"count":5,"href":"https:\/\/moldow.com\/da\/wp-json\/wp\/v2\/pages\/4357\/revisions"}],"predecessor-version":[{"id":12650,"href":"https:\/\/moldow.com\/da\/wp-json\/wp\/v2\/pages\/4357\/revisions\/12650"}],"wp:attachment":[{"href":"https:\/\/moldow.com\/da\/wp-json\/wp\/v2\/media?parent=4357"}],"curies":[{"name":"wp","href":"https:\/\/api.w.org\/{rel}","templated":true}]}}