{"id":4145,"date":"2019-07-05T08:28:18","date_gmt":"2019-07-05T08:28:18","guid":{"rendered":"https:\/\/moldow.com\/?page_id=4145"},"modified":"2019-07-05T08:28:53","modified_gmt":"2019-07-05T08:28:53","slug":"privatlivspolitik","status":"publish","type":"page","link":"https:\/\/moldow.com\/da\/om-moldow\/privatlivspolitik\/","title":{"rendered":"Privatlivspolitik"},"content":{"rendered":"<div class=\"fusion-fullwidth fullwidth-box fusion-builder-row-1 nonhundred-percent-fullwidth non-hundred-percent-height-scrolling\" style=\"--awb-border-radius-top-left:0px;--awb-border-radius-top-right:0px;--awb-border-radius-bottom-right:0px;--awb-border-radius-bottom-left:0px;--awb-margin-top:60px;--awb-background-color:#ffffff;--awb-flex-wrap:wrap;\" ><div class=\"fusion-builder-row fusion-row\"><div class=\"fusion-layout-column fusion_builder_column fusion-builder-column-0 fusion_builder_column_2_3 2_3 fusion-two-third fusion-column-first\" style=\"--awb-bg-size:cover;width:65.3333%; margin-right: 4%;\"><div class=\"fusion-column-wrapper fusion-flex-column-wrapper-legacy\"><div class=\"fusion-title title fusion-title-1 sep-underline sep-solid fusion-title-text fusion-title-size-one\"><h1 class=\"fusion-title-heading title-heading-left\" style=\"margin:0;\">MOLDOW A\/S&#8217; PRIVATLIVSPOLITIK<\/h1><\/div><div class=\"fusion-text fusion-text-1\"><h2>Beskyttelse af personlige oplysninger<\/h2>\n<p>If\u00f8lge Persondataforordningen (EU\u2019s GDPR) skal Moldow A\/S (vi) give oplysning om hvilke personoplysninger, der indsamles, og hvordan de behandles m.v.<\/p>\n<p>N\u00e5r du bes\u00f8ger vores website, indhenter tilbud, opretter ordrer eller tilmelder dig eventuelle nyhedsbreve, anerkender du, at du har l\u00e6st og forst\u00e5et denne politik om beskyttelse af personlige oplysninger og den indsamling og opbevaring af oplysninger og h\u00e5ndteringsproces, som er beskrevet heri.<\/p>\n<p><strong>Oversigt<\/strong><\/p>\n<p>Denne politik om beskyttelse af personlige oplysninger beskriver detaljeret vores politik og procedurer i forhold til indhentning, brug og videregivelse af dine personoplysninger. Det kr\u00e6ver tillid fra din side at udlevere oplysninger. Vi tager denne tillid meget alvorligt og prioriterer at sikre beskyttelsen og fortroligheden af de personoplysninger, som du giver os.<\/p>\n<p><strong>Indhold<\/strong><\/p>\n<ol>\n<li><a href=\"#_Toc13214218\"> Hvordan beskytter vi personoplysninger?<\/a><\/li>\n<li><a href=\"#_Toc13214219\"> Hvordan indsamler vi personoplysninger?<\/a><\/li>\n<li><a href=\"#_Toc13214220\"> Hvordan bruger vi dine personoplysninger?<\/a><\/li>\n<li><a href=\"#_Toc13214221\"> Hvem deler vi dine personoplysninger med?<\/a><\/li>\n<li><a href=\"#_Toc13214222\"> Cookies og andre webbaserede teknologier<\/a><\/li>\n<li><a href=\"#_Toc13214223\"> Hvor l\u00e6nge opbevarer vi dine oplysninger?<\/a><\/li>\n<li><a href=\"#_Toc13214224\"> Hvad er dine rettigheder og valgmuligheder?<\/a><\/li>\n<li><a href=\"#_Toc13214225\"> Hvordan kontakter du os?<\/a><\/li>\n<\/ol>\n<h3><a name=\"_Toc13214218\"><\/a>1. Hvordan beskytter vi personoplysninger?<\/h3>\n<p>Vi gemmer dine personlige oplysninger p\u00e5 computere med begr\u00e6nset adgang, som er placeret i kontrollerede faciliteter, og vores sikkerhedsforanstaltninger kontrolleres l\u00f8bende for at sikre at vores brugeroplysninger h\u00e5ndteres forsvarligt og under stadig hensyntagen til dine rettigheder som bruger. Vi mener derfor, at vi opfylder kravet om sikker opbevaring i henhold til databeskyttelsesloven og EU\u2019s GDPR.<\/p>\n<p>Vi kan dog ikke garantere 100 procent sikkerhed ved dataoverf\u00f8rsler via internettet. Det betyder, at der kan v\u00e6re en risiko for, at andre uberettiget tiltvinger sig adgang til oplysninger, n\u00e5r data sendes og opbevares elektronisk. Den hurtige udvikling af internettet betyder, at \u00e6ndringer i vores behandling af personoplysninger kan blive n\u00f8dvendige. Vi forbeholder os derfor ret til at opdatere og \u00e6ndre n\u00e6rv\u00e6rende retningslinjer for behandling af personoplysninger. G\u00f8r vi det, retter vi selvf\u00f8lgelig datoen for &#8220;senest opdateret&#8221; \u00f8verst i dokumentet. I tilf\u00e6lde af v\u00e6sentlige \u00e6ndringer giver vi dig besked.<\/p>\n<h3><a name=\"_Toc13214219\"><\/a>2. Hvordan indsamler vi personoplysninger?<\/h3>\n<p>Vi indsamler ikke personoplysninger, uden at du selv har givet os disse oplysninger. Det kan ske ved foresp\u00f8rgsler, indhentelse af tilbud, placering af ordrer, servicering af anl\u00e6g, tilmelding til eventuelle nyhedsbreve, kontakt p\u00e5 messe eller telefonisk, eller n\u00e5r du p\u00e5 anden vis handler med os i andre sammenh\u00e6nge eller g\u00f8r brug af vores services. Her indsamles og gemmes typisk oplysninger om firmanavn, firmaadresse, CVR-nummer, leveringsadresse, faktureringsadresse, kontaktpersonens fornavn samt efternavn, telefonnummer samt e-mail.<\/p>\n<p>Det kan v\u00e6re oplysninger, som kan bruges til at identificere dig som person eller kontakte dig direkte (\u201dpersonlige oplysninger\u201d).<\/p>\n<p>Du kan v\u00e6lge ikke at give os personlige oplysninger, men selvsagt er visse oplysninger n\u00f8dvendige for etablering af et effektivt og godt samarbejde for begge parter.<\/p>\n<p>Adf\u00e6rd som bes\u00f8gte URL\u2019er, handlinger s\u00e5som klik, \u00e5bningsrater, evt. log-in tid samt geografiske data registreres ogs\u00e5 anonymt. Vi indhenter ogs\u00e5 andre oplysninger, s\u00e5som din IP-adresse, oplysninger, som identificerer din enhed, og browsinghistorik.<\/p>\n<h3><a name=\"_Toc13214220\"><\/a>3. Hvordan bruger vi dine personoplysninger?<\/h3>\n<p>Vi bruger oplysningerne, som vi indsamler om dig, til f\u00f8lgende form\u00e5l:<\/p>\n<ul>\n<li>til at behandle en ordre<\/li>\n<li>til at kunne servicere dig bedre ved enhver henvendelse<\/li>\n<li>til registrering og administration af dit kundeforhold<\/li>\n<li>til at kommunikere med dig generelt<\/li>\n<li>til at svare p\u00e5 dine sp\u00f8rgsm\u00e5l og kommentarer<\/li>\n<li>til at meddele dig om produkter eller tjenester som potentielt kan have din interesse<\/li>\n<li>til at bede om oplysninger fra dig fx i tilfredsunders\u00f8gelser<\/li>\n<li>til at forbedre vores website og markedsf\u00f8ringen.<\/li>\n<\/ul>\n<h3><a name=\"_Toc13214221\"><\/a>4. Hvem deler vi dine personoplysninger med?<\/h3>\n<p>Personoplysninger du har afgivet til os videregives ikke.<\/p>\n<p>For at kunne give den bedst mulige oplevelse p\u00e5 Moldows website f\u00f8rer vi statistik over, hvordan brugerne anvender siderne. Statistikken anvendes udelukkende i anonymiseret form f.eks. til at se, hvilke sider og hvilket indhold brugerne interagerer med.<\/p>\n<p>Vi anvender Google Analytics til indsamling af bes\u00f8gsstatistik og videregiver i den forbindelse IP-adresser til Google Analytics. Privatlivsvilk\u00e5rene for Google Analytics accepteres af dig ved bes\u00f8g p\u00e5 websitet.<\/p>\n<p>P\u00e5 websitet anvendes ogs\u00e5 indlejret indhold fra andre websites, som eksempelvis YouTube og Google Maps, hvilket fungerer pr\u00e6cis, som hvis du bes\u00f8gte de sider. Derfor giver du ved brug af vores website tilladelse til, at disse sider indsamler oplysninger om dig.<\/p>\n<h3><a name=\"_Toc13214222\"><\/a>5. Cookies og andre webbaserede teknologier<\/h3>\n<p>N\u00e5r du bes\u00f8ger moldow.com, modtager du automatisk en eller flere cookies.\u00a0Vi bruger cookies til at indsamle statistik i forbindelse med visning af data fra websites, sociale medier m.v. til vores markedsf\u00f8ring og til registrering af foretrukket sprog. For det meste indsamler cookies anonyme data, men der kan ogs\u00e5 indsamles IP-adresser, som er personhenf\u00f8rbare data. Vi anvender analysev\u00e6rkt\u00f8jer fra Google Analytics til at udarbejde statistik over brugernes interaktion med sitet.<\/p>\n<h3><a name=\"_Toc13214223\"><\/a>6. Hvor l\u00e6nge opbevarer vi dine oplysninger?<\/h3>\n<p>Vi kan opbevare bestemte oplysninger, som er tilknyttet dit kundeforhold, i vores ERP-system til bl.a.\u00a0 statistikker. De tidsrum, som vi opbevarer dine oplysninger i, afh\u00e6nger af form\u00e5let, som vi har indhentet dem til, og som vi bruger dem til.<\/p>\n<p>Vi opbevarer ikke dine personlige oplysninger l\u00e6ngere, end det er n\u00f8dvendigt til vores erhvervsm\u00e6ssige form\u00e5l eller i henhold til juridiske krav til den til enhver tid g\u00e6ldende lov om behandling af personoplysninger i Danmark.<\/p>\n<h3><a name=\"_Toc13214224\"><\/a>7. Hvad er dine rettigheder og valgmuligheder?<\/h3>\n<p>I overensstemmelse med g\u00e6ldende lovgivning har du f\u00f8lgende rettigheder med hensyn til dine personoplysninger:<\/p>\n<ul>\n<li>Du har ret til at f\u00e5 indsigt i de oplysninger, som vi opbevarer om dig, og du kan g\u00f8re indsigelser mod registrering i henhold til reglerne i Persondataforordningen (EU\u2019s GDPR) og Databeskyttelsesloven. Hvis du \u00f8nsker adgang til de oplysninger, som er registreret om dig hos os, skal du rette henvendelse til <a href=\"mailto:mail@moldow.com\">mail@moldow.com<\/a>.<\/li>\n<li>Er der registreret forkerte data, eller har du andre indsigelser, kan du rette henvendelse til os for at f\u00e5 disse berigtiget, slettet eller blokeret.<\/li>\n<li>Du kan til enhver tid tilbagekalde dit samtykke og har desuden ret til at blive slettet fra Moldow A\/S\u2019 database og ret til, at al historik om din adf\u00e6rd slettes.<\/li>\n<li>Du har mulighed for at klage over behandlingen af oplysninger og data vedr\u00f8rende dig. Klage indgives til Datatilsynet.<\/li>\n<\/ul>\n<h3><a name=\"_Toc13214225\"><\/a>8. Hvordan kontakter du os?<\/h3>\n<p>Hvis du \u00f8nsker at se dine personoplysninger, kan du skrive til os.<\/p>\n<p>Hvis du har sp\u00f8rgsm\u00e5l til denne politik om beskyttelse af personlige oplysninger, kan du kontakte: Frank Jensen, \u00f8konomichef.<\/p>\n<\/div><div class=\"fusion-clearfix\"><\/div><\/div><\/div><div class=\"fusion-layout-column fusion_builder_column fusion-builder-column-1 fusion_builder_column_1_3 1_3 fusion-one-third fusion-column-last\" style=\"--awb-bg-size:cover;width:30.6666%;\"><div class=\"fusion-column-wrapper fusion-flex-column-wrapper-legacy\"><div class=\"fusion-title title fusion-title-2 sep-underline sep-solid fusion-title-text fusion-title-size-six\"><h6 class=\"fusion-title-heading title-heading-left\" style=\"margin:0;\">KONTAKT OS<\/h6><\/div><script src=\"https:\/\/superoffice.moldow.com\/Service\/scripts\/customer.fcgi?action=form&id=F-AQEx4MBE\"><\/script><div class=\"fusion-clearfix\"><\/div><\/div><\/div>\n<\/div><\/div>\n","protected":false},"excerpt":{"rendered":"","protected":false},"author":1,"featured_media":0,"parent":1475,"menu_order":0,"comment_status":"closed","ping_status":"closed","template":"100-width.php","meta":{"_acf_changed":false,"footnotes":""},"class_list":["post-4145","page","type-page","status-publish","hentry"],"acf":[],"yoast_head":"<!-- This site is optimized with the Yoast SEO plugin v24.8 - https:\/\/yoast.com\/wordpress\/plugins\/seo\/ -->\n<title>Privatlivspolitik | Moldow<\/title>\n<meta name=\"description\" content=\"L\u00e6s Moldows privatlivspolitik\" \/>\n<meta name=\"robots\" content=\"index, follow, max-snippet:-1, max-image-preview:large, max-video-preview:-1\" \/>\n<link rel=\"canonical\" href=\"https:\/\/moldow.com\/da\/om-moldow\/privatlivspolitik\/\" \/>\n<meta property=\"og:locale\" content=\"da_DK\" \/>\n<meta property=\"og:type\" content=\"article\" \/>\n<meta property=\"og:title\" content=\"Privatlivspolitik | Moldow\" \/>\n<meta property=\"og:description\" content=\"L\u00e6s Moldows privatlivspolitik\" \/>\n<meta property=\"og:url\" content=\"https:\/\/moldow.com\/da\/om-moldow\/privatlivspolitik\/\" \/>\n<meta property=\"og:site_name\" content=\"Moldow\" \/>\n<meta property=\"article:modified_time\" content=\"2019-07-05T08:28:53+00:00\" \/>\n<meta name=\"twitter:card\" content=\"summary_large_image\" \/>\n<meta name=\"twitter:label1\" content=\"Estimeret l\u00e6setid\" \/>\n\t<meta name=\"twitter:data1\" content=\"7 minutes\" \/>\n<script type=\"application\/ld+json\" class=\"yoast-schema-graph\">{\"@context\":\"https:\/\/schema.org\",\"@graph\":[{\"@type\":\"WebPage\",\"@id\":\"https:\/\/moldow.com\/da\/om-moldow\/privatlivspolitik\/\",\"url\":\"https:\/\/moldow.com\/da\/om-moldow\/privatlivspolitik\/\",\"name\":\"Privatlivspolitik | Moldow\",\"isPartOf\":{\"@id\":\"https:\/\/moldow.com\/#website\"},\"datePublished\":\"2019-07-05T08:28:18+00:00\",\"dateModified\":\"2019-07-05T08:28:53+00:00\",\"description\":\"L\u00e6s Moldows privatlivspolitik\",\"breadcrumb\":{\"@id\":\"https:\/\/moldow.com\/da\/om-moldow\/privatlivspolitik\/#breadcrumb\"},\"inLanguage\":\"da-DK\",\"potentialAction\":[{\"@type\":\"ReadAction\",\"target\":[\"https:\/\/moldow.com\/da\/om-moldow\/privatlivspolitik\/\"]}]},{\"@type\":\"BreadcrumbList\",\"@id\":\"https:\/\/moldow.com\/da\/om-moldow\/privatlivspolitik\/#breadcrumb\",\"itemListElement\":[{\"@type\":\"ListItem\",\"position\":1,\"name\":\"Hjem\",\"item\":\"https:\/\/moldow.com\/da\/\"},{\"@type\":\"ListItem\",\"position\":2,\"name\":\"Om Moldow\",\"item\":\"https:\/\/moldow.com\/da\/om-moldow\/\"},{\"@type\":\"ListItem\",\"position\":3,\"name\":\"Privatlivspolitik\"}]},{\"@type\":\"WebSite\",\"@id\":\"https:\/\/moldow.com\/#website\",\"url\":\"https:\/\/moldow.com\/\",\"name\":\"Moldow\",\"description\":\"Dust Extraction Systems and Painting Lines\",\"publisher\":{\"@id\":\"https:\/\/moldow.com\/#organization\"},\"potentialAction\":[{\"@type\":\"SearchAction\",\"target\":{\"@type\":\"EntryPoint\",\"urlTemplate\":\"https:\/\/moldow.com\/?s={search_term_string}\"},\"query-input\":{\"@type\":\"PropertyValueSpecification\",\"valueRequired\":true,\"valueName\":\"search_term_string\"}}],\"inLanguage\":\"da-DK\"},{\"@type\":\"Organization\",\"@id\":\"https:\/\/moldow.com\/#organization\",\"name\":\"Moldow A\/S\",\"url\":\"https:\/\/moldow.com\/\",\"logo\":{\"@type\":\"ImageObject\",\"inLanguage\":\"da-DK\",\"@id\":\"https:\/\/moldow.com\/#\/schema\/logo\/image\/\",\"url\":\"https:\/\/moldow.com\/wp-content\/uploads\/2017\/01\/Moldow-logo-web-ny.png\",\"contentUrl\":\"https:\/\/moldow.com\/wp-content\/uploads\/2017\/01\/Moldow-logo-web-ny.png\",\"width\":259,\"height\":38,\"caption\":\"Moldow A\/S\"},\"image\":{\"@id\":\"https:\/\/moldow.com\/#\/schema\/logo\/image\/\"}}]}<\/script>\n<!-- \/ Yoast SEO plugin. -->","yoast_head_json":{"title":"Privatlivspolitik | Moldow","description":"L\u00e6s Moldows privatlivspolitik","robots":{"index":"index","follow":"follow","max-snippet":"max-snippet:-1","max-image-preview":"max-image-preview:large","max-video-preview":"max-video-preview:-1"},"canonical":"https:\/\/moldow.com\/da\/om-moldow\/privatlivspolitik\/","og_locale":"da_DK","og_type":"article","og_title":"Privatlivspolitik | Moldow","og_description":"L\u00e6s Moldows privatlivspolitik","og_url":"https:\/\/moldow.com\/da\/om-moldow\/privatlivspolitik\/","og_site_name":"Moldow","article_modified_time":"2019-07-05T08:28:53+00:00","twitter_card":"summary_large_image","twitter_misc":{"Estimeret l\u00e6setid":"7 minutes"},"schema":{"@context":"https:\/\/schema.org","@graph":[{"@type":"WebPage","@id":"https:\/\/moldow.com\/da\/om-moldow\/privatlivspolitik\/","url":"https:\/\/moldow.com\/da\/om-moldow\/privatlivspolitik\/","name":"Privatlivspolitik | Moldow","isPartOf":{"@id":"https:\/\/moldow.com\/#website"},"datePublished":"2019-07-05T08:28:18+00:00","dateModified":"2019-07-05T08:28:53+00:00","description":"L\u00e6s Moldows privatlivspolitik","breadcrumb":{"@id":"https:\/\/moldow.com\/da\/om-moldow\/privatlivspolitik\/#breadcrumb"},"inLanguage":"da-DK","potentialAction":[{"@type":"ReadAction","target":["https:\/\/moldow.com\/da\/om-moldow\/privatlivspolitik\/"]}]},{"@type":"BreadcrumbList","@id":"https:\/\/moldow.com\/da\/om-moldow\/privatlivspolitik\/#breadcrumb","itemListElement":[{"@type":"ListItem","position":1,"name":"Hjem","item":"https:\/\/moldow.com\/da\/"},{"@type":"ListItem","position":2,"name":"Om Moldow","item":"https:\/\/moldow.com\/da\/om-moldow\/"},{"@type":"ListItem","position":3,"name":"Privatlivspolitik"}]},{"@type":"WebSite","@id":"https:\/\/moldow.com\/#website","url":"https:\/\/moldow.com\/","name":"Moldow","description":"Dust Extraction Systems and Painting Lines","publisher":{"@id":"https:\/\/moldow.com\/#organization"},"potentialAction":[{"@type":"SearchAction","target":{"@type":"EntryPoint","urlTemplate":"https:\/\/moldow.com\/?s={search_term_string}"},"query-input":{"@type":"PropertyValueSpecification","valueRequired":true,"valueName":"search_term_string"}}],"inLanguage":"da-DK"},{"@type":"Organization","@id":"https:\/\/moldow.com\/#organization","name":"Moldow A\/S","url":"https:\/\/moldow.com\/","logo":{"@type":"ImageObject","inLanguage":"da-DK","@id":"https:\/\/moldow.com\/#\/schema\/logo\/image\/","url":"https:\/\/moldow.com\/wp-content\/uploads\/2017\/01\/Moldow-logo-web-ny.png","contentUrl":"https:\/\/moldow.com\/wp-content\/uploads\/2017\/01\/Moldow-logo-web-ny.png","width":259,"height":38,"caption":"Moldow A\/S"},"image":{"@id":"https:\/\/moldow.com\/#\/schema\/logo\/image\/"}}]}},"_links":{"self":[{"href":"https:\/\/moldow.com\/da\/wp-json\/wp\/v2\/pages\/4145","targetHints":{"allow":["GET"]}}],"collection":[{"href":"https:\/\/moldow.com\/da\/wp-json\/wp\/v2\/pages"}],"about":[{"href":"https:\/\/moldow.com\/da\/wp-json\/wp\/v2\/types\/page"}],"author":[{"embeddable":true,"href":"https:\/\/moldow.com\/da\/wp-json\/wp\/v2\/users\/1"}],"replies":[{"embeddable":true,"href":"https:\/\/moldow.com\/da\/wp-json\/wp\/v2\/comments?post=4145"}],"version-history":[{"count":3,"href":"https:\/\/moldow.com\/da\/wp-json\/wp\/v2\/pages\/4145\/revisions"}],"predecessor-version":[{"id":4148,"href":"https:\/\/moldow.com\/da\/wp-json\/wp\/v2\/pages\/4145\/revisions\/4148"}],"up":[{"embeddable":true,"href":"https:\/\/moldow.com\/da\/wp-json\/wp\/v2\/pages\/1475"}],"wp:attachment":[{"href":"https:\/\/moldow.com\/da\/wp-json\/wp\/v2\/media?parent=4145"}],"curies":[{"name":"wp","href":"https:\/\/api.w.org\/{rel}","templated":true}]}}