{"id":1959,"date":"2018-02-15T12:19:15","date_gmt":"2018-02-15T12:19:15","guid":{"rendered":"http:\/\/moldow.kbds.dk\/?page_id=1959"},"modified":"2022-06-28T13:28:09","modified_gmt":"2022-06-28T13:28:09","slug":"energioptimering","status":"publish","type":"page","link":"https:\/\/moldow.com\/da\/energioptimering\/","title":{"rendered":"Energioptimering"},"content":{"rendered":"<div class=\"fusion-fullwidth fullwidth-box fusion-builder-row-1 nonhundred-percent-fullwidth non-hundred-percent-height-scrolling\" style=\"--awb-border-radius-top-left:0px;--awb-border-radius-top-right:0px;--awb-border-radius-bottom-right:0px;--awb-border-radius-bottom-left:0px;--awb-padding-top:20px;--awb-padding-bottom:20px;--awb-margin-top:80px;--awb-background-color:#ffffff;--awb-flex-wrap:wrap;\" ><div class=\"fusion-builder-row fusion-row\"><div class=\"fusion-layout-column fusion_builder_column fusion-builder-column-0 fusion_builder_column_2_3 2_3 fusion-two-third fusion-column-first\" style=\"--awb-bg-size:cover;width:66.666666666667%;width:calc(66.666666666667% - ( ( 4% ) * 0.66666666666667 ) );margin-right: 4%;\"><div class=\"fusion-column-wrapper fusion-flex-column-wrapper-legacy\"><div class=\"fusion-title title fusion-title-1 sep-underline sep-solid fusion-title-text fusion-title-size-one\"><h1 class=\"fusion-title-heading title-heading-left\" style=\"margin:0;\">ENERGIOPTIMERING AF EKSISTERENDE ANL\u00c6G<\/h1><\/div><div class=\"fusion-text fusion-text-1\"><h2><strong>Fokus p\u00e5 energieffektive systemer<\/strong><\/h2>\n<p>De globale krav til energieffektivitet, milj\u00f8hensyn og b\u00e6redygtig produktion har medf\u00f8rt et <strong>behov for optimerede produktionsanl\u00e6g<\/strong>.<\/p>\n<p>Hos Moldow har vi udviklet og optimeret vores anl\u00e6g i mere end 50 \u00e5r med et helt specielt fokus p\u00e5 energieffektivitet. Derfor kan vi levere effektive, milj\u00f8rigtige og driftssikre systemer, uanset om det handler om male- eller filteranl\u00e6g.<\/p>\n<h3>Vil du gerne opn\u00e5 energibesparelser p\u00e5 din udsugning?<\/h3>\n<p><img decoding=\"async\" class=\" wp-image-1924 alignright\" src=\"https:\/\/moldow.com\/wp-content\/uploads\/2018\/01\/besparelse-ventilation-udsugning-moldow.jpg\" alt=\"Energibesparelse p\u00e5 udsugning\" width=\"377\" height=\"199\" srcset=\"https:\/\/moldow.com\/wp-content\/uploads\/2018\/01\/besparelse-ventilation-udsugning-moldow-200x106.jpg 200w, https:\/\/moldow.com\/wp-content\/uploads\/2018\/01\/besparelse-ventilation-udsugning-moldow-300x159.jpg 300w, https:\/\/moldow.com\/wp-content\/uploads\/2018\/01\/besparelse-ventilation-udsugning-moldow-400x211.jpg 400w, https:\/\/moldow.com\/wp-content\/uploads\/2018\/01\/besparelse-ventilation-udsugning-moldow.jpg 435w\" sizes=\"(max-width: 377px) 100vw, 377px\" \/><\/p>\n<p>Hvis du anvender et \u00e6ldre udsugnings- eller filteranl\u00e6g i din virksomhed, kan der v\u00e6re mange penge at spare p\u00e5 elregningen. Samtidig kan din produktion blive meget mere milj\u00f8venlig ved at se p\u00e5 en mere optimeret l\u00f8sning.<\/p>\n<p><strong>Vi st\u00e5r for energioptimeringen fra start til slut<\/strong>. Vi kigger p\u00e5 den eksisterende drift og kommer med input til, hvordan man kan opn\u00e5 energibesparelser. Gennem samarbejde med f\u00f8rende energiselskaber st\u00e5r vi ogs\u00e5 for at ans\u00f8ge om energitilskud, hvilket kan g\u00f8re investeringen favorabel for b\u00e5de dit firma og milj\u00f8et.<\/p>\n<p>I f\u00e6llesskab med kunden kigger vi p\u00e5 det fremtidige udsugningsbehov og dermed p\u00e5, hvilke muligheder der er for at energioptimere eksisterende anl\u00e6g.\u00a0Nogle af verdens st\u00f8rste produktionsvirksomheder foretr\u00e6kker Moldows systemer grundet den h\u00f8je effektivitet og dermed store besparelser samt h\u00f8je driftssikkerhed.<\/p>\n<p>Der er ofte meget energi og dermed ogs\u00e5 penge at spare ved at udskifte eksisterende ventilatorer med Moldows nye og h\u00f8jeffektive ventilatorer samt ved at installere automatspj\u00e6ld med emnestyring ved de enkelte afsug og samtidig frekvensstyre ventilatorerne.<\/p>\n<p>N\u00e5r udsugningsm\u00e6ngderne er optimeret og nedbragt, rettes blikket mod genvindingen af varmen i den udsugede luftm\u00e6ngde. Som udgangspunkt etableres der returluft til alle de maskiner, som er indkapslede, og hvis det er rentabelt laves der varmegenvinding p\u00e5 den resterende luftm\u00e6ngde.<\/p>\n<p>Med energitilskud og besparelser har investeringen i energioptimering ofte <strong>en meget kort tilbagebetalingstid<\/strong>.<\/p>\n<\/div><div class=\"fusion-clearfix\"><\/div><\/div><\/div><div class=\"fusion-layout-column fusion_builder_column fusion-builder-column-1 fusion_builder_column_1_3 1_3 fusion-one-third fusion-column-last\" style=\"--awb-bg-size:cover;width:33.333333333333%;width:calc(33.333333333333% - ( ( 4% ) * 0.33333333333333 ) );\"><div class=\"fusion-column-wrapper fusion-flex-column-wrapper-legacy\"><div class=\"fusion-title title fusion-title-2 sep-underline sep-solid fusion-title-text fusion-title-size-six\"><h6 class=\"fusion-title-heading title-heading-left\" style=\"margin:0;\">FORL\u00d8B<\/h6><\/div><div class=\"fusion-text fusion-text-2\"><p>Moldow tilbyder gratis r\u00e5dgivning omkring <strong>energioptimering<\/strong> af \u00e6ldre udsugningsanl\u00e6g og de mulige tilskudsordninger til investeringen. Forl\u00f8bet kan blandt andet indeholde f\u00f8lgende trin:<\/p>\n<ul>\n<li>Energieftersyn med energir\u00e5dgiver<\/li>\n<li>Rapport med mulige besparelser<\/li>\n<li>R\u00e5dgivning om tilskudsmuligheder<\/li>\n<li>Finansieringsforslag med specielle fordele for dig<\/li>\n<\/ul>\n<\/div><div class=\"fusion-sep-clear\"><\/div><div class=\"fusion-separator fusion-full-width-sep\" style=\"margin-left: auto;margin-right: auto;margin-top:5%;width:100%;\"><\/div><div class=\"fusion-sep-clear\"><\/div><div class=\"fusion-image-element in-legacy-container\" style=\"--awb-caption-title-font-family:var(--h2_typography-font-family);--awb-caption-title-font-weight:var(--h2_typography-font-weight);--awb-caption-title-font-style:var(--h2_typography-font-style);--awb-caption-title-size:var(--h2_typography-font-size);--awb-caption-title-transform:var(--h2_typography-text-transform);--awb-caption-title-line-height:var(--h2_typography-line-height);--awb-caption-title-letter-spacing:var(--h2_typography-letter-spacing);\"><span class=\" fusion-imageframe imageframe-none imageframe-1 hover-type-none\"><img decoding=\"async\" width=\"600\" height=\"430\" alt=\"MHL filter med cyklon seperation\" title=\"MHL-filter-600\" src=\"https:\/\/moldow.com\/wp-content\/uploads\/2017\/01\/MHL-filter-600.jpg\" class=\"img-responsive wp-image-3588\" srcset=\"https:\/\/moldow.com\/wp-content\/uploads\/2017\/01\/MHL-filter-600-200x143.jpg 200w, https:\/\/moldow.com\/wp-content\/uploads\/2017\/01\/MHL-filter-600-400x287.jpg 400w, https:\/\/moldow.com\/wp-content\/uploads\/2017\/01\/MHL-filter-600.jpg 600w\" sizes=\"(max-width: 800px) 100vw, 400px\" \/><\/span><\/div><div class=\"fusion-sep-clear\"><\/div><div class=\"fusion-separator fusion-full-width-sep\" style=\"margin-left: auto;margin-right: auto;margin-top:5%;width:100%;\"><\/div><div class=\"fusion-sep-clear\"><\/div><div class=\"fusion-align-block\"><a class=\"fusion-button button-flat fusion-button-default-size button-default fusion-button-default button-1 fusion-button-span-yes fusion-button-default-type\" target=\"_self\" href=\"https:\/\/moldow.com\/da\/kontakt\/medarbejdere\/ventilationssalg\/\"><span class=\"fusion-button-text\">KONTAKT OS<\/span><\/a><\/div><div class=\"fusion-clearfix\"><\/div><\/div><\/div><\/div><\/div>\n","protected":false},"excerpt":{"rendered":"","protected":false},"author":1,"featured_media":0,"parent":0,"menu_order":0,"comment_status":"closed","ping_status":"closed","template":"100-width.php","meta":{"_acf_changed":false,"footnotes":""},"class_list":["post-1959","page","type-page","status-publish","hentry"],"acf":[],"yoast_head":"<!-- This site is optimized with the Yoast SEO plugin v24.8 - https:\/\/yoast.com\/wordpress\/plugins\/seo\/ -->\n<title>Energioptimering af ventilationsanl\u00e6g | L\u00e6s her | Moldow<\/title>\n<meta name=\"description\" content=\"Med energioptimering af ventilationsanl\u00e6g kan din virksomhed opn\u00e5 besparelser. Hos Moldow har vi mere end 50 \u00e5rs erfaring. F\u00e5 r\u00e5dgivning her.\" \/>\n<meta name=\"robots\" content=\"index, follow, max-snippet:-1, max-image-preview:large, max-video-preview:-1\" \/>\n<link rel=\"canonical\" href=\"https:\/\/moldow.com\/da\/energioptimering\/\" \/>\n<meta property=\"og:locale\" content=\"da_DK\" \/>\n<meta property=\"og:type\" content=\"article\" \/>\n<meta property=\"og:title\" content=\"Energioptimering af ventilationsanl\u00e6g | L\u00e6s her | Moldow\" \/>\n<meta property=\"og:description\" content=\"Med energioptimering af ventilationsanl\u00e6g kan din virksomhed opn\u00e5 besparelser. Hos Moldow har vi mere end 50 \u00e5rs erfaring. F\u00e5 r\u00e5dgivning her.\" \/>\n<meta property=\"og:url\" content=\"https:\/\/moldow.com\/da\/energioptimering\/\" \/>\n<meta property=\"og:site_name\" content=\"Moldow\" \/>\n<meta property=\"article:modified_time\" content=\"2022-06-28T13:28:09+00:00\" \/>\n<meta property=\"og:image\" content=\"https:\/\/moldow.com\/wp-content\/uploads\/2018\/01\/besparelse-ventilation-udsugning-moldow.jpg\" \/>\n<meta name=\"twitter:card\" content=\"summary_large_image\" \/>\n<meta name=\"twitter:label1\" content=\"Estimeret l\u00e6setid\" \/>\n\t<meta name=\"twitter:data1\" content=\"3 minutes\" \/>\n<script type=\"application\/ld+json\" class=\"yoast-schema-graph\">{\"@context\":\"https:\/\/schema.org\",\"@graph\":[{\"@type\":\"WebPage\",\"@id\":\"https:\/\/moldow.com\/da\/energioptimering\/\",\"url\":\"https:\/\/moldow.com\/da\/energioptimering\/\",\"name\":\"Energioptimering af ventilationsanl\u00e6g | L\u00e6s her | Moldow\",\"isPartOf\":{\"@id\":\"https:\/\/moldow.com\/#website\"},\"primaryImageOfPage\":{\"@id\":\"https:\/\/moldow.com\/da\/energioptimering\/#primaryimage\"},\"image\":{\"@id\":\"https:\/\/moldow.com\/da\/energioptimering\/#primaryimage\"},\"thumbnailUrl\":\"https:\/\/moldow.com\/wp-content\/uploads\/2018\/01\/besparelse-ventilation-udsugning-moldow.jpg\",\"datePublished\":\"2018-02-15T12:19:15+00:00\",\"dateModified\":\"2022-06-28T13:28:09+00:00\",\"description\":\"Med energioptimering af ventilationsanl\u00e6g kan din virksomhed opn\u00e5 besparelser. Hos Moldow har vi mere end 50 \u00e5rs erfaring. F\u00e5 r\u00e5dgivning her.\",\"breadcrumb\":{\"@id\":\"https:\/\/moldow.com\/da\/energioptimering\/#breadcrumb\"},\"inLanguage\":\"da-DK\",\"potentialAction\":[{\"@type\":\"ReadAction\",\"target\":[\"https:\/\/moldow.com\/da\/energioptimering\/\"]}]},{\"@type\":\"ImageObject\",\"inLanguage\":\"da-DK\",\"@id\":\"https:\/\/moldow.com\/da\/energioptimering\/#primaryimage\",\"url\":\"https:\/\/moldow.com\/wp-content\/uploads\/2018\/01\/besparelse-ventilation-udsugning-moldow.jpg\",\"contentUrl\":\"https:\/\/moldow.com\/wp-content\/uploads\/2018\/01\/besparelse-ventilation-udsugning-moldow.jpg\"},{\"@type\":\"BreadcrumbList\",\"@id\":\"https:\/\/moldow.com\/da\/energioptimering\/#breadcrumb\",\"itemListElement\":[{\"@type\":\"ListItem\",\"position\":1,\"name\":\"Hjem\",\"item\":\"https:\/\/moldow.com\/da\/\"},{\"@type\":\"ListItem\",\"position\":2,\"name\":\"Energioptimering\"}]},{\"@type\":\"WebSite\",\"@id\":\"https:\/\/moldow.com\/#website\",\"url\":\"https:\/\/moldow.com\/\",\"name\":\"Moldow\",\"description\":\"Dust Extraction Systems and Painting Lines\",\"publisher\":{\"@id\":\"https:\/\/moldow.com\/#organization\"},\"potentialAction\":[{\"@type\":\"SearchAction\",\"target\":{\"@type\":\"EntryPoint\",\"urlTemplate\":\"https:\/\/moldow.com\/?s={search_term_string}\"},\"query-input\":{\"@type\":\"PropertyValueSpecification\",\"valueRequired\":true,\"valueName\":\"search_term_string\"}}],\"inLanguage\":\"da-DK\"},{\"@type\":\"Organization\",\"@id\":\"https:\/\/moldow.com\/#organization\",\"name\":\"Moldow A\/S\",\"url\":\"https:\/\/moldow.com\/\",\"logo\":{\"@type\":\"ImageObject\",\"inLanguage\":\"da-DK\",\"@id\":\"https:\/\/moldow.com\/#\/schema\/logo\/image\/\",\"url\":\"https:\/\/moldow.com\/wp-content\/uploads\/2017\/01\/Moldow-logo-web-ny.png\",\"contentUrl\":\"https:\/\/moldow.com\/wp-content\/uploads\/2017\/01\/Moldow-logo-web-ny.png\",\"width\":259,\"height\":38,\"caption\":\"Moldow A\/S\"},\"image\":{\"@id\":\"https:\/\/moldow.com\/#\/schema\/logo\/image\/\"}}]}<\/script>\n<!-- \/ Yoast SEO plugin. -->","yoast_head_json":{"title":"Energioptimering af ventilationsanl\u00e6g | L\u00e6s her | Moldow","description":"Med energioptimering af ventilationsanl\u00e6g kan din virksomhed opn\u00e5 besparelser. Hos Moldow har vi mere end 50 \u00e5rs erfaring. F\u00e5 r\u00e5dgivning her.","robots":{"index":"index","follow":"follow","max-snippet":"max-snippet:-1","max-image-preview":"max-image-preview:large","max-video-preview":"max-video-preview:-1"},"canonical":"https:\/\/moldow.com\/da\/energioptimering\/","og_locale":"da_DK","og_type":"article","og_title":"Energioptimering af ventilationsanl\u00e6g | L\u00e6s her | Moldow","og_description":"Med energioptimering af ventilationsanl\u00e6g kan din virksomhed opn\u00e5 besparelser. Hos Moldow har vi mere end 50 \u00e5rs erfaring. F\u00e5 r\u00e5dgivning her.","og_url":"https:\/\/moldow.com\/da\/energioptimering\/","og_site_name":"Moldow","article_modified_time":"2022-06-28T13:28:09+00:00","og_image":[{"url":"https:\/\/moldow.com\/wp-content\/uploads\/2018\/01\/besparelse-ventilation-udsugning-moldow.jpg","type":"","width":"","height":""}],"twitter_card":"summary_large_image","twitter_misc":{"Estimeret l\u00e6setid":"3 minutes"},"schema":{"@context":"https:\/\/schema.org","@graph":[{"@type":"WebPage","@id":"https:\/\/moldow.com\/da\/energioptimering\/","url":"https:\/\/moldow.com\/da\/energioptimering\/","name":"Energioptimering af ventilationsanl\u00e6g | L\u00e6s her | Moldow","isPartOf":{"@id":"https:\/\/moldow.com\/#website"},"primaryImageOfPage":{"@id":"https:\/\/moldow.com\/da\/energioptimering\/#primaryimage"},"image":{"@id":"https:\/\/moldow.com\/da\/energioptimering\/#primaryimage"},"thumbnailUrl":"https:\/\/moldow.com\/wp-content\/uploads\/2018\/01\/besparelse-ventilation-udsugning-moldow.jpg","datePublished":"2018-02-15T12:19:15+00:00","dateModified":"2022-06-28T13:28:09+00:00","description":"Med energioptimering af ventilationsanl\u00e6g kan din virksomhed opn\u00e5 besparelser. Hos Moldow har vi mere end 50 \u00e5rs erfaring. F\u00e5 r\u00e5dgivning her.","breadcrumb":{"@id":"https:\/\/moldow.com\/da\/energioptimering\/#breadcrumb"},"inLanguage":"da-DK","potentialAction":[{"@type":"ReadAction","target":["https:\/\/moldow.com\/da\/energioptimering\/"]}]},{"@type":"ImageObject","inLanguage":"da-DK","@id":"https:\/\/moldow.com\/da\/energioptimering\/#primaryimage","url":"https:\/\/moldow.com\/wp-content\/uploads\/2018\/01\/besparelse-ventilation-udsugning-moldow.jpg","contentUrl":"https:\/\/moldow.com\/wp-content\/uploads\/2018\/01\/besparelse-ventilation-udsugning-moldow.jpg"},{"@type":"BreadcrumbList","@id":"https:\/\/moldow.com\/da\/energioptimering\/#breadcrumb","itemListElement":[{"@type":"ListItem","position":1,"name":"Hjem","item":"https:\/\/moldow.com\/da\/"},{"@type":"ListItem","position":2,"name":"Energioptimering"}]},{"@type":"WebSite","@id":"https:\/\/moldow.com\/#website","url":"https:\/\/moldow.com\/","name":"Moldow","description":"Dust Extraction Systems and Painting Lines","publisher":{"@id":"https:\/\/moldow.com\/#organization"},"potentialAction":[{"@type":"SearchAction","target":{"@type":"EntryPoint","urlTemplate":"https:\/\/moldow.com\/?s={search_term_string}"},"query-input":{"@type":"PropertyValueSpecification","valueRequired":true,"valueName":"search_term_string"}}],"inLanguage":"da-DK"},{"@type":"Organization","@id":"https:\/\/moldow.com\/#organization","name":"Moldow A\/S","url":"https:\/\/moldow.com\/","logo":{"@type":"ImageObject","inLanguage":"da-DK","@id":"https:\/\/moldow.com\/#\/schema\/logo\/image\/","url":"https:\/\/moldow.com\/wp-content\/uploads\/2017\/01\/Moldow-logo-web-ny.png","contentUrl":"https:\/\/moldow.com\/wp-content\/uploads\/2017\/01\/Moldow-logo-web-ny.png","width":259,"height":38,"caption":"Moldow A\/S"},"image":{"@id":"https:\/\/moldow.com\/#\/schema\/logo\/image\/"}}]}},"_links":{"self":[{"href":"https:\/\/moldow.com\/da\/wp-json\/wp\/v2\/pages\/1959","targetHints":{"allow":["GET"]}}],"collection":[{"href":"https:\/\/moldow.com\/da\/wp-json\/wp\/v2\/pages"}],"about":[{"href":"https:\/\/moldow.com\/da\/wp-json\/wp\/v2\/types\/page"}],"author":[{"embeddable":true,"href":"https:\/\/moldow.com\/da\/wp-json\/wp\/v2\/users\/1"}],"replies":[{"embeddable":true,"href":"https:\/\/moldow.com\/da\/wp-json\/wp\/v2\/comments?post=1959"}],"version-history":[{"count":6,"href":"https:\/\/moldow.com\/da\/wp-json\/wp\/v2\/pages\/1959\/revisions"}],"predecessor-version":[{"id":7401,"href":"https:\/\/moldow.com\/da\/wp-json\/wp\/v2\/pages\/1959\/revisions\/7401"}],"wp:attachment":[{"href":"https:\/\/moldow.com\/da\/wp-json\/wp\/v2\/media?parent=1959"}],"curies":[{"name":"wp","href":"https:\/\/api.w.org\/{rel}","templated":true}]}}