{"id":1811,"date":"2018-01-05T11:15:38","date_gmt":"2018-01-05T11:15:38","guid":{"rendered":"http:\/\/moldow.kbds.dk\/?page_id=1811"},"modified":"2023-06-06T12:19:57","modified_gmt":"2023-06-06T12:19:57","slug":"toerreovn-haerdeovn","status":"publish","type":"page","link":"https:\/\/moldow.com\/da\/maleanlaeg\/produkter\/toerreovn-haerdeovn\/","title":{"rendered":"T\u00f8rre- og h\u00e6rdeovn"},"content":{"rendered":"<p><div class=\"fusion-fullwidth fullwidth-box fusion-builder-row-1 nonhundred-percent-fullwidth non-hundred-percent-height-scrolling\" style=\"--awb-background-blend-mode:overlay;--awb-border-radius-top-left:0px;--awb-border-radius-top-right:0px;--awb-border-radius-bottom-right:0px;--awb-border-radius-bottom-left:0px;--awb-padding-top:20px;--awb-margin-top:80px;--awb-background-color:rgba(255,255,255,0.98);--awb-flex-wrap:wrap;\" ><div class=\"fusion-builder-row fusion-row\"><div class=\"fusion-layout-column fusion_builder_column fusion-builder-column-0 fusion_builder_column_2_3 2_3 fusion-two-third fusion-column-first\" style=\"--awb-bg-size:cover;width:66.666666666667%;width:calc(66.666666666667% - ( ( 4% ) * 0.66666666666667 ) );margin-right: 4%;\"><div class=\"fusion-column-wrapper fusion-flex-column-wrapper-legacy\"><div class=\"fusion-column-content-centered\"><div class=\"fusion-column-content\"><div class=\"fusion-title title fusion-title-1 sep-underline sep-solid fusion-title-text fusion-title-size-one\"><h1 class=\"fusion-title-heading title-heading-left\" style=\"margin:0;\">T\u00d8RREOVNE OG H\u00c6RDEOVNE<\/h1><\/div><div class=\"fusion-text fusion-text-1\"><p>En t\u00f8rreovn eller h\u00e6rdeovn bruges p\u00e5 forskellige stadier af maleprocessen til at t\u00f8rre og h\u00e6rde malingen p\u00e5 emnerne. Moldows kombination af effektiv isolering og avanceret teknologi sikrer effektiv og energibesparende t\u00f8rring og h\u00e6rdning.<\/p>\n<p>Ovnene er vertikalt ventileret, hvor luft fordeles effektivt via loftet.<\/p>\n<p>Den opvarmede luft recirkuleres for at opn\u00e5 store energibesparelser, og en ventilator s\u00f8rger for pr\u00e6cis fordeling af luften for at sikre en j\u00e6vn temperatur i hele ovnen.<\/p>\n<p>Moldow tilbyder:<\/p>\n<ul>\n<li>Konvektionsovne<\/li>\n<li>IR-ovne med infrar\u00f8d str\u00e5ling<\/li>\n<li>UV-ovne<\/li>\n<\/ul>\n<\/div><\/div><\/div><div class=\"fusion-clearfix\"><\/div><\/div><\/div><div class=\"fusion-layout-column fusion_builder_column fusion-builder-column-1 fusion_builder_column_1_3 1_3 fusion-one-third fusion-column-last\" style=\"--awb-bg-size:cover;width:33.333333333333%;width:calc(33.333333333333% - ( ( 4% ) * 0.33333333333333 ) );\"><div class=\"fusion-column-wrapper fusion-flex-column-wrapper-legacy\"><div class=\"fusion-column-content-centered\"><div class=\"fusion-column-content\"><div class=\"fusion-title title fusion-title-2 sep-underline sep-solid fusion-title-text fusion-title-size-six\"><h6 class=\"fusion-title-heading title-heading-left\" style=\"margin:0;\">KONTAKTFORMULAR<\/h6><\/div><script src=\"https:\/\/superoffice.moldow.com\/Service\/scripts\/customer.fcgi?action=form&id=F-H9byF30e\"><\/script><\/div><\/div><div class=\"fusion-clearfix\"><\/div><\/div><\/div>\n<\/div><\/div><div class=\"fusion-fullwidth fullwidth-box fusion-builder-row-2 hundred-percent-fullwidth non-hundred-percent-height-scrolling\" style=\"--awb-border-radius-top-left:0px;--awb-border-radius-top-right:0px;--awb-border-radius-bottom-right:0px;--awb-border-radius-bottom-left:0px;--awb-background-color:#ffffff;--awb-flex-wrap:wrap;\" ><div class=\"fusion-builder-row fusion-row\"><div class=\"fusion-layout-column fusion_builder_column fusion-builder-column-2 fusion_builder_column_1_4 1_4 fusion-one-fourth fusion-column-first\" style=\"--awb-bg-size:cover;width:25%;width:calc(25% - ( ( 4% + 4% + 4% ) * 0.25 ) );margin-right: 4%;\"><div class=\"fusion-column-wrapper fusion-flex-column-wrapper-legacy\"><div class=\"fusion-image-element in-legacy-container\" style=\"--awb-caption-title-font-family:var(--h2_typography-font-family);--awb-caption-title-font-weight:var(--h2_typography-font-weight);--awb-caption-title-font-style:var(--h2_typography-font-style);--awb-caption-title-size:var(--h2_typography-font-size);--awb-caption-title-transform:var(--h2_typography-text-transform);--awb-caption-title-line-height:var(--h2_typography-line-height);--awb-caption-title-letter-spacing:var(--h2_typography-letter-spacing);\"><span class=\" fusion-imageframe imageframe-none imageframe-1 hover-type-none\"><img decoding=\"async\" width=\"600\" height=\"430\" alt=\"T\u00f8rreovn\" src=\"https:\/\/moldow.com\/wp-content\/uploads\/2017\/11\/moldow-drying-cooling.jpg\" class=\"img-responsive wp-image-3730\" srcset=\"https:\/\/moldow.com\/wp-content\/uploads\/2017\/11\/moldow-drying-cooling-200x143.jpg 200w, https:\/\/moldow.com\/wp-content\/uploads\/2017\/11\/moldow-drying-cooling-400x287.jpg 400w, https:\/\/moldow.com\/wp-content\/uploads\/2017\/11\/moldow-drying-cooling.jpg 600w\" sizes=\"(max-width: 800px) 100vw, 400px\" \/><\/span><\/div><div class=\"fusion-clearfix\"><\/div><\/div><\/div><div class=\"fusion-layout-column fusion_builder_column fusion-builder-column-3 fusion_builder_column_1_4 1_4 fusion-one-fourth\" style=\"--awb-bg-size:cover;width:25%;width:calc(25% - ( ( 4% + 4% + 4% ) * 0.25 ) );margin-right: 4%;\"><div class=\"fusion-column-wrapper fusion-flex-column-wrapper-legacy\"><div class=\"fusion-image-element in-legacy-container\" style=\"--awb-caption-title-font-family:var(--h2_typography-font-family);--awb-caption-title-font-weight:var(--h2_typography-font-weight);--awb-caption-title-font-style:var(--h2_typography-font-style);--awb-caption-title-size:var(--h2_typography-font-size);--awb-caption-title-transform:var(--h2_typography-text-transform);--awb-caption-title-line-height:var(--h2_typography-line-height);--awb-caption-title-letter-spacing:var(--h2_typography-letter-spacing);\"><span class=\" fusion-imageframe imageframe-none imageframe-2 hover-type-none\"><img decoding=\"async\" width=\"600\" height=\"430\" alt=\"H\u00e6rdeovn\" src=\"https:\/\/moldow.com\/wp-content\/uploads\/2017\/11\/moldow-curing-oven.jpg\" class=\"img-responsive wp-image-3715\" srcset=\"https:\/\/moldow.com\/wp-content\/uploads\/2017\/11\/moldow-curing-oven-200x143.jpg 200w, https:\/\/moldow.com\/wp-content\/uploads\/2017\/11\/moldow-curing-oven-400x287.jpg 400w, https:\/\/moldow.com\/wp-content\/uploads\/2017\/11\/moldow-curing-oven.jpg 600w\" sizes=\"(max-width: 800px) 100vw, 400px\" \/><\/span><\/div><div class=\"fusion-clearfix\"><\/div><\/div><\/div><div class=\"fusion-layout-column fusion_builder_column fusion-builder-column-4 fusion_builder_column_1_4 1_4 fusion-one-fourth\" style=\"--awb-bg-size:cover;width:25%;width:calc(25% - ( ( 4% + 4% + 4% ) * 0.25 ) );margin-right: 4%;\"><div class=\"fusion-column-wrapper fusion-flex-column-wrapper-legacy\"><div class=\"fusion-image-element in-legacy-container\" style=\"--awb-caption-title-font-family:var(--h2_typography-font-family);--awb-caption-title-font-weight:var(--h2_typography-font-weight);--awb-caption-title-font-style:var(--h2_typography-font-style);--awb-caption-title-size:var(--h2_typography-font-size);--awb-caption-title-transform:var(--h2_typography-text-transform);--awb-caption-title-line-height:var(--h2_typography-line-height);--awb-caption-title-letter-spacing:var(--h2_typography-letter-spacing);\"><span class=\" fusion-imageframe imageframe-none imageframe-3 hover-type-none\"><img decoding=\"async\" width=\"600\" height=\"430\" alt=\"H\u00e6rdeovn\" src=\"https:\/\/moldow.com\/wp-content\/uploads\/2017\/11\/moldow-curing-oven-wood.jpg\" class=\"img-responsive wp-image-3724\" srcset=\"https:\/\/moldow.com\/wp-content\/uploads\/2017\/11\/moldow-curing-oven-wood-200x143.jpg 200w, https:\/\/moldow.com\/wp-content\/uploads\/2017\/11\/moldow-curing-oven-wood-400x287.jpg 400w, https:\/\/moldow.com\/wp-content\/uploads\/2017\/11\/moldow-curing-oven-wood.jpg 600w\" sizes=\"(max-width: 800px) 100vw, 400px\" \/><\/span><\/div><div class=\"fusion-clearfix\"><\/div><\/div><\/div><div class=\"fusion-layout-column fusion_builder_column fusion-builder-column-5 fusion_builder_column_1_4 1_4 fusion-one-fourth fusion-column-last\" style=\"--awb-bg-size:cover;width:25%;width:calc(25% - ( ( 4% + 4% + 4% ) * 0.25 ) );\"><div class=\"fusion-column-wrapper fusion-flex-column-wrapper-legacy\"><div class=\"fusion-image-element in-legacy-container\" style=\"--awb-caption-title-font-family:var(--h2_typography-font-family);--awb-caption-title-font-weight:var(--h2_typography-font-weight);--awb-caption-title-font-style:var(--h2_typography-font-style);--awb-caption-title-size:var(--h2_typography-font-size);--awb-caption-title-transform:var(--h2_typography-text-transform);--awb-caption-title-line-height:var(--h2_typography-line-height);--awb-caption-title-letter-spacing:var(--h2_typography-letter-spacing);\"><span class=\" fusion-imageframe imageframe-none imageframe-4 hover-type-none\"><img decoding=\"async\" width=\"600\" height=\"430\" alt=\"H\u00e6rdeovn\" title=\"moldow-curing-oven-2-m\u00e5ske\" src=\"https:\/\/moldow.com\/wp-content\/uploads\/2017\/11\/moldow-curing-oven-2-m\u00e5ske.jpg\" class=\"img-responsive wp-image-3727\" srcset=\"https:\/\/moldow.com\/wp-content\/uploads\/2017\/11\/moldow-curing-oven-2-m\u00e5ske-200x143.jpg 200w, https:\/\/moldow.com\/wp-content\/uploads\/2017\/11\/moldow-curing-oven-2-m\u00e5ske-400x287.jpg 400w, https:\/\/moldow.com\/wp-content\/uploads\/2017\/11\/moldow-curing-oven-2-m\u00e5ske.jpg 600w\" sizes=\"(max-width: 800px) 100vw, 400px\" \/><\/span><\/div><div class=\"fusion-clearfix\"><\/div><\/div><\/div><\/div><\/div><div class=\"fusion-fullwidth fullwidth-box fusion-builder-row-3 hundred-percent-fullwidth non-hundred-percent-height-scrolling\" style=\"--awb-border-radius-top-left:0px;--awb-border-radius-top-right:0px;--awb-border-radius-bottom-right:0px;--awb-border-radius-bottom-left:0px;--awb-padding-top:20px;--awb-padding-bottom:20px;--awb-margin-top:40px;--awb-background-color:rgba(255,255,255,0);--awb-flex-wrap:wrap;\" ><div class=\"fusion-builder-row fusion-row\"><div class=\"fusion-layout-column fusion_builder_column fusion-builder-column-6 fusion_builder_column_1_1 1_1 fusion-one-full fusion-column-first fusion-column-last fusion-column-no-min-height\" style=\"--awb-bg-size:cover;--awb-margin-top:20px;--awb-margin-bottom:20px;\"><div class=\"fusion-column-wrapper fusion-flex-column-wrapper-legacy\"><div class=\"fusion-content-boxes content-boxes columns row fusion-columns-5 fusion-columns-total-5 fusion-content-boxes-1 content-boxes-icon-on-top content-left\" style=\"--awb-hover-accent-color:#dc0814;--awb-circle-hover-accent-color:transparent;\" data-animationOffset=\"top-mid-of-view\"><div style=\"--awb-backgroundcolor:#ffffff;\" class=\"fusion-column content-box-column content-box-column-1 col-lg-2 col-md-2 col-sm-2 fusion-content-box-hover content-box-column-first-in-row\"><div class=\"col content-box-wrapper content-wrapper-background link-area-box link-type-text icon-hover-animation-fade\" data-link=\"https:\/\/moldow.com\/da\/maleanlaeg\/\" data-link-target=\"_self\" data-animationOffset=\"top-mid-of-view\"><div class=\"heading heading-with-icon icon-left\"><a class=\"heading-link\" href=\"https:\/\/moldow.com\/da\/maleanlaeg\/\" target=\"_self\"><div class=\"icon\"><i style=\"background-color:transparent;border-color:transparent;height:auto;width: 60px;line-height:normal;font-size:60px;\" aria-hidden=\"true\" class=\"fontawesome-icon fa-paint-brush fas circle-no\"><\/i><\/div><h2 class=\"content-box-heading\" style=\"--h2_typography-font-size:22px;line-height:27px;\">MALEANL\u00c6G<\/h2><\/a><\/div><div class=\"fusion-clearfix\"><\/div><div class=\"content-container\">\n<p>v\u00e5dmale- og pulverlakeringsanl\u00e6g<\/p>\n<\/div><\/div><\/div><div style=\"--awb-backgroundcolor:#ffffff;\" class=\"fusion-column content-box-column content-box-column-2 col-lg-2 col-md-2 col-sm-2 fusion-content-box-hover \"><div class=\"col content-box-wrapper content-wrapper-background link-area-box link-type-text icon-hover-animation-fade\" data-link=\"https:\/\/moldow.com\/da\/maleanlaeg\/produkter\/forbehandling\/\" data-link-target=\"_self\" data-animationOffset=\"top-mid-of-view\"><div class=\"heading heading-with-icon icon-left\"><a class=\"heading-link\" href=\"https:\/\/moldow.com\/da\/maleanlaeg\/produkter\/forbehandling\/\" target=\"_self\"><div class=\"icon\"><i style=\"background-color:transparent;border-color:transparent;height:auto;width: 60px;line-height:normal;font-size:60px;\" aria-hidden=\"true\" class=\"fontawesome-icon fa-check-square far circle-no\"><\/i><\/div><h2 class=\"content-box-heading\" style=\"--h2_typography-font-size:22px;line-height:27px;\">FORBEHANDLING<\/h2><\/a><\/div><div class=\"fusion-clearfix\"><\/div><div class=\"content-container\">\n<p>de-ionisering, affedtning, fosfatering, sandbl\u00e6sning<\/p>\n<\/div><\/div><\/div><div style=\"--awb-backgroundcolor:#ffffff;\" class=\"fusion-column content-box-column content-box-column-3 col-lg-2 col-md-2 col-sm-2 fusion-content-box-hover \"><div class=\"col content-box-wrapper content-wrapper-background link-area-box link-type-text icon-hover-animation-fade\" data-link=\"https:\/\/moldow.com\/da\/maleanlaeg\/produkter\/sproejteboks\/\" data-link-target=\"_self\" data-animationOffset=\"top-mid-of-view\"><div class=\"heading heading-with-icon icon-left\"><a class=\"heading-link\" href=\"https:\/\/moldow.com\/da\/maleanlaeg\/produkter\/sproejteboks\/\" target=\"_self\"><div class=\"icon\"><i style=\"background-color:transparent;border-color:transparent;height:auto;width: 60px;line-height:normal;font-size:60px;\" aria-hidden=\"true\" class=\"fontawesome-icon fa-tint fas circle-no\"><\/i><\/div><h2 class=\"content-box-heading\" style=\"--h2_typography-font-size:22px;line-height:27px;\">SPR\u00d8JTEBOKSE<\/h2><\/a><\/div><div class=\"fusion-clearfix\"><\/div><div class=\"content-container\">\n<p>V\u00e5dbokse, spr\u00f8jtebokse og -v\u00e6gge med t\u00f8rfiltrering<\/p>\n<\/div><\/div><\/div><div style=\"--awb-backgroundcolor:#ffffff;\" class=\"fusion-column content-box-column content-box-column-4 col-lg-2 col-md-2 col-sm-2 fusion-content-box-hover \"><div class=\"col content-box-wrapper content-wrapper-background link-area-box link-type-text icon-hover-animation-fade\" data-link=\"https:\/\/moldow.com\/da\/maleanlaeg\/produkter\/toerreovn-haerdeovn\/\" data-link-target=\"_self\" data-animationOffset=\"top-mid-of-view\"><div class=\"heading heading-with-icon icon-left\"><a class=\"heading-link\" href=\"https:\/\/moldow.com\/da\/maleanlaeg\/produkter\/toerreovn-haerdeovn\/\" target=\"_self\"><div class=\"icon\"><i style=\"background-color:transparent;border-color:transparent;height:auto;width: 60px;line-height:normal;font-size:60px;\" aria-hidden=\"true\" class=\"fontawesome-icon fa-fire fas circle-no\"><\/i><\/div><h2 class=\"content-box-heading\" style=\"--h2_typography-font-size:22px;line-height:27px;\">OVNE<\/h2><\/a><\/div><div class=\"fusion-clearfix\"><\/div><div class=\"content-container\">\n<p>Effektive t\u00f8rre- og h\u00e6rdeovne<\/p>\n<\/div><\/div><\/div><div style=\"--awb-backgroundcolor:#ffffff;\" class=\"fusion-column content-box-column content-box-column-5 col-lg-2 col-md-2 col-sm-2 fusion-content-box-hover content-box-column-last content-box-column-last-in-row\"><div class=\"col content-box-wrapper content-wrapper-background link-area-box link-type-text icon-hover-animation-fade\" data-link=\"https:\/\/moldow.com\/da\/maleanlaeg\/produkter\/ventilation\/\" data-link-target=\"_self\" data-animationOffset=\"top-mid-of-view\"><div class=\"heading heading-with-icon icon-left\"><a class=\"heading-link\" href=\"https:\/\/moldow.com\/da\/maleanlaeg\/produkter\/ventilation\/\" target=\"_self\"><div class=\"icon\"><i style=\"background-color:transparent;border-color:transparent;height:auto;width: 60px;line-height:normal;font-size:60px;\" aria-hidden=\"true\" class=\"fontawesome-icon fa-share fas circle-no\"><\/i><\/div><h2 class=\"content-box-heading\" style=\"--h2_typography-font-size:22px;line-height:27px;\">VENTILATION<\/h2><\/a><\/div><div class=\"fusion-clearfix\"><\/div><div class=\"content-container\">\n<p>Korrekt ventilering af alle processer<\/p>\n<\/div><\/div><\/div><div class=\"fusion-clearfix\"><\/div><\/div><div class=\"fusion-clearfix\"><\/div><\/div><\/div><\/div><\/div>\n<\/p>\n","protected":false},"excerpt":{"rendered":"","protected":false},"author":1,"featured_media":0,"parent":1790,"menu_order":0,"comment_status":"closed","ping_status":"closed","template":"100-width.php","meta":{"_acf_changed":false,"footnotes":""},"class_list":["post-1811","page","type-page","status-publish","hentry"],"acf":[],"yoast_head":"<!-- This site is optimized with the Yoast SEO plugin v24.8 - https:\/\/yoast.com\/wordpress\/plugins\/seo\/ -->\n<title>H\u00e6rdeovn \u2013 F\u00e5 smart teknologi til t\u00f8rring af maling her | Moldow<\/title>\n<meta name=\"description\" content=\"Med en h\u00e6rdeovn kan du hurtigt og effektivt f\u00e5 t\u00f8rret eller h\u00e6rdet din maling. Vi skr\u00e6ddersyr vores l\u00f8sninger til dine behov. L\u00e6s mere her.\" \/>\n<meta name=\"robots\" content=\"index, follow, max-snippet:-1, max-image-preview:large, max-video-preview:-1\" \/>\n<link rel=\"canonical\" href=\"https:\/\/moldow.com\/da\/maleanlaeg\/produkter\/toerreovn-haerdeovn\/\" \/>\n<meta property=\"og:locale\" content=\"da_DK\" \/>\n<meta property=\"og:type\" content=\"article\" \/>\n<meta property=\"og:title\" content=\"H\u00e6rdeovn \u2013 F\u00e5 smart teknologi til t\u00f8rring af maling her | Moldow\" \/>\n<meta property=\"og:description\" content=\"Med en h\u00e6rdeovn kan du hurtigt og effektivt f\u00e5 t\u00f8rret eller h\u00e6rdet din maling. Vi skr\u00e6ddersyr vores l\u00f8sninger til dine behov. L\u00e6s mere her.\" \/>\n<meta property=\"og:url\" content=\"https:\/\/moldow.com\/da\/maleanlaeg\/produkter\/toerreovn-haerdeovn\/\" \/>\n<meta property=\"og:site_name\" content=\"Moldow\" \/>\n<meta property=\"article:modified_time\" content=\"2023-06-06T12:19:57+00:00\" \/>\n<meta name=\"twitter:card\" content=\"summary_large_image\" \/>\n<meta name=\"twitter:label1\" content=\"Estimeret l\u00e6setid\" \/>\n\t<meta name=\"twitter:data1\" content=\"6 minutes\" \/>\n<script type=\"application\/ld+json\" class=\"yoast-schema-graph\">{\"@context\":\"https:\/\/schema.org\",\"@graph\":[{\"@type\":\"WebPage\",\"@id\":\"https:\/\/moldow.com\/da\/maleanlaeg\/produkter\/toerreovn-haerdeovn\/\",\"url\":\"https:\/\/moldow.com\/da\/maleanlaeg\/produkter\/toerreovn-haerdeovn\/\",\"name\":\"H\u00e6rdeovn \u2013 F\u00e5 smart teknologi til t\u00f8rring af maling her | Moldow\",\"isPartOf\":{\"@id\":\"https:\/\/moldow.com\/#website\"},\"datePublished\":\"2018-01-05T11:15:38+00:00\",\"dateModified\":\"2023-06-06T12:19:57+00:00\",\"description\":\"Med en h\u00e6rdeovn kan du hurtigt og effektivt f\u00e5 t\u00f8rret eller h\u00e6rdet din maling. Vi skr\u00e6ddersyr vores l\u00f8sninger til dine behov. L\u00e6s mere her.\",\"breadcrumb\":{\"@id\":\"https:\/\/moldow.com\/da\/maleanlaeg\/produkter\/toerreovn-haerdeovn\/#breadcrumb\"},\"inLanguage\":\"da-DK\",\"potentialAction\":[{\"@type\":\"ReadAction\",\"target\":[\"https:\/\/moldow.com\/da\/maleanlaeg\/produkter\/toerreovn-haerdeovn\/\"]}]},{\"@type\":\"BreadcrumbList\",\"@id\":\"https:\/\/moldow.com\/da\/maleanlaeg\/produkter\/toerreovn-haerdeovn\/#breadcrumb\",\"itemListElement\":[{\"@type\":\"ListItem\",\"position\":1,\"name\":\"Hjem\",\"item\":\"https:\/\/moldow.com\/da\/\"},{\"@type\":\"ListItem\",\"position\":2,\"name\":\"Maleanl\u00e6g med alle n\u00f8dvendige processer\",\"item\":\"https:\/\/moldow.com\/da\/maleanlaeg\/\"},{\"@type\":\"ListItem\",\"position\":3,\"name\":\"Produkter\",\"item\":\"https:\/\/moldow.com\/da\/maleanlaeg\/produkter\/\"},{\"@type\":\"ListItem\",\"position\":4,\"name\":\"T\u00f8rre- og h\u00e6rdeovn\"}]},{\"@type\":\"WebSite\",\"@id\":\"https:\/\/moldow.com\/#website\",\"url\":\"https:\/\/moldow.com\/\",\"name\":\"Moldow\",\"description\":\"Dust Extraction Systems and Painting Lines\",\"publisher\":{\"@id\":\"https:\/\/moldow.com\/#organization\"},\"potentialAction\":[{\"@type\":\"SearchAction\",\"target\":{\"@type\":\"EntryPoint\",\"urlTemplate\":\"https:\/\/moldow.com\/?s={search_term_string}\"},\"query-input\":{\"@type\":\"PropertyValueSpecification\",\"valueRequired\":true,\"valueName\":\"search_term_string\"}}],\"inLanguage\":\"da-DK\"},{\"@type\":\"Organization\",\"@id\":\"https:\/\/moldow.com\/#organization\",\"name\":\"Moldow A\/S\",\"url\":\"https:\/\/moldow.com\/\",\"logo\":{\"@type\":\"ImageObject\",\"inLanguage\":\"da-DK\",\"@id\":\"https:\/\/moldow.com\/#\/schema\/logo\/image\/\",\"url\":\"https:\/\/moldow.com\/wp-content\/uploads\/2017\/01\/Moldow-logo-web-ny.png\",\"contentUrl\":\"https:\/\/moldow.com\/wp-content\/uploads\/2017\/01\/Moldow-logo-web-ny.png\",\"width\":259,\"height\":38,\"caption\":\"Moldow A\/S\"},\"image\":{\"@id\":\"https:\/\/moldow.com\/#\/schema\/logo\/image\/\"}}]}<\/script>\n<!-- \/ Yoast SEO plugin. -->","yoast_head_json":{"title":"H\u00e6rdeovn \u2013 F\u00e5 smart teknologi til t\u00f8rring af maling her | Moldow","description":"Med en h\u00e6rdeovn kan du hurtigt og effektivt f\u00e5 t\u00f8rret eller h\u00e6rdet din maling. Vi skr\u00e6ddersyr vores l\u00f8sninger til dine behov. L\u00e6s mere her.","robots":{"index":"index","follow":"follow","max-snippet":"max-snippet:-1","max-image-preview":"max-image-preview:large","max-video-preview":"max-video-preview:-1"},"canonical":"https:\/\/moldow.com\/da\/maleanlaeg\/produkter\/toerreovn-haerdeovn\/","og_locale":"da_DK","og_type":"article","og_title":"H\u00e6rdeovn \u2013 F\u00e5 smart teknologi til t\u00f8rring af maling her | Moldow","og_description":"Med en h\u00e6rdeovn kan du hurtigt og effektivt f\u00e5 t\u00f8rret eller h\u00e6rdet din maling. Vi skr\u00e6ddersyr vores l\u00f8sninger til dine behov. L\u00e6s mere her.","og_url":"https:\/\/moldow.com\/da\/maleanlaeg\/produkter\/toerreovn-haerdeovn\/","og_site_name":"Moldow","article_modified_time":"2023-06-06T12:19:57+00:00","twitter_card":"summary_large_image","twitter_misc":{"Estimeret l\u00e6setid":"6 minutes"},"schema":{"@context":"https:\/\/schema.org","@graph":[{"@type":"WebPage","@id":"https:\/\/moldow.com\/da\/maleanlaeg\/produkter\/toerreovn-haerdeovn\/","url":"https:\/\/moldow.com\/da\/maleanlaeg\/produkter\/toerreovn-haerdeovn\/","name":"H\u00e6rdeovn \u2013 F\u00e5 smart teknologi til t\u00f8rring af maling her | Moldow","isPartOf":{"@id":"https:\/\/moldow.com\/#website"},"datePublished":"2018-01-05T11:15:38+00:00","dateModified":"2023-06-06T12:19:57+00:00","description":"Med en h\u00e6rdeovn kan du hurtigt og effektivt f\u00e5 t\u00f8rret eller h\u00e6rdet din maling. Vi skr\u00e6ddersyr vores l\u00f8sninger til dine behov. L\u00e6s mere her.","breadcrumb":{"@id":"https:\/\/moldow.com\/da\/maleanlaeg\/produkter\/toerreovn-haerdeovn\/#breadcrumb"},"inLanguage":"da-DK","potentialAction":[{"@type":"ReadAction","target":["https:\/\/moldow.com\/da\/maleanlaeg\/produkter\/toerreovn-haerdeovn\/"]}]},{"@type":"BreadcrumbList","@id":"https:\/\/moldow.com\/da\/maleanlaeg\/produkter\/toerreovn-haerdeovn\/#breadcrumb","itemListElement":[{"@type":"ListItem","position":1,"name":"Hjem","item":"https:\/\/moldow.com\/da\/"},{"@type":"ListItem","position":2,"name":"Maleanl\u00e6g med alle n\u00f8dvendige processer","item":"https:\/\/moldow.com\/da\/maleanlaeg\/"},{"@type":"ListItem","position":3,"name":"Produkter","item":"https:\/\/moldow.com\/da\/maleanlaeg\/produkter\/"},{"@type":"ListItem","position":4,"name":"T\u00f8rre- og h\u00e6rdeovn"}]},{"@type":"WebSite","@id":"https:\/\/moldow.com\/#website","url":"https:\/\/moldow.com\/","name":"Moldow","description":"Dust Extraction Systems and Painting Lines","publisher":{"@id":"https:\/\/moldow.com\/#organization"},"potentialAction":[{"@type":"SearchAction","target":{"@type":"EntryPoint","urlTemplate":"https:\/\/moldow.com\/?s={search_term_string}"},"query-input":{"@type":"PropertyValueSpecification","valueRequired":true,"valueName":"search_term_string"}}],"inLanguage":"da-DK"},{"@type":"Organization","@id":"https:\/\/moldow.com\/#organization","name":"Moldow A\/S","url":"https:\/\/moldow.com\/","logo":{"@type":"ImageObject","inLanguage":"da-DK","@id":"https:\/\/moldow.com\/#\/schema\/logo\/image\/","url":"https:\/\/moldow.com\/wp-content\/uploads\/2017\/01\/Moldow-logo-web-ny.png","contentUrl":"https:\/\/moldow.com\/wp-content\/uploads\/2017\/01\/Moldow-logo-web-ny.png","width":259,"height":38,"caption":"Moldow A\/S"},"image":{"@id":"https:\/\/moldow.com\/#\/schema\/logo\/image\/"}}]}},"_links":{"self":[{"href":"https:\/\/moldow.com\/da\/wp-json\/wp\/v2\/pages\/1811","targetHints":{"allow":["GET"]}}],"collection":[{"href":"https:\/\/moldow.com\/da\/wp-json\/wp\/v2\/pages"}],"about":[{"href":"https:\/\/moldow.com\/da\/wp-json\/wp\/v2\/types\/page"}],"author":[{"embeddable":true,"href":"https:\/\/moldow.com\/da\/wp-json\/wp\/v2\/users\/1"}],"replies":[{"embeddable":true,"href":"https:\/\/moldow.com\/da\/wp-json\/wp\/v2\/comments?post=1811"}],"version-history":[{"count":6,"href":"https:\/\/moldow.com\/da\/wp-json\/wp\/v2\/pages\/1811\/revisions"}],"predecessor-version":[{"id":7442,"href":"https:\/\/moldow.com\/da\/wp-json\/wp\/v2\/pages\/1811\/revisions\/7442"}],"up":[{"embeddable":true,"href":"https:\/\/moldow.com\/da\/wp-json\/wp\/v2\/pages\/1790"}],"wp:attachment":[{"href":"https:\/\/moldow.com\/da\/wp-json\/wp\/v2\/media?parent=1811"}],"curies":[{"name":"wp","href":"https:\/\/api.w.org\/{rel}","templated":true}]}}