{"id":1702,"date":"2018-01-03T12:49:50","date_gmt":"2018-01-03T12:49:50","guid":{"rendered":"http:\/\/moldow.kbds.dk\/?page_id=1702"},"modified":"2025-12-18T19:21:59","modified_gmt":"2025-12-18T19:21:59","slug":"stilllinger","status":"publish","type":"page","link":"https:\/\/moldow.com\/da\/om-moldow\/stilllinger\/","title":{"rendered":"Stilllinger"},"content":{"rendered":"<p><div class=\"fusion-fullwidth fullwidth-box fusion-builder-row-1 nonhundred-percent-fullwidth non-hundred-percent-height-scrolling\" style=\"--awb-border-radius-top-left:0px;--awb-border-radius-top-right:0px;--awb-border-radius-bottom-right:0px;--awb-border-radius-bottom-left:0px;--awb-padding-top:20px;--awb-padding-bottom:20px;--awb-margin-top:80px;--awb-background-color:#ffffff;--awb-flex-wrap:wrap;\" ><div class=\"fusion-builder-row fusion-row\"><div class=\"fusion-layout-column fusion_builder_column fusion-builder-column-0 fusion_builder_column_1_1 1_1 fusion-one-full fusion-column-first fusion-column-last\" style=\"--awb-bg-size:cover;\"><div class=\"fusion-column-wrapper fusion-column-has-shadow fusion-flex-column-wrapper-legacy\"><div class=\"fusion-title title fusion-title-1 sep-underline sep-solid fusion-title-text fusion-title-size-one\"><h1 class=\"fusion-title-heading title-heading-left\" style=\"margin:0;\">LEDIGE STILLINGER \u2013 BLIV EN DEL AF MOLDOW<\/h1><\/div><div class=\"fusion-text fusion-text-1\"><p>Leder du efter nyt job? Nedenfor kan du se aktuelle jobopslag.<\/p>\n<p><span class=\"resultpage-center-item-list-item-word\" data-bind=\"html:translation\">Hvis du vil sende en uopfordret ans\u00f8gning, kan du g\u00f8re det til\u00a0<a href=\"mailto:mail@moldow.com\">mail@moldow.com<\/a>. <\/span><\/p>\n<\/div><div class=\"fusion-clearfix\"><\/div><\/div><\/div><div class=\"fusion-layout-column fusion_builder_column fusion-builder-column-1 fusion_builder_column_1_2 1_2 fusion-one-half fusion-column-first\" style=\"--awb-bg-size:cover;width:50%;width:calc(50% - ( ( 4% ) * 0.5 ) );margin-right: 4%;\"><div class=\"fusion-column-wrapper fusion-flex-column-wrapper-legacy\"><div class=\"fusion-title title fusion-title-2 sep-underline sep-solid fusion-title-text fusion-title-size-two\"><h2 class=\"fusion-title-heading title-heading-left\" style=\"margin:0;\">HVEM ER VI?<\/h2><\/div><div class=\"fusion-text fusion-text-2\"><p>Moldow er en solid, positiv og travl virksomhed med v\u00e6kstpotentiale og h\u00f8j medarbejderanciennitet. Vi er en f\u00f8rende leverand\u00f8r af komplette maleanl\u00e6g, filteranl\u00e6g og procesventilation og -udsugning \u2013 til kunder i b\u00e5de Danmark og worldwide. P\u00e5 vores adresse i Holsted holder vores s\u00f8sterselskab BarkerBille A\/S, som s\u00e6lger ventilatorer, ogs\u00e5 til.<\/p>\n<h3>Hvorfor Moldow?<\/h3>\n<ul>\n<li>Godt arbejdsmilj\u00f8 med engagerede og dygtige kollegaer<\/li>\n<li>Udfordrende hverdag<\/li>\n<li>Solid, positiv og travl virksomhed med m\u00e5ls\u00e6tning om v\u00e6kst<\/li>\n<li>God pensionsordning og sundhedsforsikring<\/li>\n<li>Gode udviklingsmuligheder i takt med firmaets v\u00e6kst<\/li>\n<\/ul>\n<\/div><div class=\"fusion-title title fusion-title-3 sep-underline sep-solid fusion-title-text fusion-title-size-two\" style=\"--awb-margin-top:40px;\"><h2 class=\"fusion-title-heading title-heading-left\" style=\"margin:0;\">L\u00c6RLINGE<\/h2><\/div><div class=\"fusion-text fusion-text-3\" style=\"--awb-text-transform:none;\"><h3>Vi s\u00f8ger l\u00f8bende nye l\u00e6rlinge<\/h3>\n<p>Da vores l\u00e6rlinge l\u00f8bende bliver f\u00e6rdige, leder vi altid efter nye, dygtige unge.<\/p>\n<p>L\u00e6s mere om en <a href=\"https:\/\/moldow.com\/da\/om-moldow\/stilllinger\/laereplads-som-smed\/\">l\u00e6replads hos os her<\/a>.<\/p>\n<\/div><div class=\"fusion-clearfix\"><\/div><\/div><\/div><div class=\"fusion-layout-column fusion_builder_column fusion-builder-column-2 fusion_builder_column_1_2 1_2 fusion-one-half fusion-column-last\" style=\"--awb-bg-size:cover;--awb-margin-bottom:20px;width:50%;width:calc(50% - ( ( 4% ) * 0.5 ) );\"><div class=\"fusion-column-wrapper fusion-flex-column-wrapper-legacy\"><div class=\"fusion-title title fusion-title-4 sep-underline sep-solid fusion-title-text fusion-title-size-six\"><h6 class=\"fusion-title-heading title-heading-left\" style=\"margin:0;\">LEDIGE STILLINGER<\/h6><\/div><div class=\"fusion-text fusion-text-4\" style=\"--awb-margin-top:20px;\"><p><a href=\"#jobopslag1\"><img decoding=\"async\" class=\"aligncenter wp-image-12518 size-full\" src=\"https:\/\/moldow.com\/wp-content\/uploads\/2025\/12\/Regnskabsassistent-dec-2025-web.jpg\" alt=\"\" width=\"340\" height=\"255\" srcset=\"https:\/\/moldow.com\/wp-content\/uploads\/2025\/12\/Regnskabsassistent-dec-2025-web-200x150.jpg 200w, https:\/\/moldow.com\/wp-content\/uploads\/2025\/12\/Regnskabsassistent-dec-2025-web-300x225.jpg 300w, https:\/\/moldow.com\/wp-content\/uploads\/2025\/12\/Regnskabsassistent-dec-2025-web.jpg 340w\" sizes=\"(max-width: 340px) 100vw, 340px\" \/><\/a><\/p>\n<\/div><div class=\"fusion-clearfix\"><\/div><\/div><\/div><\/div><\/div><div class=\"fusion-fullwidth fullwidth-box fusion-builder-row-2 fusion-flex-container has-pattern-background has-mask-background nonhundred-percent-fullwidth non-hundred-percent-height-scrolling\" style=\"--awb-border-radius-top-left:0px;--awb-border-radius-top-right:0px;--awb-border-radius-bottom-right:0px;--awb-border-radius-bottom-left:0px;--awb-padding-top:40px;--awb-padding-bottom:40px;--awb-background-color:#ffffff;--awb-flex-wrap:wrap;\" ><div class=\"fusion-builder-row fusion-row fusion-flex-align-items-flex-start fusion-flex-content-wrap\" style=\"max-width:1144px;margin-left: calc(-4% \/ 2 );margin-right: calc(-4% \/ 2 );\"><div class=\"fusion-layout-column fusion_builder_column fusion-builder-column-3 fusion_builder_column_1_1 1_1 fusion-flex-column\" style=\"--awb-bg-size:cover;--awb-width-large:100%;--awb-margin-top-large:0px;--awb-spacing-right-large:1.92%;--awb-margin-bottom-large:0px;--awb-spacing-left-large:1.92%;--awb-width-medium:100%;--awb-order-medium:0;--awb-spacing-right-medium:1.92%;--awb-spacing-left-medium:1.92%;--awb-width-small:100%;--awb-order-small:0;--awb-spacing-right-small:1.92%;--awb-spacing-left-small:1.92%;\"><div class=\"fusion-column-wrapper fusion-column-has-shadow fusion-flex-justify-content-flex-start fusion-content-layout-column\"><div class=\"fusion-menu-anchor\" id=\"jobopslag1\"><\/div><div class=\"fusion-text fusion-text-5\" style=\"--awb-text-transform:none;\"><h2>LEDIG STILLING: Regnskabsassistent \/ Controller<\/h2>\n<p>Hos Moldow A\/S s\u00f8ger vi en kompetent regnskabsassistent\/controller, der kan underst\u00f8tte vores \u00f8konomidirekt\u00f8r i arbejdet med m\u00e5neds- og \u00e5rsregnskaber, konsolidering samt en bred vifte af controllingopgaver.<\/p>\n<p>Du bliver en del af en koncern med flere ordreproducerende virksomheder og f\u00e5r en central rolle i \u00f8konomifunktionen, hvor du arbejder p\u00e5 tv\u00e6rs af selskaber, projekter og produktgrupper. Stillingen byder p\u00e5 b\u00e5de ansvar, variation og mulighed for faglig udvikling.<\/p>\n<p><strong>De prim\u00e6re arbejdsopgaver<\/strong><\/p>\n<ul>\n<li>Udarbejdelse af m\u00e5neds- og \u00e5rsregnskaber<\/li>\n<li>Konsolidering<\/li>\n<li>Controlleropgaver, herunder opf\u00f8lgning p\u00e5 projekter<\/li>\n<li>Controlling og rapportering for datterselskaber<\/li>\n<li>Backup p\u00e5 l\u00f8nk\u00f8rsel<\/li>\n<li>Lageropt\u00e6lling og -kontrol<\/li>\n<li>Deltagelse i opbygning af BI-rapportering og -systemer<\/li>\n<\/ul>\n<p><strong>Din profil<\/strong><\/p>\n<p>Vi forestiller os, at du:<\/p>\n<ul>\n<li>har nogle \u00e5rs erfaring fra et lignende job (gerne hos en ordreproducerende virksomhed) eller som revisor.<\/li>\n<li>er fleksibel, grundig, struktureret og analytisk.<\/li>\n<li>kan arbejde selvst\u00e6ndigt og tager ansvar for egne opgaver.<\/li>\n<li>er god til at arbejde i Excel og har generel IT-flair.<\/li>\n<li>har kendskab til Microsoft Axapta (gerne version 2009) og BI-rapportering \u2013 dette er en fordel, men ikke et krav.<\/li>\n<li>behersker dansk og engelsk i b\u00e5de skrift og tale.<\/li>\n<\/ul>\n<p><strong>Vi tilbyder<\/strong><\/p>\n<ul>\n<li>En central og alsidig stilling i en velkonsolideret, familieejet koncern<\/li>\n<li>En hverdag med mange ber\u00f8ringsflader og sp\u00e6ndende opgaver p\u00e5 tv\u00e6rs af virksomheder og lande<\/li>\n<li>Fuldtidsans\u00e6ttelse p\u00e5 vores hovedkontor i Holsted, hvor vores produktion ogs\u00e5 er placeret<\/li>\n<li>Et godt og stabilt arbejdsmilj\u00f8 med ca. 200 kollegaer i koncernen, prim\u00e6rt i Danmark, Polen og Kina \u2013 mange med h\u00f8j anciennitet<\/li>\n<li>L\u00f8n efter kvalifikationer samt sundhedsforsikring<\/li>\n<\/ul>\n<p>Stillingen \u00f8nskes besat <strong>hurtigst muligt<\/strong>, og vi gennemg\u00e5r derfor ans\u00f8gninger og afholder samtaler l\u00f8bende.<\/p>\n<p>Send CV og evt. ans\u00f8gning til <a href=\"mailto:mail@moldow.com\">mail@moldow.com<\/a>.<\/p>\n<p>Har du sp\u00f8rgsm\u00e5l til stillingen, er du velkommen til at kontakte \u00f8konomidirekt\u00f8r Frank Jensen p\u00e5 <a href=\"mailto:fje@moldow.com\">fje@moldow.com<\/a> eller telefon +45 38 42 20 59.<\/p>\n<\/div><\/div><\/div><\/div><\/div><div class=\"fusion-fullwidth fullwidth-box fusion-builder-row-3 hundred-percent-fullwidth non-hundred-percent-height-scrolling\" style=\"--awb-border-radius-top-left:0px;--awb-border-radius-top-right:0px;--awb-border-radius-bottom-right:0px;--awb-border-radius-bottom-left:0px;--awb-padding-top:20px;--awb-padding-bottom:20px;--awb-background-color:#ffffff;--awb-flex-wrap:wrap;\" ><div class=\"fusion-builder-row fusion-row\"><div class=\"fusion-layout-column fusion_builder_column fusion-builder-column-4 fusion_builder_column_1_4 1_4 fusion-one-fourth fusion-column-first\" style=\"--awb-bg-size:cover;width:25%;width:calc(25% - ( ( 4% + 4% + 4% ) * 0.25 ) );margin-right: 4%;\"><div class=\"fusion-column-wrapper fusion-flex-column-wrapper-legacy\"><div class=\"fusion-text fusion-text-6\"><p><img decoding=\"async\" class=\"alignnone wp-image-1056 size-full\" src=\"https:\/\/moldow.com\/wp-content\/uploads\/2017\/10\/fibersk\u00e6rermaskine.jpg\" width=\"auto\" srcset=\"https:\/\/moldow.com\/wp-content\/uploads\/2017\/10\/fibersk\u00e6rermaskine-200x143.jpg 200w, https:\/\/moldow.com\/wp-content\/uploads\/2017\/10\/fibersk\u00e6rermaskine-300x214.jpg 300w, https:\/\/moldow.com\/wp-content\/uploads\/2017\/10\/fibersk\u00e6rermaskine-400x287.jpg 400w, https:\/\/moldow.com\/wp-content\/uploads\/2017\/10\/fibersk\u00e6rermaskine.jpg 600w\" sizes=\"(max-width: 600px) 100vw, 600px\" \/><\/p>\n<\/div><div class=\"fusion-clearfix\"><\/div><\/div><\/div><div class=\"fusion-layout-column fusion_builder_column fusion-builder-column-5 fusion_builder_column_1_4 1_4 fusion-one-fourth\" style=\"--awb-bg-size:cover;width:25%;width:calc(25% - ( ( 4% + 4% + 4% ) * 0.25 ) );margin-right: 4%;\"><div class=\"fusion-column-wrapper fusion-flex-column-wrapper-legacy\"><div class=\"fusion-text fusion-text-7\"><p><img decoding=\"async\" class=\"alignnone size-full wp-image-1055\" src=\"https:\/\/moldow.com\/wp-content\/uploads\/2017\/10\/svejsning.jpg\" alt=\"\" width=\"auto\" srcset=\"https:\/\/moldow.com\/wp-content\/uploads\/2017\/10\/svejsning-200x143.jpg 200w, https:\/\/moldow.com\/wp-content\/uploads\/2017\/10\/svejsning-300x214.jpg 300w, https:\/\/moldow.com\/wp-content\/uploads\/2017\/10\/svejsning-400x287.jpg 400w, https:\/\/moldow.com\/wp-content\/uploads\/2017\/10\/svejsning.jpg 600w\" sizes=\"(max-width: 600px) 100vw, 600px\" \/><\/p>\n<\/div><div class=\"fusion-clearfix\"><\/div><\/div><\/div><div class=\"fusion-layout-column fusion_builder_column fusion-builder-column-6 fusion_builder_column_1_4 1_4 fusion-one-fourth\" style=\"--awb-bg-size:cover;width:25%;width:calc(25% - ( ( 4% + 4% + 4% ) * 0.25 ) );margin-right: 4%;\"><div class=\"fusion-column-wrapper fusion-flex-column-wrapper-legacy\"><div class=\"fusion-image-element in-legacy-container\" style=\"--awb-caption-title-font-family:var(--h2_typography-font-family);--awb-caption-title-font-weight:var(--h2_typography-font-weight);--awb-caption-title-font-style:var(--h2_typography-font-style);--awb-caption-title-size:var(--h2_typography-font-size);--awb-caption-title-transform:var(--h2_typography-text-transform);--awb-caption-title-line-height:var(--h2_typography-line-height);--awb-caption-title-letter-spacing:var(--h2_typography-letter-spacing);\"><span class=\" fusion-imageframe imageframe-none imageframe-1 hover-type-none\"><img decoding=\"async\" width=\"600\" height=\"430\" src=\"https:\/\/moldow.com\/wp-content\/uploads\/2017\/10\/moldow-kontor-engineering-2.jpg\" alt class=\"img-responsive wp-image-3800\" srcset=\"https:\/\/moldow.com\/wp-content\/uploads\/2017\/10\/moldow-kontor-engineering-2-200x143.jpg 200w, https:\/\/moldow.com\/wp-content\/uploads\/2017\/10\/moldow-kontor-engineering-2-400x287.jpg 400w, https:\/\/moldow.com\/wp-content\/uploads\/2017\/10\/moldow-kontor-engineering-2.jpg 600w\" sizes=\"(max-width: 800px) 100vw, 400px\" \/><\/span><\/div><div class=\"fusion-clearfix\"><\/div><\/div><\/div><div class=\"fusion-layout-column fusion_builder_column fusion-builder-column-7 fusion_builder_column_1_4 1_4 fusion-one-fourth fusion-column-last\" style=\"--awb-bg-size:cover;width:25%;width:calc(25% - ( ( 4% + 4% + 4% ) * 0.25 ) );\"><div class=\"fusion-column-wrapper fusion-flex-column-wrapper-legacy\"><div class=\"fusion-image-element in-legacy-container\" style=\"--awb-caption-title-font-family:var(--h2_typography-font-family);--awb-caption-title-font-weight:var(--h2_typography-font-weight);--awb-caption-title-font-style:var(--h2_typography-font-style);--awb-caption-title-size:var(--h2_typography-font-size);--awb-caption-title-transform:var(--h2_typography-text-transform);--awb-caption-title-line-height:var(--h2_typography-line-height);--awb-caption-title-letter-spacing:var(--h2_typography-letter-spacing);\"><span class=\" fusion-imageframe imageframe-none imageframe-2 hover-type-none\"><img decoding=\"async\" width=\"600\" height=\"430\" title=\"service-assembly-filter\" src=\"https:\/\/moldow.com\/wp-content\/uploads\/2017\/10\/service-assembly-filter.jpg\" alt class=\"img-responsive wp-image-3793\" srcset=\"https:\/\/moldow.com\/wp-content\/uploads\/2017\/10\/service-assembly-filter-200x143.jpg 200w, https:\/\/moldow.com\/wp-content\/uploads\/2017\/10\/service-assembly-filter-400x287.jpg 400w, https:\/\/moldow.com\/wp-content\/uploads\/2017\/10\/service-assembly-filter.jpg 600w\" sizes=\"(max-width: 800px) 100vw, 400px\" \/><\/span><\/div><div class=\"fusion-clearfix\"><\/div><\/div><\/div><\/div><\/div><\/p>\n","protected":false},"excerpt":{"rendered":"","protected":false},"author":1,"featured_media":0,"parent":1475,"menu_order":0,"comment_status":"closed","ping_status":"closed","template":"100-width.php","meta":{"_acf_changed":false,"footnotes":""},"class_list":["post-1702","page","type-page","status-publish","hentry"],"acf":[],"yoast_head":"<!-- This site is optimized with the Yoast SEO plugin v24.8 - https:\/\/yoast.com\/wordpress\/plugins\/seo\/ -->\n<title>Stillinger \u2013 Find et job hos Moldow \u2013 Stillingsoplag og l\u00e6rlinge<\/title>\n<meta name=\"description\" content=\"Hos Moldow leder vi altid efter kvalificeret personale. Find stillingsopslag her. Vi s\u00f8ger for det meste smedel\u00e6rlinge.\" \/>\n<meta name=\"robots\" content=\"index, follow, max-snippet:-1, max-image-preview:large, max-video-preview:-1\" \/>\n<link rel=\"canonical\" href=\"https:\/\/moldow.com\/da\/om-moldow\/stilllinger\/\" \/>\n<meta property=\"og:locale\" content=\"da_DK\" \/>\n<meta property=\"og:type\" content=\"article\" \/>\n<meta property=\"og:title\" content=\"Stillinger \u2013 Find et job hos Moldow \u2013 Stillingsoplag og l\u00e6rlinge\" \/>\n<meta property=\"og:description\" content=\"Hos Moldow leder vi altid efter kvalificeret personale. Find stillingsopslag her. Vi s\u00f8ger for det meste smedel\u00e6rlinge.\" \/>\n<meta property=\"og:url\" content=\"https:\/\/moldow.com\/da\/om-moldow\/stilllinger\/\" \/>\n<meta property=\"og:site_name\" content=\"Moldow\" \/>\n<meta property=\"article:modified_time\" content=\"2025-12-18T19:21:59+00:00\" \/>\n<meta property=\"og:image\" content=\"https:\/\/moldow.com\/wp-content\/uploads\/2025\/12\/Regnskabsassistent-dec-2025-web.jpg\" \/>\n\t<meta property=\"og:image:width\" content=\"340\" \/>\n\t<meta property=\"og:image:height\" content=\"255\" \/>\n\t<meta property=\"og:image:type\" content=\"image\/jpeg\" \/>\n<meta name=\"twitter:card\" content=\"summary_large_image\" \/>\n<meta name=\"twitter:label1\" content=\"Estimeret l\u00e6setid\" \/>\n\t<meta name=\"twitter:data1\" content=\"3 minutes\" \/>\n<script type=\"application\/ld+json\" class=\"yoast-schema-graph\">{\"@context\":\"https:\/\/schema.org\",\"@graph\":[{\"@type\":\"WebPage\",\"@id\":\"https:\/\/moldow.com\/da\/om-moldow\/stilllinger\/\",\"url\":\"https:\/\/moldow.com\/da\/om-moldow\/stilllinger\/\",\"name\":\"Stillinger \u2013 Find et job hos Moldow \u2013 Stillingsoplag og l\u00e6rlinge\",\"isPartOf\":{\"@id\":\"https:\/\/moldow.com\/#website\"},\"primaryImageOfPage\":{\"@id\":\"https:\/\/moldow.com\/da\/om-moldow\/stilllinger\/#primaryimage\"},\"image\":{\"@id\":\"https:\/\/moldow.com\/da\/om-moldow\/stilllinger\/#primaryimage\"},\"thumbnailUrl\":\"https:\/\/moldow.com\/wp-content\/uploads\/2025\/12\/Regnskabsassistent-dec-2025-web.jpg\",\"datePublished\":\"2018-01-03T12:49:50+00:00\",\"dateModified\":\"2025-12-18T19:21:59+00:00\",\"description\":\"Hos Moldow leder vi altid efter kvalificeret personale. Find stillingsopslag her. Vi s\u00f8ger for det meste smedel\u00e6rlinge.\",\"breadcrumb\":{\"@id\":\"https:\/\/moldow.com\/da\/om-moldow\/stilllinger\/#breadcrumb\"},\"inLanguage\":\"da-DK\",\"potentialAction\":[{\"@type\":\"ReadAction\",\"target\":[\"https:\/\/moldow.com\/da\/om-moldow\/stilllinger\/\"]}]},{\"@type\":\"ImageObject\",\"inLanguage\":\"da-DK\",\"@id\":\"https:\/\/moldow.com\/da\/om-moldow\/stilllinger\/#primaryimage\",\"url\":\"https:\/\/moldow.com\/wp-content\/uploads\/2025\/12\/Regnskabsassistent-dec-2025-web.jpg\",\"contentUrl\":\"https:\/\/moldow.com\/wp-content\/uploads\/2025\/12\/Regnskabsassistent-dec-2025-web.jpg\"},{\"@type\":\"BreadcrumbList\",\"@id\":\"https:\/\/moldow.com\/da\/om-moldow\/stilllinger\/#breadcrumb\",\"itemListElement\":[{\"@type\":\"ListItem\",\"position\":1,\"name\":\"Hjem\",\"item\":\"https:\/\/moldow.com\/da\/\"},{\"@type\":\"ListItem\",\"position\":2,\"name\":\"Om Moldow\",\"item\":\"https:\/\/moldow.com\/da\/om-moldow\/\"},{\"@type\":\"ListItem\",\"position\":3,\"name\":\"Stilllinger\"}]},{\"@type\":\"WebSite\",\"@id\":\"https:\/\/moldow.com\/#website\",\"url\":\"https:\/\/moldow.com\/\",\"name\":\"Moldow\",\"description\":\"Dust Extraction Systems and Painting Lines\",\"publisher\":{\"@id\":\"https:\/\/moldow.com\/#organization\"},\"potentialAction\":[{\"@type\":\"SearchAction\",\"target\":{\"@type\":\"EntryPoint\",\"urlTemplate\":\"https:\/\/moldow.com\/?s={search_term_string}\"},\"query-input\":{\"@type\":\"PropertyValueSpecification\",\"valueRequired\":true,\"valueName\":\"search_term_string\"}}],\"inLanguage\":\"da-DK\"},{\"@type\":\"Organization\",\"@id\":\"https:\/\/moldow.com\/#organization\",\"name\":\"Moldow A\/S\",\"url\":\"https:\/\/moldow.com\/\",\"logo\":{\"@type\":\"ImageObject\",\"inLanguage\":\"da-DK\",\"@id\":\"https:\/\/moldow.com\/#\/schema\/logo\/image\/\",\"url\":\"https:\/\/moldow.com\/wp-content\/uploads\/2017\/01\/Moldow-logo-web-ny.png\",\"contentUrl\":\"https:\/\/moldow.com\/wp-content\/uploads\/2017\/01\/Moldow-logo-web-ny.png\",\"width\":259,\"height\":38,\"caption\":\"Moldow A\/S\"},\"image\":{\"@id\":\"https:\/\/moldow.com\/#\/schema\/logo\/image\/\"}}]}<\/script>\n<!-- \/ Yoast SEO plugin. -->","yoast_head_json":{"title":"Stillinger \u2013 Find et job hos Moldow \u2013 Stillingsoplag og l\u00e6rlinge","description":"Hos Moldow leder vi altid efter kvalificeret personale. Find stillingsopslag her. Vi s\u00f8ger for det meste smedel\u00e6rlinge.","robots":{"index":"index","follow":"follow","max-snippet":"max-snippet:-1","max-image-preview":"max-image-preview:large","max-video-preview":"max-video-preview:-1"},"canonical":"https:\/\/moldow.com\/da\/om-moldow\/stilllinger\/","og_locale":"da_DK","og_type":"article","og_title":"Stillinger \u2013 Find et job hos Moldow \u2013 Stillingsoplag og l\u00e6rlinge","og_description":"Hos Moldow leder vi altid efter kvalificeret personale. Find stillingsopslag her. Vi s\u00f8ger for det meste smedel\u00e6rlinge.","og_url":"https:\/\/moldow.com\/da\/om-moldow\/stilllinger\/","og_site_name":"Moldow","article_modified_time":"2025-12-18T19:21:59+00:00","og_image":[{"width":340,"height":255,"url":"https:\/\/moldow.com\/wp-content\/uploads\/2025\/12\/Regnskabsassistent-dec-2025-web.jpg","type":"image\/jpeg"}],"twitter_card":"summary_large_image","twitter_misc":{"Estimeret l\u00e6setid":"3 minutes"},"schema":{"@context":"https:\/\/schema.org","@graph":[{"@type":"WebPage","@id":"https:\/\/moldow.com\/da\/om-moldow\/stilllinger\/","url":"https:\/\/moldow.com\/da\/om-moldow\/stilllinger\/","name":"Stillinger \u2013 Find et job hos Moldow \u2013 Stillingsoplag og l\u00e6rlinge","isPartOf":{"@id":"https:\/\/moldow.com\/#website"},"primaryImageOfPage":{"@id":"https:\/\/moldow.com\/da\/om-moldow\/stilllinger\/#primaryimage"},"image":{"@id":"https:\/\/moldow.com\/da\/om-moldow\/stilllinger\/#primaryimage"},"thumbnailUrl":"https:\/\/moldow.com\/wp-content\/uploads\/2025\/12\/Regnskabsassistent-dec-2025-web.jpg","datePublished":"2018-01-03T12:49:50+00:00","dateModified":"2025-12-18T19:21:59+00:00","description":"Hos Moldow leder vi altid efter kvalificeret personale. Find stillingsopslag her. Vi s\u00f8ger for det meste smedel\u00e6rlinge.","breadcrumb":{"@id":"https:\/\/moldow.com\/da\/om-moldow\/stilllinger\/#breadcrumb"},"inLanguage":"da-DK","potentialAction":[{"@type":"ReadAction","target":["https:\/\/moldow.com\/da\/om-moldow\/stilllinger\/"]}]},{"@type":"ImageObject","inLanguage":"da-DK","@id":"https:\/\/moldow.com\/da\/om-moldow\/stilllinger\/#primaryimage","url":"https:\/\/moldow.com\/wp-content\/uploads\/2025\/12\/Regnskabsassistent-dec-2025-web.jpg","contentUrl":"https:\/\/moldow.com\/wp-content\/uploads\/2025\/12\/Regnskabsassistent-dec-2025-web.jpg"},{"@type":"BreadcrumbList","@id":"https:\/\/moldow.com\/da\/om-moldow\/stilllinger\/#breadcrumb","itemListElement":[{"@type":"ListItem","position":1,"name":"Hjem","item":"https:\/\/moldow.com\/da\/"},{"@type":"ListItem","position":2,"name":"Om Moldow","item":"https:\/\/moldow.com\/da\/om-moldow\/"},{"@type":"ListItem","position":3,"name":"Stilllinger"}]},{"@type":"WebSite","@id":"https:\/\/moldow.com\/#website","url":"https:\/\/moldow.com\/","name":"Moldow","description":"Dust Extraction Systems and Painting Lines","publisher":{"@id":"https:\/\/moldow.com\/#organization"},"potentialAction":[{"@type":"SearchAction","target":{"@type":"EntryPoint","urlTemplate":"https:\/\/moldow.com\/?s={search_term_string}"},"query-input":{"@type":"PropertyValueSpecification","valueRequired":true,"valueName":"search_term_string"}}],"inLanguage":"da-DK"},{"@type":"Organization","@id":"https:\/\/moldow.com\/#organization","name":"Moldow A\/S","url":"https:\/\/moldow.com\/","logo":{"@type":"ImageObject","inLanguage":"da-DK","@id":"https:\/\/moldow.com\/#\/schema\/logo\/image\/","url":"https:\/\/moldow.com\/wp-content\/uploads\/2017\/01\/Moldow-logo-web-ny.png","contentUrl":"https:\/\/moldow.com\/wp-content\/uploads\/2017\/01\/Moldow-logo-web-ny.png","width":259,"height":38,"caption":"Moldow A\/S"},"image":{"@id":"https:\/\/moldow.com\/#\/schema\/logo\/image\/"}}]}},"_links":{"self":[{"href":"https:\/\/moldow.com\/da\/wp-json\/wp\/v2\/pages\/1702","targetHints":{"allow":["GET"]}}],"collection":[{"href":"https:\/\/moldow.com\/da\/wp-json\/wp\/v2\/pages"}],"about":[{"href":"https:\/\/moldow.com\/da\/wp-json\/wp\/v2\/types\/page"}],"author":[{"embeddable":true,"href":"https:\/\/moldow.com\/da\/wp-json\/wp\/v2\/users\/1"}],"replies":[{"embeddable":true,"href":"https:\/\/moldow.com\/da\/wp-json\/wp\/v2\/comments?post=1702"}],"version-history":[{"count":33,"href":"https:\/\/moldow.com\/da\/wp-json\/wp\/v2\/pages\/1702\/revisions"}],"predecessor-version":[{"id":12521,"href":"https:\/\/moldow.com\/da\/wp-json\/wp\/v2\/pages\/1702\/revisions\/12521"}],"up":[{"embeddable":true,"href":"https:\/\/moldow.com\/da\/wp-json\/wp\/v2\/pages\/1475"}],"wp:attachment":[{"href":"https:\/\/moldow.com\/da\/wp-json\/wp\/v2\/media?parent=1702"}],"curies":[{"name":"wp","href":"https:\/\/api.w.org\/{rel}","templated":true}]}}