{"id":1690,"date":"2018-01-03T12:29:00","date_gmt":"2018-01-03T12:29:00","guid":{"rendered":"http:\/\/moldow.kbds.dk\/?page_id=1690"},"modified":"2025-05-13T08:24:53","modified_gmt":"2025-05-13T08:24:53","slug":"kontorer","status":"publish","type":"page","link":"https:\/\/moldow.com\/da\/kontakt\/kontorer\/","title":{"rendered":"Kontorer"},"content":{"rendered":"<div class=\"fusion-fullwidth fullwidth-box fusion-builder-row-1 nonhundred-percent-fullwidth non-hundred-percent-height-scrolling\" style=\"--awb-border-radius-top-left:0px;--awb-border-radius-top-right:0px;--awb-border-radius-bottom-right:0px;--awb-border-radius-bottom-left:0px;--awb-padding-top:0px;--awb-padding-bottom:20px;--awb-margin-top:80px;--awb-background-color:rgba(255,255,255,0.92);--awb-flex-wrap:wrap;\" ><div class=\"fusion-builder-row fusion-row\"><div class=\"fusion-layout-column fusion_builder_column fusion-builder-column-0 fusion_builder_column_1_2 1_2 fusion-one-half fusion-column-first\" style=\"--awb-bg-size:cover;--awb-margin-bottom:20px;width:50%;width:calc(50% - ( ( 4% ) * 0.5 ) );margin-right: 4%;\"><div class=\"fusion-column-wrapper fusion-flex-column-wrapper-legacy\"><div class=\"fusion-title title fusion-title-1 sep-underline sep-solid fusion-title-text fusion-title-size-one\"><h1 class=\"fusion-title-heading title-heading-left\" style=\"margin:0;\">Hovedkontor<\/h1><\/div><div class=\"fusion-text fusion-text-1\"><p>Moldow A\/S<br \/>\nJ\u00f8rgen Hansens Vej 1<br \/>\nDK-6670 Holsted<br \/>\nTlf.: <a href=\"tel:+4575392644\">+75 39 26 44<\/a><br \/>\nE-mail: mail(a)moldow.com<\/p>\n<\/div><div class=\"shortcode-map fusion-google-map fusion-maps-embed-type\"><iframe width=\"100%\" height=\"300px\" frameborder=\"0\" style=\"border:0\" src=\"https:\/\/www.google.com\/maps\/embed\/v1\/place?key=AIzaSyAyMBvaTvziE66FbVOA7100x2p9g5JWM3g&language=da&q=J\u00f8rgen+Hansens+Vej+1,+6670+Holsted&maptype=roadmap&zoom=12\" allowfullscreen><\/iframe><\/div>\n<div class=\"fusion-clearfix\"><\/div><\/div><\/div><div class=\"fusion-layout-column fusion_builder_column fusion-builder-column-1 fusion_builder_column_1_2 1_2 fusion-one-half fusion-column-last\" style=\"--awb-bg-size:cover;width:50%;width:calc(50% - ( ( 4% ) * 0.5 ) );\"><div class=\"fusion-column-wrapper fusion-flex-column-wrapper-legacy\"><div class=\"fusion-title title fusion-title-2 sep-underline sep-solid fusion-title-text fusion-title-size-two\"><h2 class=\"fusion-title-heading title-heading-left\" style=\"margin:0;\">Sj\u00e6lland<\/h2><\/div><div class=\"fusion-text fusion-text-2\"><p>Kontor p\u00e5 Sj\u00e6lland<br \/>\nBorupvang 1A<br \/>\nDK-2750 Ballerup<br \/>\nTlf.: <a href=\"tel:+4575392644\">+75 39 26 44<\/a><\/p>\n<\/div><div class=\"shortcode-map fusion-google-map fusion-maps-embed-type\"><iframe width=\"100%\" height=\"300px\" frameborder=\"0\" style=\"border:0\" src=\"https:\/\/www.google.com\/maps\/embed\/v1\/place?key=AIzaSyAyMBvaTvziE66FbVOA7100x2p9g5JWM3g&language=da&q=Borupvang+1A+DK-2750+Ballerup&maptype=roadmap&zoom=12\" allowfullscreen><\/iframe><\/div>\n<div class=\"fusion-clearfix\"><\/div><\/div><\/div><div class=\"fusion-layout-column fusion_builder_column fusion-builder-column-2 fusion_builder_column_1_2 1_2 fusion-one-half fusion-column-first\" style=\"--awb-bg-size:cover;width:50%;width:calc(50% - ( ( 4% ) * 0.5 ) );margin-right: 4%;\"><div class=\"fusion-column-wrapper fusion-flex-column-wrapper-legacy\"><div class=\"fusion-title title fusion-title-3 sep-underline sep-solid fusion-title-text fusion-title-size-two\"><h2 class=\"fusion-title-heading title-heading-left\" style=\"margin:0;\">Fyn<\/h2><\/div><div class=\"fusion-text fusion-text-3\"><p>Kontor p\u00e5 Fyn<br \/>\n<span data-teams=\"true\">\u00d8stre Havnevej 37<\/span><br \/>\nDK-5700 Svendborg<br \/>\nTlf.: <a href=\"tel:+4575392644\">+75 39 26 44<\/a><\/p>\n<\/div><div class=\"shortcode-map fusion-google-map fusion-maps-embed-type\"><iframe width=\"100%\" height=\"300px\" frameborder=\"0\" style=\"border:0\" src=\"https:\/\/www.google.com\/maps\/embed\/v1\/place?key=AIzaSyAyMBvaTvziE66FbVOA7100x2p9g5JWM3g&language=da&q=\u00d8stre+Havnevej+37,+5700+Svendborg&maptype=roadmap&zoom=14\" allowfullscreen><\/iframe><\/div><div class=\"fusion-clearfix\"><\/div><\/div><\/div><div class=\"fusion-layout-column fusion_builder_column fusion-builder-column-3 fusion_builder_column_1_2 1_2 fusion-one-half fusion-column-last\" style=\"--awb-bg-size:cover;width:50%;width:calc(50% - ( ( 4% ) * 0.5 ) );\"><div class=\"fusion-column-wrapper fusion-flex-column-wrapper-legacy\"><div class=\"fusion-title title fusion-title-4 sep-underline sep-solid fusion-title-text fusion-title-size-two\"><h2 class=\"fusion-title-heading title-heading-left\" style=\"margin:0;\">Polen<\/h2><\/div><div class=\"fusion-text fusion-text-4\"><p><span class=\"ui-provider a b c d e f g h i j k l m n o p q r s t u v w x y z ab ac ae af ag ah ai aj ak\" dir=\"ltr\"><strong>Moldow Polska Sp. z o.o.<\/strong><br \/>\n<\/span><span class=\"ui-provider a b c d e f g h i j k l m n o p q r s t u v w x y z ab ac ae af ag ah ai aj ak\" dir=\"ltr\">ul. W\u0142adys\u0142awa Tryli\u0144skiego 10\/3,<br \/>\n10-683 Olsztyn<br \/>\nTel.: +48 784 939 085<br \/>\nE-mail: polska(a)moldow.com<\/span><\/p>\n<\/div><div class=\"shortcode-map fusion-google-map fusion-maps-embed-type\"><iframe width=\"100%\" height=\"300px\" frameborder=\"0\" style=\"border:0\" src=\"https:\/\/www.google.com\/maps\/embed\/v1\/place?key=AIzaSyAyMBvaTvziE66FbVOA7100x2p9g5JWM3g&language=da&q=ul.+W\u0142adys\u0142awa+Tryli\u0144skiego+10\/3,+10-683+Olsztyn&maptype=roadmap&zoom=12\" allowfullscreen><\/iframe><\/div><div class=\"fusion-clearfix\"><\/div><\/div><\/div><\/div><\/div>\n","protected":false},"excerpt":{"rendered":"","protected":false},"author":1,"featured_media":0,"parent":1582,"menu_order":0,"comment_status":"closed","ping_status":"closed","template":"100-width.php","meta":{"_acf_changed":false,"footnotes":""},"class_list":["post-1690","page","type-page","status-publish","hentry"],"acf":[],"yoast_head":"<!-- This site is optimized with the Yoast SEO plugin v24.8 - https:\/\/yoast.com\/wordpress\/plugins\/seo\/ -->\n<title>Kontorer \u2013 Moldows kontorer worldwide<\/title>\n<meta name=\"description\" content=\"Find adresser og kontaktinformationer p\u00e5 et Moldow-kontor. Moldow har kontorer i Danmark, Polen, Rusland og USA.\" \/>\n<meta name=\"robots\" content=\"index, follow, max-snippet:-1, max-image-preview:large, max-video-preview:-1\" \/>\n<link rel=\"canonical\" href=\"https:\/\/moldow.com\/da\/kontakt\/kontorer\/\" \/>\n<meta property=\"og:locale\" content=\"da_DK\" \/>\n<meta property=\"og:type\" content=\"article\" \/>\n<meta property=\"og:title\" content=\"Kontorer \u2013 Moldows kontorer worldwide\" \/>\n<meta property=\"og:description\" content=\"Find adresser og kontaktinformationer p\u00e5 et Moldow-kontor. Moldow har kontorer i Danmark, Polen, Rusland og USA.\" \/>\n<meta property=\"og:url\" content=\"https:\/\/moldow.com\/da\/kontakt\/kontorer\/\" \/>\n<meta property=\"og:site_name\" content=\"Moldow\" \/>\n<meta property=\"article:modified_time\" content=\"2025-05-13T08:24:53+00:00\" \/>\n<meta name=\"twitter:card\" content=\"summary_large_image\" \/>\n<meta name=\"twitter:label1\" content=\"Estimeret l\u00e6setid\" \/>\n\t<meta name=\"twitter:data1\" content=\"1 minute\" \/>\n<script type=\"application\/ld+json\" class=\"yoast-schema-graph\">{\"@context\":\"https:\/\/schema.org\",\"@graph\":[{\"@type\":\"WebPage\",\"@id\":\"https:\/\/moldow.com\/da\/kontakt\/kontorer\/\",\"url\":\"https:\/\/moldow.com\/da\/kontakt\/kontorer\/\",\"name\":\"Kontorer \u2013 Moldows kontorer worldwide\",\"isPartOf\":{\"@id\":\"https:\/\/moldow.com\/#website\"},\"datePublished\":\"2018-01-03T12:29:00+00:00\",\"dateModified\":\"2025-05-13T08:24:53+00:00\",\"description\":\"Find adresser og kontaktinformationer p\u00e5 et Moldow-kontor. Moldow har kontorer i Danmark, Polen, Rusland og USA.\",\"breadcrumb\":{\"@id\":\"https:\/\/moldow.com\/da\/kontakt\/kontorer\/#breadcrumb\"},\"inLanguage\":\"da-DK\",\"potentialAction\":[{\"@type\":\"ReadAction\",\"target\":[\"https:\/\/moldow.com\/da\/kontakt\/kontorer\/\"]}]},{\"@type\":\"BreadcrumbList\",\"@id\":\"https:\/\/moldow.com\/da\/kontakt\/kontorer\/#breadcrumb\",\"itemListElement\":[{\"@type\":\"ListItem\",\"position\":1,\"name\":\"Hjem\",\"item\":\"https:\/\/moldow.com\/da\/\"},{\"@type\":\"ListItem\",\"position\":2,\"name\":\"Kontakt\",\"item\":\"https:\/\/moldow.com\/da\/kontakt\/\"},{\"@type\":\"ListItem\",\"position\":3,\"name\":\"Kontorer\"}]},{\"@type\":\"WebSite\",\"@id\":\"https:\/\/moldow.com\/#website\",\"url\":\"https:\/\/moldow.com\/\",\"name\":\"Moldow\",\"description\":\"Dust Extraction Systems and Painting Lines\",\"publisher\":{\"@id\":\"https:\/\/moldow.com\/#organization\"},\"potentialAction\":[{\"@type\":\"SearchAction\",\"target\":{\"@type\":\"EntryPoint\",\"urlTemplate\":\"https:\/\/moldow.com\/?s={search_term_string}\"},\"query-input\":{\"@type\":\"PropertyValueSpecification\",\"valueRequired\":true,\"valueName\":\"search_term_string\"}}],\"inLanguage\":\"da-DK\"},{\"@type\":\"Organization\",\"@id\":\"https:\/\/moldow.com\/#organization\",\"name\":\"Moldow A\/S\",\"url\":\"https:\/\/moldow.com\/\",\"logo\":{\"@type\":\"ImageObject\",\"inLanguage\":\"da-DK\",\"@id\":\"https:\/\/moldow.com\/#\/schema\/logo\/image\/\",\"url\":\"https:\/\/moldow.com\/wp-content\/uploads\/2017\/01\/Moldow-logo-web-ny.png\",\"contentUrl\":\"https:\/\/moldow.com\/wp-content\/uploads\/2017\/01\/Moldow-logo-web-ny.png\",\"width\":259,\"height\":38,\"caption\":\"Moldow A\/S\"},\"image\":{\"@id\":\"https:\/\/moldow.com\/#\/schema\/logo\/image\/\"}}]}<\/script>\n<!-- \/ Yoast SEO plugin. -->","yoast_head_json":{"title":"Kontorer \u2013 Moldows kontorer worldwide","description":"Find adresser og kontaktinformationer p\u00e5 et Moldow-kontor. Moldow har kontorer i Danmark, Polen, Rusland og USA.","robots":{"index":"index","follow":"follow","max-snippet":"max-snippet:-1","max-image-preview":"max-image-preview:large","max-video-preview":"max-video-preview:-1"},"canonical":"https:\/\/moldow.com\/da\/kontakt\/kontorer\/","og_locale":"da_DK","og_type":"article","og_title":"Kontorer \u2013 Moldows kontorer worldwide","og_description":"Find adresser og kontaktinformationer p\u00e5 et Moldow-kontor. Moldow har kontorer i Danmark, Polen, Rusland og USA.","og_url":"https:\/\/moldow.com\/da\/kontakt\/kontorer\/","og_site_name":"Moldow","article_modified_time":"2025-05-13T08:24:53+00:00","twitter_card":"summary_large_image","twitter_misc":{"Estimeret l\u00e6setid":"1 minute"},"schema":{"@context":"https:\/\/schema.org","@graph":[{"@type":"WebPage","@id":"https:\/\/moldow.com\/da\/kontakt\/kontorer\/","url":"https:\/\/moldow.com\/da\/kontakt\/kontorer\/","name":"Kontorer \u2013 Moldows kontorer worldwide","isPartOf":{"@id":"https:\/\/moldow.com\/#website"},"datePublished":"2018-01-03T12:29:00+00:00","dateModified":"2025-05-13T08:24:53+00:00","description":"Find adresser og kontaktinformationer p\u00e5 et Moldow-kontor. Moldow har kontorer i Danmark, Polen, Rusland og USA.","breadcrumb":{"@id":"https:\/\/moldow.com\/da\/kontakt\/kontorer\/#breadcrumb"},"inLanguage":"da-DK","potentialAction":[{"@type":"ReadAction","target":["https:\/\/moldow.com\/da\/kontakt\/kontorer\/"]}]},{"@type":"BreadcrumbList","@id":"https:\/\/moldow.com\/da\/kontakt\/kontorer\/#breadcrumb","itemListElement":[{"@type":"ListItem","position":1,"name":"Hjem","item":"https:\/\/moldow.com\/da\/"},{"@type":"ListItem","position":2,"name":"Kontakt","item":"https:\/\/moldow.com\/da\/kontakt\/"},{"@type":"ListItem","position":3,"name":"Kontorer"}]},{"@type":"WebSite","@id":"https:\/\/moldow.com\/#website","url":"https:\/\/moldow.com\/","name":"Moldow","description":"Dust Extraction Systems and Painting Lines","publisher":{"@id":"https:\/\/moldow.com\/#organization"},"potentialAction":[{"@type":"SearchAction","target":{"@type":"EntryPoint","urlTemplate":"https:\/\/moldow.com\/?s={search_term_string}"},"query-input":{"@type":"PropertyValueSpecification","valueRequired":true,"valueName":"search_term_string"}}],"inLanguage":"da-DK"},{"@type":"Organization","@id":"https:\/\/moldow.com\/#organization","name":"Moldow A\/S","url":"https:\/\/moldow.com\/","logo":{"@type":"ImageObject","inLanguage":"da-DK","@id":"https:\/\/moldow.com\/#\/schema\/logo\/image\/","url":"https:\/\/moldow.com\/wp-content\/uploads\/2017\/01\/Moldow-logo-web-ny.png","contentUrl":"https:\/\/moldow.com\/wp-content\/uploads\/2017\/01\/Moldow-logo-web-ny.png","width":259,"height":38,"caption":"Moldow A\/S"},"image":{"@id":"https:\/\/moldow.com\/#\/schema\/logo\/image\/"}}]}},"_links":{"self":[{"href":"https:\/\/moldow.com\/da\/wp-json\/wp\/v2\/pages\/1690","targetHints":{"allow":["GET"]}}],"collection":[{"href":"https:\/\/moldow.com\/da\/wp-json\/wp\/v2\/pages"}],"about":[{"href":"https:\/\/moldow.com\/da\/wp-json\/wp\/v2\/types\/page"}],"author":[{"embeddable":true,"href":"https:\/\/moldow.com\/da\/wp-json\/wp\/v2\/users\/1"}],"replies":[{"embeddable":true,"href":"https:\/\/moldow.com\/da\/wp-json\/wp\/v2\/comments?post=1690"}],"version-history":[{"count":23,"href":"https:\/\/moldow.com\/da\/wp-json\/wp\/v2\/pages\/1690\/revisions"}],"predecessor-version":[{"id":11712,"href":"https:\/\/moldow.com\/da\/wp-json\/wp\/v2\/pages\/1690\/revisions\/11712"}],"up":[{"embeddable":true,"href":"https:\/\/moldow.com\/da\/wp-json\/wp\/v2\/pages\/1582"}],"wp:attachment":[{"href":"https:\/\/moldow.com\/da\/wp-json\/wp\/v2\/media?parent=1690"}],"curies":[{"name":"wp","href":"https:\/\/api.w.org\/{rel}","templated":true}]}}