{"id":1540,"date":"2017-11-23T13:33:43","date_gmt":"2017-11-23T13:33:43","guid":{"rendered":"http:\/\/moldow.kbds.dk\/?page_id=1540"},"modified":"2023-01-25T14:31:48","modified_gmt":"2023-01-25T14:31:48","slug":"varmegenvinding-opvarmning","status":"publish","type":"page","link":"https:\/\/moldow.com\/da\/industriventilation\/varmegenvinding-opvarmning\/","title":{"rendered":"Varmegenvinding og opvarmning"},"content":{"rendered":"<p><div class=\"fusion-fullwidth fullwidth-box fusion-builder-row-1 nonhundred-percent-fullwidth non-hundred-percent-height-scrolling\" style=\"--awb-border-radius-top-left:0px;--awb-border-radius-top-right:0px;--awb-border-radius-bottom-right:0px;--awb-border-radius-bottom-left:0px;--awb-padding-top:20px;--awb-padding-bottom:20px;--awb-margin-top:80px;--awb-background-color:#ffffff;--awb-flex-wrap:wrap;\" ><div class=\"fusion-builder-row fusion-row\"><div class=\"fusion-layout-column fusion_builder_column fusion-builder-column-0 fusion_builder_column_2_3 2_3 fusion-two-third fusion-column-first\" style=\"--awb-bg-size:cover;--awb-margin-bottom:20px;width:66.666666666667%;width:calc(66.666666666667% - ( ( 4% ) * 0.66666666666667 ) );margin-right: 4%;\"><div class=\"fusion-column-wrapper fusion-flex-column-wrapper-legacy\"><div class=\"fusion-title title fusion-title-1 sep-underline sep-solid fusion-title-text fusion-title-size-one\"><h1 class=\"fusion-title-heading title-heading-left\" style=\"margin:0;\">OPVARMNING OG VARMEGENVINDING<\/h1><\/div><div class=\"fusion-text fusion-text-1\" style=\"--awb-text-transform:none;\"><h2>Rumopvarmning med friskluftindbl\u00e6sning og varmegenvinding til industrivirksomheder<\/h2>\n<p>Ved udsugning af luft fra produktionshaller kr\u00e6ves en tilf\u00f8rsel af friskluft for at opn\u00e5 <strong>balance i bygningen og et godt indeklima<\/strong>. Moldow har i mere end 50 \u00e5r sikret danske industrivirksomheder de rigtige ventilationsl\u00f8sninger, som altid <strong>lever op til g\u00e6ldende krav til energieffektivitet og sikkerhed<\/strong>.<\/p>\n<p>Ved tilf\u00f8rsel af ren luft til produktionslokaler tr\u00e6kkes luften enten fra det fri og opvarmes i et friskluftsaggregat eller den udsugede luft genvindes i en krydsveksler, som opvarmer eller nedk\u00f8ler luften efter behov.<\/p>\n<p>I de fleste tilf\u00e6lde kan det give <strong>en god energibesparelse\u00a0og dermed en \u00f8konomisk gevinst at v\u00e6lge en l\u00f8sning med varmeveksler<\/strong>. Ved energibesparelser kan der s\u00f8ges om energitilskud, hvilket vi s\u00f8rger for, hvis vi vurderer, at der er en mulighed herfor.<\/p>\n<h3>Den helt rigtige l\u00f8sning<\/h3>\n<p>Hvilken l\u00f8sning, der er den mest optimale, afh\u00e6nger af produktionsfaciliteter, kapacitet, driftstimer og behov. Moldow tager alt dette i betragtning og udarbejder et tilbud, som giver et komplet overblik over udgifter og energibesparelser.<\/p>\n<\/div><div class=\"fusion-image-element in-legacy-container\" style=\"--awb-caption-title-font-family:var(--h2_typography-font-family);--awb-caption-title-font-weight:var(--h2_typography-font-weight);--awb-caption-title-font-style:var(--h2_typography-font-style);--awb-caption-title-size:var(--h2_typography-font-size);--awb-caption-title-transform:var(--h2_typography-text-transform);--awb-caption-title-line-height:var(--h2_typography-line-height);--awb-caption-title-letter-spacing:var(--h2_typography-letter-spacing);\"><span class=\" fusion-imageframe imageframe-none imageframe-1 hover-type-none\"><img decoding=\"async\" width=\"654\" height=\"432\" alt=\"Varmegenvinding princip\" src=\"https:\/\/moldow.com\/wp-content\/uploads\/2017\/11\/veksleraggregat_type_FVK_L.jpg\" class=\"img-responsive wp-image-3848\" srcset=\"https:\/\/moldow.com\/wp-content\/uploads\/2017\/11\/veksleraggregat_type_FVK_L-200x132.jpg 200w, https:\/\/moldow.com\/wp-content\/uploads\/2017\/11\/veksleraggregat_type_FVK_L-400x264.jpg 400w, https:\/\/moldow.com\/wp-content\/uploads\/2017\/11\/veksleraggregat_type_FVK_L-600x396.jpg 600w, https:\/\/moldow.com\/wp-content\/uploads\/2017\/11\/veksleraggregat_type_FVK_L.jpg 654w\" sizes=\"(max-width: 800px) 100vw, 654px\" \/><\/span><\/div><div class=\"fusion-clearfix\"><\/div><\/div><\/div><div class=\"fusion-layout-column fusion_builder_column fusion-builder-column-1 fusion_builder_column_1_3 1_3 fusion-one-third fusion-column-last\" style=\"--awb-bg-size:cover;width:33.333333333333%;width:calc(33.333333333333% - ( ( 4% ) * 0.33333333333333 ) );\"><div class=\"fusion-column-wrapper fusion-flex-column-wrapper-legacy\"><div class=\"fusion-title title fusion-title-2 sep-underline sep-solid fusion-title-text fusion-title-size-six\"><h6 class=\"fusion-title-heading title-heading-left\" style=\"margin:0;\">KONTAKTFORMULAR<\/h6><\/div><script src=\"https:\/\/superoffice.moldow.com\/Service\/scripts\/customer.fcgi?action=form&id=F-AQEx4MBE\"><\/script><div class=\"fusion-clearfix\"><\/div><\/div><\/div>\n<\/div><\/div><div class=\"fusion-fullwidth fullwidth-box fusion-builder-row-2 hundred-percent-fullwidth non-hundred-percent-height-scrolling\" style=\"--awb-border-radius-top-left:0px;--awb-border-radius-top-right:0px;--awb-border-radius-bottom-right:0px;--awb-border-radius-bottom-left:0px;--awb-background-color:#ffffff;--awb-flex-wrap:wrap;\" ><div class=\"fusion-builder-row fusion-row\"><div class=\"fusion-layout-column fusion_builder_column fusion-builder-column-2 fusion_builder_column_1_4 1_4 fusion-one-fourth fusion-column-first\" style=\"--awb-bg-size:cover;width:25%;width:calc(25% - ( ( 4% + 4% + 4% ) * 0.25 ) );margin-right: 4%;\"><div class=\"fusion-column-wrapper fusion-flex-column-wrapper-legacy\"><div class=\"fusion-image-element in-legacy-container\" style=\"--awb-caption-title-font-family:var(--h2_typography-font-family);--awb-caption-title-font-weight:var(--h2_typography-font-weight);--awb-caption-title-font-style:var(--h2_typography-font-style);--awb-caption-title-size:var(--h2_typography-font-size);--awb-caption-title-transform:var(--h2_typography-text-transform);--awb-caption-title-line-height:var(--h2_typography-line-height);--awb-caption-title-letter-spacing:var(--h2_typography-letter-spacing);\"><span class=\" fusion-imageframe imageframe-none imageframe-2 hover-type-none\"><img decoding=\"async\" width=\"600\" height=\"430\" alt=\"varmeveksler\" src=\"https:\/\/moldow.com\/wp-content\/uploads\/2017\/11\/fresh-air-unit-ventilation.jpg\" class=\"img-responsive wp-image-3766\" srcset=\"https:\/\/moldow.com\/wp-content\/uploads\/2017\/11\/fresh-air-unit-ventilation-200x143.jpg 200w, https:\/\/moldow.com\/wp-content\/uploads\/2017\/11\/fresh-air-unit-ventilation-400x287.jpg 400w, https:\/\/moldow.com\/wp-content\/uploads\/2017\/11\/fresh-air-unit-ventilation.jpg 600w\" sizes=\"(max-width: 800px) 100vw, 400px\" \/><\/span><\/div><div class=\"fusion-clearfix\"><\/div><\/div><\/div><div class=\"fusion-layout-column fusion_builder_column fusion-builder-column-3 fusion_builder_column_1_4 1_4 fusion-one-fourth\" style=\"--awb-bg-size:cover;width:25%;width:calc(25% - ( ( 4% + 4% + 4% ) * 0.25 ) );margin-right: 4%;\"><div class=\"fusion-column-wrapper fusion-flex-column-wrapper-legacy\"><div class=\"fusion-image-element in-legacy-container\" style=\"--awb-caption-title-font-family:var(--h2_typography-font-family);--awb-caption-title-font-weight:var(--h2_typography-font-weight);--awb-caption-title-font-style:var(--h2_typography-font-style);--awb-caption-title-size:var(--h2_typography-font-size);--awb-caption-title-transform:var(--h2_typography-text-transform);--awb-caption-title-line-height:var(--h2_typography-line-height);--awb-caption-title-letter-spacing:var(--h2_typography-letter-spacing);\"><span class=\" fusion-imageframe imageframe-none imageframe-3 hover-type-none\"><img decoding=\"async\" width=\"600\" height=\"430\" alt=\"varmegenvinding\" src=\"https:\/\/moldow.com\/wp-content\/uploads\/2017\/11\/FVK-produktion-moldow.jpg\" class=\"img-responsive wp-image-3851\" srcset=\"https:\/\/moldow.com\/wp-content\/uploads\/2017\/11\/FVK-produktion-moldow-200x143.jpg 200w, https:\/\/moldow.com\/wp-content\/uploads\/2017\/11\/FVK-produktion-moldow-400x287.jpg 400w, https:\/\/moldow.com\/wp-content\/uploads\/2017\/11\/FVK-produktion-moldow.jpg 600w\" sizes=\"(max-width: 800px) 100vw, 400px\" \/><\/span><\/div><div class=\"fusion-clearfix\"><\/div><\/div><\/div><div class=\"fusion-layout-column fusion_builder_column fusion-builder-column-4 fusion_builder_column_1_4 1_4 fusion-one-fourth\" style=\"--awb-bg-size:cover;width:25%;width:calc(25% - ( ( 4% + 4% + 4% ) * 0.25 ) );margin-right: 4%;\"><div class=\"fusion-column-wrapper fusion-flex-column-wrapper-legacy\"><div class=\"fusion-image-element in-legacy-container\" style=\"--awb-caption-title-font-family:var(--h2_typography-font-family);--awb-caption-title-font-weight:var(--h2_typography-font-weight);--awb-caption-title-font-style:var(--h2_typography-font-style);--awb-caption-title-size:var(--h2_typography-font-size);--awb-caption-title-transform:var(--h2_typography-text-transform);--awb-caption-title-line-height:var(--h2_typography-line-height);--awb-caption-title-letter-spacing:var(--h2_typography-letter-spacing);\"><span class=\" fusion-imageframe imageframe-none imageframe-4 hover-type-none\"><img decoding=\"async\" width=\"600\" height=\"430\" alt=\"varmeveksler\" src=\"https:\/\/moldow.com\/wp-content\/uploads\/2017\/11\/FVK-stor-produktion-moldow.jpg\" class=\"img-responsive wp-image-3854\" srcset=\"https:\/\/moldow.com\/wp-content\/uploads\/2017\/11\/FVK-stor-produktion-moldow-200x143.jpg 200w, https:\/\/moldow.com\/wp-content\/uploads\/2017\/11\/FVK-stor-produktion-moldow-400x287.jpg 400w, https:\/\/moldow.com\/wp-content\/uploads\/2017\/11\/FVK-stor-produktion-moldow.jpg 600w\" sizes=\"(max-width: 800px) 100vw, 400px\" \/><\/span><\/div><div class=\"fusion-clearfix\"><\/div><\/div><\/div><div class=\"fusion-layout-column fusion_builder_column fusion-builder-column-5 fusion_builder_column_1_4 1_4 fusion-one-fourth fusion-column-last\" style=\"--awb-bg-size:cover;width:25%;width:calc(25% - ( ( 4% + 4% + 4% ) * 0.25 ) );\"><div class=\"fusion-column-wrapper fusion-flex-column-wrapper-legacy\"><div class=\"fusion-image-element in-legacy-container\" style=\"--awb-caption-title-font-family:var(--h2_typography-font-family);--awb-caption-title-font-weight:var(--h2_typography-font-weight);--awb-caption-title-font-style:var(--h2_typography-font-style);--awb-caption-title-size:var(--h2_typography-font-size);--awb-caption-title-transform:var(--h2_typography-text-transform);--awb-caption-title-line-height:var(--h2_typography-line-height);--awb-caption-title-letter-spacing:var(--h2_typography-letter-spacing);\"><span class=\" fusion-imageframe imageframe-none imageframe-5 hover-type-none\"><img decoding=\"async\" width=\"600\" height=\"430\" alt=\"varmegenvinding\" src=\"https:\/\/moldow.com\/wp-content\/uploads\/2017\/11\/heat-exchanger-ventilation.jpg\" class=\"img-responsive wp-image-3763\" srcset=\"https:\/\/moldow.com\/wp-content\/uploads\/2017\/11\/heat-exchanger-ventilation-200x143.jpg 200w, https:\/\/moldow.com\/wp-content\/uploads\/2017\/11\/heat-exchanger-ventilation-400x287.jpg 400w, https:\/\/moldow.com\/wp-content\/uploads\/2017\/11\/heat-exchanger-ventilation.jpg 600w\" sizes=\"(max-width: 800px) 100vw, 400px\" \/><\/span><\/div><div class=\"fusion-clearfix\"><\/div><\/div><\/div><\/div><\/div><\/p>\n","protected":false},"excerpt":{"rendered":"","protected":false},"author":1,"featured_media":0,"parent":1627,"menu_order":0,"comment_status":"closed","ping_status":"closed","template":"100-width.php","meta":{"_acf_changed":false,"footnotes":""},"class_list":["post-1540","page","type-page","status-publish","hentry"],"acf":[],"yoast_head":"<!-- This site is optimized with the Yoast SEO plugin v24.8 - https:\/\/yoast.com\/wordpress\/plugins\/seo\/ -->\n<title>Varmegenvinding \u2013 Industriventilation, varmeveksler og friskluftsaggregat<\/title>\n<meta name=\"description\" content=\"Moldow tilbyder industrielle ventilationsanl\u00e6g med varmegenvinding for optimal udnyttelse af energien \u2013 L\u00e6s mere her.\" \/>\n<meta name=\"robots\" content=\"index, follow, max-snippet:-1, max-image-preview:large, max-video-preview:-1\" \/>\n<link rel=\"canonical\" href=\"https:\/\/moldow.com\/da\/industriventilation\/varmegenvinding-opvarmning\/\" \/>\n<meta property=\"og:locale\" content=\"da_DK\" \/>\n<meta property=\"og:type\" content=\"article\" \/>\n<meta property=\"og:title\" content=\"Varmegenvinding \u2013 Industriventilation, varmeveksler og friskluftsaggregat\" \/>\n<meta property=\"og:description\" content=\"Moldow tilbyder industrielle ventilationsanl\u00e6g med varmegenvinding for optimal udnyttelse af energien \u2013 L\u00e6s mere her.\" \/>\n<meta property=\"og:url\" content=\"https:\/\/moldow.com\/da\/industriventilation\/varmegenvinding-opvarmning\/\" \/>\n<meta property=\"og:site_name\" content=\"Moldow\" \/>\n<meta property=\"article:modified_time\" content=\"2023-01-25T14:31:48+00:00\" \/>\n<meta name=\"twitter:card\" content=\"summary_large_image\" \/>\n<meta name=\"twitter:label1\" content=\"Estimeret l\u00e6setid\" \/>\n\t<meta name=\"twitter:data1\" content=\"5 minutes\" \/>\n<script type=\"application\/ld+json\" class=\"yoast-schema-graph\">{\"@context\":\"https:\/\/schema.org\",\"@graph\":[{\"@type\":\"WebPage\",\"@id\":\"https:\/\/moldow.com\/da\/industriventilation\/varmegenvinding-opvarmning\/\",\"url\":\"https:\/\/moldow.com\/da\/industriventilation\/varmegenvinding-opvarmning\/\",\"name\":\"Varmegenvinding \u2013 Industriventilation, varmeveksler og friskluftsaggregat\",\"isPartOf\":{\"@id\":\"https:\/\/moldow.com\/#website\"},\"datePublished\":\"2017-11-23T13:33:43+00:00\",\"dateModified\":\"2023-01-25T14:31:48+00:00\",\"description\":\"Moldow tilbyder industrielle ventilationsanl\u00e6g med varmegenvinding for optimal udnyttelse af energien \u2013 L\u00e6s mere her.\",\"breadcrumb\":{\"@id\":\"https:\/\/moldow.com\/da\/industriventilation\/varmegenvinding-opvarmning\/#breadcrumb\"},\"inLanguage\":\"da-DK\",\"potentialAction\":[{\"@type\":\"ReadAction\",\"target\":[\"https:\/\/moldow.com\/da\/industriventilation\/varmegenvinding-opvarmning\/\"]}]},{\"@type\":\"BreadcrumbList\",\"@id\":\"https:\/\/moldow.com\/da\/industriventilation\/varmegenvinding-opvarmning\/#breadcrumb\",\"itemListElement\":[{\"@type\":\"ListItem\",\"position\":1,\"name\":\"Hjem\",\"item\":\"https:\/\/moldow.com\/da\/\"},{\"@type\":\"ListItem\",\"position\":2,\"name\":\"Industriventilation\",\"item\":\"https:\/\/moldow.com\/da\/industriventilation\/\"},{\"@type\":\"ListItem\",\"position\":3,\"name\":\"Varmegenvinding og opvarmning\"}]},{\"@type\":\"WebSite\",\"@id\":\"https:\/\/moldow.com\/#website\",\"url\":\"https:\/\/moldow.com\/\",\"name\":\"Moldow\",\"description\":\"Dust Extraction Systems and Painting Lines\",\"publisher\":{\"@id\":\"https:\/\/moldow.com\/#organization\"},\"potentialAction\":[{\"@type\":\"SearchAction\",\"target\":{\"@type\":\"EntryPoint\",\"urlTemplate\":\"https:\/\/moldow.com\/?s={search_term_string}\"},\"query-input\":{\"@type\":\"PropertyValueSpecification\",\"valueRequired\":true,\"valueName\":\"search_term_string\"}}],\"inLanguage\":\"da-DK\"},{\"@type\":\"Organization\",\"@id\":\"https:\/\/moldow.com\/#organization\",\"name\":\"Moldow A\/S\",\"url\":\"https:\/\/moldow.com\/\",\"logo\":{\"@type\":\"ImageObject\",\"inLanguage\":\"da-DK\",\"@id\":\"https:\/\/moldow.com\/#\/schema\/logo\/image\/\",\"url\":\"https:\/\/moldow.com\/wp-content\/uploads\/2017\/01\/Moldow-logo-web-ny.png\",\"contentUrl\":\"https:\/\/moldow.com\/wp-content\/uploads\/2017\/01\/Moldow-logo-web-ny.png\",\"width\":259,\"height\":38,\"caption\":\"Moldow A\/S\"},\"image\":{\"@id\":\"https:\/\/moldow.com\/#\/schema\/logo\/image\/\"}}]}<\/script>\n<!-- \/ Yoast SEO plugin. -->","yoast_head_json":{"title":"Varmegenvinding \u2013 Industriventilation, varmeveksler og friskluftsaggregat","description":"Moldow tilbyder industrielle ventilationsanl\u00e6g med varmegenvinding for optimal udnyttelse af energien \u2013 L\u00e6s mere her.","robots":{"index":"index","follow":"follow","max-snippet":"max-snippet:-1","max-image-preview":"max-image-preview:large","max-video-preview":"max-video-preview:-1"},"canonical":"https:\/\/moldow.com\/da\/industriventilation\/varmegenvinding-opvarmning\/","og_locale":"da_DK","og_type":"article","og_title":"Varmegenvinding \u2013 Industriventilation, varmeveksler og friskluftsaggregat","og_description":"Moldow tilbyder industrielle ventilationsanl\u00e6g med varmegenvinding for optimal udnyttelse af energien \u2013 L\u00e6s mere her.","og_url":"https:\/\/moldow.com\/da\/industriventilation\/varmegenvinding-opvarmning\/","og_site_name":"Moldow","article_modified_time":"2023-01-25T14:31:48+00:00","twitter_card":"summary_large_image","twitter_misc":{"Estimeret l\u00e6setid":"5 minutes"},"schema":{"@context":"https:\/\/schema.org","@graph":[{"@type":"WebPage","@id":"https:\/\/moldow.com\/da\/industriventilation\/varmegenvinding-opvarmning\/","url":"https:\/\/moldow.com\/da\/industriventilation\/varmegenvinding-opvarmning\/","name":"Varmegenvinding \u2013 Industriventilation, varmeveksler og friskluftsaggregat","isPartOf":{"@id":"https:\/\/moldow.com\/#website"},"datePublished":"2017-11-23T13:33:43+00:00","dateModified":"2023-01-25T14:31:48+00:00","description":"Moldow tilbyder industrielle ventilationsanl\u00e6g med varmegenvinding for optimal udnyttelse af energien \u2013 L\u00e6s mere her.","breadcrumb":{"@id":"https:\/\/moldow.com\/da\/industriventilation\/varmegenvinding-opvarmning\/#breadcrumb"},"inLanguage":"da-DK","potentialAction":[{"@type":"ReadAction","target":["https:\/\/moldow.com\/da\/industriventilation\/varmegenvinding-opvarmning\/"]}]},{"@type":"BreadcrumbList","@id":"https:\/\/moldow.com\/da\/industriventilation\/varmegenvinding-opvarmning\/#breadcrumb","itemListElement":[{"@type":"ListItem","position":1,"name":"Hjem","item":"https:\/\/moldow.com\/da\/"},{"@type":"ListItem","position":2,"name":"Industriventilation","item":"https:\/\/moldow.com\/da\/industriventilation\/"},{"@type":"ListItem","position":3,"name":"Varmegenvinding og opvarmning"}]},{"@type":"WebSite","@id":"https:\/\/moldow.com\/#website","url":"https:\/\/moldow.com\/","name":"Moldow","description":"Dust Extraction Systems and Painting Lines","publisher":{"@id":"https:\/\/moldow.com\/#organization"},"potentialAction":[{"@type":"SearchAction","target":{"@type":"EntryPoint","urlTemplate":"https:\/\/moldow.com\/?s={search_term_string}"},"query-input":{"@type":"PropertyValueSpecification","valueRequired":true,"valueName":"search_term_string"}}],"inLanguage":"da-DK"},{"@type":"Organization","@id":"https:\/\/moldow.com\/#organization","name":"Moldow A\/S","url":"https:\/\/moldow.com\/","logo":{"@type":"ImageObject","inLanguage":"da-DK","@id":"https:\/\/moldow.com\/#\/schema\/logo\/image\/","url":"https:\/\/moldow.com\/wp-content\/uploads\/2017\/01\/Moldow-logo-web-ny.png","contentUrl":"https:\/\/moldow.com\/wp-content\/uploads\/2017\/01\/Moldow-logo-web-ny.png","width":259,"height":38,"caption":"Moldow A\/S"},"image":{"@id":"https:\/\/moldow.com\/#\/schema\/logo\/image\/"}}]}},"_links":{"self":[{"href":"https:\/\/moldow.com\/da\/wp-json\/wp\/v2\/pages\/1540","targetHints":{"allow":["GET"]}}],"collection":[{"href":"https:\/\/moldow.com\/da\/wp-json\/wp\/v2\/pages"}],"about":[{"href":"https:\/\/moldow.com\/da\/wp-json\/wp\/v2\/types\/page"}],"author":[{"embeddable":true,"href":"https:\/\/moldow.com\/da\/wp-json\/wp\/v2\/users\/1"}],"replies":[{"embeddable":true,"href":"https:\/\/moldow.com\/da\/wp-json\/wp\/v2\/comments?post=1540"}],"version-history":[{"count":13,"href":"https:\/\/moldow.com\/da\/wp-json\/wp\/v2\/pages\/1540\/revisions"}],"predecessor-version":[{"id":7411,"href":"https:\/\/moldow.com\/da\/wp-json\/wp\/v2\/pages\/1540\/revisions\/7411"}],"up":[{"embeddable":true,"href":"https:\/\/moldow.com\/da\/wp-json\/wp\/v2\/pages\/1627"}],"wp:attachment":[{"href":"https:\/\/moldow.com\/da\/wp-json\/wp\/v2\/media?parent=1540"}],"curies":[{"name":"wp","href":"https:\/\/api.w.org\/{rel}","templated":true}]}}