{"id":1532,"date":"2017-11-23T13:30:08","date_gmt":"2017-11-23T13:30:08","guid":{"rendered":"http:\/\/moldow.kbds.dk\/?page_id=1532"},"modified":"2023-08-24T07:09:32","modified_gmt":"2023-08-24T07:09:32","slug":"ventilator","status":"publish","type":"page","link":"https:\/\/moldow.com\/da\/filteranlaeg\/produkter\/ventilator\/","title":{"rendered":"Ventilator"},"content":{"rendered":"<p><div class=\"fusion-fullwidth fullwidth-box fusion-builder-row-1 nonhundred-percent-fullwidth non-hundred-percent-height-scrolling\" style=\"--awb-border-radius-top-left:0px;--awb-border-radius-top-right:0px;--awb-border-radius-bottom-right:0px;--awb-border-radius-bottom-left:0px;--awb-padding-top:20px;--awb-margin-top:80px;--awb-background-color:#ffffff;--awb-flex-wrap:wrap;\" ><div class=\"fusion-builder-row fusion-row\"><div class=\"fusion-layout-column fusion_builder_column fusion-builder-column-0 fusion_builder_column_2_3 2_3 fusion-two-third fusion-column-first\" style=\"--awb-bg-size:cover;width:65.3333%; margin-right: 4%;\"><div class=\"fusion-column-wrapper fusion-flex-column-wrapper-legacy\"><div class=\"fusion-title title fusion-title-1 sep-underline sep-solid fusion-title-text fusion-title-size-one\"><h1 class=\"fusion-title-heading title-heading-left\" style=\"margin:0;\">VENTILATORER \u2013 SUGE-, T\u00d8MME- OG TRANSPORT-VENTILATOR<\/h1><\/div><div class=\"fusion-text fusion-text-1\"><p>Ventilatorer er afg\u00f8rende for ethvert udsugnings- og filtersystem, da de leverer luften, som transporterer materialet gennem systemet. Ventilatorerne er designet og produceret med henblik p\u00e5 <strong>driftssikkerhed<\/strong>, og derudover er de specielt <strong>effektive, har et lavt st\u00f8jniveau og er nemme at reng\u00f8re og servicere<\/strong>.<\/p>\n<p>I l\u00f8bet af de sidste 50 \u00e5r har Moldow udviklet og produceret ventilatorer til industriel brug. Alle ventilatorer fra Moldow er lavet specifikt til det enkelte projekt samt testet og afbalanceret, inden de forlader vores fabrik i Danmark, for at sikre, at de altid yder det optimale.<\/p>\n<\/div><div class=\"fusion-clearfix\"><\/div><\/div><\/div><div class=\"fusion-layout-column fusion_builder_column fusion-builder-column-1 fusion_builder_column_1_3 1_3 fusion-one-third fusion-column-last\" style=\"--awb-bg-size:cover;width:30.6666%;\"><div class=\"fusion-column-wrapper fusion-flex-column-wrapper-legacy\"><div class=\"fusion-title title fusion-title-2 sep-underline sep-solid fusion-title-text fusion-title-size-six\"><h6 class=\"fusion-title-heading title-heading-left\" style=\"margin:0;\">FORDELE<\/h6><\/div><div class=\"fusion-text fusion-text-2\"><ul>\n<li>Specialproducerede l\u00f8behjul<\/li>\n<li>Designet til det konkrete projekt<\/li>\n<li>H\u00f8jeste virkningsgrad<\/li>\n<li>Til brug i potentielt eksplosiv atmosf\u00e6re (ATEX)<\/li>\n<\/ul>\n<\/div><div class=\"fusion-clearfix\"><\/div><\/div><\/div><div class=\"fusion-layout-column fusion_builder_column fusion-builder-column-2 fusion_builder_column_2_3 2_3 fusion-two-third fusion-column-first\" style=\"--awb-bg-size:cover;width:65.3333%; margin-right: 4%;\"><div class=\"fusion-column-wrapper fusion-flex-column-wrapper-legacy\"><div class=\"fusion-text fusion-text-3\" style=\"--awb-text-transform:none;\"><h2>H\u00f8jeffektive ventilatorer til effektivt system<\/h2>\n<p>Et komplet Moldow-system med Moldows egne ventilatorer og <a href=\"https:\/\/moldow.com\/da\/filteranlaeg\/ensaco-energibesparende-kontrolsystem-og-koncepter\/\">ENSACO<\/a> sikrer <strong>et h\u00f8jeffektivt system, der bruger op til 80 % mindre energi<\/strong> sammenlignet med konkurrerende systemer. Vi sikrer den h\u00f8jeste virkningsgrad ved at anvende vores <strong>FanDim-software til dimensionering af ventilatorer i forhold til luft- og trykbehov<\/strong>. Hver ventilator er specialproduceret i henhold til disse krav.<\/p>\n<p>Moldow-ventilatorer i kombination med ENSACO og frekvensomformere sikrer optimeret energiforbrug ved at tilpasse lufttilf\u00f8rslen til det aktuelle behov. Ventilatorerne leveres ogs\u00e5 med lydbokse\/lydd\u00e6mpere.<\/p>\n<p><a href=\"http:\/\/barkerbille.com\/\" target=\"_blank\" rel=\"noopener noreferrer\">Ventilatorer til anden industriel brug end i kombination med vores filteranl\u00e6g s\u00e6lges af Moldows s\u00f8sterselskab BarkerBille.<\/a><\/p>\n<p><img decoding=\"async\" class=\"alignnone size-full wp-image-10117\" src=\"https:\/\/moldow.com\/wp-content\/uploads\/2023\/06\/VELUX-fans-filter.jpg\" alt=\"Udsugningsventilatorer\" width=\"600\" height=\"430\" srcset=\"https:\/\/moldow.com\/wp-content\/uploads\/2023\/06\/VELUX-fans-filter-200x143.jpg 200w, https:\/\/moldow.com\/wp-content\/uploads\/2023\/06\/VELUX-fans-filter-300x214.jpg 300w, https:\/\/moldow.com\/wp-content\/uploads\/2023\/06\/VELUX-fans-filter-400x287.jpg 400w, https:\/\/moldow.com\/wp-content\/uploads\/2023\/06\/VELUX-fans-filter.jpg 600w\" sizes=\"(max-width: 600px) 100vw, 600px\" \/><\/p>\n<\/div><div class=\"fusion-clearfix\"><\/div><\/div><\/div><div class=\"fusion-layout-column fusion_builder_column fusion-builder-column-3 fusion_builder_column_1_3 1_3 fusion-one-third fusion-column-last\" style=\"--awb-bg-size:cover;width:30.6666%;\"><div class=\"fusion-column-wrapper fusion-flex-column-wrapper-legacy\"><div class=\"fusion-title title fusion-title-3 sep-underline sep-solid fusion-title-text fusion-title-size-six\"><h6 class=\"fusion-title-heading title-heading-left\" style=\"margin:0;\">KONTAKT OS<\/h6><\/div><script src=\"https:\/\/superoffice.moldow.com\/Service\/scripts\/customer.fcgi?action=form&id=F-AQEx4MBE\"><\/script><div class=\"fusion-clearfix\"><\/div><\/div><\/div>\n<\/div><\/div><div class=\"fusion-fullwidth fullwidth-box fusion-builder-row-2 hundred-percent-fullwidth non-hundred-percent-height-scrolling\" style=\"--awb-border-radius-top-left:0px;--awb-border-radius-top-right:0px;--awb-border-radius-bottom-right:0px;--awb-border-radius-bottom-left:0px;--awb-padding-bottom:0px;--awb-background-color:#ffffff;--awb-flex-wrap:wrap;\" ><div class=\"fusion-builder-row fusion-row\"><div class=\"fusion-layout-column fusion_builder_column fusion-builder-column-4 fusion_builder_column_1_4 1_4 fusion-one-fourth fusion-column-first\" style=\"--awb-bg-size:cover;width:25%;width:calc(25% - ( ( 4% + 4% + 4% ) * 0.25 ) );margin-right: 4%;\"><div class=\"fusion-column-wrapper fusion-flex-column-wrapper-legacy\"><div class=\"fusion-image-element in-legacy-container\" style=\"--awb-caption-title-font-family:var(--h2_typography-font-family);--awb-caption-title-font-weight:var(--h2_typography-font-weight);--awb-caption-title-font-style:var(--h2_typography-font-style);--awb-caption-title-size:var(--h2_typography-font-size);--awb-caption-title-transform:var(--h2_typography-text-transform);--awb-caption-title-line-height:var(--h2_typography-line-height);--awb-caption-title-letter-spacing:var(--h2_typography-letter-spacing);\"><span class=\" fusion-imageframe imageframe-none imageframe-1 hover-type-none\"><img decoding=\"async\" width=\"600\" height=\"430\" alt=\"ATEX ventilatorer\" title=\"MHL-filter_Cades_fans\" src=\"https:\/\/moldow.com\/wp-content\/uploads\/2017\/11\/MHL-filter_Cades_fans.jpg\" class=\"img-responsive wp-image-3887\" srcset=\"https:\/\/moldow.com\/wp-content\/uploads\/2017\/11\/MHL-filter_Cades_fans-200x143.jpg 200w, https:\/\/moldow.com\/wp-content\/uploads\/2017\/11\/MHL-filter_Cades_fans-400x287.jpg 400w, https:\/\/moldow.com\/wp-content\/uploads\/2017\/11\/MHL-filter_Cades_fans.jpg 600w\" sizes=\"(max-width: 800px) 100vw, 400px\" \/><\/span><\/div><div class=\"fusion-clearfix\"><\/div><\/div><\/div><div class=\"fusion-layout-column fusion_builder_column fusion-builder-column-5 fusion_builder_column_1_4 1_4 fusion-one-fourth\" style=\"--awb-bg-size:cover;width:25%;width:calc(25% - ( ( 4% + 4% + 4% ) * 0.25 ) );margin-right: 4%;\"><div class=\"fusion-column-wrapper fusion-flex-column-wrapper-legacy\"><div class=\"fusion-image-element in-legacy-container\" style=\"--awb-caption-title-font-family:var(--h2_typography-font-family);--awb-caption-title-font-weight:var(--h2_typography-font-weight);--awb-caption-title-font-style:var(--h2_typography-font-style);--awb-caption-title-size:var(--h2_typography-font-size);--awb-caption-title-transform:var(--h2_typography-text-transform);--awb-caption-title-line-height:var(--h2_typography-line-height);--awb-caption-title-letter-spacing:var(--h2_typography-letter-spacing);\"><span class=\" fusion-imageframe imageframe-none imageframe-2 hover-type-none\"><img decoding=\"async\" width=\"600\" height=\"430\" alt=\"Ventilatorer med st\u00f8jbokse\" title=\"Ventilatorer-med-st\u00f8jbokse\" src=\"https:\/\/moldow.com\/wp-content\/uploads\/2017\/11\/Ventilatorer-med-st\u00f8jbokse.jpg\" class=\"img-responsive wp-image-3890\" srcset=\"https:\/\/moldow.com\/wp-content\/uploads\/2017\/11\/Ventilatorer-med-st\u00f8jbokse-200x143.jpg 200w, https:\/\/moldow.com\/wp-content\/uploads\/2017\/11\/Ventilatorer-med-st\u00f8jbokse-400x287.jpg 400w, https:\/\/moldow.com\/wp-content\/uploads\/2017\/11\/Ventilatorer-med-st\u00f8jbokse.jpg 600w\" sizes=\"(max-width: 800px) 100vw, 400px\" \/><\/span><\/div><div class=\"fusion-clearfix\"><\/div><\/div><\/div><div class=\"fusion-layout-column fusion_builder_column fusion-builder-column-6 fusion_builder_column_1_4 1_4 fusion-one-fourth\" style=\"--awb-bg-size:cover;width:25%;width:calc(25% - ( ( 4% + 4% + 4% ) * 0.25 ) );margin-right: 4%;\"><div class=\"fusion-column-wrapper fusion-flex-column-wrapper-legacy\"><div class=\"fusion-image-element in-legacy-container\" style=\"--awb-caption-title-font-family:var(--h2_typography-font-family);--awb-caption-title-font-weight:var(--h2_typography-font-weight);--awb-caption-title-font-style:var(--h2_typography-font-style);--awb-caption-title-size:var(--h2_typography-font-size);--awb-caption-title-transform:var(--h2_typography-text-transform);--awb-caption-title-line-height:var(--h2_typography-line-height);--awb-caption-title-letter-spacing:var(--h2_typography-letter-spacing);\"><span class=\" fusion-imageframe imageframe-none imageframe-3 hover-type-none\"><img decoding=\"async\" width=\"600\" height=\"417\" alt=\"ATEX ventilatorer til st\u00f8vholdig luft\" title=\"fritz-hansen\" src=\"https:\/\/moldow.com\/wp-content\/uploads\/2017\/01\/fritz-hansen.jpg\" class=\"img-responsive wp-image-3845\" srcset=\"https:\/\/moldow.com\/wp-content\/uploads\/2017\/01\/fritz-hansen-200x139.jpg 200w, https:\/\/moldow.com\/wp-content\/uploads\/2017\/01\/fritz-hansen-400x278.jpg 400w, https:\/\/moldow.com\/wp-content\/uploads\/2017\/01\/fritz-hansen.jpg 600w\" sizes=\"(max-width: 800px) 100vw, 400px\" \/><\/span><\/div><div class=\"fusion-clearfix\"><\/div><\/div><\/div><div class=\"fusion-layout-column fusion_builder_column fusion-builder-column-7 fusion_builder_column_1_4 1_4 fusion-one-fourth fusion-column-last\" style=\"--awb-bg-size:cover;width:25%;width:calc(25% - ( ( 4% + 4% + 4% ) * 0.25 ) );\"><div class=\"fusion-column-wrapper fusion-flex-column-wrapper-legacy\"><div class=\"fusion-image-element in-legacy-container\" style=\"--awb-caption-title-font-family:var(--h2_typography-font-family);--awb-caption-title-font-weight:var(--h2_typography-font-weight);--awb-caption-title-font-style:var(--h2_typography-font-style);--awb-caption-title-size:var(--h2_typography-font-size);--awb-caption-title-transform:var(--h2_typography-text-transform);--awb-caption-title-line-height:var(--h2_typography-line-height);--awb-caption-title-letter-spacing:var(--h2_typography-letter-spacing);\"><span class=\" fusion-imageframe imageframe-none imageframe-4 hover-type-none\"><img decoding=\"async\" width=\"600\" height=\"430\" alt=\"Ventilatorer til tr\u00e6industrien\" src=\"https:\/\/moldow.com\/wp-content\/uploads\/2017\/11\/Moldow-extraction-fans.jpg\" class=\"img-responsive wp-image-3884\" srcset=\"https:\/\/moldow.com\/wp-content\/uploads\/2017\/11\/Moldow-extraction-fans-200x143.jpg 200w, https:\/\/moldow.com\/wp-content\/uploads\/2017\/11\/Moldow-extraction-fans-400x287.jpg 400w, https:\/\/moldow.com\/wp-content\/uploads\/2017\/11\/Moldow-extraction-fans.jpg 600w\" sizes=\"(max-width: 800px) 100vw, 400px\" \/><\/span><\/div><div class=\"fusion-clearfix\"><\/div><\/div><\/div><\/div><\/div><\/p>\n","protected":false},"excerpt":{"rendered":"","protected":false},"author":1,"featured_media":0,"parent":1504,"menu_order":0,"comment_status":"closed","ping_status":"closed","template":"100-width.php","meta":{"_acf_changed":false,"footnotes":""},"class_list":["post-1532","page","type-page","status-publish","hentry"],"acf":[],"yoast_head":"<!-- This site is optimized with the Yoast SEO plugin v24.8 - https:\/\/yoast.com\/wordpress\/plugins\/seo\/ -->\n<title>Ventilator \u2013 Suge-, t\u00f8mme- og transportventilatorer til filteranl\u00e6g<\/title>\n<meta name=\"description\" content=\"Moldow tilbyder markedets mest effektive ventilatorer til filteranl\u00e6g: sugeventilator, t\u00f8mmeventilator og transportventilator. L\u00e6s mere.\" \/>\n<meta name=\"robots\" content=\"index, follow, max-snippet:-1, max-image-preview:large, max-video-preview:-1\" \/>\n<link rel=\"canonical\" href=\"https:\/\/moldow.com\/da\/filteranlaeg\/produkter\/ventilator\/\" \/>\n<meta property=\"og:locale\" content=\"da_DK\" \/>\n<meta property=\"og:type\" content=\"article\" \/>\n<meta property=\"og:title\" content=\"Ventilator \u2013 Suge-, t\u00f8mme- og transportventilatorer til filteranl\u00e6g\" \/>\n<meta property=\"og:description\" content=\"Moldow tilbyder markedets mest effektive ventilatorer til filteranl\u00e6g: sugeventilator, t\u00f8mmeventilator og transportventilator. L\u00e6s mere.\" \/>\n<meta property=\"og:url\" content=\"https:\/\/moldow.com\/da\/filteranlaeg\/produkter\/ventilator\/\" \/>\n<meta property=\"og:site_name\" content=\"Moldow\" \/>\n<meta property=\"article:modified_time\" content=\"2023-08-24T07:09:32+00:00\" \/>\n<meta property=\"og:image\" content=\"https:\/\/moldow.com\/wp-content\/uploads\/2023\/06\/VELUX-fans-filter.jpg\" \/>\n<meta name=\"twitter:card\" content=\"summary_large_image\" \/>\n<meta name=\"twitter:label1\" content=\"Estimeret l\u00e6setid\" \/>\n\t<meta name=\"twitter:data1\" content=\"7 minutes\" \/>\n<script type=\"application\/ld+json\" class=\"yoast-schema-graph\">{\"@context\":\"https:\/\/schema.org\",\"@graph\":[{\"@type\":\"WebPage\",\"@id\":\"https:\/\/moldow.com\/da\/filteranlaeg\/produkter\/ventilator\/\",\"url\":\"https:\/\/moldow.com\/da\/filteranlaeg\/produkter\/ventilator\/\",\"name\":\"Ventilator \u2013 Suge-, t\u00f8mme- og transportventilatorer til filteranl\u00e6g\",\"isPartOf\":{\"@id\":\"https:\/\/moldow.com\/#website\"},\"primaryImageOfPage\":{\"@id\":\"https:\/\/moldow.com\/da\/filteranlaeg\/produkter\/ventilator\/#primaryimage\"},\"image\":{\"@id\":\"https:\/\/moldow.com\/da\/filteranlaeg\/produkter\/ventilator\/#primaryimage\"},\"thumbnailUrl\":\"https:\/\/moldow.com\/wp-content\/uploads\/2023\/06\/VELUX-fans-filter.jpg\",\"datePublished\":\"2017-11-23T13:30:08+00:00\",\"dateModified\":\"2023-08-24T07:09:32+00:00\",\"description\":\"Moldow tilbyder markedets mest effektive ventilatorer til filteranl\u00e6g: sugeventilator, t\u00f8mmeventilator og transportventilator. L\u00e6s mere.\",\"breadcrumb\":{\"@id\":\"https:\/\/moldow.com\/da\/filteranlaeg\/produkter\/ventilator\/#breadcrumb\"},\"inLanguage\":\"da-DK\",\"potentialAction\":[{\"@type\":\"ReadAction\",\"target\":[\"https:\/\/moldow.com\/da\/filteranlaeg\/produkter\/ventilator\/\"]}]},{\"@type\":\"ImageObject\",\"inLanguage\":\"da-DK\",\"@id\":\"https:\/\/moldow.com\/da\/filteranlaeg\/produkter\/ventilator\/#primaryimage\",\"url\":\"https:\/\/moldow.com\/wp-content\/uploads\/2023\/06\/VELUX-fans-filter.jpg\",\"contentUrl\":\"https:\/\/moldow.com\/wp-content\/uploads\/2023\/06\/VELUX-fans-filter.jpg\"},{\"@type\":\"BreadcrumbList\",\"@id\":\"https:\/\/moldow.com\/da\/filteranlaeg\/produkter\/ventilator\/#breadcrumb\",\"itemListElement\":[{\"@type\":\"ListItem\",\"position\":1,\"name\":\"Hjem\",\"item\":\"https:\/\/moldow.com\/da\/\"},{\"@type\":\"ListItem\",\"position\":2,\"name\":\"Filteranl\u00e6g\",\"item\":\"https:\/\/moldow.com\/da\/filteranlaeg\/\"},{\"@type\":\"ListItem\",\"position\":3,\"name\":\"Filterprodukter\",\"item\":\"https:\/\/moldow.com\/da\/filteranlaeg\/produkter\/\"},{\"@type\":\"ListItem\",\"position\":4,\"name\":\"Ventilator\"}]},{\"@type\":\"WebSite\",\"@id\":\"https:\/\/moldow.com\/#website\",\"url\":\"https:\/\/moldow.com\/\",\"name\":\"Moldow\",\"description\":\"Dust Extraction Systems and Painting Lines\",\"publisher\":{\"@id\":\"https:\/\/moldow.com\/#organization\"},\"potentialAction\":[{\"@type\":\"SearchAction\",\"target\":{\"@type\":\"EntryPoint\",\"urlTemplate\":\"https:\/\/moldow.com\/?s={search_term_string}\"},\"query-input\":{\"@type\":\"PropertyValueSpecification\",\"valueRequired\":true,\"valueName\":\"search_term_string\"}}],\"inLanguage\":\"da-DK\"},{\"@type\":\"Organization\",\"@id\":\"https:\/\/moldow.com\/#organization\",\"name\":\"Moldow A\/S\",\"url\":\"https:\/\/moldow.com\/\",\"logo\":{\"@type\":\"ImageObject\",\"inLanguage\":\"da-DK\",\"@id\":\"https:\/\/moldow.com\/#\/schema\/logo\/image\/\",\"url\":\"https:\/\/moldow.com\/wp-content\/uploads\/2017\/01\/Moldow-logo-web-ny.png\",\"contentUrl\":\"https:\/\/moldow.com\/wp-content\/uploads\/2017\/01\/Moldow-logo-web-ny.png\",\"width\":259,\"height\":38,\"caption\":\"Moldow A\/S\"},\"image\":{\"@id\":\"https:\/\/moldow.com\/#\/schema\/logo\/image\/\"}}]}<\/script>\n<!-- \/ Yoast SEO plugin. -->","yoast_head_json":{"title":"Ventilator \u2013 Suge-, t\u00f8mme- og transportventilatorer til filteranl\u00e6g","description":"Moldow tilbyder markedets mest effektive ventilatorer til filteranl\u00e6g: sugeventilator, t\u00f8mmeventilator og transportventilator. L\u00e6s mere.","robots":{"index":"index","follow":"follow","max-snippet":"max-snippet:-1","max-image-preview":"max-image-preview:large","max-video-preview":"max-video-preview:-1"},"canonical":"https:\/\/moldow.com\/da\/filteranlaeg\/produkter\/ventilator\/","og_locale":"da_DK","og_type":"article","og_title":"Ventilator \u2013 Suge-, t\u00f8mme- og transportventilatorer til filteranl\u00e6g","og_description":"Moldow tilbyder markedets mest effektive ventilatorer til filteranl\u00e6g: sugeventilator, t\u00f8mmeventilator og transportventilator. L\u00e6s mere.","og_url":"https:\/\/moldow.com\/da\/filteranlaeg\/produkter\/ventilator\/","og_site_name":"Moldow","article_modified_time":"2023-08-24T07:09:32+00:00","og_image":[{"url":"https:\/\/moldow.com\/wp-content\/uploads\/2023\/06\/VELUX-fans-filter.jpg","type":"","width":"","height":""}],"twitter_card":"summary_large_image","twitter_misc":{"Estimeret l\u00e6setid":"7 minutes"},"schema":{"@context":"https:\/\/schema.org","@graph":[{"@type":"WebPage","@id":"https:\/\/moldow.com\/da\/filteranlaeg\/produkter\/ventilator\/","url":"https:\/\/moldow.com\/da\/filteranlaeg\/produkter\/ventilator\/","name":"Ventilator \u2013 Suge-, t\u00f8mme- og transportventilatorer til filteranl\u00e6g","isPartOf":{"@id":"https:\/\/moldow.com\/#website"},"primaryImageOfPage":{"@id":"https:\/\/moldow.com\/da\/filteranlaeg\/produkter\/ventilator\/#primaryimage"},"image":{"@id":"https:\/\/moldow.com\/da\/filteranlaeg\/produkter\/ventilator\/#primaryimage"},"thumbnailUrl":"https:\/\/moldow.com\/wp-content\/uploads\/2023\/06\/VELUX-fans-filter.jpg","datePublished":"2017-11-23T13:30:08+00:00","dateModified":"2023-08-24T07:09:32+00:00","description":"Moldow tilbyder markedets mest effektive ventilatorer til filteranl\u00e6g: sugeventilator, t\u00f8mmeventilator og transportventilator. L\u00e6s mere.","breadcrumb":{"@id":"https:\/\/moldow.com\/da\/filteranlaeg\/produkter\/ventilator\/#breadcrumb"},"inLanguage":"da-DK","potentialAction":[{"@type":"ReadAction","target":["https:\/\/moldow.com\/da\/filteranlaeg\/produkter\/ventilator\/"]}]},{"@type":"ImageObject","inLanguage":"da-DK","@id":"https:\/\/moldow.com\/da\/filteranlaeg\/produkter\/ventilator\/#primaryimage","url":"https:\/\/moldow.com\/wp-content\/uploads\/2023\/06\/VELUX-fans-filter.jpg","contentUrl":"https:\/\/moldow.com\/wp-content\/uploads\/2023\/06\/VELUX-fans-filter.jpg"},{"@type":"BreadcrumbList","@id":"https:\/\/moldow.com\/da\/filteranlaeg\/produkter\/ventilator\/#breadcrumb","itemListElement":[{"@type":"ListItem","position":1,"name":"Hjem","item":"https:\/\/moldow.com\/da\/"},{"@type":"ListItem","position":2,"name":"Filteranl\u00e6g","item":"https:\/\/moldow.com\/da\/filteranlaeg\/"},{"@type":"ListItem","position":3,"name":"Filterprodukter","item":"https:\/\/moldow.com\/da\/filteranlaeg\/produkter\/"},{"@type":"ListItem","position":4,"name":"Ventilator"}]},{"@type":"WebSite","@id":"https:\/\/moldow.com\/#website","url":"https:\/\/moldow.com\/","name":"Moldow","description":"Dust Extraction Systems and Painting Lines","publisher":{"@id":"https:\/\/moldow.com\/#organization"},"potentialAction":[{"@type":"SearchAction","target":{"@type":"EntryPoint","urlTemplate":"https:\/\/moldow.com\/?s={search_term_string}"},"query-input":{"@type":"PropertyValueSpecification","valueRequired":true,"valueName":"search_term_string"}}],"inLanguage":"da-DK"},{"@type":"Organization","@id":"https:\/\/moldow.com\/#organization","name":"Moldow A\/S","url":"https:\/\/moldow.com\/","logo":{"@type":"ImageObject","inLanguage":"da-DK","@id":"https:\/\/moldow.com\/#\/schema\/logo\/image\/","url":"https:\/\/moldow.com\/wp-content\/uploads\/2017\/01\/Moldow-logo-web-ny.png","contentUrl":"https:\/\/moldow.com\/wp-content\/uploads\/2017\/01\/Moldow-logo-web-ny.png","width":259,"height":38,"caption":"Moldow A\/S"},"image":{"@id":"https:\/\/moldow.com\/#\/schema\/logo\/image\/"}}]}},"_links":{"self":[{"href":"https:\/\/moldow.com\/da\/wp-json\/wp\/v2\/pages\/1532","targetHints":{"allow":["GET"]}}],"collection":[{"href":"https:\/\/moldow.com\/da\/wp-json\/wp\/v2\/pages"}],"about":[{"href":"https:\/\/moldow.com\/da\/wp-json\/wp\/v2\/types\/page"}],"author":[{"embeddable":true,"href":"https:\/\/moldow.com\/da\/wp-json\/wp\/v2\/users\/1"}],"replies":[{"embeddable":true,"href":"https:\/\/moldow.com\/da\/wp-json\/wp\/v2\/comments?post=1532"}],"version-history":[{"count":19,"href":"https:\/\/moldow.com\/da\/wp-json\/wp\/v2\/pages\/1532\/revisions"}],"predecessor-version":[{"id":2022,"href":"https:\/\/moldow.com\/da\/wp-json\/wp\/v2\/pages\/1532\/revisions\/2022"}],"up":[{"embeddable":true,"href":"https:\/\/moldow.com\/da\/wp-json\/wp\/v2\/pages\/1504"}],"wp:attachment":[{"href":"https:\/\/moldow.com\/da\/wp-json\/wp\/v2\/media?parent=1532"}],"curies":[{"name":"wp","href":"https:\/\/api.w.org\/{rel}","templated":true}]}}