{"id":1480,"date":"2017-11-22T14:34:49","date_gmt":"2017-11-22T14:34:49","guid":{"rendered":"http:\/\/moldow.kbds.dk\/?page_id=1480"},"modified":"2025-11-25T13:08:25","modified_gmt":"2025-11-25T13:08:25","slug":"salgs-og-leveringsbetingelser","status":"publish","type":"page","link":"https:\/\/moldow.com\/da\/om-moldow\/salgs-og-leveringsbetingelser\/","title":{"rendered":"Salgs- og leveringsbetingelser"},"content":{"rendered":"<div class=\"fusion-fullwidth fullwidth-box fusion-builder-row-1 nonhundred-percent-fullwidth non-hundred-percent-height-scrolling\" style=\"--awb-border-radius-top-left:0px;--awb-border-radius-top-right:0px;--awb-border-radius-bottom-right:0px;--awb-border-radius-bottom-left:0px;--awb-padding-top:20px;--awb-margin-top:80px;--awb-background-color:rgba(255,255,255,0.92);--awb-flex-wrap:wrap;\" ><div class=\"fusion-builder-row fusion-row\"><div class=\"fusion-layout-column fusion_builder_column fusion-builder-column-0 fusion_builder_column_1_1 1_1 fusion-one-full fusion-column-first fusion-column-last\" style=\"--awb-bg-size:cover;\"><div class=\"fusion-column-wrapper fusion-flex-column-wrapper-legacy\"><div class=\"fusion-column-content-centered\"><div class=\"fusion-column-content\"><div class=\"fusion-title title fusion-title-1 sep-underline sep-solid fusion-title-text fusion-title-size-one\"><h1 class=\"fusion-title-heading title-heading-left\" style=\"margin:0;\">ALMINDELIGE SALGS- OG LEVERINGSBETINGELSER<\/h1><\/div><div class=\"fusion-text fusion-text-1\" style=\"--awb-text-transform:none;\"><p>1. ANVENDELSE<br \/>\nDisse almindelige salgs- og leveringsbetingelser g\u00e6lder for alle leverancer af produkter, montagearbejde og serviceydelser fra Moldow og dermed koncernforbundne selskaber, medmindre andet er udtrykkeligt og skriftligt aftalt. Moldow er s\u00e5ledes ikke bundet af eventuelle af k\u00f8ber fremsatte k\u00f8bsvilk\u00e5r, selvom Moldow ikke har gjort indsigelse mod s\u00e5danne vilk\u00e5r.<br \/>\nI \u00f8vrigt finder NL92 (Almindelige leveringsbetingelser for leverancer af maskiner og andet mekanisk, elektrisk og elektronisk udstyr mellem Danmark, Finland, Norge og Sverige samt inden for disse lande) anvendelse p\u00e5 leverancen, medmindre der samtidig er inkluderet montage, i hvilket tilf\u00e6lde NLM 94 (Almindelige betingelser for levering og montering af maskiner og andet mekanisk, elektrisk og elektronisk udstyr mellem Danmark, Finland, Norge og Sverige samt inden for disse lande) finder anvendelse.<br \/>\nEr der uoverensstemmelse mellem disse salgs- og leveringsbetingelser og NL 92\/NLM 10, g\u00e5r disse salgs- og leveringsbetingelser forud. De individuelle vilk\u00e5r i leveringsaftalen g\u00e5r altid forud for salgs- og leveringsbetingelser og NL 92\/NLM 10.<\/p>\n<p>2. TILBUD OG ORDREBEKR\u00c6FTELSE<br \/>\nTilbud fra Moldow er uforbindende, medmindre andet er aftalt. Eventuelle bindende tilbud bortfalder otte uger efter tilbudsdato, medmindre andet er angivet i tilbuddet.<br \/>\nEndelig aftale om levering er f\u00f8rst indg\u00e5et ved k\u00f8bers modtagelse af Moldows skriftlige ordrebekr\u00e6ftelse, og kun indholdet af denne er bindende for parterne.<br \/>\nS\u00e5fremt ordrebekr\u00e6ftelsen afviger fra k\u00f8bers ordre ved till\u00e6g, indskr\u00e6nkning eller forbehold, som k\u00f8ber ikke vil acceptere, skal k\u00f8ber inden 1 uge meddele dette til Moldow. I modsat fald g\u00e6lder alene ordrebekr\u00e6ftelsen.<\/p>\n<p>3. TEKNISKE OPLYSNINGER OG TEGNINGER<br \/>\nOplysninger i kataloger, brochurer, annoncer, hjemmesider, produktinformationer, illustrationer, tegninger og andet materiale, som ikke er fremstillet specifikt til den konkrete ordre, er alene vejledende. Oplysninger om v\u00e6gt, dimensioner, kapacitet, volumen, belastningsevne, hastighed og andre tekniske data er s\u00e5ledes kun bindende for Moldow, n\u00e5r s\u00e6rskilt oplysning herom indg\u00e5r i aftalegrundlaget.<br \/>\nEvt. bistand i form af teknisk vejledning, m\u00e5ltagning, beregning af kvantitet ud fra tegningsmateriale m.v. er udelukkende en service, for hvilken Moldow ikke p\u00e5tager sig noget ansvar.<br \/>\nMoldow p\u00e5tager sig intet ansvar for oplysninger i udleveret skriftligt materiale om produkterne, udarbejdet af Moldows leverand\u00f8rer.<br \/>\nAlle tegninger, beskrivelser og andre tekniske dokumenter, som f\u00f8r eller efter aftalens indg\u00e5else er overladt k\u00f8ber, forbliver Moldows ejendom og m\u00e5 ikke anvendes af k\u00f8ber til andet form\u00e5l end forudsat ved overladelsen. Materialet m\u00e5 ikke uden tilladelse kopieres, reproduceres, overlades eller p\u00e5 anden m\u00e5de bringes til tredjemands kundskab.<\/p>\n<p>4. LEVERING<br \/>\nEr leveringsklausul aftalt, fortolkes denne i overensstemmelse med Incoterms. Er intet aftalt, sker levering \u201dab fabrik\u201d (\u201dEx Works (EXW)\u201d) Moldows fabrik i Holsted. Medmindre andet udtrykkeligt er aftalt b\u00e6rer k\u00f8ber risikoen under transport, uanset om denne er arrangeret af Moldow, og k\u00f8ber er ligeledes forpligtet til at betale Moldows afholdte udgifter til transporten.<br \/>\nEr der i stedet for et bestemt leveringstidspunkt angivet et tidsrum, inden for hvilket levering skal finde sted, anses tidsrummet for at l\u00f8be fra den seneste af f\u00f8lgende datoer:<br \/>\na) Ordrebekr\u00e6ftelsens dato<br \/>\nb) Opfyldelse af gyldighedsbetingelser, som m\u00e5tte fremg\u00e5 af aftalen<br \/>\nc) Erl\u00e6ggelse af aftalte forudbetalinger\/sikkerhedsstillelser fra k\u00f8ber<br \/>\nd) Modtagelse af n\u00f8dvendige oplysninger for at arbejdet kan p\u00e5begyndes<br \/>\nFremg\u00e5r et udtrykkeligt og konkret leveringstidspunkt\/-tidsrum ikke af ordrebekr\u00e6ftelsen, anses angivelser herom for at v\u00e6re omtrentlige.<br \/>\nK\u00f8ber skal \u2013 uanset leveringsbetingelserne \u2013 forest\u00e5 afl\u00e6sning p\u00e5 leveringsstedet og skal i den forbindelse stille det n\u00f8dvendige materiel til r\u00e5dighed.<br \/>\nK\u00f8ber er forpligtet til at unders\u00f8ge leverancen ved levering og reklamere over for transport\u00f8ren, s\u00e5fremt der er skade eller manko. Reklamation skal ved synlige skader eller manko ske straks til transport\u00f8ren ved skriftlig reklamation p\u00e5 fragtbrevet. Reklamationen skal v\u00e6re begrundet og angive skadens eller mankoens karakter og omfang. Ved ikke-synlige skader eller manko skal k\u00f8ber reklamere skriftligt til transport\u00f8ren inden syv dage efter modtagelse. I alle tilf\u00e6lde skal k\u00f8ber orientere Moldow om reklamationen.<\/p>\n<p>5. PRISER<br \/>\nMedmindre andet er skriftligt aftalt, sker leverancer til de p\u00e5 leveringstidspunktet af Moldow fastsatte priser. Alle opgivne priser er ekskl. moms og andre afgifter, ab fabrik uden emballage, fragt og forsikring, samt i danske kroner. Ved salg til udlandet er eventuelle eksportudgifter, toldafgifter og lignende Moldow uvedkommende.<br \/>\nFor leverancer, som skal fremstilles efter ordrebekr\u00e6ftelsens afsendelse, har Moldow ret til at regulere den aftalte pris, hvis der efter ordrebekr\u00e6ftelsens afgivelse indtr\u00e6ffer stigninger i offentlige afgifter, gebyrer og skatter m.m., som Moldow ikke var bekendt med ved ordrebekr\u00e6ftelsens afgivelse.<\/p>\n<p>6. BETALING<br \/>\nBetaling skal ske netto kontant ved modtagelse af faktura, medmindre andet fremg\u00e5r af ordrebekr\u00e6ftelsen.<br \/>\nEr der aftalt betaling ved levering, skal betaling falde p\u00e5 den aftalte leveringsdag, selv hvis levering udskydes p\u00e5 grund af k\u00f8bers forhold.<br \/>\nFra forfaldsdatoen beregner Moldow sig en kreditrente p\u00e5 2 % pr. p\u00e5begyndt m\u00e5ned.<\/p>\n<p>7. EJENDOMSFORBEHOLD<br \/>\nEjendomsretten til det solgte forbliver hos Moldow, indtil hele k\u00f8besummen inkl. leverings- og monteringsudgifter og renter er betalt.<br \/>\nK\u00f8ber er forpligtet til at sikre, at det solgte er d\u00e6kket af forn\u00f8den skadesforsikring, indtil hele k\u00f8besummen er betalt, og Moldow skal v\u00e6re medd\u00e6kket under den udtagne forsikring.<\/p>\n<p>8. RISIKOENS OVERGANG<br \/>\nRisikoen for det solgtes h\u00e6ndelige beskadigelse eller undergang overg\u00e5r til k\u00f8ber ved levering, s\u00e5ledes som dette begreb defineres i Incoterms 2020 i henhold til den aftalte leveringsklausul.<br \/>\nHvis levering p\u00e5 grund af k\u00f8bers forhold udskydes, overg\u00e5r risikoen til k\u00f8ber p\u00e5 den oprindeligt aftalte leveringsdag.<\/p>\n<p>9. S\u00c6LGERS FORSINKELSE<br \/>\nS\u00e5fremt Moldow ikke kan levere rettidigt, jf. punkt 4, eller m\u00e5 forsinkelse anses for sandsynlig, skal k\u00f8ber straks underrettes skriftligt herom med angivelse af \u00e5rsag samt med oplysning om, hvorn\u00e5r levering kan finde sted.<br \/>\nHvis forsinkelse skyldes force majeure, jf. punkt 17, forsinkelse fra underleverand\u00f8rer, manglende betaling af k\u00f8besummen eller rater heraf eller andre hindringer, som k\u00f8ber er ansvarlig for, udskydes leveringstidspunktet med s\u00e5 mange dage, som under hensyntagen til alle omst\u00e6ndigheder sk\u00f8nnes rimeligt.<br \/>\nS\u00e5fremt Moldow er ansvarlig for forsinkelsen, kan eventuel erstatning for k\u00f8bers dokumenterede tab maksimalt udg\u00f8re 0,5 % af k\u00f8besummen for hver hele uge forsinkelsen varer, beregnet af den del af k\u00f8besummen, som ang\u00e5r den del af leverancen, som er forsinket. Erstatningen kan ikke overstige 7,5 % af beregningsgrundlaget. Moldow kan herudover ikke holdes ansvarlig for noget tab eller nogen bod, hverken i henhold til NL92\/NLM94 eller p\u00e5 noget andet grundlag.<br \/>\nN\u00e5s erstatningens maksimum, kan k\u00f8ber ved skriftlig meddelelse til Moldow s\u00e6tte en sidste frist p\u00e5 minimum 14 kalenderdage til levering. Oversiddes ogs\u00e5 denne frist, kan k\u00f8ber ved skriftlig meddelelse h\u00e6ve aftalen for s\u00e5 vidt ang\u00e5r den del af leverancen, som ikke er leveret. H\u00e6ver k\u00f8ber aftalen, kan han ikke kr\u00e6ve erstatning for forsinkelse, men kan i stedet kr\u00e6ve erstatning for sine dokumenterede direkte tab ved misligholdelsen. Erstatningen kan ikke overstige 15 % af den del af k\u00f8besummen, som ang\u00e5r den h\u00e6vede leverance. K\u00f8bers indirekte tab erstattes ikke.<\/p>\n<p>10. K\u00d8BERS FORSINKELSE<br \/>\nKan k\u00f8ber ikke modtage leverancen p\u00e5 den aftalte leveringsdag, eller m\u00e5 forsinkelse fra hans side anses for sandsynlig, skal k\u00f8ber straks give Moldow skriftlig underretning herom med angivelse af \u00e5rsag og af det tidspunkt, hvor modtagelse p\u00e5regnes at kunne ske.<br \/>\nS\u00e6lger skal s\u00f8rge for, at leverancen opbevares forsvarligt for k\u00f8bers regning. Hvis k\u00f8ber anmoder om det, skal Moldow forsikre leverancen for k\u00f8bers regning.<br \/>\nMoldow kan opfordre k\u00f8ber til at aftage leverancen inden rimelig tid. Efterkommes dette ikke, uden at der foreligger force majeure, kan Moldow kr\u00e6ve morarenter, jf. punkt 6, og efter skriftligt p\u00e5krav med 1 m\u00e5neds varsel h\u00e6ve aftalen, medmindre der foreligger force majeure. H\u00e6ves aftalen, kan Moldow kr\u00e6ve erstatning for sit tab. Erstatningen kan ikke overstige k\u00f8besummen med till\u00e6g af opbevaringsomkostninger.<\/p>\n<p>11. S\u00c6LGERS ANSVAR FOR MANGLER<br \/>\nMoldow er forpligtet til at afhj\u00e6lpe alle mangler ved leverancen, som skyldes fejl i konstruktion, materiale eller fremstilling. Afhj\u00e6lpning sker ved reparation eller udskiftning af den defekte del.<br \/>\nMoldows ansvar omfatter kun mangler, som viser sig inden 1 \u00e5r fra levering. Er der aftalt afleveringstest, regnes fristen fra afholdelsen af tilfredsstillende test. Anvendes leverancen mere intensivt end aftalt eller forudsat, afkortes perioden forholdsm\u00e6ssigt.<br \/>\nMoldows ansvar omfatter ikke s\u00e6dvanlig udskiftning af sliddele og omfatter ikke mangler for\u00e5rsaget af materiale tilvejebragt af k\u00f8ber eller af konstruktioner, der er foreskrevet eller specificeret af denne, eller som skyldes forkert betjening, mangelfuld vedligeholdelse eller urigtig montering eller reparation foretaget af k\u00f8ber.<br \/>\nMoldow beslutter, hvor reparation skal finde sted. Demontering og montering af den defekte del foretages af k\u00f8ber, medmindre dette kr\u00e6ver Moldows s\u00e6rlige fagkundskab. Moldow b\u00e6rer omkostninger og risiko ved forsendelse af den defekte del mellem Moldow og det oprindelige leveringssted for den defekte del. K\u00f8ber skal f\u00f8lge Moldows instrukser om forsendelsesm\u00e5de. Befinder den defekte del sig andetsteds eller under andre forhold end det oprindelige leveringssted, b\u00e6rer k\u00f8ber evt. meromkostninger for\u00e5rsaget heraf.<br \/>\nUdskiftede dele er Moldows ejendom. Ansvarsperioden forl\u00e6nges med det tidsrum, det solgte ligger ubenyttet i anledning af reparationen. Ansvaret for udskiftede dele oph\u00f8rer samtidig med ansvaret for anl\u00e6gget i \u00f8vrigt.<br \/>\nK\u00f8ber skal straks skriftligt reklamere over opst\u00e5ede mangler. Reklameres for sent, mister k\u00f8ber sin ret til afhj\u00e6lpning. S\u00e5fremt Moldow ikke foretager afhj\u00e6lpning inden rimelig tid, kan k\u00f8ber fasts\u00e6tte en sidste frist med et skriftligt varsel. Oversiddes ogs\u00e5 denne frist, kan k\u00f8ber v\u00e6lge mellem at lade reparation foretages for Moldows regning og risiko eller at forlange et forholdsm\u00e6ssigt afslag i k\u00f8besummen, dog h\u00f8jst 15 % af den aftalte samlede k\u00f8besum for den defekte del. Moldow har intet ansvar for mangler ud over det ovenfor anf\u00f8rte og h\u00e6fter s\u00e5ledes ikke for k\u00f8bers driftstab, tabt fortjeneste eller andre indirekte tab eller \u00f8konomiske konsekvenstab.<br \/>\nEr en mangel for\u00e5rsaget af eller opst\u00e5et i dele leveret af Moldows underleverand\u00f8rer eller arbejder udf\u00f8rt af dennes underentrepren\u00f8rer h\u00e6fter Moldow ikke i videre omfang, end det er muligt at gennemf\u00f8re og f\u00e5 fyldestgjort kravet overfor den p\u00e5g\u00e6ldende.<\/p>\n<p>12. PRODUKTANSVAR<br \/>\nMoldow er ikke ansvarlig for skader forvoldt af leverancen p\u00e5 fast ejendom eller l\u00f8s\u00f8re, som indtr\u00e6der, mens leverancen er i k\u00f8bers besiddelse, eller for skader p\u00e5 produkter, der er fremstillet af k\u00f8ber, eller p\u00e5 produkter, hvori disse indg\u00e5r, eller for skader p\u00e5 fast ejendom eller l\u00f8s\u00f8re, som disse produkter som f\u00f8lge af leverancen for\u00e5rsager, medmindre der foreligger grov uagtsomhed.<br \/>\nMoldow er \u2013 uanset ovenst\u00e5ende &#8211; i intet tilf\u00e6lde ansvarlig for driftstab, tabt fortjeneste eller andre indirekte eller \u00f8konomiske konsekvenstab, og ansvaret for skade p\u00e5 person og ting kan ikke overstige DKK 10.000.000.<br \/>\nRejser tredjemand s\u00e5danne krav mod Moldow, skal k\u00f8ber holde Moldow skadesl\u00f8s for ethvert tab. Parterne skal straks underrette hinanden, hvis tredjemand frems\u00e6tter krav, og parterne er gensidigt forpligtede til at lade sig sags\u00f8ge ved den domstol eller voldgiftsret, som behandler erstatningskravet, der er rejst mod \u00e9n af dem p\u00e5 grundlag af en skade eller et tab, som p\u00e5st\u00e5s for\u00e5rsaget af Moldows leverance.<\/p>\n<p>13. ANTICIPERET MISLIGHOLDELSE<br \/>\nHvis det utvivlsomt fremg\u00e5r af omst\u00e6ndighederne, at k\u00f8ber ikke er i stand til at opfylde sine forpligtelser efter kontrakten, er Moldow berettiget til at h\u00e6ve aftalen ved skriftlig meddelelse med angivelse af \u00e5rsagen. K\u00f8ber er i s\u00e5 fald erstatningspligtig efter dansk rets almindelige regler.<\/p>\n<p>14. INDIREKTE TAB<br \/>\nSom eksempelvis angivet i afsnittene om forsinkelse, mangler og produktansvar er Moldow i intet tilf\u00e6lde ansvarlig for k\u00f8bers indirekte tab som f\u00f8lge af aftalens ikke-opfyldelse, v\u00e6re sig produktionstab, tabte d\u00e6kningsbidrag, tabte kunder eller ordrer eller andet.<\/p>\n<p>15. SOFTWARE<br \/>\nLeverer Moldow et produkt med tilh\u00f8rende software, erhverver k\u00f8ber en ikke-eksklusiv brugsret til softwaren begr\u00e6nset til det form\u00e5l, som fremg\u00e5r af produktspecifikationen. Ud over dette erhverver k\u00f8ber ingen rettigheder til softwaren. K\u00f8ber har ikke adgang til kildekoden til softwaren, medmindre der foreligger udtrykkelig aftale herom med den p\u00e5g\u00e6ldende rettighedshaver. Er brugsretten betinget af en l\u00f8bende licensbetaling, p\u00e5hviler betalingspligten k\u00f8ber.<\/p>\n<p>16. \u00c6NDRINGER<br \/>\nMoldow forbeholder sig ret til uden varsel at foretage \u00e6ndringer i sine produkter, s\u00e5fremt dette kan ske uden v\u00e6sentligt at \u00e6ndre aftalte tekniske specifikationer og uden v\u00e6sentlig \u00e6ndring af produkternes form, funktion eller holdbarhed.<\/p>\n<p>17. FORCE MAJEURE<br \/>\nMoldow er berettiget til at annullere ordrer eller udskyde aftalt levering og er i \u00f8vrigt fri for ansvar for enhver manglende, mangelfuld eller forsinket levering, der helt eller delvis skyldes omst\u00e6ndigheder, som ligger udenfor Moldows rimelige kontrolmuligheder, s\u00e5som opr\u00f8r, uroligheder, krig, terrorisme, eksplosion, brand, naturkatastrofer, offentlige forskrifter, forbud og p\u00e5bud, strejke, lockout, slow-down, mangel p\u00e5 transportmidler, vareknaphed, sygdom, fratr\u00e6den af n\u00f8glepersoner eller forsinkelse af eller mangler ved leverancer fra underleverand\u00f8rer eller -entrepren\u00f8rer, uheld i produktion eller afpr\u00f8vning, edb-vira eller manglende energiforsyning. Samtlige k\u00f8bers bef\u00f8jelser suspenderes eller bortfalder i s\u00e5danne tilf\u00e6lde. K\u00f8ber kan s\u00e5ledes hverken i tilf\u00e6lde af annullering eller udskudt effektuering kr\u00e6ve skadeserstatning eller frems\u00e6tte noget krav i \u00f8vrigt mod Moldow.<\/p>\n<p>18. LOVVALG OG VOLDGIFT<br \/>\nAlle tvister, som udspringer af eller i forbindelse med aftalen, herunder tvister om aftalens eksistens og gyldighed, disse vilk\u00e5rs forst\u00e5else og anvendelse samt leverancers overensstemmelse med aftalen, afg\u00f8res efter dansk ret og ved voldgift ved Voldgiftsinstituttet i K\u00f8benhavn efter de af Voldgiftsinstituttet vedtagne regler herom, som er g\u00e6ldende ved indledningen af voldgiftssagen, dog s\u00e5ledes at tvister hvor det omtvistede bel\u00f8b udg\u00f8r under DKK 1.000.000, skal afg\u00f8res af Voldgiftsinstituttet i K\u00f8benhavn ved forenklet voldgift efter de af Voldgiftsinstituttet vedtagne regler herom, som er g\u00e6ldende ved indledningen af voldgiftssagen.<\/p>\n<p style=\"text-align: right;\">Revideret: November 2025<\/p>\n<\/div><\/div><\/div><div class=\"fusion-clearfix\"><\/div><\/div><\/div><\/div><\/div>\n","protected":false},"excerpt":{"rendered":"","protected":false},"author":1,"featured_media":0,"parent":1475,"menu_order":0,"comment_status":"closed","ping_status":"closed","template":"100-width.php","meta":{"_acf_changed":false,"footnotes":""},"class_list":["post-1480","page","type-page","status-publish","hentry"],"acf":[],"yoast_head":"<!-- This site is optimized with the Yoast SEO plugin v24.8 - https:\/\/yoast.com\/wordpress\/plugins\/seo\/ -->\n<title>Salgs- og leveringsbetingelser | Moldow<\/title>\n<meta name=\"robots\" content=\"index, follow, max-snippet:-1, max-image-preview:large, max-video-preview:-1\" \/>\n<link rel=\"canonical\" href=\"https:\/\/moldow.com\/da\/om-moldow\/salgs-og-leveringsbetingelser\/\" \/>\n<meta property=\"og:locale\" content=\"da_DK\" \/>\n<meta property=\"og:type\" content=\"article\" \/>\n<meta property=\"og:title\" content=\"Salgs- og leveringsbetingelser | Moldow\" \/>\n<meta property=\"og:url\" content=\"https:\/\/moldow.com\/da\/om-moldow\/salgs-og-leveringsbetingelser\/\" \/>\n<meta property=\"og:site_name\" content=\"Moldow\" \/>\n<meta property=\"article:modified_time\" content=\"2025-11-25T13:08:25+00:00\" \/>\n<meta name=\"twitter:card\" content=\"summary_large_image\" \/>\n<meta name=\"twitter:label1\" content=\"Estimeret l\u00e6setid\" \/>\n\t<meta name=\"twitter:data1\" content=\"10 minutes\" \/>\n<script type=\"application\/ld+json\" class=\"yoast-schema-graph\">{\"@context\":\"https:\/\/schema.org\",\"@graph\":[{\"@type\":\"WebPage\",\"@id\":\"https:\/\/moldow.com\/da\/om-moldow\/salgs-og-leveringsbetingelser\/\",\"url\":\"https:\/\/moldow.com\/da\/om-moldow\/salgs-og-leveringsbetingelser\/\",\"name\":\"Salgs- og leveringsbetingelser | Moldow\",\"isPartOf\":{\"@id\":\"https:\/\/moldow.com\/#website\"},\"datePublished\":\"2017-11-22T14:34:49+00:00\",\"dateModified\":\"2025-11-25T13:08:25+00:00\",\"breadcrumb\":{\"@id\":\"https:\/\/moldow.com\/da\/om-moldow\/salgs-og-leveringsbetingelser\/#breadcrumb\"},\"inLanguage\":\"da-DK\",\"potentialAction\":[{\"@type\":\"ReadAction\",\"target\":[\"https:\/\/moldow.com\/da\/om-moldow\/salgs-og-leveringsbetingelser\/\"]}]},{\"@type\":\"BreadcrumbList\",\"@id\":\"https:\/\/moldow.com\/da\/om-moldow\/salgs-og-leveringsbetingelser\/#breadcrumb\",\"itemListElement\":[{\"@type\":\"ListItem\",\"position\":1,\"name\":\"Hjem\",\"item\":\"https:\/\/moldow.com\/da\/\"},{\"@type\":\"ListItem\",\"position\":2,\"name\":\"Om Moldow\",\"item\":\"https:\/\/moldow.com\/da\/om-moldow\/\"},{\"@type\":\"ListItem\",\"position\":3,\"name\":\"Salgs- og leveringsbetingelser\"}]},{\"@type\":\"WebSite\",\"@id\":\"https:\/\/moldow.com\/#website\",\"url\":\"https:\/\/moldow.com\/\",\"name\":\"Moldow\",\"description\":\"Dust Extraction Systems and Painting Lines\",\"publisher\":{\"@id\":\"https:\/\/moldow.com\/#organization\"},\"potentialAction\":[{\"@type\":\"SearchAction\",\"target\":{\"@type\":\"EntryPoint\",\"urlTemplate\":\"https:\/\/moldow.com\/?s={search_term_string}\"},\"query-input\":{\"@type\":\"PropertyValueSpecification\",\"valueRequired\":true,\"valueName\":\"search_term_string\"}}],\"inLanguage\":\"da-DK\"},{\"@type\":\"Organization\",\"@id\":\"https:\/\/moldow.com\/#organization\",\"name\":\"Moldow A\/S\",\"url\":\"https:\/\/moldow.com\/\",\"logo\":{\"@type\":\"ImageObject\",\"inLanguage\":\"da-DK\",\"@id\":\"https:\/\/moldow.com\/#\/schema\/logo\/image\/\",\"url\":\"https:\/\/moldow.com\/wp-content\/uploads\/2017\/01\/Moldow-logo-web-ny.png\",\"contentUrl\":\"https:\/\/moldow.com\/wp-content\/uploads\/2017\/01\/Moldow-logo-web-ny.png\",\"width\":259,\"height\":38,\"caption\":\"Moldow A\/S\"},\"image\":{\"@id\":\"https:\/\/moldow.com\/#\/schema\/logo\/image\/\"}}]}<\/script>\n<!-- \/ Yoast SEO plugin. -->","yoast_head_json":{"title":"Salgs- og leveringsbetingelser | Moldow","robots":{"index":"index","follow":"follow","max-snippet":"max-snippet:-1","max-image-preview":"max-image-preview:large","max-video-preview":"max-video-preview:-1"},"canonical":"https:\/\/moldow.com\/da\/om-moldow\/salgs-og-leveringsbetingelser\/","og_locale":"da_DK","og_type":"article","og_title":"Salgs- og leveringsbetingelser | Moldow","og_url":"https:\/\/moldow.com\/da\/om-moldow\/salgs-og-leveringsbetingelser\/","og_site_name":"Moldow","article_modified_time":"2025-11-25T13:08:25+00:00","twitter_card":"summary_large_image","twitter_misc":{"Estimeret l\u00e6setid":"10 minutes"},"schema":{"@context":"https:\/\/schema.org","@graph":[{"@type":"WebPage","@id":"https:\/\/moldow.com\/da\/om-moldow\/salgs-og-leveringsbetingelser\/","url":"https:\/\/moldow.com\/da\/om-moldow\/salgs-og-leveringsbetingelser\/","name":"Salgs- og leveringsbetingelser | Moldow","isPartOf":{"@id":"https:\/\/moldow.com\/#website"},"datePublished":"2017-11-22T14:34:49+00:00","dateModified":"2025-11-25T13:08:25+00:00","breadcrumb":{"@id":"https:\/\/moldow.com\/da\/om-moldow\/salgs-og-leveringsbetingelser\/#breadcrumb"},"inLanguage":"da-DK","potentialAction":[{"@type":"ReadAction","target":["https:\/\/moldow.com\/da\/om-moldow\/salgs-og-leveringsbetingelser\/"]}]},{"@type":"BreadcrumbList","@id":"https:\/\/moldow.com\/da\/om-moldow\/salgs-og-leveringsbetingelser\/#breadcrumb","itemListElement":[{"@type":"ListItem","position":1,"name":"Hjem","item":"https:\/\/moldow.com\/da\/"},{"@type":"ListItem","position":2,"name":"Om Moldow","item":"https:\/\/moldow.com\/da\/om-moldow\/"},{"@type":"ListItem","position":3,"name":"Salgs- og leveringsbetingelser"}]},{"@type":"WebSite","@id":"https:\/\/moldow.com\/#website","url":"https:\/\/moldow.com\/","name":"Moldow","description":"Dust Extraction Systems and Painting Lines","publisher":{"@id":"https:\/\/moldow.com\/#organization"},"potentialAction":[{"@type":"SearchAction","target":{"@type":"EntryPoint","urlTemplate":"https:\/\/moldow.com\/?s={search_term_string}"},"query-input":{"@type":"PropertyValueSpecification","valueRequired":true,"valueName":"search_term_string"}}],"inLanguage":"da-DK"},{"@type":"Organization","@id":"https:\/\/moldow.com\/#organization","name":"Moldow A\/S","url":"https:\/\/moldow.com\/","logo":{"@type":"ImageObject","inLanguage":"da-DK","@id":"https:\/\/moldow.com\/#\/schema\/logo\/image\/","url":"https:\/\/moldow.com\/wp-content\/uploads\/2017\/01\/Moldow-logo-web-ny.png","contentUrl":"https:\/\/moldow.com\/wp-content\/uploads\/2017\/01\/Moldow-logo-web-ny.png","width":259,"height":38,"caption":"Moldow A\/S"},"image":{"@id":"https:\/\/moldow.com\/#\/schema\/logo\/image\/"}}]}},"_links":{"self":[{"href":"https:\/\/moldow.com\/da\/wp-json\/wp\/v2\/pages\/1480","targetHints":{"allow":["GET"]}}],"collection":[{"href":"https:\/\/moldow.com\/da\/wp-json\/wp\/v2\/pages"}],"about":[{"href":"https:\/\/moldow.com\/da\/wp-json\/wp\/v2\/types\/page"}],"author":[{"embeddable":true,"href":"https:\/\/moldow.com\/da\/wp-json\/wp\/v2\/users\/1"}],"replies":[{"embeddable":true,"href":"https:\/\/moldow.com\/da\/wp-json\/wp\/v2\/comments?post=1480"}],"version-history":[{"count":7,"href":"https:\/\/moldow.com\/da\/wp-json\/wp\/v2\/pages\/1480\/revisions"}],"predecessor-version":[{"id":12464,"href":"https:\/\/moldow.com\/da\/wp-json\/wp\/v2\/pages\/1480\/revisions\/12464"}],"up":[{"embeddable":true,"href":"https:\/\/moldow.com\/da\/wp-json\/wp\/v2\/pages\/1475"}],"wp:attachment":[{"href":"https:\/\/moldow.com\/da\/wp-json\/wp\/v2\/media?parent=1480"}],"curies":[{"name":"wp","href":"https:\/\/api.w.org\/{rel}","templated":true}]}}