{"id":12164,"date":"2025-11-04T13:43:13","date_gmt":"2025-11-04T13:43:13","guid":{"rendered":"https:\/\/moldow.com\/?page_id=12164"},"modified":"2026-01-20T08:12:58","modified_gmt":"2026-01-20T08:12:58","slug":"filtreringssystem-til-producent-af-papemballage","status":"publish","type":"page","link":"https:\/\/moldow.com\/da\/filteranlaeg\/industrier\/pap-og-papirindustrien\/filtreringssystem-til-producent-af-papemballage\/","title":{"rendered":"Filtreringssystem til producent af papemballage"},"content":{"rendered":"<p><div class=\"fusion-fullwidth fullwidth-box fusion-builder-row-1 fusion-flex-container has-pattern-background has-mask-background nonhundred-percent-fullwidth non-hundred-percent-height-scrolling\" style=\"--awb-border-radius-top-left:0px;--awb-border-radius-top-right:0px;--awb-border-radius-bottom-right:0px;--awb-border-radius-bottom-left:0px;--awb-margin-top:80px;--awb-background-color:var(--awb-color1);--awb-flex-wrap:wrap;\" ><div class=\"fusion-builder-row fusion-row fusion-flex-align-items-flex-start fusion-flex-content-wrap\" style=\"max-width:1144px;margin-left: calc(-4% \/ 2 );margin-right: calc(-4% \/ 2 );\"><div class=\"fusion-layout-column fusion_builder_column fusion-builder-column-0 fusion_builder_column_2_3 2_3 fusion-flex-column\" style=\"--awb-bg-size:cover;--awb-width-large:66.666666666667%;--awb-margin-top-large:0px;--awb-spacing-right-large:2.88%;--awb-margin-bottom-large:0px;--awb-spacing-left-large:2.88%;--awb-width-medium:100%;--awb-order-medium:0;--awb-spacing-right-medium:1.92%;--awb-spacing-left-medium:1.92%;--awb-width-small:100%;--awb-order-small:0;--awb-spacing-right-small:1.92%;--awb-spacing-left-small:1.92%;\"><div class=\"fusion-column-wrapper fusion-column-has-shadow fusion-flex-justify-content-flex-start fusion-content-layout-column\"><div class=\"fusion-title title fusion-title-1 sep-underline sep-solid fusion-title-text fusion-title-size-one\"><h1 class=\"fusion-title-heading title-heading-left\" style=\"margin:0;\">FILTRERINGSSYSTEM TIL POLSK PRODUCENT AF PAPEMBALLAGE<\/h1><\/div><div class=\"fusion-text fusion-text-1\"><p data-start=\"87\" data-end=\"228\"><strong data-start=\"87\" data-end=\"226\">Moldow har designet, leveret og idriftsat et nyt st\u00f8vudsugnings- og filtreringssystem hos en f\u00f8rende producent af papemballage i Polen.<\/strong><\/p>\n<p data-start=\"230\" data-end=\"413\">Dette markerer det andet succesfulde samarbejde mellem Moldow og kunden, efter en tidligere opgradering af et udsugningssystem, hvor et gammelt og ineffektivt system blev erstattet.<\/p>\n<p data-start=\"415\" data-end=\"671\">Tilfreds med ydelsen, p\u00e5lideligheden og energieffektiviteten af det f\u00f8rste system valgte kunden igen Moldow til at levere en moderne st\u00f8vudsugningsl\u00f8sning til deres nye produktionshal \u2014 hvilket sikrer ren luft, effektiv drift og langsigtet b\u00e6redygtighed.<\/p>\n<p data-start=\"70\" data-end=\"132\"><strong>Skr\u00e6ddersyet filtreringssystem til moderne papproduktion<\/strong><\/p>\n<p data-start=\"134\" data-end=\"306\">Det nyligt installerede st\u00f8vudsugningssystem har en kapacitet p\u00e5 5.000 m\u00b3\/h og er konstrueret til at opfylde de h\u00f8jeste standarder for sikkerhed, ydeevne og effektivitet.<\/p>\n<p data-start=\"308\" data-end=\"340\"><strong data-start=\"308\" data-end=\"338\">Systemets n\u00f8glefunktioner:<\/strong><\/p>\n<ul>\n<li>Moldow SB EX T <a href=\"https:\/\/moldow.com\/da\/filteranlaeg\/produkter\/filter\/\">posefilter<\/a> \u2013 sikrer effektiv st\u00f8vopsamling og eksplosionsbeskyttelse<\/li>\n<li>Moldow RS-7,5 EXL<a href=\"https:\/\/moldow.com\/da\/filteranlaeg\/produkter\/rotorsluse\/\"> roterende ventil<\/a> \u2013 muligg\u00f8r sikker og effektiv udt\u00f8mning af opsamlet materiale i bigbags.<\/li>\n<li><a href=\"https:\/\/barkerbille.dk\/\">BarkerBille<\/a> by Moldow DST40 <a href=\"https:\/\/moldow.com\/da\/filteranlaeg\/produkter\/ventilator\/\">udsugningsventilator<\/a> \u2013 udstyret med frekvensomformer (VFD) og IE4-motor for optimeret energieffektivitet.<\/li>\n<li>Specialdesignet kanalsystem \u2013 forbinder alle udsugningspunkter til filter- og ventilatorsystemet.<\/li>\n<li>St\u00e5lunderstel \u2013 sikrer ergonomisk og sikker fyldning af bigbags.<\/li>\n<li>Fuldintegreret styresystem \u2013 giver nem og intuitiv betjening.<\/li>\n<li>Returluftsystem \u2013 udstyret med sommer-\/vinterspj\u00e6ld og brandspj\u00e6ld for sikker luftcirkulation.<\/li>\n<\/ul>\n<p><strong>Renere luft, bedre effektivitet og b\u00e6redygtig v\u00e6kst<\/strong><\/p>\n<p data-start=\"129\" data-end=\"333\">Det nye st\u00f8vudsugnings- og filtreringssystem fra Moldow sikrer p\u00e5lidelig opsamling af st\u00f8v p\u00e5 hele papproduktionslinjen, forbedrer luftkvaliteten og underst\u00f8tter et sundere og mere sikkert arbejdsmilj\u00f8.<\/p>\n<p data-start=\"335\" data-end=\"532\">Med energieffektiv ventilatorteknologi og optimeret luftstr\u00f8m hj\u00e6lper systemet med at reducere driftsomkostninger samtidig med, at det underst\u00f8tter kundens m\u00e5l for b\u00e6redygtighed og produktivitet.<\/p>\n<p data-start=\"534\" data-end=\"694\">Ved at minimere st\u00f8vemissioner og forbedre filtreringseffektiviteten bidrager installationen til milj\u00f8ansvar \u2014 en kernev\u00e6rdi, som b\u00e5de Moldow og kunden deler.<\/p>\n<p><strong>Ingeni\u00f8rl\u00f8sninger til st\u00f8vudsugning i papindustrien<\/strong><\/p>\n<p data-start=\"140\" data-end=\"314\">Hos Moldow specialiserer vi os i at designe og levere st\u00f8vudsugningssystemer, skr\u00e6ddersyet til de specifikke behov i industrier som papemballage, papir og tr\u00e6forarbejdning.<\/p>\n<p data-start=\"316\" data-end=\"345\">Vores l\u00f8sninger kombinerer:<\/p>\n<ul data-start=\"347\" data-end=\"439\">\n<li data-start=\"347\" data-end=\"376\">\n<p data-start=\"349\" data-end=\"376\">Avanceret ingeni\u00f8rarbejde<\/p>\n<\/li>\n<li data-start=\"377\" data-end=\"393\">\n<p data-start=\"379\" data-end=\"393\">Sikker drift<\/p>\n<\/li>\n<li data-start=\"394\" data-end=\"416\">\n<p data-start=\"396\" data-end=\"416\">Energieffektivitet<\/p>\n<\/li>\n<li data-start=\"417\" data-end=\"439\">\n<p data-start=\"419\" data-end=\"439\">B\u00e6redygtig ydeevne<\/p>\n<\/li>\n<\/ul>\n<p data-start=\"441\" data-end=\"703\">Fra koncept til idrifts\u00e6ttelse leverer Moldow n\u00f8glef\u00e6rdige st\u00f8vudsugningsl\u00f8sninger, der hj\u00e6lper producenter med at opretholde renere produktionsmilj\u00f8er, reducere emissioner og optimere energiforbruget \u2014 samtidig med at de overholder moderne industristandarder.<\/p>\n<\/div><\/div><\/div><div class=\"fusion-layout-column fusion_builder_column fusion-builder-column-1 fusion_builder_column_1_3 1_3 fusion-flex-column\" style=\"--awb-bg-size:cover;--awb-width-large:33.333333333333%;--awb-margin-top-large:0px;--awb-spacing-right-large:5.76%;--awb-margin-bottom-large:0px;--awb-spacing-left-large:5.76%;--awb-width-medium:100%;--awb-order-medium:0;--awb-spacing-right-medium:1.92%;--awb-spacing-left-medium:1.92%;--awb-width-small:100%;--awb-order-small:0;--awb-spacing-right-small:1.92%;--awb-spacing-left-small:1.92%;\"><div class=\"fusion-column-wrapper fusion-column-has-shadow fusion-flex-justify-content-flex-start fusion-content-layout-column\"><div class=\"fusion-text fusion-text-2\"><p><img decoding=\"async\" class=\"alignnone size-full wp-image-12061\" src=\"https:\/\/moldow.com\/wp-content\/uploads\/2025\/10\/SB-EX-T-Cardboard-Filter.jpg\" alt=\"\" width=\"460\" height=\"600\" srcset=\"https:\/\/moldow.com\/wp-content\/uploads\/2025\/10\/SB-EX-T-Cardboard-Filter-200x261.jpg 200w, https:\/\/moldow.com\/wp-content\/uploads\/2025\/10\/SB-EX-T-Cardboard-Filter-230x300.jpg 230w, https:\/\/moldow.com\/wp-content\/uploads\/2025\/10\/SB-EX-T-Cardboard-Filter-400x522.jpg 400w, https:\/\/moldow.com\/wp-content\/uploads\/2025\/10\/SB-EX-T-Cardboard-Filter.jpg 460w\" sizes=\"(max-width: 460px) 100vw, 460px\" \/><\/p>\n<\/div>\n<div class=\"table-1\">\n<table width=\"100%\">\n<tbody>\n<tr>\n<td align=\"left\">Customer<\/td>\n<td align=\"left\">Cardboard Manufacturer<\/td>\n<\/tr>\n<\/tbody>\n<tbody>\n<tr>\n<td align=\"left\">Location<\/td>\n<td align=\"left\">Poland<\/td>\n<\/tr>\n<\/tbody>\n<tbody>\n<tr>\n<td align=\"left\">Waste Material<\/td>\n<td align=\"left\">Cardboard material and dust<\/td>\n<\/tr>\n<\/tbody>\n<tbody>\n<tr>\n<td align=\"left\">Filter<\/td>\n<td align=\"left\">1 x 030 SB-316 EX T<\/td>\n<\/tr>\n<\/tbody>\n<tbody>\n<tr>\n<td align=\"left\">Rotary Valve<\/td>\n<td align=\"left\">1 x RS-7,5 EXL<\/td>\n<\/tr>\n<\/tbody>\n<tbody>\n<tr>\n<td align=\"left\">Fans<\/td>\n<td align=\"left\">1 x DST40-200-7,5\/D<\/td>\n<\/tr>\n<\/tbody>\n<\/table>\n<\/div>\n<div class=\"fusion-text fusion-text-3\"><p><img decoding=\"async\" class=\"alignnone size-full wp-image-12064\" src=\"https:\/\/moldow.com\/wp-content\/uploads\/2025\/10\/SB-EX-T-Cardboard-Filter-2.jpg\" alt=\"\" width=\"460\" height=\"600\" srcset=\"https:\/\/moldow.com\/wp-content\/uploads\/2025\/10\/SB-EX-T-Cardboard-Filter-2-200x261.jpg 200w, https:\/\/moldow.com\/wp-content\/uploads\/2025\/10\/SB-EX-T-Cardboard-Filter-2-230x300.jpg 230w, https:\/\/moldow.com\/wp-content\/uploads\/2025\/10\/SB-EX-T-Cardboard-Filter-2-400x522.jpg 400w, https:\/\/moldow.com\/wp-content\/uploads\/2025\/10\/SB-EX-T-Cardboard-Filter-2.jpg 460w\" sizes=\"(max-width: 460px) 100vw, 460px\" \/><div class=\"fusion-fullwidth fullwidth-box fusion-builder-row-1-1 fusion-flex-container nonhundred-percent-fullwidth non-hundred-percent-height-scrolling\" style=\"--awb-border-radius-top-left:0px;--awb-border-radius-top-right:0px;--awb-border-radius-bottom-right:0px;--awb-border-radius-bottom-left:0px;--awb-flex-wrap:wrap;\" ><\/div><div class=\"fusion-builder-row fusion-row fusion-flex-align-items-flex-start fusion-flex-content-wrap\" style=\"max-width:1144px;margin-left: calc(-4% \/ 2 );margin-right: calc(-4% \/ 2 );\"><\/div><\/p>\n<\/div><\/div><\/div><\/div><\/div><div class=\"fusion-fullwidth fullwidth-box fusion-builder-row-2 fusion-flex-container has-pattern-background has-mask-background nonhundred-percent-fullwidth non-hundred-percent-height-scrolling\" style=\"--awb-border-radius-top-left:0px;--awb-border-radius-top-right:0px;--awb-border-radius-bottom-right:0px;--awb-border-radius-bottom-left:0px;--awb-flex-wrap:wrap;\" ><div class=\"fusion-builder-row fusion-row fusion-flex-align-items-flex-start fusion-flex-content-wrap\" style=\"max-width:1144px;margin-left: calc(-4% \/ 2 );margin-right: calc(-4% \/ 2 );\"><div class=\"fusion-layout-column fusion_builder_column fusion-builder-column-2 fusion_builder_column_1_1 1_1 fusion-flex-column fusion-animated\" style=\"--awb-bg-size:cover;--awb-width-large:100%;--awb-margin-top-large:20px;--awb-spacing-right-large:1.92%;--awb-margin-bottom-large:20px;--awb-spacing-left-large:1.92%;--awb-width-medium:100%;--awb-order-medium:0;--awb-spacing-right-medium:1.92%;--awb-spacing-left-medium:1.92%;--awb-width-small:100%;--awb-order-small:0;--awb-spacing-right-small:1.92%;--awb-spacing-left-small:1.92%;\" data-animationType=\"slideInLeft\" data-animationDuration=\"1.5\" data-animationOffset=\"top-mid-of-view\"><div class=\"fusion-column-wrapper fusion-column-has-shadow fusion-flex-justify-content-flex-start fusion-content-layout-column\"><div class=\"fusion-content-boxes content-boxes columns row fusion-columns-3 fusion-columns-total-3 fusion-content-boxes-1 content-boxes-icon-on-top content-left\" style=\"--awb-hover-accent-color:#dc0814;--awb-circle-hover-accent-color:transparent;\" data-animationOffset=\"top-mid-of-view\"><div style=\"--awb-backgroundcolor:#ffffff;\" class=\"fusion-column content-box-column content-box-column content-box-column-1 col-lg-4 col-md-4 col-sm-4 fusion-content-box-hover content-box-column-first-in-row\"><div class=\"col content-box-wrapper content-wrapper-background link-area-box link-type-text icon-hover-animation-fade\" data-link=\"https:\/\/moldow.com\/dust-extraction-system\/\" data-link-target=\"_self\" data-animationOffset=\"top-mid-of-view\"><div class=\"heading heading-with-icon icon-left\"><a class=\"heading-link\" href=\"https:\/\/moldow.com\/dust-extraction-system\/\" target=\"_self\"><div class=\"icon\"><i style=\"background-color:transparent;border-color:transparent;height:auto;width: 60px;line-height:normal;font-size:60px;\" aria-hidden=\"true\" class=\"fontawesome-icon fa-search fas circle-no\"><\/i><\/div><h2 class=\"content-box-heading\" style=\"--h2_typography-font-size:22px;line-height:27px;\">NEED MORE INFO?<\/h2><\/a><\/div><div class=\"fusion-clearfix\"><\/div><div class=\"content-container\">\n<p>See more about our dust extraction systems and offered solutions.<\/p>\n<\/div><\/div><\/div><div style=\"--awb-backgroundcolor:#ffffff;\" class=\"fusion-column content-box-column content-box-column content-box-column-2 col-lg-4 col-md-4 col-sm-4 fusion-content-box-hover \"><div class=\"col content-box-wrapper content-wrapper-background link-area-box link-type-text icon-hover-animation-fade\" data-link=\"https:\/\/moldow.com\/contact\/employees\/\" data-link-target=\"_self\" data-animationOffset=\"top-mid-of-view\"><div class=\"heading heading-with-icon icon-left\"><a class=\"heading-link\" href=\"https:\/\/moldow.com\/contact\/employees\/\" target=\"_self\"><div class=\"icon\"><i style=\"background-color:transparent;border-color:transparent;height:auto;width: 60px;line-height:normal;font-size:60px;\" aria-hidden=\"true\" class=\"fontawesome-icon fa-envelope far circle-no\"><\/i><\/div><h2 class=\"content-box-heading\" style=\"--h2_typography-font-size:22px;line-height:27px;\">WANT TO GET IN TOUCH?<\/h2><\/a><\/div><div class=\"fusion-clearfix\"><\/div><div class=\"content-container\">\n<p>Fill out our contact form or send an email, and we\u2019ll be happy to assist you.<\/p>\n<\/div><\/div><\/div><div style=\"--awb-backgroundcolor:#ffffff;\" class=\"fusion-column content-box-column content-box-column content-box-column-3 col-lg-4 col-md-4 col-sm-4 fusion-content-box-hover content-box-column-last content-box-column-last-in-row\"><div class=\"col content-box-wrapper content-wrapper-background link-area-box link-type-text icon-hover-animation-fade\" data-link=\"https:\/\/moldow.com\/dust-extraction-system\/filter-cases\/\" data-link-target=\"_self\" data-animationOffset=\"top-mid-of-view\"><div class=\"heading heading-with-icon icon-left\"><a class=\"heading-link\" href=\"https:\/\/moldow.com\/dust-extraction-system\/filter-cases\/\" target=\"_self\"><div class=\"icon\"><i style=\"background-color:transparent;border-color:transparent;height:auto;width: 60px;line-height:normal;font-size:60px;\" aria-hidden=\"true\" class=\"fontawesome-icon fa-image fas circle-no\"><\/i><\/div><h2 class=\"content-box-heading\" style=\"--h2_typography-font-size:22px;line-height:27px;\">SEE SUPPLIED PROJECTS?<\/h2><\/a><\/div><div class=\"fusion-clearfix\"><\/div><div class=\"content-container\">\n<p>Click here to see some previously installed dust extraction systems.<\/p>\n<\/div><\/div><\/div><div class=\"fusion-clearfix\"><\/div><\/div><\/div><\/div><\/div><\/div>\n<\/p>\n","protected":false},"excerpt":{"rendered":"","protected":false},"author":25,"featured_media":0,"parent":1470,"menu_order":0,"comment_status":"closed","ping_status":"closed","template":"100-width.php","meta":{"_acf_changed":false,"footnotes":""},"class_list":["post-12164","page","type-page","status-publish","hentry"],"acf":[],"yoast_head":"<!-- This site is optimized with the Yoast SEO plugin v24.8 - https:\/\/yoast.com\/wordpress\/plugins\/seo\/ -->\n<title>Filtreringssystem til producent af papemballage | Moldow<\/title>\n<meta name=\"description\" content=\"Moldow har leveret et skr\u00e6ddersyet st\u00f8vudsugnings- og filtreringssystem til en f\u00f8rende producent af papemballage i Polen. Systemet sikrer renere luft, energieffektiv drift og b\u00e6redygtig produktion.\" \/>\n<meta name=\"robots\" content=\"index, follow, max-snippet:-1, max-image-preview:large, max-video-preview:-1\" \/>\n<link rel=\"canonical\" href=\"https:\/\/moldow.com\/da\/filteranlaeg\/industrier\/pap-og-papirindustrien\/filtreringssystem-til-producent-af-papemballage\/\" \/>\n<meta property=\"og:locale\" content=\"da_DK\" \/>\n<meta property=\"og:type\" content=\"article\" \/>\n<meta property=\"og:title\" content=\"Filtreringssystem til producent af papemballage | Moldow\" \/>\n<meta property=\"og:description\" content=\"Moldow har leveret et skr\u00e6ddersyet st\u00f8vudsugnings- og filtreringssystem til en f\u00f8rende producent af papemballage i Polen. Systemet sikrer renere luft, energieffektiv drift og b\u00e6redygtig produktion.\" \/>\n<meta property=\"og:url\" content=\"https:\/\/moldow.com\/da\/filteranlaeg\/industrier\/pap-og-papirindustrien\/filtreringssystem-til-producent-af-papemballage\/\" \/>\n<meta property=\"og:site_name\" content=\"Moldow\" \/>\n<meta property=\"article:modified_time\" content=\"2026-01-20T08:12:58+00:00\" \/>\n<meta property=\"og:image\" content=\"https:\/\/moldow.com\/wp-content\/uploads\/2025\/10\/SB-EX-T-Cardboard-Filter.jpg\" \/>\n\t<meta property=\"og:image:width\" content=\"460\" \/>\n\t<meta property=\"og:image:height\" content=\"600\" \/>\n\t<meta property=\"og:image:type\" content=\"image\/jpeg\" \/>\n<meta name=\"twitter:card\" content=\"summary_large_image\" \/>\n<meta name=\"twitter:label1\" content=\"Estimeret l\u00e6setid\" \/>\n\t<meta name=\"twitter:data1\" content=\"3 minutes\" \/>\n<script type=\"application\/ld+json\" class=\"yoast-schema-graph\">{\"@context\":\"https:\/\/schema.org\",\"@graph\":[{\"@type\":\"WebPage\",\"@id\":\"https:\/\/moldow.com\/da\/filteranlaeg\/industrier\/pap-og-papirindustrien\/filtreringssystem-til-producent-af-papemballage\/\",\"url\":\"https:\/\/moldow.com\/da\/filteranlaeg\/industrier\/pap-og-papirindustrien\/filtreringssystem-til-producent-af-papemballage\/\",\"name\":\"Filtreringssystem til producent af papemballage | Moldow\",\"isPartOf\":{\"@id\":\"https:\/\/moldow.com\/#website\"},\"primaryImageOfPage\":{\"@id\":\"https:\/\/moldow.com\/da\/filteranlaeg\/industrier\/pap-og-papirindustrien\/filtreringssystem-til-producent-af-papemballage\/#primaryimage\"},\"image\":{\"@id\":\"https:\/\/moldow.com\/da\/filteranlaeg\/industrier\/pap-og-papirindustrien\/filtreringssystem-til-producent-af-papemballage\/#primaryimage\"},\"thumbnailUrl\":\"https:\/\/moldow.com\/wp-content\/uploads\/2025\/10\/SB-EX-T-Cardboard-Filter.jpg\",\"datePublished\":\"2025-11-04T13:43:13+00:00\",\"dateModified\":\"2026-01-20T08:12:58+00:00\",\"description\":\"Moldow har leveret et skr\u00e6ddersyet st\u00f8vudsugnings- og filtreringssystem til en f\u00f8rende producent af papemballage i Polen. Systemet sikrer renere luft, energieffektiv drift og b\u00e6redygtig produktion.\",\"breadcrumb\":{\"@id\":\"https:\/\/moldow.com\/da\/filteranlaeg\/industrier\/pap-og-papirindustrien\/filtreringssystem-til-producent-af-papemballage\/#breadcrumb\"},\"inLanguage\":\"da-DK\",\"potentialAction\":[{\"@type\":\"ReadAction\",\"target\":[\"https:\/\/moldow.com\/da\/filteranlaeg\/industrier\/pap-og-papirindustrien\/filtreringssystem-til-producent-af-papemballage\/\"]}]},{\"@type\":\"ImageObject\",\"inLanguage\":\"da-DK\",\"@id\":\"https:\/\/moldow.com\/da\/filteranlaeg\/industrier\/pap-og-papirindustrien\/filtreringssystem-til-producent-af-papemballage\/#primaryimage\",\"url\":\"https:\/\/moldow.com\/wp-content\/uploads\/2025\/10\/SB-EX-T-Cardboard-Filter.jpg\",\"contentUrl\":\"https:\/\/moldow.com\/wp-content\/uploads\/2025\/10\/SB-EX-T-Cardboard-Filter.jpg\"},{\"@type\":\"BreadcrumbList\",\"@id\":\"https:\/\/moldow.com\/da\/filteranlaeg\/industrier\/pap-og-papirindustrien\/filtreringssystem-til-producent-af-papemballage\/#breadcrumb\",\"itemListElement\":[{\"@type\":\"ListItem\",\"position\":1,\"name\":\"Hjem\",\"item\":\"https:\/\/moldow.com\/da\/\"},{\"@type\":\"ListItem\",\"position\":2,\"name\":\"Filteranl\u00e6g\",\"item\":\"https:\/\/moldow.com\/da\/filteranlaeg\/\"},{\"@type\":\"ListItem\",\"position\":3,\"name\":\"industrier filteranl\u00e6g\",\"item\":\"https:\/\/moldow.com\/da\/filteranlaeg\/industrier\/\"},{\"@type\":\"ListItem\",\"position\":4,\"name\":\"Pap- og papirindustrien\",\"item\":\"https:\/\/moldow.com\/da\/filteranlaeg\/industrier\/pap-og-papirindustrien\/\"},{\"@type\":\"ListItem\",\"position\":5,\"name\":\"Filtreringssystem til producent af papemballage\"}]},{\"@type\":\"WebSite\",\"@id\":\"https:\/\/moldow.com\/#website\",\"url\":\"https:\/\/moldow.com\/\",\"name\":\"Moldow\",\"description\":\"Dust Extraction Systems and Painting Lines\",\"publisher\":{\"@id\":\"https:\/\/moldow.com\/#organization\"},\"potentialAction\":[{\"@type\":\"SearchAction\",\"target\":{\"@type\":\"EntryPoint\",\"urlTemplate\":\"https:\/\/moldow.com\/?s={search_term_string}\"},\"query-input\":{\"@type\":\"PropertyValueSpecification\",\"valueRequired\":true,\"valueName\":\"search_term_string\"}}],\"inLanguage\":\"da-DK\"},{\"@type\":\"Organization\",\"@id\":\"https:\/\/moldow.com\/#organization\",\"name\":\"Moldow A\/S\",\"url\":\"https:\/\/moldow.com\/\",\"logo\":{\"@type\":\"ImageObject\",\"inLanguage\":\"da-DK\",\"@id\":\"https:\/\/moldow.com\/#\/schema\/logo\/image\/\",\"url\":\"https:\/\/moldow.com\/wp-content\/uploads\/2017\/01\/Moldow-logo-web-ny.png\",\"contentUrl\":\"https:\/\/moldow.com\/wp-content\/uploads\/2017\/01\/Moldow-logo-web-ny.png\",\"width\":259,\"height\":38,\"caption\":\"Moldow A\/S\"},\"image\":{\"@id\":\"https:\/\/moldow.com\/#\/schema\/logo\/image\/\"}}]}<\/script>\n<!-- \/ Yoast SEO plugin. -->","yoast_head_json":{"title":"Filtreringssystem til producent af papemballage | Moldow","description":"Moldow har leveret et skr\u00e6ddersyet st\u00f8vudsugnings- og filtreringssystem til en f\u00f8rende producent af papemballage i Polen. Systemet sikrer renere luft, energieffektiv drift og b\u00e6redygtig produktion.","robots":{"index":"index","follow":"follow","max-snippet":"max-snippet:-1","max-image-preview":"max-image-preview:large","max-video-preview":"max-video-preview:-1"},"canonical":"https:\/\/moldow.com\/da\/filteranlaeg\/industrier\/pap-og-papirindustrien\/filtreringssystem-til-producent-af-papemballage\/","og_locale":"da_DK","og_type":"article","og_title":"Filtreringssystem til producent af papemballage | Moldow","og_description":"Moldow har leveret et skr\u00e6ddersyet st\u00f8vudsugnings- og filtreringssystem til en f\u00f8rende producent af papemballage i Polen. Systemet sikrer renere luft, energieffektiv drift og b\u00e6redygtig produktion.","og_url":"https:\/\/moldow.com\/da\/filteranlaeg\/industrier\/pap-og-papirindustrien\/filtreringssystem-til-producent-af-papemballage\/","og_site_name":"Moldow","article_modified_time":"2026-01-20T08:12:58+00:00","og_image":[{"width":460,"height":600,"url":"https:\/\/moldow.com\/wp-content\/uploads\/2025\/10\/SB-EX-T-Cardboard-Filter.jpg","type":"image\/jpeg"}],"twitter_card":"summary_large_image","twitter_misc":{"Estimeret l\u00e6setid":"3 minutes"},"schema":{"@context":"https:\/\/schema.org","@graph":[{"@type":"WebPage","@id":"https:\/\/moldow.com\/da\/filteranlaeg\/industrier\/pap-og-papirindustrien\/filtreringssystem-til-producent-af-papemballage\/","url":"https:\/\/moldow.com\/da\/filteranlaeg\/industrier\/pap-og-papirindustrien\/filtreringssystem-til-producent-af-papemballage\/","name":"Filtreringssystem til producent af papemballage | Moldow","isPartOf":{"@id":"https:\/\/moldow.com\/#website"},"primaryImageOfPage":{"@id":"https:\/\/moldow.com\/da\/filteranlaeg\/industrier\/pap-og-papirindustrien\/filtreringssystem-til-producent-af-papemballage\/#primaryimage"},"image":{"@id":"https:\/\/moldow.com\/da\/filteranlaeg\/industrier\/pap-og-papirindustrien\/filtreringssystem-til-producent-af-papemballage\/#primaryimage"},"thumbnailUrl":"https:\/\/moldow.com\/wp-content\/uploads\/2025\/10\/SB-EX-T-Cardboard-Filter.jpg","datePublished":"2025-11-04T13:43:13+00:00","dateModified":"2026-01-20T08:12:58+00:00","description":"Moldow har leveret et skr\u00e6ddersyet st\u00f8vudsugnings- og filtreringssystem til en f\u00f8rende producent af papemballage i Polen. Systemet sikrer renere luft, energieffektiv drift og b\u00e6redygtig produktion.","breadcrumb":{"@id":"https:\/\/moldow.com\/da\/filteranlaeg\/industrier\/pap-og-papirindustrien\/filtreringssystem-til-producent-af-papemballage\/#breadcrumb"},"inLanguage":"da-DK","potentialAction":[{"@type":"ReadAction","target":["https:\/\/moldow.com\/da\/filteranlaeg\/industrier\/pap-og-papirindustrien\/filtreringssystem-til-producent-af-papemballage\/"]}]},{"@type":"ImageObject","inLanguage":"da-DK","@id":"https:\/\/moldow.com\/da\/filteranlaeg\/industrier\/pap-og-papirindustrien\/filtreringssystem-til-producent-af-papemballage\/#primaryimage","url":"https:\/\/moldow.com\/wp-content\/uploads\/2025\/10\/SB-EX-T-Cardboard-Filter.jpg","contentUrl":"https:\/\/moldow.com\/wp-content\/uploads\/2025\/10\/SB-EX-T-Cardboard-Filter.jpg"},{"@type":"BreadcrumbList","@id":"https:\/\/moldow.com\/da\/filteranlaeg\/industrier\/pap-og-papirindustrien\/filtreringssystem-til-producent-af-papemballage\/#breadcrumb","itemListElement":[{"@type":"ListItem","position":1,"name":"Hjem","item":"https:\/\/moldow.com\/da\/"},{"@type":"ListItem","position":2,"name":"Filteranl\u00e6g","item":"https:\/\/moldow.com\/da\/filteranlaeg\/"},{"@type":"ListItem","position":3,"name":"industrier filteranl\u00e6g","item":"https:\/\/moldow.com\/da\/filteranlaeg\/industrier\/"},{"@type":"ListItem","position":4,"name":"Pap- og papirindustrien","item":"https:\/\/moldow.com\/da\/filteranlaeg\/industrier\/pap-og-papirindustrien\/"},{"@type":"ListItem","position":5,"name":"Filtreringssystem til producent af papemballage"}]},{"@type":"WebSite","@id":"https:\/\/moldow.com\/#website","url":"https:\/\/moldow.com\/","name":"Moldow","description":"Dust Extraction Systems and Painting Lines","publisher":{"@id":"https:\/\/moldow.com\/#organization"},"potentialAction":[{"@type":"SearchAction","target":{"@type":"EntryPoint","urlTemplate":"https:\/\/moldow.com\/?s={search_term_string}"},"query-input":{"@type":"PropertyValueSpecification","valueRequired":true,"valueName":"search_term_string"}}],"inLanguage":"da-DK"},{"@type":"Organization","@id":"https:\/\/moldow.com\/#organization","name":"Moldow A\/S","url":"https:\/\/moldow.com\/","logo":{"@type":"ImageObject","inLanguage":"da-DK","@id":"https:\/\/moldow.com\/#\/schema\/logo\/image\/","url":"https:\/\/moldow.com\/wp-content\/uploads\/2017\/01\/Moldow-logo-web-ny.png","contentUrl":"https:\/\/moldow.com\/wp-content\/uploads\/2017\/01\/Moldow-logo-web-ny.png","width":259,"height":38,"caption":"Moldow A\/S"},"image":{"@id":"https:\/\/moldow.com\/#\/schema\/logo\/image\/"}}]}},"_links":{"self":[{"href":"https:\/\/moldow.com\/da\/wp-json\/wp\/v2\/pages\/12164","targetHints":{"allow":["GET"]}}],"collection":[{"href":"https:\/\/moldow.com\/da\/wp-json\/wp\/v2\/pages"}],"about":[{"href":"https:\/\/moldow.com\/da\/wp-json\/wp\/v2\/types\/page"}],"author":[{"embeddable":true,"href":"https:\/\/moldow.com\/da\/wp-json\/wp\/v2\/users\/25"}],"replies":[{"embeddable":true,"href":"https:\/\/moldow.com\/da\/wp-json\/wp\/v2\/comments?post=12164"}],"version-history":[{"count":9,"href":"https:\/\/moldow.com\/da\/wp-json\/wp\/v2\/pages\/12164\/revisions"}],"predecessor-version":[{"id":12540,"href":"https:\/\/moldow.com\/da\/wp-json\/wp\/v2\/pages\/12164\/revisions\/12540"}],"up":[{"embeddable":true,"href":"https:\/\/moldow.com\/da\/wp-json\/wp\/v2\/pages\/1470"}],"wp:attachment":[{"href":"https:\/\/moldow.com\/da\/wp-json\/wp\/v2\/media?parent=12164"}],"curies":[{"name":"wp","href":"https:\/\/api.w.org\/{rel}","templated":true}]}}